 {"id":4041,"date":"2024-03-21T13:41:52","date_gmt":"2024-03-21T12:41:52","guid":{"rendered":"https:\/\/maximaloc.com\/produit\/sigma-art-14-24mm-f2-8-dg-dn-e\/"},"modified":"2026-03-30T16:15:20","modified_gmt":"2026-03-30T14:15:20","slug":"sigma-art-14-24-f2-8-dg-dn-e","status":"publish","type":"product","link":"https:\/\/maximaloc.com\/en\/product\/sigma-art-14-24-f2-8-dg-dn-e\/","title":{"rendered":"SIGMA-ART 14-24 F2.8 DG DN E"},"content":{"rendered":"<p>Le Sigma 14-24mm F2.8 DG DN Art est un zoom grand-angle ultra-lumineux con\u00e7u pour les appareils hybrides plein format Sony E. Sa plage focale tr\u00e8s large permet des prises de vue exceptionnelles avec des perspectives exacerb\u00e9es. Gr\u00e2ce \u00e0 son ouverture maximale constante de f\/2.8, et \u00e0 l\u2019 autofocus rapide et pr\u00e9cis, le Sigma art 14-24 permet d&#8217;obtenir des performances sup\u00e9rieures en mati\u00e8re de nettet\u00e9 et de contraste, avec un minimum de distorsion et d&#8217;aberrations chromatiques.<\/p>\n<p>A utiliser pour des photos et vid\u00e9os de paysages, avec le Snorricam, le Casque POV ou nos KIT Ventouses pour des prises de vue de voiture.<\/p>\n<p><strong>Points Forts :<\/strong><\/p>\n<ul>\n<li>Plage focale tr\u00e8s grand angle pour des prises de vue larges\u00a0<\/li>\n<li>Ouverture constante de f\/2.8<\/li>\n<li>Construction robuste et r\u00e9sistante aux intemp\u00e9ries<\/li>\n<li>Autofocus rapide et pr\u00e9cis\u00a0<\/li>\n<\/ul>","protected":false},"excerpt":{"rendered":"<p>Zoom grand angle<\/p>\n<p>Monture : Sony E<\/p>\n<p>Format : Full Frame<\/p>\n<p>Diam\u00e8tre ext\u00e9rieur : 85 mm<\/p>","protected":false},"featured_media":9140,"template":"","meta":[],"product_cat":[232],"product_tag":[197,273,239,241,279,242],"class_list":{"0":"post-4041","1":"product","2":"type-product","3":"status-publish","4":"has-post-thumbnail","6":"product_cat-sony-e","7":"product_tag-full-frame-24x36","8":"product_tag-autofocus","9":"product_tag-grand-angle","10":"product_tag-non-stabilise","11":"product_tag-sigma","12":"product_tag-zoom","14":"first","15":"instock","16":"taxable","17":"shipping-taxable","18":"purchasable","19":"product-type-rentable"},"yoast_head":"<!-- This site is optimized with the Yoast SEO plugin v24.1 - https:\/\/yoast.com\/wordpress\/plugins\/seo\/ -->\n<title>SIGMA-ART 14-24 F2.8 DG DN E - Maximaloc<\/title>\n<meta name=\"robots\" content=\"index, follow, max-snippet:-1, max-image-preview:large, max-video-preview:-1\" \/>\n<link rel=\"canonical\" href=\"https:\/\/maximaloc.com\/en\/product\/sigma-art-14-24-f2-8-dg-dn-e\/\" \/>\n<meta property=\"og:locale\" content=\"en_US\" \/>\n<meta property=\"og:type\" content=\"article\" \/>\n<meta property=\"og:title\" content=\"SIGMA-ART 14-24 F2.8 DG DN E - Maximaloc\" \/>\n<meta property=\"og:description\" content=\"Zoom grand angle Monture : Sony E Format : Full Frame Diam\u00e8tre ext\u00e9rieur : 85 mm\" \/>\n<meta property=\"og:url\" content=\"https:\/\/maximaloc.com\/en\/product\/sigma-art-14-24-f2-8-dg-dn-e\/\" \/>\n<meta property=\"og:site_name\" content=\"Maximaloc\" \/>\n<meta property=\"article:publisher\" content=\"https:\/\/www.facebook.com\/Maximalocation\" \/>\n<meta property=\"article:modified_time\" content=\"2026-03-30T14:15:20+00:00\" \/>\n<meta property=\"og:image\" content=\"https:\/\/maximaloc.com\/wp-content\/uploads\/2024\/03\/sigma-art-14-24.webp\" \/>\n\t<meta property=\"og:image:width\" content=\"580\" \/>\n\t<meta property=\"og:image:height\" content=\"420\" \/>\n\t<meta property=\"og:image:type\" content=\"image\/webp\" \/>\n<meta name=\"twitter:card\" content=\"summary_large_image\" \/>\n<meta name=\"twitter:label1\" content=\"Est. reading time\" \/>\n\t<meta name=\"twitter:data1\" content=\"1 minute\" \/>\n<script type=\"application\/ld+json\" class=\"yoast-schema-graph\">{\"@context\":\"https:\/\/schema.org\",\"@graph\":[{\"@type\":\"WebPage\",\"@id\":\"https:\/\/maximaloc.com\/produit\/sigma-art-14-24-f2-8-dg-dn-e\/\",\"url\":\"https:\/\/maximaloc.com\/produit\/sigma-art-14-24-f2-8-dg-dn-e\/\",\"name\":\"SIGMA-ART 14-24 F2.8 DG DN E - Maximaloc\",\"isPartOf\":{\"@id\":\"https:\/\/maximaloc.com\/#website\"},\"primaryImageOfPage\":{\"@id\":\"https:\/\/maximaloc.com\/produit\/sigma-art-14-24-f2-8-dg-dn-e\/#primaryimage\"},\"image\":{\"@id\":\"https:\/\/maximaloc.com\/produit\/sigma-art-14-24-f2-8-dg-dn-e\/#primaryimage\"},\"thumbnailUrl\":\"https:\/\/maximaloc.com\/wp-content\/uploads\/2024\/03\/sigma-art-14-24.webp\",\"datePublished\":\"2024-03-21T12:41:52+00:00\",\"dateModified\":\"2026-03-30T14:15:20+00:00\",\"breadcrumb\":{\"@id\":\"https:\/\/maximaloc.com\/produit\/sigma-art-14-24-f2-8-dg-dn-e\/#breadcrumb\"},\"inLanguage\":\"en-US\",\"potentialAction\":[{\"@type\":\"ReadAction\",\"target\":[\"https:\/\/maximaloc.com\/produit\/sigma-art-14-24-f2-8-dg-dn-e\/\"]}]},{\"@type\":\"ImageObject\",\"inLanguage\":\"en-US\",\"@id\":\"https:\/\/maximaloc.com\/produit\/sigma-art-14-24-f2-8-dg-dn-e\/#primaryimage\",\"url\":\"https:\/\/maximaloc.com\/wp-content\/uploads\/2024\/03\/sigma-art-14-24.webp\",\"contentUrl\":\"https:\/\/maximaloc.com\/wp-content\/uploads\/2024\/03\/sigma-art-14-24.webp\",\"width\":580,\"height\":420,\"caption\":\"Zoom photo Sigma Art 14-24mm F2.8 DG DN monture Sony E \u00e0 la location\"},{\"@type\":\"BreadcrumbList\",\"@id\":\"https:\/\/maximaloc.com\/produit\/sigma-art-14-24-f2-8-dg-dn-e\/#breadcrumb\",\"itemListElement\":[{\"@type\":\"ListItem\",\"position\":1,\"name\":\"Accueil\",\"item\":\"https:\/\/maximaloc.com\/\"},{\"@type\":\"ListItem\",\"position\":2,\"name\":\"BOUTIQUE\",\"item\":\"https:\/\/maximaloc.com\/boutique\/\"},{\"@type\":\"ListItem\",\"position\":3,\"name\":\"SIGMA-ART 14-24 F2.8 DG DN E\"}]},{\"@type\":\"WebSite\",\"@id\":\"https:\/\/maximaloc.com\/#website\",\"url\":\"https:\/\/maximaloc.com\/\",\"name\":\"Maximaloc\",\"description\":\"\",\"publisher\":{\"@id\":\"https:\/\/maximaloc.com\/#organization\"},\"potentialAction\":[{\"@type\":\"SearchAction\",\"target\":{\"@type\":\"EntryPoint\",\"urlTemplate\":\"https:\/\/maximaloc.com\/?s={search_term_string}\"},\"query-input\":{\"@type\":\"PropertyValueSpecification\",\"valueRequired\":true,\"valueName\":\"search_term_string\"}}],\"inLanguage\":\"en-US\"},{\"@type\":\"Organization\",\"@id\":\"https:\/\/maximaloc.com\/#organization\",\"name\":\"Maximaloc\",\"url\":\"https:\/\/maximaloc.com\/\",\"logo\":{\"@type\":\"ImageObject\",\"inLanguage\":\"en-US\",\"@id\":\"https:\/\/maximaloc.com\/#\/schema\/logo\/image\/\",\"url\":\"https:\/\/maximaloc.com\/wp-content\/uploads\/2024\/03\/logo_noir.png\",\"contentUrl\":\"https:\/\/maximaloc.com\/wp-content\/uploads\/2024\/03\/logo_noir.png\",\"width\":11750,\"height\":1231,\"caption\":\"Maximaloc\"},\"image\":{\"@id\":\"https:\/\/maximaloc.com\/#\/schema\/logo\/image\/\"},\"sameAs\":[\"https:\/\/www.facebook.com\/Maximalocation\"]}]}<\/script>\n<!-- \/ Yoast SEO plugin. -->","yoast_head_json":{"title":"SIGMA-ART 14-24 F2.8 DG DN E - Maximaloc","robots":{"index":"index","follow":"follow","max-snippet":"max-snippet:-1","max-image-preview":"max-image-preview:large","max-video-preview":"max-video-preview:-1"},"canonical":"https:\/\/maximaloc.com\/en\/product\/sigma-art-14-24-f2-8-dg-dn-e\/","og_locale":"en_US","og_type":"article","og_title":"SIGMA-ART 14-24 F2.8 DG DN E - Maximaloc","og_description":"Zoom grand angle Monture : Sony E Format : Full Frame Diam\u00e8tre ext\u00e9rieur : 85 mm","og_url":"https:\/\/maximaloc.com\/en\/product\/sigma-art-14-24-f2-8-dg-dn-e\/","og_site_name":"Maximaloc","article_publisher":"https:\/\/www.facebook.com\/Maximalocation","article_modified_time":"2026-03-30T14:15:20+00:00","og_image":[{"width":580,"height":420,"url":"https:\/\/maximaloc.com\/wp-content\/uploads\/2024\/03\/sigma-art-14-24.webp","type":"image\/webp"}],"twitter_card":"summary_large_image","twitter_misc":{"Est. reading time":"1 minute"},"schema":{"@context":"https:\/\/schema.org","@graph":[{"@type":"WebPage","@id":"https:\/\/maximaloc.com\/produit\/sigma-art-14-24-f2-8-dg-dn-e\/","url":"https:\/\/maximaloc.com\/produit\/sigma-art-14-24-f2-8-dg-dn-e\/","name":"SIGMA-ART 14-24 F2.8 DG DN E - Maximaloc","isPartOf":{"@id":"https:\/\/maximaloc.com\/#website"},"primaryImageOfPage":{"@id":"https:\/\/maximaloc.com\/produit\/sigma-art-14-24-f2-8-dg-dn-e\/#primaryimage"},"image":{"@id":"https:\/\/maximaloc.com\/produit\/sigma-art-14-24-f2-8-dg-dn-e\/#primaryimage"},"thumbnailUrl":"https:\/\/maximaloc.com\/wp-content\/uploads\/2024\/03\/sigma-art-14-24.webp","datePublished":"2024-03-21T12:41:52+00:00","dateModified":"2026-03-30T14:15:20+00:00","breadcrumb":{"@id":"https:\/\/maximaloc.com\/produit\/sigma-art-14-24-f2-8-dg-dn-e\/#breadcrumb"},"inLanguage":"en-US","potentialAction":[{"@type":"ReadAction","target":["https:\/\/maximaloc.com\/produit\/sigma-art-14-24-f2-8-dg-dn-e\/"]}]},{"@type":"ImageObject","inLanguage":"en-US","@id":"https:\/\/maximaloc.com\/produit\/sigma-art-14-24-f2-8-dg-dn-e\/#primaryimage","url":"https:\/\/maximaloc.com\/wp-content\/uploads\/2024\/03\/sigma-art-14-24.webp","contentUrl":"https:\/\/maximaloc.com\/wp-content\/uploads\/2024\/03\/sigma-art-14-24.webp","width":580,"height":420,"caption":"Zoom photo Sigma Art 14-24mm F2.8 DG DN monture Sony E \u00e0 la location"},{"@type":"BreadcrumbList","@id":"https:\/\/maximaloc.com\/produit\/sigma-art-14-24-f2-8-dg-dn-e\/#breadcrumb","itemListElement":[{"@type":"ListItem","position":1,"name":"Accueil","item":"https:\/\/maximaloc.com\/"},{"@type":"ListItem","position":2,"name":"BOUTIQUE","item":"https:\/\/maximaloc.com\/boutique\/"},{"@type":"ListItem","position":3,"name":"SIGMA-ART 14-24 F2.8 DG DN E"}]},{"@type":"WebSite","@id":"https:\/\/maximaloc.com\/#website","url":"https:\/\/maximaloc.com\/","name":"Maximaloc","description":"","publisher":{"@id":"https:\/\/maximaloc.com\/#organization"},"potentialAction":[{"@type":"SearchAction","target":{"@type":"EntryPoint","urlTemplate":"https:\/\/maximaloc.com\/?s={search_term_string}"},"query-input":{"@type":"PropertyValueSpecification","valueRequired":true,"valueName":"search_term_string"}}],"inLanguage":"en-US"},{"@type":"Organization","@id":"https:\/\/maximaloc.com\/#organization","name":"Maximaloc","url":"https:\/\/maximaloc.com\/","logo":{"@type":"ImageObject","inLanguage":"en-US","@id":"https:\/\/maximaloc.com\/#\/schema\/logo\/image\/","url":"https:\/\/maximaloc.com\/wp-content\/uploads\/2024\/03\/logo_noir.png","contentUrl":"https:\/\/maximaloc.com\/wp-content\/uploads\/2024\/03\/logo_noir.png","width":11750,"height":1231,"caption":"Maximaloc"},"image":{"@id":"https:\/\/maximaloc.com\/#\/schema\/logo\/image\/"},"sameAs":["https:\/\/www.facebook.com\/Maximalocation"]}]}},"_links":{"self":[{"href":"https:\/\/maximaloc.com\/en\/wp-json\/wp\/v2\/product\/4041","targetHints":{"allow":["GET"]}}],"collection":[{"href":"https:\/\/maximaloc.com\/en\/wp-json\/wp\/v2\/product"}],"about":[{"href":"https:\/\/maximaloc.com\/en\/wp-json\/wp\/v2\/types\/product"}],"wp:featuredmedia":[{"embeddable":true,"href":"https:\/\/maximaloc.com\/en\/wp-json\/wp\/v2\/media\/9140"}],"wp:attachment":[{"href":"https:\/\/maximaloc.com\/en\/wp-json\/wp\/v2\/media?parent=4041"}],"wp:term":[{"taxonomy":"product_cat","embeddable":true,"href":"https:\/\/maximaloc.com\/en\/wp-json\/wp\/v2\/product_cat?post=4041"},{"taxonomy":"product_tag","embeddable":true,"href":"https:\/\/maximaloc.com\/en\/wp-json\/wp\/v2\/product_tag?post=4041"}],"curies":[{"name":"wp","href":"https:\/\/api.w.org\/{rel}","templated":true}]}}