 {"id":4043,"date":"2024-03-21T13:41:52","date_gmt":"2024-03-21T12:41:52","guid":{"rendered":"https:\/\/maximaloc.com\/produit\/sigma-art-50mm-f1-4-dg-hsm-e\/"},"modified":"2026-04-13T20:40:27","modified_gmt":"2026-04-13T18:40:27","slug":"sigma-art-50-f1-4-dg-hsm-e","status":"publish","type":"product","link":"https:\/\/maximaloc.com\/en\/product\/sigma-art-50-f1-4-dg-hsm-e\/","title":{"rendered":"SIGMA-ART 50 F1.4 DG HSM E"},"content":{"rendered":"<p>Le Sigma Art 50 F1.4 DG DN &#8211; E est un objectif haute performance pour les appareils photo Sony plein format. Il offre une ouverture rapide de f\/1,4 pour une faible profondeur de champ et une excellente performance en basse lumi\u00e8re.<\/p>\n<p>\u00a0<\/p>\n<p>L&#8217;objectif est \u00e9galement dot\u00e9 d&#8217;un moteur AF rapide et pr\u00e9cis, d&#8217;une construction solide et r\u00e9sistante \u00e0 la poussi\u00e8re et aux \u00e9claboussures, ainsi que d&#8217;un diaphragme circulaire \u00e0 11 lamelles pour des bokeh doux et agr\u00e9ables. Ces caract\u00e9ristiques font du Sigma Art 50mm F1.4 DG DN &#8211; E un excellent choix pour les photographes et vid\u00e9astes professionnels qui cherchent \u00e0 capturer des images de qualit\u00e9 sup\u00e9rieure avec une grande flexibilit\u00e9 de contr\u00f4le.<\/p>\n<p>\u00a0<\/p>\n<p><strong>Points Forts :<\/strong><\/p>\n<ul>\n<li>Qualit\u00e9 optique<\/li>\n<li>Ouverture rapide F1.4<\/li>\n<li>Mise au point automatique rapide et pr\u00e9cis<\/li>\n<li>Bague de diaph manuelle (cliqu\u00e9e et d\u00e9cliqu\u00e9e) et \u00e9lectronique<\/li>\n<\/ul>","protected":false},"excerpt":{"rendered":"<p>Focale fixe<\/p>\n<p>Monture : Sony\u00a0E<\/p>\n<p>Format : Full Frame<\/p>\n<p>Diam\u00e8tre de filtre : 72 mm<\/p>","protected":false},"featured_media":9407,"template":"","meta":[],"product_cat":[232],"product_tag":[273,277,279,242],"class_list":{"0":"post-4043","1":"product","2":"type-product","3":"status-publish","4":"has-post-thumbnail","6":"product_cat-sony-e","7":"product_tag-autofocus","8":"product_tag-fixe","9":"product_tag-sigma","10":"product_tag-zoom","12":"first","13":"instock","14":"taxable","15":"shipping-taxable","16":"purchasable","17":"product-type-rentable"},"yoast_head":"<!-- This site is optimized with the Yoast SEO plugin v27.4 - https:\/\/yoast.com\/product\/yoast-seo-wordpress\/ -->\n<title>SIGMA-ART 50 F1.4 DG HSM E - Maximaloc<\/title>\n<meta name=\"robots\" content=\"index, follow, max-snippet:-1, max-image-preview:large, max-video-preview:-1\" \/>\n<link rel=\"canonical\" href=\"https:\/\/maximaloc.com\/en\/product\/sigma-art-50-f1-4-dg-hsm-e\/\" \/>\n<meta property=\"og:locale\" content=\"en_US\" \/>\n<meta property=\"og:type\" content=\"article\" \/>\n<meta property=\"og:title\" content=\"SIGMA-ART 50 F1.4 DG HSM E - Maximaloc\" \/>\n<meta property=\"og:description\" content=\"Focale fixe Monture : Sony\u00a0E Format : Full Frame Diam\u00e8tre de filtre : 72 mm\" \/>\n<meta property=\"og:url\" content=\"https:\/\/maximaloc.com\/en\/product\/sigma-art-50-f1-4-dg-hsm-e\/\" \/>\n<meta property=\"og:site_name\" content=\"Maximaloc\" \/>\n<meta property=\"article:publisher\" content=\"https:\/\/www.facebook.com\/Maximalocation\" \/>\n<meta property=\"article:modified_time\" content=\"2026-04-13T18:40:27+00:00\" \/>\n<meta property=\"og:image\" content=\"https:\/\/maximaloc.com\/wp-content\/uploads\/2024\/03\/1-4.webp\" \/>\n\t<meta property=\"og:image:width\" content=\"725\" \/>\n\t<meta property=\"og:image:height\" content=\"525\" \/>\n\t<meta property=\"og:image:type\" content=\"image\/webp\" \/>\n<meta name=\"twitter:card\" content=\"summary_large_image\" \/>\n<meta name=\"twitter:label1\" content=\"Est. reading time\" \/>\n\t<meta name=\"twitter:data1\" content=\"1 minute\" \/>\n<script type=\"application\/ld+json\" class=\"yoast-schema-graph\">{\"@context\":\"https:\\\/\\\/schema.org\",\"@graph\":[{\"@type\":\"WebPage\",\"@id\":\"https:\\\/\\\/maximaloc.com\\\/produit\\\/sigma-art-50-f1-4-dg-hsm-e\\\/\",\"url\":\"https:\\\/\\\/maximaloc.com\\\/produit\\\/sigma-art-50-f1-4-dg-hsm-e\\\/\",\"name\":\"SIGMA-ART 50 F1.4 DG HSM E - Maximaloc\",\"isPartOf\":{\"@id\":\"https:\\\/\\\/maximaloc.com\\\/#website\"},\"primaryImageOfPage\":{\"@id\":\"https:\\\/\\\/maximaloc.com\\\/produit\\\/sigma-art-50-f1-4-dg-hsm-e\\\/#primaryimage\"},\"image\":{\"@id\":\"https:\\\/\\\/maximaloc.com\\\/produit\\\/sigma-art-50-f1-4-dg-hsm-e\\\/#primaryimage\"},\"thumbnailUrl\":\"https:\\\/\\\/maximaloc.com\\\/wp-content\\\/uploads\\\/2024\\\/03\\\/1-4.webp\",\"datePublished\":\"2024-03-21T12:41:52+00:00\",\"dateModified\":\"2026-04-13T18:40:27+00:00\",\"breadcrumb\":{\"@id\":\"https:\\\/\\\/maximaloc.com\\\/produit\\\/sigma-art-50-f1-4-dg-hsm-e\\\/#breadcrumb\"},\"inLanguage\":\"en-US\",\"potentialAction\":[{\"@type\":\"ReadAction\",\"target\":[\"https:\\\/\\\/maximaloc.com\\\/produit\\\/sigma-art-50-f1-4-dg-hsm-e\\\/\"]}]},{\"@type\":\"ImageObject\",\"inLanguage\":\"en-US\",\"@id\":\"https:\\\/\\\/maximaloc.com\\\/produit\\\/sigma-art-50-f1-4-dg-hsm-e\\\/#primaryimage\",\"url\":\"https:\\\/\\\/maximaloc.com\\\/wp-content\\\/uploads\\\/2024\\\/03\\\/1-4.webp\",\"contentUrl\":\"https:\\\/\\\/maximaloc.com\\\/wp-content\\\/uploads\\\/2024\\\/03\\\/1-4.webp\",\"width\":725,\"height\":525,\"caption\":\"Objectif photo fixe SIGMA ART 50 F1.4 DG HSM en monture Sony E en location\"},{\"@type\":\"BreadcrumbList\",\"@id\":\"https:\\\/\\\/maximaloc.com\\\/produit\\\/sigma-art-50-f1-4-dg-hsm-e\\\/#breadcrumb\",\"itemListElement\":[{\"@type\":\"ListItem\",\"position\":1,\"name\":\"Accueil\",\"item\":\"https:\\\/\\\/maximaloc.com\\\/\"},{\"@type\":\"ListItem\",\"position\":2,\"name\":\"BOUTIQUE\",\"item\":\"https:\\\/\\\/maximaloc.com\\\/boutique\\\/\"},{\"@type\":\"ListItem\",\"position\":3,\"name\":\"SIGMA-ART 50 F1.4 DG HSM E\"}]},{\"@type\":\"WebSite\",\"@id\":\"https:\\\/\\\/maximaloc.com\\\/#website\",\"url\":\"https:\\\/\\\/maximaloc.com\\\/\",\"name\":\"Maximaloc\",\"description\":\"\",\"publisher\":{\"@id\":\"https:\\\/\\\/maximaloc.com\\\/#organization\"},\"potentialAction\":[{\"@type\":\"SearchAction\",\"target\":{\"@type\":\"EntryPoint\",\"urlTemplate\":\"https:\\\/\\\/maximaloc.com\\\/?s={search_term_string}\"},\"query-input\":{\"@type\":\"PropertyValueSpecification\",\"valueRequired\":true,\"valueName\":\"search_term_string\"}}],\"inLanguage\":\"en-US\"},{\"@type\":\"Organization\",\"@id\":\"https:\\\/\\\/maximaloc.com\\\/#organization\",\"name\":\"Maximaloc\",\"url\":\"https:\\\/\\\/maximaloc.com\\\/\",\"logo\":{\"@type\":\"ImageObject\",\"inLanguage\":\"en-US\",\"@id\":\"https:\\\/\\\/maximaloc.com\\\/#\\\/schema\\\/logo\\\/image\\\/\",\"url\":\"https:\\\/\\\/maximaloc.com\\\/wp-content\\\/uploads\\\/2024\\\/03\\\/logo_noir-scaled.png\",\"contentUrl\":\"https:\\\/\\\/maximaloc.com\\\/wp-content\\\/uploads\\\/2024\\\/03\\\/logo_noir-scaled.png\",\"width\":2560,\"height\":268,\"caption\":\"Maximaloc\"},\"image\":{\"@id\":\"https:\\\/\\\/maximaloc.com\\\/#\\\/schema\\\/logo\\\/image\\\/\"},\"sameAs\":[\"https:\\\/\\\/www.facebook.com\\\/Maximalocation\"]}]}<\/script>\n<!-- \/ Yoast SEO plugin. -->","yoast_head_json":{"title":"SIGMA-ART 50 F1.4 DG HSM E - Maximaloc","robots":{"index":"index","follow":"follow","max-snippet":"max-snippet:-1","max-image-preview":"max-image-preview:large","max-video-preview":"max-video-preview:-1"},"canonical":"https:\/\/maximaloc.com\/en\/product\/sigma-art-50-f1-4-dg-hsm-e\/","og_locale":"en_US","og_type":"article","og_title":"SIGMA-ART 50 F1.4 DG HSM E - Maximaloc","og_description":"Focale fixe Monture : Sony\u00a0E Format : Full Frame Diam\u00e8tre de filtre : 72 mm","og_url":"https:\/\/maximaloc.com\/en\/product\/sigma-art-50-f1-4-dg-hsm-e\/","og_site_name":"Maximaloc","article_publisher":"https:\/\/www.facebook.com\/Maximalocation","article_modified_time":"2026-04-13T18:40:27+00:00","og_image":[{"width":725,"height":525,"url":"https:\/\/maximaloc.com\/wp-content\/uploads\/2024\/03\/1-4.webp","type":"image\/webp"}],"twitter_card":"summary_large_image","twitter_misc":{"Est. reading time":"1 minute"},"schema":{"@context":"https:\/\/schema.org","@graph":[{"@type":"WebPage","@id":"https:\/\/maximaloc.com\/produit\/sigma-art-50-f1-4-dg-hsm-e\/","url":"https:\/\/maximaloc.com\/produit\/sigma-art-50-f1-4-dg-hsm-e\/","name":"SIGMA-ART 50 F1.4 DG HSM E - Maximaloc","isPartOf":{"@id":"https:\/\/maximaloc.com\/#website"},"primaryImageOfPage":{"@id":"https:\/\/maximaloc.com\/produit\/sigma-art-50-f1-4-dg-hsm-e\/#primaryimage"},"image":{"@id":"https:\/\/maximaloc.com\/produit\/sigma-art-50-f1-4-dg-hsm-e\/#primaryimage"},"thumbnailUrl":"https:\/\/maximaloc.com\/wp-content\/uploads\/2024\/03\/1-4.webp","datePublished":"2024-03-21T12:41:52+00:00","dateModified":"2026-04-13T18:40:27+00:00","breadcrumb":{"@id":"https:\/\/maximaloc.com\/produit\/sigma-art-50-f1-4-dg-hsm-e\/#breadcrumb"},"inLanguage":"en-US","potentialAction":[{"@type":"ReadAction","target":["https:\/\/maximaloc.com\/produit\/sigma-art-50-f1-4-dg-hsm-e\/"]}]},{"@type":"ImageObject","inLanguage":"en-US","@id":"https:\/\/maximaloc.com\/produit\/sigma-art-50-f1-4-dg-hsm-e\/#primaryimage","url":"https:\/\/maximaloc.com\/wp-content\/uploads\/2024\/03\/1-4.webp","contentUrl":"https:\/\/maximaloc.com\/wp-content\/uploads\/2024\/03\/1-4.webp","width":725,"height":525,"caption":"Objectif photo fixe SIGMA ART 50 F1.4 DG HSM en monture Sony E en location"},{"@type":"BreadcrumbList","@id":"https:\/\/maximaloc.com\/produit\/sigma-art-50-f1-4-dg-hsm-e\/#breadcrumb","itemListElement":[{"@type":"ListItem","position":1,"name":"Accueil","item":"https:\/\/maximaloc.com\/"},{"@type":"ListItem","position":2,"name":"BOUTIQUE","item":"https:\/\/maximaloc.com\/boutique\/"},{"@type":"ListItem","position":3,"name":"SIGMA-ART 50 F1.4 DG HSM E"}]},{"@type":"WebSite","@id":"https:\/\/maximaloc.com\/#website","url":"https:\/\/maximaloc.com\/","name":"Maximaloc","description":"","publisher":{"@id":"https:\/\/maximaloc.com\/#organization"},"potentialAction":[{"@type":"SearchAction","target":{"@type":"EntryPoint","urlTemplate":"https:\/\/maximaloc.com\/?s={search_term_string}"},"query-input":{"@type":"PropertyValueSpecification","valueRequired":true,"valueName":"search_term_string"}}],"inLanguage":"en-US"},{"@type":"Organization","@id":"https:\/\/maximaloc.com\/#organization","name":"Maximaloc","url":"https:\/\/maximaloc.com\/","logo":{"@type":"ImageObject","inLanguage":"en-US","@id":"https:\/\/maximaloc.com\/#\/schema\/logo\/image\/","url":"https:\/\/maximaloc.com\/wp-content\/uploads\/2024\/03\/logo_noir-scaled.png","contentUrl":"https:\/\/maximaloc.com\/wp-content\/uploads\/2024\/03\/logo_noir-scaled.png","width":2560,"height":268,"caption":"Maximaloc"},"image":{"@id":"https:\/\/maximaloc.com\/#\/schema\/logo\/image\/"},"sameAs":["https:\/\/www.facebook.com\/Maximalocation"]}]}},"_links":{"self":[{"href":"https:\/\/maximaloc.com\/en\/wp-json\/wp\/v2\/product\/4043","targetHints":{"allow":["GET"]}}],"collection":[{"href":"https:\/\/maximaloc.com\/en\/wp-json\/wp\/v2\/product"}],"about":[{"href":"https:\/\/maximaloc.com\/en\/wp-json\/wp\/v2\/types\/product"}],"wp:featuredmedia":[{"embeddable":true,"href":"https:\/\/maximaloc.com\/en\/wp-json\/wp\/v2\/media\/9407"}],"wp:attachment":[{"href":"https:\/\/maximaloc.com\/en\/wp-json\/wp\/v2\/media?parent=4043"}],"wp:term":[{"taxonomy":"product_cat","embeddable":true,"href":"https:\/\/maximaloc.com\/en\/wp-json\/wp\/v2\/product_cat?post=4043"},{"taxonomy":"product_tag","embeddable":true,"href":"https:\/\/maximaloc.com\/en\/wp-json\/wp\/v2\/product_tag?post=4043"}],"curies":[{"name":"wp","href":"https:\/\/api.w.org\/{rel}","templated":true}]}}