 {"id":4050,"date":"2024-03-21T13:41:54","date_gmt":"2024-03-21T12:41:54","guid":{"rendered":"https:\/\/maximaloc.com\/produit\/sony-18-105mm-f4-pz-g-oss-s35-e\/"},"modified":"2026-04-13T20:08:31","modified_gmt":"2026-04-13T18:08:31","slug":"sony-18-105-f4-pz-g-oss-e","status":"publish","type":"product","link":"https:\/\/maximaloc.com\/en\/product\/sony-18-105-f4-pz-g-oss-e\/","title":{"rendered":"SONY 18-105 F4 PZ G OSS E"},"content":{"rendered":"<p>Le SONY 18-105 F4 G OSS est un objectif au format APS-C pour appareils hybrides ou cam\u00e9ra en monture E. Il offre une plage focale polyvalente de 18 mm \u00e0 105 mm (Equivalent Full Frame : 27-158 mm) avec une ouverture constante de F4.<\/p>\n<p>\u00a0<\/p>\n<p>L&#8217;objectif est \u00e9quip\u00e9 d&#8217;un syst\u00e8me de stabilisation optique (OSS) qui permet de r\u00e9duire les vibrations et les flous de mouvement, utile notamment lors de prises de vue \u00e0 main lev\u00e9e ou en conditions de basse lumi\u00e8re.\u00a0<\/p>\n<p>\u00a0<\/p>\n<p>Compact et l\u00e9ger, il est dot\u00e9 d\u2019une construction solide et r\u00e9sistante \u00e0 la poussi\u00e8re et \u00e0 l&#8217;humidit\u00e9 gr\u00e2ce \u00e0 ses joints d&#8217;\u00e9tanch\u00e9it\u00e9. Il est \u00e9galement \u00e9quip\u00e9 d&#8217;un moteur de mise au point automatique silencieux et rapide, pour un contr\u00f4le pr\u00e9cis et r\u00e9actif de la mise au point.<\/p>\n<p>\u00a0<\/p>\n<p>Le SONY 18-105 F4 G OSS utilise des lentilles asph\u00e9riques, et des verres ED qui r\u00e9duisent les aberrations chromatiques et garantissent une excellente nettet\u00e9 d&#8217;image.<\/p>\n<p>\u00a0<\/p>\n<p><strong>Points Forts :<\/strong><\/p>\n<ul>\n<li>Optique Compacte et l\u00e9g\u00e8re<\/li>\n<li>Plage de focale polyvalente<\/li>\n<li>Optique Motoris\u00e9e<\/li>\n<li>Syst\u00e8me de stabilisation performant<\/li>\n<\/ul>","protected":false},"excerpt":{"rendered":"<p>Zoom\u00a0Motoris\u00e9 Parfocal<\/p>\n<p>Monture :\u00a0 Sony E<\/p>\n<p>Format : APS-C<\/p>\n<p>Diam\u00e8tre de filtre : 72 mm<\/p>\n<p>Equivalent full frame :\u00a027 &#8211; 157\u00a0mm<\/p>","protected":false},"featured_media":9211,"template":"","meta":[],"product_cat":[232],"product_tag":[216,273,284,285,282,242],"class_list":{"0":"post-4050","1":"product","2":"type-product","3":"status-publish","4":"has-post-thumbnail","6":"product_cat-sony-e","7":"product_tag-super-35-aps-c","8":"product_tag-autofocus","9":"product_tag-sony","10":"product_tag-stabilise","11":"product_tag-standard","12":"product_tag-zoom","14":"first","15":"instock","16":"taxable","17":"shipping-taxable","18":"purchasable","19":"product-type-rentable"},"yoast_head":"<!-- This site is optimized with the Yoast SEO plugin v27.4 - https:\/\/yoast.com\/product\/yoast-seo-wordpress\/ -->\n<title>SONY 18-105 F4 PZ G OSS E - Maximaloc<\/title>\n<meta name=\"robots\" content=\"index, follow, max-snippet:-1, max-image-preview:large, max-video-preview:-1\" \/>\n<link rel=\"canonical\" href=\"https:\/\/maximaloc.com\/en\/product\/sony-18-105-f4-pz-g-oss-e\/\" \/>\n<meta property=\"og:locale\" content=\"en_US\" \/>\n<meta property=\"og:type\" content=\"article\" \/>\n<meta property=\"og:title\" content=\"SONY 18-105 F4 PZ G OSS E - Maximaloc\" \/>\n<meta property=\"og:description\" content=\"Zoom\u00a0Motoris\u00e9 Parfocal Monture :\u00a0 Sony E Format : APS-C Diam\u00e8tre de filtre : 72 mm Equivalent full frame :\u00a027 - 157\u00a0mm\" \/>\n<meta property=\"og:url\" content=\"https:\/\/maximaloc.com\/en\/product\/sony-18-105-f4-pz-g-oss-e\/\" \/>\n<meta property=\"og:site_name\" content=\"Maximaloc\" \/>\n<meta property=\"article:publisher\" content=\"https:\/\/www.facebook.com\/Maximalocation\" \/>\n<meta property=\"article:modified_time\" content=\"2026-04-13T18:08:31+00:00\" \/>\n<meta property=\"og:image\" content=\"https:\/\/maximaloc.com\/wp-content\/uploads\/2024\/03\/sony-18-105-1.webp\" \/>\n\t<meta property=\"og:image:width\" content=\"580\" \/>\n\t<meta property=\"og:image:height\" content=\"420\" \/>\n\t<meta property=\"og:image:type\" content=\"image\/webp\" \/>\n<meta name=\"twitter:card\" content=\"summary_large_image\" \/>\n<meta name=\"twitter:label1\" content=\"Est. reading time\" \/>\n\t<meta name=\"twitter:data1\" content=\"2 minutes\" \/>\n<script type=\"application\/ld+json\" class=\"yoast-schema-graph\">{\"@context\":\"https:\\\/\\\/schema.org\",\"@graph\":[{\"@type\":\"WebPage\",\"@id\":\"https:\\\/\\\/maximaloc.com\\\/produit\\\/sony-18-105-f4-pz-g-oss-e\\\/\",\"url\":\"https:\\\/\\\/maximaloc.com\\\/produit\\\/sony-18-105-f4-pz-g-oss-e\\\/\",\"name\":\"SONY 18-105 F4 PZ G OSS E - Maximaloc\",\"isPartOf\":{\"@id\":\"https:\\\/\\\/maximaloc.com\\\/#website\"},\"primaryImageOfPage\":{\"@id\":\"https:\\\/\\\/maximaloc.com\\\/produit\\\/sony-18-105-f4-pz-g-oss-e\\\/#primaryimage\"},\"image\":{\"@id\":\"https:\\\/\\\/maximaloc.com\\\/produit\\\/sony-18-105-f4-pz-g-oss-e\\\/#primaryimage\"},\"thumbnailUrl\":\"https:\\\/\\\/maximaloc.com\\\/wp-content\\\/uploads\\\/2024\\\/03\\\/sony-18-105-1.webp\",\"datePublished\":\"2024-03-21T12:41:54+00:00\",\"dateModified\":\"2026-04-13T18:08:31+00:00\",\"breadcrumb\":{\"@id\":\"https:\\\/\\\/maximaloc.com\\\/produit\\\/sony-18-105-f4-pz-g-oss-e\\\/#breadcrumb\"},\"inLanguage\":\"en-US\",\"potentialAction\":[{\"@type\":\"ReadAction\",\"target\":[\"https:\\\/\\\/maximaloc.com\\\/produit\\\/sony-18-105-f4-pz-g-oss-e\\\/\"]}]},{\"@type\":\"ImageObject\",\"inLanguage\":\"en-US\",\"@id\":\"https:\\\/\\\/maximaloc.com\\\/produit\\\/sony-18-105-f4-pz-g-oss-e\\\/#primaryimage\",\"url\":\"https:\\\/\\\/maximaloc.com\\\/wp-content\\\/uploads\\\/2024\\\/03\\\/sony-18-105-1.webp\",\"contentUrl\":\"https:\\\/\\\/maximaloc.com\\\/wp-content\\\/uploads\\\/2024\\\/03\\\/sony-18-105-1.webp\",\"width\":580,\"height\":420,\"caption\":\"Zoom Sony 18-105mm F4 G OSS \u00e0 la location\"},{\"@type\":\"BreadcrumbList\",\"@id\":\"https:\\\/\\\/maximaloc.com\\\/produit\\\/sony-18-105-f4-pz-g-oss-e\\\/#breadcrumb\",\"itemListElement\":[{\"@type\":\"ListItem\",\"position\":1,\"name\":\"Accueil\",\"item\":\"https:\\\/\\\/maximaloc.com\\\/\"},{\"@type\":\"ListItem\",\"position\":2,\"name\":\"BOUTIQUE\",\"item\":\"https:\\\/\\\/maximaloc.com\\\/boutique\\\/\"},{\"@type\":\"ListItem\",\"position\":3,\"name\":\"SONY 18-105 F4 PZ G OSS E\"}]},{\"@type\":\"WebSite\",\"@id\":\"https:\\\/\\\/maximaloc.com\\\/#website\",\"url\":\"https:\\\/\\\/maximaloc.com\\\/\",\"name\":\"Maximaloc\",\"description\":\"\",\"publisher\":{\"@id\":\"https:\\\/\\\/maximaloc.com\\\/#organization\"},\"potentialAction\":[{\"@type\":\"SearchAction\",\"target\":{\"@type\":\"EntryPoint\",\"urlTemplate\":\"https:\\\/\\\/maximaloc.com\\\/?s={search_term_string}\"},\"query-input\":{\"@type\":\"PropertyValueSpecification\",\"valueRequired\":true,\"valueName\":\"search_term_string\"}}],\"inLanguage\":\"en-US\"},{\"@type\":\"Organization\",\"@id\":\"https:\\\/\\\/maximaloc.com\\\/#organization\",\"name\":\"Maximaloc\",\"url\":\"https:\\\/\\\/maximaloc.com\\\/\",\"logo\":{\"@type\":\"ImageObject\",\"inLanguage\":\"en-US\",\"@id\":\"https:\\\/\\\/maximaloc.com\\\/#\\\/schema\\\/logo\\\/image\\\/\",\"url\":\"https:\\\/\\\/maximaloc.com\\\/wp-content\\\/uploads\\\/2024\\\/03\\\/logo_noir-scaled.png\",\"contentUrl\":\"https:\\\/\\\/maximaloc.com\\\/wp-content\\\/uploads\\\/2024\\\/03\\\/logo_noir-scaled.png\",\"width\":2560,\"height\":268,\"caption\":\"Maximaloc\"},\"image\":{\"@id\":\"https:\\\/\\\/maximaloc.com\\\/#\\\/schema\\\/logo\\\/image\\\/\"},\"sameAs\":[\"https:\\\/\\\/www.facebook.com\\\/Maximalocation\"]}]}<\/script>\n<!-- \/ Yoast SEO plugin. -->","yoast_head_json":{"title":"SONY 18-105 F4 PZ G OSS E - Maximaloc","robots":{"index":"index","follow":"follow","max-snippet":"max-snippet:-1","max-image-preview":"max-image-preview:large","max-video-preview":"max-video-preview:-1"},"canonical":"https:\/\/maximaloc.com\/en\/product\/sony-18-105-f4-pz-g-oss-e\/","og_locale":"en_US","og_type":"article","og_title":"SONY 18-105 F4 PZ G OSS E - Maximaloc","og_description":"Zoom\u00a0Motoris\u00e9 Parfocal Monture :\u00a0 Sony E Format : APS-C Diam\u00e8tre de filtre : 72 mm Equivalent full frame :\u00a027 - 157\u00a0mm","og_url":"https:\/\/maximaloc.com\/en\/product\/sony-18-105-f4-pz-g-oss-e\/","og_site_name":"Maximaloc","article_publisher":"https:\/\/www.facebook.com\/Maximalocation","article_modified_time":"2026-04-13T18:08:31+00:00","og_image":[{"width":580,"height":420,"url":"https:\/\/maximaloc.com\/wp-content\/uploads\/2024\/03\/sony-18-105-1.webp","type":"image\/webp"}],"twitter_card":"summary_large_image","twitter_misc":{"Est. reading time":"2 minutes"},"schema":{"@context":"https:\/\/schema.org","@graph":[{"@type":"WebPage","@id":"https:\/\/maximaloc.com\/produit\/sony-18-105-f4-pz-g-oss-e\/","url":"https:\/\/maximaloc.com\/produit\/sony-18-105-f4-pz-g-oss-e\/","name":"SONY 18-105 F4 PZ G OSS E - Maximaloc","isPartOf":{"@id":"https:\/\/maximaloc.com\/#website"},"primaryImageOfPage":{"@id":"https:\/\/maximaloc.com\/produit\/sony-18-105-f4-pz-g-oss-e\/#primaryimage"},"image":{"@id":"https:\/\/maximaloc.com\/produit\/sony-18-105-f4-pz-g-oss-e\/#primaryimage"},"thumbnailUrl":"https:\/\/maximaloc.com\/wp-content\/uploads\/2024\/03\/sony-18-105-1.webp","datePublished":"2024-03-21T12:41:54+00:00","dateModified":"2026-04-13T18:08:31+00:00","breadcrumb":{"@id":"https:\/\/maximaloc.com\/produit\/sony-18-105-f4-pz-g-oss-e\/#breadcrumb"},"inLanguage":"en-US","potentialAction":[{"@type":"ReadAction","target":["https:\/\/maximaloc.com\/produit\/sony-18-105-f4-pz-g-oss-e\/"]}]},{"@type":"ImageObject","inLanguage":"en-US","@id":"https:\/\/maximaloc.com\/produit\/sony-18-105-f4-pz-g-oss-e\/#primaryimage","url":"https:\/\/maximaloc.com\/wp-content\/uploads\/2024\/03\/sony-18-105-1.webp","contentUrl":"https:\/\/maximaloc.com\/wp-content\/uploads\/2024\/03\/sony-18-105-1.webp","width":580,"height":420,"caption":"Zoom Sony 18-105mm F4 G OSS \u00e0 la location"},{"@type":"BreadcrumbList","@id":"https:\/\/maximaloc.com\/produit\/sony-18-105-f4-pz-g-oss-e\/#breadcrumb","itemListElement":[{"@type":"ListItem","position":1,"name":"Accueil","item":"https:\/\/maximaloc.com\/"},{"@type":"ListItem","position":2,"name":"BOUTIQUE","item":"https:\/\/maximaloc.com\/boutique\/"},{"@type":"ListItem","position":3,"name":"SONY 18-105 F4 PZ G OSS E"}]},{"@type":"WebSite","@id":"https:\/\/maximaloc.com\/#website","url":"https:\/\/maximaloc.com\/","name":"Maximaloc","description":"","publisher":{"@id":"https:\/\/maximaloc.com\/#organization"},"potentialAction":[{"@type":"SearchAction","target":{"@type":"EntryPoint","urlTemplate":"https:\/\/maximaloc.com\/?s={search_term_string}"},"query-input":{"@type":"PropertyValueSpecification","valueRequired":true,"valueName":"search_term_string"}}],"inLanguage":"en-US"},{"@type":"Organization","@id":"https:\/\/maximaloc.com\/#organization","name":"Maximaloc","url":"https:\/\/maximaloc.com\/","logo":{"@type":"ImageObject","inLanguage":"en-US","@id":"https:\/\/maximaloc.com\/#\/schema\/logo\/image\/","url":"https:\/\/maximaloc.com\/wp-content\/uploads\/2024\/03\/logo_noir-scaled.png","contentUrl":"https:\/\/maximaloc.com\/wp-content\/uploads\/2024\/03\/logo_noir-scaled.png","width":2560,"height":268,"caption":"Maximaloc"},"image":{"@id":"https:\/\/maximaloc.com\/#\/schema\/logo\/image\/"},"sameAs":["https:\/\/www.facebook.com\/Maximalocation"]}]}},"_links":{"self":[{"href":"https:\/\/maximaloc.com\/en\/wp-json\/wp\/v2\/product\/4050","targetHints":{"allow":["GET"]}}],"collection":[{"href":"https:\/\/maximaloc.com\/en\/wp-json\/wp\/v2\/product"}],"about":[{"href":"https:\/\/maximaloc.com\/en\/wp-json\/wp\/v2\/types\/product"}],"wp:featuredmedia":[{"embeddable":true,"href":"https:\/\/maximaloc.com\/en\/wp-json\/wp\/v2\/media\/9211"}],"wp:attachment":[{"href":"https:\/\/maximaloc.com\/en\/wp-json\/wp\/v2\/media?parent=4050"}],"wp:term":[{"taxonomy":"product_cat","embeddable":true,"href":"https:\/\/maximaloc.com\/en\/wp-json\/wp\/v2\/product_cat?post=4050"},{"taxonomy":"product_tag","embeddable":true,"href":"https:\/\/maximaloc.com\/en\/wp-json\/wp\/v2\/product_tag?post=4050"}],"curies":[{"name":"wp","href":"https:\/\/api.w.org\/{rel}","templated":true}]}}