 {"id":4057,"date":"2024-03-21T13:41:56","date_gmt":"2024-03-21T12:41:56","guid":{"rendered":"https:\/\/maximaloc.com\/produit\/tamron-17-28mm-f2-8-di-iii-rxd-e\/"},"modified":"2026-04-13T20:08:49","modified_gmt":"2026-04-13T18:08:49","slug":"tamron-17-28-f2-8-di-iii-e","status":"publish","type":"product","link":"https:\/\/maximaloc.com\/en\/product\/tamron-17-28-f2-8-di-iii-e\/","title":{"rendered":"TAMRON 17-28 F2.8 Di III E"},"content":{"rendered":"<p>Le TAMRON 17-28 F2.8 Di III est con\u00e7u pour les montures Sony E plein format mais compatible aussi avec le Super 35 \/ APS-C (crop de 1.5). Son ouverture constante \u00e0 F2.8 permet de b\u00e9n\u00e9ficier d\u2019une forte luminosit\u00e9 m\u00eame en basse lumi\u00e8re et d\u2019un joli bokeh avec faible profondeur de champ.<\/p>\n<p>\u00a0<\/p>\n<p>Avec une plage focale grand angle, le TAMRON 17-28 F2.8 Di III est l&#8217;objectif id\u00e9al pour les photographes et vid\u00e9astes qui souhaitent capturer des images nettes et pr\u00e9cises des paysages aux perspectives architecturales et les suivis de personnages. Son faible poids et son angle de vue \u00e9largi en font l\u2019objectif id\u00e9al sur gimbal, kit ventouse voiture, snorricam et casque pov. Afin de r\u00e9duire le poids et l&#8217;encombrement, Tamron a opt\u00e9 pour une focale de 17-28 avec une plage diff\u00e9rente de ses concurrents (16-35 normalement) et sans stabilisation (Le 17-28 exploite pleinement la stabilisation 5 axes int\u00e9gr\u00e9e aux capteurs Sony Alpha.\u00a0<\/p>\n<p>\u00a0<\/p>\n<p>Cela permet au TAMRON 17-28 F2.8 Di III d\u2019avoir un form factor extr\u00eamement compact et l\u00e9ger id\u00e9ale pour l\u2019utilisation en photo et vid\u00e9o de vid\u00e9os cr\u00e9atives et commerciales on the go. La mise au point automatique rapide et silencieuse de cet objectif permet une utilisation facile et efficace pour les prises de vue en mouvement.<\/p>\n<p>\u00a0<\/p>\n<p>Coupl\u00e9 avec le 28-75 et le 70-180, le TAMRON 17-28 F2.8 Di III\u00a0 permet d&#8217;\u00eatre transport\u00e9 avec un tr\u00e8s faible encombrement et devient un outil incontournable pour les prises de vue en voyage ou en bagage r\u00e9duit.<\/p>\n<p>\u00a0<\/p>\n<p><strong>Points Forts:<\/strong><\/p>\n<ul>\n<li>Excellente qualit\u00e9 optique<\/li>\n<li>Ouverture constante F2.8<\/li>\n<li>Autofocus rapide et silencieux.<\/li>\n<li>Conception l\u00e9g\u00e8re et compacte<\/li>\n<\/ul>","protected":false},"excerpt":{"rendered":"<p>Zoom grand angle<\/p>\n<p>Monture : Sony E<\/p>\n<p>Couverture : Full Frame<\/p>\n<p>Diam\u00e8tre de filtre : 67 mm<\/p>","protected":false},"featured_media":9189,"template":"","meta":[],"product_cat":[232],"product_tag":[273,239,241,291,242],"class_list":{"0":"post-4057","1":"product","2":"type-product","3":"status-publish","4":"has-post-thumbnail","6":"product_cat-sony-e","7":"product_tag-autofocus","8":"product_tag-grand-angle","9":"product_tag-non-stabilise","10":"product_tag-tamron","11":"product_tag-zoom","13":"first","14":"instock","15":"taxable","16":"shipping-taxable","17":"purchasable","18":"product-type-rentable"},"yoast_head":"<!-- This site is optimized with the Yoast SEO plugin v27.4 - https:\/\/yoast.com\/product\/yoast-seo-wordpress\/ -->\n<title>TAMRON 17-28 F2.8 Di III E - Maximaloc<\/title>\n<meta name=\"robots\" content=\"index, follow, max-snippet:-1, max-image-preview:large, max-video-preview:-1\" \/>\n<link rel=\"canonical\" href=\"https:\/\/maximaloc.com\/en\/product\/tamron-17-28-f2-8-di-iii-e\/\" \/>\n<meta property=\"og:locale\" content=\"en_US\" \/>\n<meta property=\"og:type\" content=\"article\" \/>\n<meta property=\"og:title\" content=\"TAMRON 17-28 F2.8 Di III E - Maximaloc\" \/>\n<meta property=\"og:description\" content=\"Zoom grand angle Monture : Sony E Couverture : Full Frame Diam\u00e8tre de filtre : 67 mm\" \/>\n<meta property=\"og:url\" content=\"https:\/\/maximaloc.com\/en\/product\/tamron-17-28-f2-8-di-iii-e\/\" \/>\n<meta property=\"og:site_name\" content=\"Maximaloc\" \/>\n<meta property=\"article:publisher\" content=\"https:\/\/www.facebook.com\/Maximalocation\" \/>\n<meta property=\"article:modified_time\" content=\"2026-04-13T18:08:49+00:00\" \/>\n<meta property=\"og:image\" content=\"https:\/\/maximaloc.com\/wp-content\/uploads\/2024\/03\/b49820_b1d0004aaabf4c7f86fc39727c09666bmv2.webp\" \/>\n\t<meta property=\"og:image:width\" content=\"580\" \/>\n\t<meta property=\"og:image:height\" content=\"420\" \/>\n\t<meta property=\"og:image:type\" content=\"image\/webp\" \/>\n<meta name=\"twitter:card\" content=\"summary_large_image\" \/>\n<meta name=\"twitter:label1\" content=\"Est. reading time\" \/>\n\t<meta name=\"twitter:data1\" content=\"2 minutes\" \/>\n<script type=\"application\/ld+json\" class=\"yoast-schema-graph\">{\"@context\":\"https:\\\/\\\/schema.org\",\"@graph\":[{\"@type\":\"WebPage\",\"@id\":\"https:\\\/\\\/maximaloc.com\\\/produit\\\/tamron-17-28-f2-8-di-iii-e\\\/\",\"url\":\"https:\\\/\\\/maximaloc.com\\\/produit\\\/tamron-17-28-f2-8-di-iii-e\\\/\",\"name\":\"TAMRON 17-28 F2.8 Di III E - Maximaloc\",\"isPartOf\":{\"@id\":\"https:\\\/\\\/maximaloc.com\\\/#website\"},\"primaryImageOfPage\":{\"@id\":\"https:\\\/\\\/maximaloc.com\\\/produit\\\/tamron-17-28-f2-8-di-iii-e\\\/#primaryimage\"},\"image\":{\"@id\":\"https:\\\/\\\/maximaloc.com\\\/produit\\\/tamron-17-28-f2-8-di-iii-e\\\/#primaryimage\"},\"thumbnailUrl\":\"https:\\\/\\\/maximaloc.com\\\/wp-content\\\/uploads\\\/2024\\\/03\\\/b49820_b1d0004aaabf4c7f86fc39727c09666bmv2.webp\",\"datePublished\":\"2024-03-21T12:41:56+00:00\",\"dateModified\":\"2026-04-13T18:08:49+00:00\",\"breadcrumb\":{\"@id\":\"https:\\\/\\\/maximaloc.com\\\/produit\\\/tamron-17-28-f2-8-di-iii-e\\\/#breadcrumb\"},\"inLanguage\":\"en-US\",\"potentialAction\":[{\"@type\":\"ReadAction\",\"target\":[\"https:\\\/\\\/maximaloc.com\\\/produit\\\/tamron-17-28-f2-8-di-iii-e\\\/\"]}]},{\"@type\":\"ImageObject\",\"inLanguage\":\"en-US\",\"@id\":\"https:\\\/\\\/maximaloc.com\\\/produit\\\/tamron-17-28-f2-8-di-iii-e\\\/#primaryimage\",\"url\":\"https:\\\/\\\/maximaloc.com\\\/wp-content\\\/uploads\\\/2024\\\/03\\\/b49820_b1d0004aaabf4c7f86fc39727c09666bmv2.webp\",\"contentUrl\":\"https:\\\/\\\/maximaloc.com\\\/wp-content\\\/uploads\\\/2024\\\/03\\\/b49820_b1d0004aaabf4c7f86fc39727c09666bmv2.webp\",\"width\":580,\"height\":420,\"caption\":\"Zoom Tamron 17-28mm F2.8 Di III E \u00e0 la location\"},{\"@type\":\"BreadcrumbList\",\"@id\":\"https:\\\/\\\/maximaloc.com\\\/produit\\\/tamron-17-28-f2-8-di-iii-e\\\/#breadcrumb\",\"itemListElement\":[{\"@type\":\"ListItem\",\"position\":1,\"name\":\"Accueil\",\"item\":\"https:\\\/\\\/maximaloc.com\\\/\"},{\"@type\":\"ListItem\",\"position\":2,\"name\":\"BOUTIQUE\",\"item\":\"https:\\\/\\\/maximaloc.com\\\/boutique\\\/\"},{\"@type\":\"ListItem\",\"position\":3,\"name\":\"TAMRON 17-28 F2.8 Di III E\"}]},{\"@type\":\"WebSite\",\"@id\":\"https:\\\/\\\/maximaloc.com\\\/#website\",\"url\":\"https:\\\/\\\/maximaloc.com\\\/\",\"name\":\"Maximaloc\",\"description\":\"\",\"publisher\":{\"@id\":\"https:\\\/\\\/maximaloc.com\\\/#organization\"},\"potentialAction\":[{\"@type\":\"SearchAction\",\"target\":{\"@type\":\"EntryPoint\",\"urlTemplate\":\"https:\\\/\\\/maximaloc.com\\\/?s={search_term_string}\"},\"query-input\":{\"@type\":\"PropertyValueSpecification\",\"valueRequired\":true,\"valueName\":\"search_term_string\"}}],\"inLanguage\":\"en-US\"},{\"@type\":\"Organization\",\"@id\":\"https:\\\/\\\/maximaloc.com\\\/#organization\",\"name\":\"Maximaloc\",\"url\":\"https:\\\/\\\/maximaloc.com\\\/\",\"logo\":{\"@type\":\"ImageObject\",\"inLanguage\":\"en-US\",\"@id\":\"https:\\\/\\\/maximaloc.com\\\/#\\\/schema\\\/logo\\\/image\\\/\",\"url\":\"https:\\\/\\\/maximaloc.com\\\/wp-content\\\/uploads\\\/2024\\\/03\\\/logo_noir-scaled.png\",\"contentUrl\":\"https:\\\/\\\/maximaloc.com\\\/wp-content\\\/uploads\\\/2024\\\/03\\\/logo_noir-scaled.png\",\"width\":2560,\"height\":268,\"caption\":\"Maximaloc\"},\"image\":{\"@id\":\"https:\\\/\\\/maximaloc.com\\\/#\\\/schema\\\/logo\\\/image\\\/\"},\"sameAs\":[\"https:\\\/\\\/www.facebook.com\\\/Maximalocation\"]}]}<\/script>\n<!-- \/ Yoast SEO plugin. -->","yoast_head_json":{"title":"TAMRON 17-28 F2.8 Di III E - Maximaloc","robots":{"index":"index","follow":"follow","max-snippet":"max-snippet:-1","max-image-preview":"max-image-preview:large","max-video-preview":"max-video-preview:-1"},"canonical":"https:\/\/maximaloc.com\/en\/product\/tamron-17-28-f2-8-di-iii-e\/","og_locale":"en_US","og_type":"article","og_title":"TAMRON 17-28 F2.8 Di III E - Maximaloc","og_description":"Zoom grand angle Monture : Sony E Couverture : Full Frame Diam\u00e8tre de filtre : 67 mm","og_url":"https:\/\/maximaloc.com\/en\/product\/tamron-17-28-f2-8-di-iii-e\/","og_site_name":"Maximaloc","article_publisher":"https:\/\/www.facebook.com\/Maximalocation","article_modified_time":"2026-04-13T18:08:49+00:00","og_image":[{"width":580,"height":420,"url":"https:\/\/maximaloc.com\/wp-content\/uploads\/2024\/03\/b49820_b1d0004aaabf4c7f86fc39727c09666bmv2.webp","type":"image\/webp"}],"twitter_card":"summary_large_image","twitter_misc":{"Est. reading time":"2 minutes"},"schema":{"@context":"https:\/\/schema.org","@graph":[{"@type":"WebPage","@id":"https:\/\/maximaloc.com\/produit\/tamron-17-28-f2-8-di-iii-e\/","url":"https:\/\/maximaloc.com\/produit\/tamron-17-28-f2-8-di-iii-e\/","name":"TAMRON 17-28 F2.8 Di III E - Maximaloc","isPartOf":{"@id":"https:\/\/maximaloc.com\/#website"},"primaryImageOfPage":{"@id":"https:\/\/maximaloc.com\/produit\/tamron-17-28-f2-8-di-iii-e\/#primaryimage"},"image":{"@id":"https:\/\/maximaloc.com\/produit\/tamron-17-28-f2-8-di-iii-e\/#primaryimage"},"thumbnailUrl":"https:\/\/maximaloc.com\/wp-content\/uploads\/2024\/03\/b49820_b1d0004aaabf4c7f86fc39727c09666bmv2.webp","datePublished":"2024-03-21T12:41:56+00:00","dateModified":"2026-04-13T18:08:49+00:00","breadcrumb":{"@id":"https:\/\/maximaloc.com\/produit\/tamron-17-28-f2-8-di-iii-e\/#breadcrumb"},"inLanguage":"en-US","potentialAction":[{"@type":"ReadAction","target":["https:\/\/maximaloc.com\/produit\/tamron-17-28-f2-8-di-iii-e\/"]}]},{"@type":"ImageObject","inLanguage":"en-US","@id":"https:\/\/maximaloc.com\/produit\/tamron-17-28-f2-8-di-iii-e\/#primaryimage","url":"https:\/\/maximaloc.com\/wp-content\/uploads\/2024\/03\/b49820_b1d0004aaabf4c7f86fc39727c09666bmv2.webp","contentUrl":"https:\/\/maximaloc.com\/wp-content\/uploads\/2024\/03\/b49820_b1d0004aaabf4c7f86fc39727c09666bmv2.webp","width":580,"height":420,"caption":"Zoom Tamron 17-28mm F2.8 Di III E \u00e0 la location"},{"@type":"BreadcrumbList","@id":"https:\/\/maximaloc.com\/produit\/tamron-17-28-f2-8-di-iii-e\/#breadcrumb","itemListElement":[{"@type":"ListItem","position":1,"name":"Accueil","item":"https:\/\/maximaloc.com\/"},{"@type":"ListItem","position":2,"name":"BOUTIQUE","item":"https:\/\/maximaloc.com\/boutique\/"},{"@type":"ListItem","position":3,"name":"TAMRON 17-28 F2.8 Di III E"}]},{"@type":"WebSite","@id":"https:\/\/maximaloc.com\/#website","url":"https:\/\/maximaloc.com\/","name":"Maximaloc","description":"","publisher":{"@id":"https:\/\/maximaloc.com\/#organization"},"potentialAction":[{"@type":"SearchAction","target":{"@type":"EntryPoint","urlTemplate":"https:\/\/maximaloc.com\/?s={search_term_string}"},"query-input":{"@type":"PropertyValueSpecification","valueRequired":true,"valueName":"search_term_string"}}],"inLanguage":"en-US"},{"@type":"Organization","@id":"https:\/\/maximaloc.com\/#organization","name":"Maximaloc","url":"https:\/\/maximaloc.com\/","logo":{"@type":"ImageObject","inLanguage":"en-US","@id":"https:\/\/maximaloc.com\/#\/schema\/logo\/image\/","url":"https:\/\/maximaloc.com\/wp-content\/uploads\/2024\/03\/logo_noir-scaled.png","contentUrl":"https:\/\/maximaloc.com\/wp-content\/uploads\/2024\/03\/logo_noir-scaled.png","width":2560,"height":268,"caption":"Maximaloc"},"image":{"@id":"https:\/\/maximaloc.com\/#\/schema\/logo\/image\/"},"sameAs":["https:\/\/www.facebook.com\/Maximalocation"]}]}},"_links":{"self":[{"href":"https:\/\/maximaloc.com\/en\/wp-json\/wp\/v2\/product\/4057","targetHints":{"allow":["GET"]}}],"collection":[{"href":"https:\/\/maximaloc.com\/en\/wp-json\/wp\/v2\/product"}],"about":[{"href":"https:\/\/maximaloc.com\/en\/wp-json\/wp\/v2\/types\/product"}],"wp:featuredmedia":[{"embeddable":true,"href":"https:\/\/maximaloc.com\/en\/wp-json\/wp\/v2\/media\/9189"}],"wp:attachment":[{"href":"https:\/\/maximaloc.com\/en\/wp-json\/wp\/v2\/media?parent=4057"}],"wp:term":[{"taxonomy":"product_cat","embeddable":true,"href":"https:\/\/maximaloc.com\/en\/wp-json\/wp\/v2\/product_cat?post=4057"},{"taxonomy":"product_tag","embeddable":true,"href":"https:\/\/maximaloc.com\/en\/wp-json\/wp\/v2\/product_tag?post=4057"}],"curies":[{"name":"wp","href":"https:\/\/api.w.org\/{rel}","templated":true}]}}