 {"id":4063,"date":"2024-03-21T13:41:58","date_gmt":"2024-03-21T12:41:58","guid":{"rendered":"https:\/\/maximaloc.com\/produit\/kit-sony-a7iv\/"},"modified":"2026-04-29T15:23:05","modified_gmt":"2026-04-29T13:23:05","slug":"sony-a7iv","status":"publish","type":"product","link":"https:\/\/maximaloc.com\/en\/product\/sony-a7iv\/","title":{"rendered":"SONY A7IV"},"content":{"rendered":"<p><strong>Location Sony A7 IV \u2013 Hybride Full Frame photo &amp; vid\u00e9o | Maximaloc<br \/><\/strong>Le Sony A7 IV corrige les limites du Sony A7 III avec un capteur 33 MP, l\u2019enregistrement continu en 4K 10 bits 4:2:2 sans limitation de dur\u00e9e,\u00a0<br \/>le slow motion jusqu\u2019en 4K, et un autofocus am\u00e9lior\u00e9 avec tracking des yeux et des sujets, proche des Sony FX3 et A7S III.<strong><br \/><\/strong><\/p>\n<p>Photo et vid\u00e9o<br \/>Photo<br \/>Capteur plein format 33 MP<br \/>RAW 14 bits et JPEG<br \/>Rafale jusqu\u2019\u00e0 10 i\/s<br \/>Bonne latitude en post-production<br \/>Anti-flicker pour \u00e9crans et lumi\u00e8res artificielles<br \/>Vid\u00e9o<br \/>4K jusqu\u2019\u00e0 60p (avec crop en 60p)<br \/>4:2:2 10 bits<br \/>Profils S-Log3 \/ S-Cinetone<br \/>Slow motion jusqu\u2019\u00e0 120p en Full HD<br \/>Anti-flicker int\u00e9gr\u00e9<\/p>\n<p>Autofocus<br \/>Suivi des yeux humains et animaux<br \/>Tracking en temps r\u00e9el<br \/>AF-C performant en photo et vid\u00e9o<\/p>\n<p>Formats et codecs<br \/>XAVC S \/ HS \/ S-I (All-Intra)<br \/>Jusqu\u2019\u00e0 600 Mbps<br \/>Double slot SD (backup ou relais)<br \/>RAW 14 bits en photo<\/p>\n<p>Ergonomie et usages<br \/>Compact et l\u00e9ger, adapt\u00e9 \u00e0 :<\/p>\n<p>Production vid\u00e9o corporate<br \/>Event \/ interview \/ contenu digital<br \/>Photo professionnelle<br \/>Cr\u00e9ation hybride photo + vid\u00e9o<\/p>\n<p><u><\/u><\/p>\n<p><strong>Limites \u00e0 conna\u00eetre<\/strong><br \/>Malgr\u00e9 ses performances, le A7 IV montre quelques limites en usage intensif :<\/p>\n<ul>\n<li>Moins performant en basse lumi\u00e8re que FX3 \/ FX6<\/li>\n<li>Crop en 4K 60p<\/li>\n<li>Rolling shutter plus visible<\/li>\n<li>Chauffe possible en longue dur\u00e9e<\/li>\n<li>Ralenti moins avanc\u00e9 que les mod\u00e8les sup\u00e9rieurs\n<\/li>\n<\/ul>\n<p>\u00a0<\/p>\n<p><strong>Points forts<\/strong><\/p>\n<ul>\n<li>Capteur 33 MP<\/li>\n<li>Stabilisation 5 axes<\/li>\n<li>Autofocus tr\u00e8s avanc\u00e9<\/li>\n<li>Excellente qualit\u00e9 photo<\/li>\n<li>4K 10 bits 4:2:2<\/li>\n<li>\u00c9cran orientable tactile<\/li>\n<li>Streaming USB-C en Full HD<\/li>\n<\/ul>\n<p>Pourquoi louer chez Maximaloc ?<br \/>Le Sony A7 IV est disponible \u00e0 la location 24h\/24 et 7j\/7 chez Maximaloc, avec un large choix d\u2019optiques Sony E (photo, vid\u00e9o et cin\u00e9ma).<br \/>C\u2019est un bo\u00eetier id\u00e9al pour les productions hybrides recherchant fiabilit\u00e9, qualit\u00e9 d\u2019image et flexibilit\u00e9 dans un format compact.<\/p>","protected":false},"excerpt":{"rendered":"<p>Capteur :\u00a033 MP (Full Frame)<\/p>\n<p>Monture : Sony E<\/p>\n<p>Photo:\u00a0 Jpeg\/Raw 14 bit<\/p>\n<p>Vid\u00e9o: 4K 422 10 bits 60p\u00a0<\/p>\n<p>Slow motion: FHD 420 8 bits 120p<\/p>","protected":false},"featured_media":5868,"template":"","meta":[],"product_cat":[191],"product_tag":[161,197,194,199,160,162,164,198,167,195,196,201],"class_list":{"0":"post-4063","1":"product","2":"type-product","3":"status-publish","4":"has-post-thumbnail","6":"product_cat-sony-marque","7":"product_tag-422-10-bits","8":"product_tag-full-frame-24x36","9":"product_tag-420-10-bits","10":"product_tag-hybride-dslr","11":"product_tag-420-8-bits","12":"product_tag-4k","13":"product_tag-4k-60p","14":"product_tag-full-hd","15":"product_tag-fhd-120p","16":"product_tag-avec-autofocus","17":"product_tag-capteur-stabilise","18":"product_tag-sony-e","20":"first","21":"instock","22":"taxable","23":"shipping-taxable","24":"purchasable","25":"product-type-rentable"},"yoast_head":"<!-- This site is optimized with the Yoast SEO plugin v27.5 - https:\/\/yoast.com\/product\/yoast-seo-wordpress\/ -->\n<title>SONY A7IV - Maximaloc<\/title>\n<meta name=\"robots\" content=\"noindex, nofollow\" \/>\n<meta property=\"og:locale\" content=\"en_US\" \/>\n<meta property=\"og:type\" content=\"article\" \/>\n<meta property=\"og:title\" content=\"SONY A7IV - Maximaloc\" \/>\n<meta property=\"og:description\" content=\"Capteur :\u00a033 MP (Full Frame) Monture : Sony E Photo:\u00a0 Jpeg\/Raw 14 bit Vid\u00e9o: 4K 422 10 bits 60p\u00a0 Slow motion: FHD 420 8 bits 120p\" \/>\n<meta property=\"og:url\" content=\"https:\/\/maximaloc.com\/en\/product\/sony-a7iv\/\" \/>\n<meta property=\"og:site_name\" content=\"Maximaloc\" \/>\n<meta property=\"article:publisher\" content=\"https:\/\/www.facebook.com\/Maximalocation\" \/>\n<meta property=\"article:modified_time\" content=\"2026-04-29T13:23:05+00:00\" \/>\n<meta property=\"og:image\" content=\"https:\/\/maximaloc.com\/wp-content\/uploads\/2024\/03\/70fec7_13824b56a402438c8c6d902eecb5ad1dmv2.webp\" \/>\n\t<meta property=\"og:image:width\" content=\"580\" \/>\n\t<meta property=\"og:image:height\" content=\"420\" \/>\n\t<meta property=\"og:image:type\" content=\"image\/webp\" \/>\n<meta name=\"twitter:card\" content=\"summary_large_image\" \/>\n<meta name=\"twitter:label1\" content=\"Est. reading time\" \/>\n\t<meta name=\"twitter:data1\" content=\"2 minutes\" \/>\n<script type=\"application\/ld+json\" class=\"yoast-schema-graph\">{\"@context\":\"https:\\\/\\\/schema.org\",\"@graph\":[{\"@type\":\"WebPage\",\"@id\":\"https:\\\/\\\/maximaloc.com\\\/produit\\\/sony-a7iv\\\/\",\"url\":\"https:\\\/\\\/maximaloc.com\\\/produit\\\/sony-a7iv\\\/\",\"name\":\"SONY A7IV - Maximaloc\",\"isPartOf\":{\"@id\":\"https:\\\/\\\/maximaloc.com\\\/#website\"},\"primaryImageOfPage\":{\"@id\":\"https:\\\/\\\/maximaloc.com\\\/produit\\\/sony-a7iv\\\/#primaryimage\"},\"image\":{\"@id\":\"https:\\\/\\\/maximaloc.com\\\/produit\\\/sony-a7iv\\\/#primaryimage\"},\"thumbnailUrl\":\"https:\\\/\\\/maximaloc.com\\\/wp-content\\\/uploads\\\/2024\\\/03\\\/70fec7_13824b56a402438c8c6d902eecb5ad1dmv2.webp\",\"datePublished\":\"2024-03-21T12:41:58+00:00\",\"dateModified\":\"2026-04-29T13:23:05+00:00\",\"breadcrumb\":{\"@id\":\"https:\\\/\\\/maximaloc.com\\\/produit\\\/sony-a7iv\\\/#breadcrumb\"},\"inLanguage\":\"en-US\",\"potentialAction\":[{\"@type\":\"ReadAction\",\"target\":[\"https:\\\/\\\/maximaloc.com\\\/produit\\\/sony-a7iv\\\/\"]}]},{\"@type\":\"ImageObject\",\"inLanguage\":\"en-US\",\"@id\":\"https:\\\/\\\/maximaloc.com\\\/produit\\\/sony-a7iv\\\/#primaryimage\",\"url\":\"https:\\\/\\\/maximaloc.com\\\/wp-content\\\/uploads\\\/2024\\\/03\\\/70fec7_13824b56a402438c8c6d902eecb5ad1dmv2.webp\",\"contentUrl\":\"https:\\\/\\\/maximaloc.com\\\/wp-content\\\/uploads\\\/2024\\\/03\\\/70fec7_13824b56a402438c8c6d902eecb5ad1dmv2.webp\",\"width\":580,\"height\":420,\"caption\":\"Appareil Hybride Photo Sony A7IV nu vue de face en location\"},{\"@type\":\"BreadcrumbList\",\"@id\":\"https:\\\/\\\/maximaloc.com\\\/produit\\\/sony-a7iv\\\/#breadcrumb\",\"itemListElement\":[{\"@type\":\"ListItem\",\"position\":1,\"name\":\"Accueil\",\"item\":\"https:\\\/\\\/maximaloc.com\\\/\"},{\"@type\":\"ListItem\",\"position\":2,\"name\":\"BOUTIQUE\",\"item\":\"https:\\\/\\\/maximaloc.com\\\/boutique\\\/\"},{\"@type\":\"ListItem\",\"position\":3,\"name\":\"SONY A7IV\"}]},{\"@type\":\"WebSite\",\"@id\":\"https:\\\/\\\/maximaloc.com\\\/#website\",\"url\":\"https:\\\/\\\/maximaloc.com\\\/\",\"name\":\"Maximaloc\",\"description\":\"\",\"publisher\":{\"@id\":\"https:\\\/\\\/maximaloc.com\\\/#organization\"},\"potentialAction\":[{\"@type\":\"SearchAction\",\"target\":{\"@type\":\"EntryPoint\",\"urlTemplate\":\"https:\\\/\\\/maximaloc.com\\\/?s={search_term_string}\"},\"query-input\":{\"@type\":\"PropertyValueSpecification\",\"valueRequired\":true,\"valueName\":\"search_term_string\"}}],\"inLanguage\":\"en-US\"},{\"@type\":\"Organization\",\"@id\":\"https:\\\/\\\/maximaloc.com\\\/#organization\",\"name\":\"Maximaloc\",\"url\":\"https:\\\/\\\/maximaloc.com\\\/\",\"logo\":{\"@type\":\"ImageObject\",\"inLanguage\":\"en-US\",\"@id\":\"https:\\\/\\\/maximaloc.com\\\/#\\\/schema\\\/logo\\\/image\\\/\",\"url\":\"https:\\\/\\\/maximaloc.com\\\/wp-content\\\/uploads\\\/2024\\\/03\\\/logo_noir-scaled.png\",\"contentUrl\":\"https:\\\/\\\/maximaloc.com\\\/wp-content\\\/uploads\\\/2024\\\/03\\\/logo_noir-scaled.png\",\"width\":2560,\"height\":268,\"caption\":\"Maximaloc\"},\"image\":{\"@id\":\"https:\\\/\\\/maximaloc.com\\\/#\\\/schema\\\/logo\\\/image\\\/\"},\"sameAs\":[\"https:\\\/\\\/www.facebook.com\\\/Maximalocation\"]}]}<\/script>\n<!-- \/ Yoast SEO plugin. -->","yoast_head_json":{"title":"SONY A7IV - Maximaloc","robots":{"index":"noindex","follow":"nofollow"},"og_locale":"en_US","og_type":"article","og_title":"SONY A7IV - Maximaloc","og_description":"Capteur :\u00a033 MP (Full Frame) Monture : Sony E Photo:\u00a0 Jpeg\/Raw 14 bit Vid\u00e9o: 4K 422 10 bits 60p\u00a0 Slow motion: FHD 420 8 bits 120p","og_url":"https:\/\/maximaloc.com\/en\/product\/sony-a7iv\/","og_site_name":"Maximaloc","article_publisher":"https:\/\/www.facebook.com\/Maximalocation","article_modified_time":"2026-04-29T13:23:05+00:00","og_image":[{"width":580,"height":420,"url":"https:\/\/maximaloc.com\/wp-content\/uploads\/2024\/03\/70fec7_13824b56a402438c8c6d902eecb5ad1dmv2.webp","type":"image\/webp"}],"twitter_card":"summary_large_image","twitter_misc":{"Est. reading time":"2 minutes"},"schema":{"@context":"https:\/\/schema.org","@graph":[{"@type":"WebPage","@id":"https:\/\/maximaloc.com\/produit\/sony-a7iv\/","url":"https:\/\/maximaloc.com\/produit\/sony-a7iv\/","name":"SONY A7IV - Maximaloc","isPartOf":{"@id":"https:\/\/maximaloc.com\/#website"},"primaryImageOfPage":{"@id":"https:\/\/maximaloc.com\/produit\/sony-a7iv\/#primaryimage"},"image":{"@id":"https:\/\/maximaloc.com\/produit\/sony-a7iv\/#primaryimage"},"thumbnailUrl":"https:\/\/maximaloc.com\/wp-content\/uploads\/2024\/03\/70fec7_13824b56a402438c8c6d902eecb5ad1dmv2.webp","datePublished":"2024-03-21T12:41:58+00:00","dateModified":"2026-04-29T13:23:05+00:00","breadcrumb":{"@id":"https:\/\/maximaloc.com\/produit\/sony-a7iv\/#breadcrumb"},"inLanguage":"en-US","potentialAction":[{"@type":"ReadAction","target":["https:\/\/maximaloc.com\/produit\/sony-a7iv\/"]}]},{"@type":"ImageObject","inLanguage":"en-US","@id":"https:\/\/maximaloc.com\/produit\/sony-a7iv\/#primaryimage","url":"https:\/\/maximaloc.com\/wp-content\/uploads\/2024\/03\/70fec7_13824b56a402438c8c6d902eecb5ad1dmv2.webp","contentUrl":"https:\/\/maximaloc.com\/wp-content\/uploads\/2024\/03\/70fec7_13824b56a402438c8c6d902eecb5ad1dmv2.webp","width":580,"height":420,"caption":"Appareil Hybride Photo Sony A7IV nu vue de face en location"},{"@type":"BreadcrumbList","@id":"https:\/\/maximaloc.com\/produit\/sony-a7iv\/#breadcrumb","itemListElement":[{"@type":"ListItem","position":1,"name":"Accueil","item":"https:\/\/maximaloc.com\/"},{"@type":"ListItem","position":2,"name":"BOUTIQUE","item":"https:\/\/maximaloc.com\/boutique\/"},{"@type":"ListItem","position":3,"name":"SONY A7IV"}]},{"@type":"WebSite","@id":"https:\/\/maximaloc.com\/#website","url":"https:\/\/maximaloc.com\/","name":"Maximaloc","description":"","publisher":{"@id":"https:\/\/maximaloc.com\/#organization"},"potentialAction":[{"@type":"SearchAction","target":{"@type":"EntryPoint","urlTemplate":"https:\/\/maximaloc.com\/?s={search_term_string}"},"query-input":{"@type":"PropertyValueSpecification","valueRequired":true,"valueName":"search_term_string"}}],"inLanguage":"en-US"},{"@type":"Organization","@id":"https:\/\/maximaloc.com\/#organization","name":"Maximaloc","url":"https:\/\/maximaloc.com\/","logo":{"@type":"ImageObject","inLanguage":"en-US","@id":"https:\/\/maximaloc.com\/#\/schema\/logo\/image\/","url":"https:\/\/maximaloc.com\/wp-content\/uploads\/2024\/03\/logo_noir-scaled.png","contentUrl":"https:\/\/maximaloc.com\/wp-content\/uploads\/2024\/03\/logo_noir-scaled.png","width":2560,"height":268,"caption":"Maximaloc"},"image":{"@id":"https:\/\/maximaloc.com\/#\/schema\/logo\/image\/"},"sameAs":["https:\/\/www.facebook.com\/Maximalocation"]}]}},"_links":{"self":[{"href":"https:\/\/maximaloc.com\/en\/wp-json\/wp\/v2\/product\/4063","targetHints":{"allow":["GET"]}}],"collection":[{"href":"https:\/\/maximaloc.com\/en\/wp-json\/wp\/v2\/product"}],"about":[{"href":"https:\/\/maximaloc.com\/en\/wp-json\/wp\/v2\/types\/product"}],"wp:featuredmedia":[{"embeddable":true,"href":"https:\/\/maximaloc.com\/en\/wp-json\/wp\/v2\/media\/5868"}],"wp:attachment":[{"href":"https:\/\/maximaloc.com\/en\/wp-json\/wp\/v2\/media?parent=4063"}],"wp:term":[{"taxonomy":"product_cat","embeddable":true,"href":"https:\/\/maximaloc.com\/en\/wp-json\/wp\/v2\/product_cat?post=4063"},{"taxonomy":"product_tag","embeddable":true,"href":"https:\/\/maximaloc.com\/en\/wp-json\/wp\/v2\/product_tag?post=4063"}],"curies":[{"name":"wp","href":"https:\/\/api.w.org\/{rel}","templated":true}]}}