 {"id":4066,"date":"2024-03-21T13:41:58","date_gmt":"2024-03-21T12:41:58","guid":{"rendered":"https:\/\/maximaloc.com\/produit\/serie-4x-samyang-cine-vdslr-mk-ii-ef\/"},"modified":"2026-04-13T20:08:58","modified_gmt":"2026-04-13T18:08:58","slug":"serie-4x-samyang-cine-mk-ii-ef","status":"publish","type":"product","link":"https:\/\/maximaloc.com\/en\/product\/serie-4x-samyang-cine-mk-ii-ef\/","title":{"rendered":"S\u00c9RIE 4x SAMYANG CINE MK II EF"},"content":{"rendered":"<p>Cette s\u00e9rie Samyang VDSLR MkII inclut les focales les plus couramment utilis\u00e9es : 24, 35, 50, 85mm et inclut en tr\u00e8s grand angle un 14mm. Compacts et l\u00e9gers, ces objectifs cin\u00e9ma sont plaisants \u00e0 utiliser et offrent une exp\u00e9rience de tournage rapide et efficace. Le traitement multicouches des lentilles r\u00e9duit les flares et les aberrations chromatiques tandis que l\u2019ouverture \u00e0 T1,5 et la construction optique d\u00e9livrent une belle qualit\u00e9 d&#8217;image.<\/p>\n<p>\u00a0<\/p>\n<p>Les bagues de diaphragme et de mise au point sont crant\u00e9es pour une utilisation avec moteur follow focus, les rep\u00e8res grav\u00e9s sur le corps de l&#8217;objectif permettent quant \u00e0 eux un r\u00e9glage facile et pr\u00e9cis de l&#8217;ouverture, de la distance de mise au point et de la profondeur de champ.<\/p>\n<p>\u00a0<\/p>\n<p><strong>Points Forts :<\/strong><\/p>\n<p>\u00a0<\/p>\n<ul>\n<li>Compacit\u00e9 et l\u00e9g\u00e8ret\u00e9<\/li>\n<li>Grande ouverture de T1.5<\/li>\n<li>Traitement multicouche qui minimise les aberrations chromatiques et les flares<\/li>\n<\/ul>","protected":false},"excerpt":{"rendered":"<p>S\u00e9rie Cin\u00e9 Samyang VDSLR MK II<\/p>\n<p>Monture : Canon EF<\/p>\n<p>Format : Full Frame<\/p>\n<p>Diam\u00e8tre de filtre : de 72 \u00e0 77cm<\/p>","protected":false},"featured_media":9300,"template":"","meta":[],"product_cat":[228],"product_tag":[197,277,240,241,293,272],"class_list":{"0":"post-4066","1":"product","2":"type-product","3":"status-publish","4":"has-post-thumbnail","6":"product_cat-canon-ef","7":"product_tag-full-frame-24x36","8":"product_tag-fixe","9":"product_tag-mise-au-point-manuelle","10":"product_tag-non-stabilise","11":"product_tag-samyang","12":"product_tag-serie","14":"first","15":"instock","16":"taxable","17":"shipping-taxable","18":"purchasable","19":"product-type-rentable"},"yoast_head":"<!-- This site is optimized with the Yoast SEO plugin v27.4 - https:\/\/yoast.com\/product\/yoast-seo-wordpress\/ -->\n<title>S\u00c9RIE 4x SAMYANG CINE MK II EF - Maximaloc<\/title>\n<meta name=\"robots\" content=\"index, follow, max-snippet:-1, max-image-preview:large, max-video-preview:-1\" \/>\n<link rel=\"canonical\" href=\"https:\/\/maximaloc.com\/en\/product\/serie-4x-samyang-cine-mk-ii-ef\/\" \/>\n<meta property=\"og:locale\" content=\"en_US\" \/>\n<meta property=\"og:type\" content=\"article\" \/>\n<meta property=\"og:title\" content=\"S\u00c9RIE 4x SAMYANG CINE MK II EF - Maximaloc\" \/>\n<meta property=\"og:description\" content=\"S\u00e9rie Cin\u00e9 Samyang VDSLR MK II Monture : Canon EF Format : Full Frame Diam\u00e8tre de filtre : de 72 \u00e0 77cm\" \/>\n<meta property=\"og:url\" content=\"https:\/\/maximaloc.com\/en\/product\/serie-4x-samyang-cine-mk-ii-ef\/\" \/>\n<meta property=\"og:site_name\" content=\"Maximaloc\" \/>\n<meta property=\"article:publisher\" content=\"https:\/\/www.facebook.com\/Maximalocation\" \/>\n<meta property=\"article:modified_time\" content=\"2026-04-13T18:08:58+00:00\" \/>\n<meta property=\"og:image\" content=\"https:\/\/maximaloc.com\/wp-content\/uploads\/2024\/03\/serie-samyang-1.webp\" \/>\n\t<meta property=\"og:image:width\" content=\"580\" \/>\n\t<meta property=\"og:image:height\" content=\"420\" \/>\n\t<meta property=\"og:image:type\" content=\"image\/webp\" \/>\n<meta name=\"twitter:card\" content=\"summary_large_image\" \/>\n<meta name=\"twitter:label1\" content=\"Est. reading time\" \/>\n\t<meta name=\"twitter:data1\" content=\"1 minute\" \/>\n<script type=\"application\/ld+json\" class=\"yoast-schema-graph\">{\"@context\":\"https:\\\/\\\/schema.org\",\"@graph\":[{\"@type\":\"WebPage\",\"@id\":\"https:\\\/\\\/maximaloc.com\\\/produit\\\/serie-4x-samyang-cine-mk-ii-ef\\\/\",\"url\":\"https:\\\/\\\/maximaloc.com\\\/produit\\\/serie-4x-samyang-cine-mk-ii-ef\\\/\",\"name\":\"S\u00c9RIE 4x SAMYANG CINE MK II EF - Maximaloc\",\"isPartOf\":{\"@id\":\"https:\\\/\\\/maximaloc.com\\\/#website\"},\"primaryImageOfPage\":{\"@id\":\"https:\\\/\\\/maximaloc.com\\\/produit\\\/serie-4x-samyang-cine-mk-ii-ef\\\/#primaryimage\"},\"image\":{\"@id\":\"https:\\\/\\\/maximaloc.com\\\/produit\\\/serie-4x-samyang-cine-mk-ii-ef\\\/#primaryimage\"},\"thumbnailUrl\":\"https:\\\/\\\/maximaloc.com\\\/wp-content\\\/uploads\\\/2024\\\/03\\\/serie-samyang-1.webp\",\"datePublished\":\"2024-03-21T12:41:58+00:00\",\"dateModified\":\"2026-04-13T18:08:58+00:00\",\"breadcrumb\":{\"@id\":\"https:\\\/\\\/maximaloc.com\\\/produit\\\/serie-4x-samyang-cine-mk-ii-ef\\\/#breadcrumb\"},\"inLanguage\":\"en-US\",\"potentialAction\":[{\"@type\":\"ReadAction\",\"target\":[\"https:\\\/\\\/maximaloc.com\\\/produit\\\/serie-4x-samyang-cine-mk-ii-ef\\\/\"]}]},{\"@type\":\"ImageObject\",\"inLanguage\":\"en-US\",\"@id\":\"https:\\\/\\\/maximaloc.com\\\/produit\\\/serie-4x-samyang-cine-mk-ii-ef\\\/#primaryimage\",\"url\":\"https:\\\/\\\/maximaloc.com\\\/wp-content\\\/uploads\\\/2024\\\/03\\\/serie-samyang-1.webp\",\"contentUrl\":\"https:\\\/\\\/maximaloc.com\\\/wp-content\\\/uploads\\\/2024\\\/03\\\/serie-samyang-1.webp\",\"width\":580,\"height\":420,\"caption\":\"S\u00e9rie de 4 objectifs Samyang VDSLR MkII T1.5 \u00e0 la location\"},{\"@type\":\"BreadcrumbList\",\"@id\":\"https:\\\/\\\/maximaloc.com\\\/produit\\\/serie-4x-samyang-cine-mk-ii-ef\\\/#breadcrumb\",\"itemListElement\":[{\"@type\":\"ListItem\",\"position\":1,\"name\":\"Accueil\",\"item\":\"https:\\\/\\\/maximaloc.com\\\/\"},{\"@type\":\"ListItem\",\"position\":2,\"name\":\"BOUTIQUE\",\"item\":\"https:\\\/\\\/maximaloc.com\\\/boutique\\\/\"},{\"@type\":\"ListItem\",\"position\":3,\"name\":\"S\u00c9RIE 4x SAMYANG CINE MK II EF\"}]},{\"@type\":\"WebSite\",\"@id\":\"https:\\\/\\\/maximaloc.com\\\/#website\",\"url\":\"https:\\\/\\\/maximaloc.com\\\/\",\"name\":\"Maximaloc\",\"description\":\"\",\"publisher\":{\"@id\":\"https:\\\/\\\/maximaloc.com\\\/#organization\"},\"potentialAction\":[{\"@type\":\"SearchAction\",\"target\":{\"@type\":\"EntryPoint\",\"urlTemplate\":\"https:\\\/\\\/maximaloc.com\\\/?s={search_term_string}\"},\"query-input\":{\"@type\":\"PropertyValueSpecification\",\"valueRequired\":true,\"valueName\":\"search_term_string\"}}],\"inLanguage\":\"en-US\"},{\"@type\":\"Organization\",\"@id\":\"https:\\\/\\\/maximaloc.com\\\/#organization\",\"name\":\"Maximaloc\",\"url\":\"https:\\\/\\\/maximaloc.com\\\/\",\"logo\":{\"@type\":\"ImageObject\",\"inLanguage\":\"en-US\",\"@id\":\"https:\\\/\\\/maximaloc.com\\\/#\\\/schema\\\/logo\\\/image\\\/\",\"url\":\"https:\\\/\\\/maximaloc.com\\\/wp-content\\\/uploads\\\/2024\\\/03\\\/logo_noir-scaled.png\",\"contentUrl\":\"https:\\\/\\\/maximaloc.com\\\/wp-content\\\/uploads\\\/2024\\\/03\\\/logo_noir-scaled.png\",\"width\":2560,\"height\":268,\"caption\":\"Maximaloc\"},\"image\":{\"@id\":\"https:\\\/\\\/maximaloc.com\\\/#\\\/schema\\\/logo\\\/image\\\/\"},\"sameAs\":[\"https:\\\/\\\/www.facebook.com\\\/Maximalocation\"]}]}<\/script>\n<!-- \/ Yoast SEO plugin. -->","yoast_head_json":{"title":"S\u00c9RIE 4x SAMYANG CINE MK II EF - Maximaloc","robots":{"index":"index","follow":"follow","max-snippet":"max-snippet:-1","max-image-preview":"max-image-preview:large","max-video-preview":"max-video-preview:-1"},"canonical":"https:\/\/maximaloc.com\/en\/product\/serie-4x-samyang-cine-mk-ii-ef\/","og_locale":"en_US","og_type":"article","og_title":"S\u00c9RIE 4x SAMYANG CINE MK II EF - Maximaloc","og_description":"S\u00e9rie Cin\u00e9 Samyang VDSLR MK II Monture : Canon EF Format : Full Frame Diam\u00e8tre de filtre : de 72 \u00e0 77cm","og_url":"https:\/\/maximaloc.com\/en\/product\/serie-4x-samyang-cine-mk-ii-ef\/","og_site_name":"Maximaloc","article_publisher":"https:\/\/www.facebook.com\/Maximalocation","article_modified_time":"2026-04-13T18:08:58+00:00","og_image":[{"width":580,"height":420,"url":"https:\/\/maximaloc.com\/wp-content\/uploads\/2024\/03\/serie-samyang-1.webp","type":"image\/webp"}],"twitter_card":"summary_large_image","twitter_misc":{"Est. reading time":"1 minute"},"schema":{"@context":"https:\/\/schema.org","@graph":[{"@type":"WebPage","@id":"https:\/\/maximaloc.com\/produit\/serie-4x-samyang-cine-mk-ii-ef\/","url":"https:\/\/maximaloc.com\/produit\/serie-4x-samyang-cine-mk-ii-ef\/","name":"S\u00c9RIE 4x SAMYANG CINE MK II EF - Maximaloc","isPartOf":{"@id":"https:\/\/maximaloc.com\/#website"},"primaryImageOfPage":{"@id":"https:\/\/maximaloc.com\/produit\/serie-4x-samyang-cine-mk-ii-ef\/#primaryimage"},"image":{"@id":"https:\/\/maximaloc.com\/produit\/serie-4x-samyang-cine-mk-ii-ef\/#primaryimage"},"thumbnailUrl":"https:\/\/maximaloc.com\/wp-content\/uploads\/2024\/03\/serie-samyang-1.webp","datePublished":"2024-03-21T12:41:58+00:00","dateModified":"2026-04-13T18:08:58+00:00","breadcrumb":{"@id":"https:\/\/maximaloc.com\/produit\/serie-4x-samyang-cine-mk-ii-ef\/#breadcrumb"},"inLanguage":"en-US","potentialAction":[{"@type":"ReadAction","target":["https:\/\/maximaloc.com\/produit\/serie-4x-samyang-cine-mk-ii-ef\/"]}]},{"@type":"ImageObject","inLanguage":"en-US","@id":"https:\/\/maximaloc.com\/produit\/serie-4x-samyang-cine-mk-ii-ef\/#primaryimage","url":"https:\/\/maximaloc.com\/wp-content\/uploads\/2024\/03\/serie-samyang-1.webp","contentUrl":"https:\/\/maximaloc.com\/wp-content\/uploads\/2024\/03\/serie-samyang-1.webp","width":580,"height":420,"caption":"S\u00e9rie de 4 objectifs Samyang VDSLR MkII T1.5 \u00e0 la location"},{"@type":"BreadcrumbList","@id":"https:\/\/maximaloc.com\/produit\/serie-4x-samyang-cine-mk-ii-ef\/#breadcrumb","itemListElement":[{"@type":"ListItem","position":1,"name":"Accueil","item":"https:\/\/maximaloc.com\/"},{"@type":"ListItem","position":2,"name":"BOUTIQUE","item":"https:\/\/maximaloc.com\/boutique\/"},{"@type":"ListItem","position":3,"name":"S\u00c9RIE 4x SAMYANG CINE MK II EF"}]},{"@type":"WebSite","@id":"https:\/\/maximaloc.com\/#website","url":"https:\/\/maximaloc.com\/","name":"Maximaloc","description":"","publisher":{"@id":"https:\/\/maximaloc.com\/#organization"},"potentialAction":[{"@type":"SearchAction","target":{"@type":"EntryPoint","urlTemplate":"https:\/\/maximaloc.com\/?s={search_term_string}"},"query-input":{"@type":"PropertyValueSpecification","valueRequired":true,"valueName":"search_term_string"}}],"inLanguage":"en-US"},{"@type":"Organization","@id":"https:\/\/maximaloc.com\/#organization","name":"Maximaloc","url":"https:\/\/maximaloc.com\/","logo":{"@type":"ImageObject","inLanguage":"en-US","@id":"https:\/\/maximaloc.com\/#\/schema\/logo\/image\/","url":"https:\/\/maximaloc.com\/wp-content\/uploads\/2024\/03\/logo_noir-scaled.png","contentUrl":"https:\/\/maximaloc.com\/wp-content\/uploads\/2024\/03\/logo_noir-scaled.png","width":2560,"height":268,"caption":"Maximaloc"},"image":{"@id":"https:\/\/maximaloc.com\/#\/schema\/logo\/image\/"},"sameAs":["https:\/\/www.facebook.com\/Maximalocation"]}]}},"_links":{"self":[{"href":"https:\/\/maximaloc.com\/en\/wp-json\/wp\/v2\/product\/4066","targetHints":{"allow":["GET"]}}],"collection":[{"href":"https:\/\/maximaloc.com\/en\/wp-json\/wp\/v2\/product"}],"about":[{"href":"https:\/\/maximaloc.com\/en\/wp-json\/wp\/v2\/types\/product"}],"wp:featuredmedia":[{"embeddable":true,"href":"https:\/\/maximaloc.com\/en\/wp-json\/wp\/v2\/media\/9300"}],"wp:attachment":[{"href":"https:\/\/maximaloc.com\/en\/wp-json\/wp\/v2\/media?parent=4066"}],"wp:term":[{"taxonomy":"product_cat","embeddable":true,"href":"https:\/\/maximaloc.com\/en\/wp-json\/wp\/v2\/product_cat?post=4066"},{"taxonomy":"product_tag","embeddable":true,"href":"https:\/\/maximaloc.com\/en\/wp-json\/wp\/v2\/product_tag?post=4066"}],"curies":[{"name":"wp","href":"https:\/\/api.w.org\/{rel}","templated":true}]}}