 {"id":4071,"date":"2024-03-21T13:42:00","date_gmt":"2024-03-21T12:42:00","guid":{"rendered":"https:\/\/maximaloc.com\/produit\/serie-8x-dzo-vespid-prime-cine-ef\/"},"modified":"2026-04-09T21:24:01","modified_gmt":"2026-04-09T19:24:01","slug":"serie-8x-dzo-vespid-prime-cine-ef","status":"publish","type":"product","link":"https:\/\/maximaloc.com\/en\/product\/serie-8x-dzo-vespid-prime-cine-ef\/","title":{"rendered":"S\u00c9RIE 8x DZO VESPID PRIME CINE EF"},"content":{"rendered":"<p>Les optiques de la s\u00e9rie Vespid de chez DZOFilm sont des objectifs de haute qualit\u00e9 con\u00e7us pour les professionnels de l&#8217;industrie cin\u00e9matographique. La s\u00e9rie inclut des optiques fixes allant du 16mm au 125mm qui ouvrent \u00e0 T2.1 \u00e0 l\u2019exception du 16mm et du 90mm macro qui ont une ouverture de T2.8.\u00a0<\/p>\n<p>Ces optiques sont construites avec des mat\u00e9riaux de haute qualit\u00e9, notamment un bo\u00eetier en aluminium l\u00e9ger et robuste avec un diam\u00e8tre ext\u00e9rieur unique de 80mm. Elles sont \u00e9galement dot\u00e9es d&#8217;une bague de diaphragme manuelle fluide et d&#8217;une bague de mise au point manuelle pour un contr\u00f4le pr\u00e9cis de la mise au point et disposent d\u2019un diaphragme \u00e0 11 lamelles pour des bokeh doux et naturels.<\/p>\n<p>Chaque objectif est dot\u00e9 d&#8217;une construction optique avanc\u00e9e, avec des lentilles asph\u00e9riques et en verre \u00e0 faible dispersion, offrant une qualit\u00e9 d&#8217;image sup\u00e9rieure, une nettet\u00e9 accrue et une distorsion minimale. Les lentilles sont \u00e9galement trait\u00e9es avec un rev\u00eatement multicouche pour minimiser les reflets et les flares.<\/p>\n<p>\u00a0<\/p>\n<p><u><strong>Points forts :\u00a0<\/strong><\/u><\/p>\n<ul>\n<li>Design compact et l\u00e9ger, id\u00e9al pour gimbals et tournages mobiles<\/li>\n<li>Look cin\u00e9matographique avec un joli rendu des flous (bokeh)<\/li>\n<li>Couleurs coh\u00e9rentes entre les focales pour une continuit\u00e9 visuelle<\/li>\n<li>Excellent rapport qualit\u00e9\/prix pour des optiques cin\u00e9ma full frame<\/li>\n<\/ul>","protected":false},"excerpt":{"rendered":"<p>S\u00e9rie cin\u00e9ma DZO Film Vespid Prime\u00a0<\/p>\n<p>Monture :\u00a0 EF<\/p>\n<p>Couverture : Full Frame<\/p>\n<p>Diam\u00e8tre de filtre\u00a0: 77 mm<\/p>","protected":false},"featured_media":8913,"template":"","meta":[],"product_cat":[228],"product_tag":[197,238,240,241,272],"class_list":{"0":"post-4071","1":"product","2":"type-product","3":"status-publish","4":"has-post-thumbnail","6":"product_cat-canon-ef","7":"product_tag-full-frame-24x36","8":"product_tag-dzofilm","9":"product_tag-mise-au-point-manuelle","10":"product_tag-non-stabilise","11":"product_tag-serie","13":"first","14":"instock","15":"taxable","16":"shipping-taxable","17":"purchasable","18":"product-type-rentable"},"yoast_head":"<!-- This site is optimized with the Yoast SEO plugin v24.1 - https:\/\/yoast.com\/wordpress\/plugins\/seo\/ -->\n<title>S\u00c9RIE 8x DZO VESPID PRIME CINE EF - Maximaloc<\/title>\n<meta name=\"robots\" content=\"index, follow, max-snippet:-1, max-image-preview:large, max-video-preview:-1\" \/>\n<link rel=\"canonical\" href=\"https:\/\/maximaloc.com\/en\/product\/serie-8x-dzo-vespid-prime-cine-ef\/\" \/>\n<meta property=\"og:locale\" content=\"en_US\" \/>\n<meta property=\"og:type\" content=\"article\" \/>\n<meta property=\"og:title\" content=\"S\u00c9RIE 8x DZO VESPID PRIME CINE EF - Maximaloc\" \/>\n<meta property=\"og:description\" content=\"S\u00e9rie cin\u00e9ma DZO Film Vespid Prime\u00a0 Monture :\u00a0 EF Couverture : Full Frame Diam\u00e8tre de filtre\u00a0: 77 mm\" \/>\n<meta property=\"og:url\" content=\"https:\/\/maximaloc.com\/en\/product\/serie-8x-dzo-vespid-prime-cine-ef\/\" \/>\n<meta property=\"og:site_name\" content=\"Maximaloc\" \/>\n<meta property=\"article:publisher\" content=\"https:\/\/www.facebook.com\/Maximalocation\" \/>\n<meta property=\"article:modified_time\" content=\"2026-04-09T19:24:01+00:00\" \/>\n<meta property=\"og:image\" content=\"https:\/\/maximaloc.com\/wp-content\/uploads\/2024\/03\/89758f_d24754c42e5f4ff48a0f50193a0b8352mv2.webp\" \/>\n\t<meta property=\"og:image:width\" content=\"580\" \/>\n\t<meta property=\"og:image:height\" content=\"420\" \/>\n\t<meta property=\"og:image:type\" content=\"image\/webp\" \/>\n<meta name=\"twitter:card\" content=\"summary_large_image\" \/>\n<meta name=\"twitter:label1\" content=\"Est. reading time\" \/>\n\t<meta name=\"twitter:data1\" content=\"2 minutes\" \/>\n<script type=\"application\/ld+json\" class=\"yoast-schema-graph\">{\"@context\":\"https:\/\/schema.org\",\"@graph\":[{\"@type\":\"WebPage\",\"@id\":\"https:\/\/maximaloc.com\/produit\/serie-8x-dzo-vespid-prime-cine-ef\/\",\"url\":\"https:\/\/maximaloc.com\/produit\/serie-8x-dzo-vespid-prime-cine-ef\/\",\"name\":\"S\u00c9RIE 8x DZO VESPID PRIME CINE EF - Maximaloc\",\"isPartOf\":{\"@id\":\"https:\/\/maximaloc.com\/#website\"},\"primaryImageOfPage\":{\"@id\":\"https:\/\/maximaloc.com\/produit\/serie-8x-dzo-vespid-prime-cine-ef\/#primaryimage\"},\"image\":{\"@id\":\"https:\/\/maximaloc.com\/produit\/serie-8x-dzo-vespid-prime-cine-ef\/#primaryimage\"},\"thumbnailUrl\":\"https:\/\/maximaloc.com\/wp-content\/uploads\/2024\/03\/89758f_d24754c42e5f4ff48a0f50193a0b8352mv2.webp\",\"datePublished\":\"2024-03-21T12:42:00+00:00\",\"dateModified\":\"2026-04-09T19:24:01+00:00\",\"breadcrumb\":{\"@id\":\"https:\/\/maximaloc.com\/produit\/serie-8x-dzo-vespid-prime-cine-ef\/#breadcrumb\"},\"inLanguage\":\"en-US\",\"potentialAction\":[{\"@type\":\"ReadAction\",\"target\":[\"https:\/\/maximaloc.com\/produit\/serie-8x-dzo-vespid-prime-cine-ef\/\"]}]},{\"@type\":\"ImageObject\",\"inLanguage\":\"en-US\",\"@id\":\"https:\/\/maximaloc.com\/produit\/serie-8x-dzo-vespid-prime-cine-ef\/#primaryimage\",\"url\":\"https:\/\/maximaloc.com\/wp-content\/uploads\/2024\/03\/89758f_d24754c42e5f4ff48a0f50193a0b8352mv2.webp\",\"contentUrl\":\"https:\/\/maximaloc.com\/wp-content\/uploads\/2024\/03\/89758f_d24754c42e5f4ff48a0f50193a0b8352mv2.webp\",\"width\":580,\"height\":420,\"caption\":\"S\u00e9rie de 7 objectifs Cin\u00e9 DZOFilm Vespid Primes Full Frame Monture EF \u00e0 la location\"},{\"@type\":\"BreadcrumbList\",\"@id\":\"https:\/\/maximaloc.com\/produit\/serie-8x-dzo-vespid-prime-cine-ef\/#breadcrumb\",\"itemListElement\":[{\"@type\":\"ListItem\",\"position\":1,\"name\":\"Accueil\",\"item\":\"https:\/\/maximaloc.com\/\"},{\"@type\":\"ListItem\",\"position\":2,\"name\":\"BOUTIQUE\",\"item\":\"https:\/\/maximaloc.com\/boutique\/\"},{\"@type\":\"ListItem\",\"position\":3,\"name\":\"S\u00c9RIE 8x DZO VESPID PRIME CINE EF\"}]},{\"@type\":\"WebSite\",\"@id\":\"https:\/\/maximaloc.com\/#website\",\"url\":\"https:\/\/maximaloc.com\/\",\"name\":\"Maximaloc\",\"description\":\"\",\"publisher\":{\"@id\":\"https:\/\/maximaloc.com\/#organization\"},\"potentialAction\":[{\"@type\":\"SearchAction\",\"target\":{\"@type\":\"EntryPoint\",\"urlTemplate\":\"https:\/\/maximaloc.com\/?s={search_term_string}\"},\"query-input\":{\"@type\":\"PropertyValueSpecification\",\"valueRequired\":true,\"valueName\":\"search_term_string\"}}],\"inLanguage\":\"en-US\"},{\"@type\":\"Organization\",\"@id\":\"https:\/\/maximaloc.com\/#organization\",\"name\":\"Maximaloc\",\"url\":\"https:\/\/maximaloc.com\/\",\"logo\":{\"@type\":\"ImageObject\",\"inLanguage\":\"en-US\",\"@id\":\"https:\/\/maximaloc.com\/#\/schema\/logo\/image\/\",\"url\":\"https:\/\/maximaloc.com\/wp-content\/uploads\/2024\/03\/logo_noir.png\",\"contentUrl\":\"https:\/\/maximaloc.com\/wp-content\/uploads\/2024\/03\/logo_noir.png\",\"width\":11750,\"height\":1231,\"caption\":\"Maximaloc\"},\"image\":{\"@id\":\"https:\/\/maximaloc.com\/#\/schema\/logo\/image\/\"},\"sameAs\":[\"https:\/\/www.facebook.com\/Maximalocation\"]}]}<\/script>\n<!-- \/ Yoast SEO plugin. -->","yoast_head_json":{"title":"S\u00c9RIE 8x DZO VESPID PRIME CINE EF - Maximaloc","robots":{"index":"index","follow":"follow","max-snippet":"max-snippet:-1","max-image-preview":"max-image-preview:large","max-video-preview":"max-video-preview:-1"},"canonical":"https:\/\/maximaloc.com\/en\/product\/serie-8x-dzo-vespid-prime-cine-ef\/","og_locale":"en_US","og_type":"article","og_title":"S\u00c9RIE 8x DZO VESPID PRIME CINE EF - Maximaloc","og_description":"S\u00e9rie cin\u00e9ma DZO Film Vespid Prime\u00a0 Monture :\u00a0 EF Couverture : Full Frame Diam\u00e8tre de filtre\u00a0: 77 mm","og_url":"https:\/\/maximaloc.com\/en\/product\/serie-8x-dzo-vespid-prime-cine-ef\/","og_site_name":"Maximaloc","article_publisher":"https:\/\/www.facebook.com\/Maximalocation","article_modified_time":"2026-04-09T19:24:01+00:00","og_image":[{"width":580,"height":420,"url":"https:\/\/maximaloc.com\/wp-content\/uploads\/2024\/03\/89758f_d24754c42e5f4ff48a0f50193a0b8352mv2.webp","type":"image\/webp"}],"twitter_card":"summary_large_image","twitter_misc":{"Est. reading time":"2 minutes"},"schema":{"@context":"https:\/\/schema.org","@graph":[{"@type":"WebPage","@id":"https:\/\/maximaloc.com\/produit\/serie-8x-dzo-vespid-prime-cine-ef\/","url":"https:\/\/maximaloc.com\/produit\/serie-8x-dzo-vespid-prime-cine-ef\/","name":"S\u00c9RIE 8x DZO VESPID PRIME CINE EF - Maximaloc","isPartOf":{"@id":"https:\/\/maximaloc.com\/#website"},"primaryImageOfPage":{"@id":"https:\/\/maximaloc.com\/produit\/serie-8x-dzo-vespid-prime-cine-ef\/#primaryimage"},"image":{"@id":"https:\/\/maximaloc.com\/produit\/serie-8x-dzo-vespid-prime-cine-ef\/#primaryimage"},"thumbnailUrl":"https:\/\/maximaloc.com\/wp-content\/uploads\/2024\/03\/89758f_d24754c42e5f4ff48a0f50193a0b8352mv2.webp","datePublished":"2024-03-21T12:42:00+00:00","dateModified":"2026-04-09T19:24:01+00:00","breadcrumb":{"@id":"https:\/\/maximaloc.com\/produit\/serie-8x-dzo-vespid-prime-cine-ef\/#breadcrumb"},"inLanguage":"en-US","potentialAction":[{"@type":"ReadAction","target":["https:\/\/maximaloc.com\/produit\/serie-8x-dzo-vespid-prime-cine-ef\/"]}]},{"@type":"ImageObject","inLanguage":"en-US","@id":"https:\/\/maximaloc.com\/produit\/serie-8x-dzo-vespid-prime-cine-ef\/#primaryimage","url":"https:\/\/maximaloc.com\/wp-content\/uploads\/2024\/03\/89758f_d24754c42e5f4ff48a0f50193a0b8352mv2.webp","contentUrl":"https:\/\/maximaloc.com\/wp-content\/uploads\/2024\/03\/89758f_d24754c42e5f4ff48a0f50193a0b8352mv2.webp","width":580,"height":420,"caption":"S\u00e9rie de 7 objectifs Cin\u00e9 DZOFilm Vespid Primes Full Frame Monture EF \u00e0 la location"},{"@type":"BreadcrumbList","@id":"https:\/\/maximaloc.com\/produit\/serie-8x-dzo-vespid-prime-cine-ef\/#breadcrumb","itemListElement":[{"@type":"ListItem","position":1,"name":"Accueil","item":"https:\/\/maximaloc.com\/"},{"@type":"ListItem","position":2,"name":"BOUTIQUE","item":"https:\/\/maximaloc.com\/boutique\/"},{"@type":"ListItem","position":3,"name":"S\u00c9RIE 8x DZO VESPID PRIME CINE EF"}]},{"@type":"WebSite","@id":"https:\/\/maximaloc.com\/#website","url":"https:\/\/maximaloc.com\/","name":"Maximaloc","description":"","publisher":{"@id":"https:\/\/maximaloc.com\/#organization"},"potentialAction":[{"@type":"SearchAction","target":{"@type":"EntryPoint","urlTemplate":"https:\/\/maximaloc.com\/?s={search_term_string}"},"query-input":{"@type":"PropertyValueSpecification","valueRequired":true,"valueName":"search_term_string"}}],"inLanguage":"en-US"},{"@type":"Organization","@id":"https:\/\/maximaloc.com\/#organization","name":"Maximaloc","url":"https:\/\/maximaloc.com\/","logo":{"@type":"ImageObject","inLanguage":"en-US","@id":"https:\/\/maximaloc.com\/#\/schema\/logo\/image\/","url":"https:\/\/maximaloc.com\/wp-content\/uploads\/2024\/03\/logo_noir.png","contentUrl":"https:\/\/maximaloc.com\/wp-content\/uploads\/2024\/03\/logo_noir.png","width":11750,"height":1231,"caption":"Maximaloc"},"image":{"@id":"https:\/\/maximaloc.com\/#\/schema\/logo\/image\/"},"sameAs":["https:\/\/www.facebook.com\/Maximalocation"]}]}},"_links":{"self":[{"href":"https:\/\/maximaloc.com\/en\/wp-json\/wp\/v2\/product\/4071","targetHints":{"allow":["GET"]}}],"collection":[{"href":"https:\/\/maximaloc.com\/en\/wp-json\/wp\/v2\/product"}],"about":[{"href":"https:\/\/maximaloc.com\/en\/wp-json\/wp\/v2\/types\/product"}],"wp:featuredmedia":[{"embeddable":true,"href":"https:\/\/maximaloc.com\/en\/wp-json\/wp\/v2\/media\/8913"}],"wp:attachment":[{"href":"https:\/\/maximaloc.com\/en\/wp-json\/wp\/v2\/media?parent=4071"}],"wp:term":[{"taxonomy":"product_cat","embeddable":true,"href":"https:\/\/maximaloc.com\/en\/wp-json\/wp\/v2\/product_cat?post=4071"},{"taxonomy":"product_tag","embeddable":true,"href":"https:\/\/maximaloc.com\/en\/wp-json\/wp\/v2\/product_tag?post=4071"}],"curies":[{"name":"wp","href":"https:\/\/api.w.org\/{rel}","templated":true}]}}