 {"id":4098,"date":"2024-03-21T13:42:07","date_gmt":"2024-03-21T12:42:07","guid":{"rendered":"https:\/\/maximaloc.com\/produit\/kit-sony-fs5\/"},"modified":"2026-04-09T21:44:21","modified_gmt":"2026-04-09T19:44:21","slug":"sony-fs5","status":"publish","type":"product","link":"https:\/\/maximaloc.com\/en\/product\/sony-fs5\/","title":{"rendered":"SONY FS5"},"content":{"rendered":"<p>La Sony PXW-FS5 est une cam\u00e9ra professionnelle de poing con\u00e7ue pour les tournages vid\u00e9o en haute d\u00e9finition. Elle est \u00e9quip\u00e9e d&#8217;un capteur CMOS Super 35 mm de 8,8 m\u00e9gapixels qui permet de capturer des images en 4K (4096 x 2160) jusqu&#8217;\u00e0 60 ips et HD 422 10\u00a0bits 60p en continu\u00a0et jusqu\u2019\u00e0 240p via la m\u00e9moire cache ( 8 sec).<\/p>\n<p>La cam\u00e9ra est compacte et l\u00e9g\u00e8re, ce qui la rend facile \u00e0 transporter et \u00e0 utiliser sur le terrain. Dot\u00e9e d\u2019un contr\u00f4le de zoom motoris\u00e9e et de 2 entr\u00e9es XLR c\u2019est l\u2019outil id\u00e9ale pour le tournage documentaire, les films institutionnels et les captations de spectacles, concerts ou conf\u00e9rences. Gr\u00e2ce \u00e0 une sortie HDMI ou SDI 4K RAW 12 bits avec l\u2019utilisation d\u2019un enregistreur Externe (type Atomos Ninja V) la Sony FS5 se transforme en une cam\u00e9ra cin\u00e9ma avec une plage dynamique de 14 diaph et une richesse de couleurs adapt\u00e9e au travail de post production.<\/p>\n<p>\u00a0<\/p>\n<p><strong>Points Forts :<\/strong><\/p>\n<ul>\n<li>Capteur 8.8 MP (Super35)<\/li>\n<li>Vid\u00e9o 4K 60p 420 8 bits<\/li>\n<li>Slow Motion 2K 240p<\/li>\n<li>Sortie 4K Raw 12 bits 60p et 2K 120p<\/li>\n<li>2x Entr\u00e9e XLR<\/li>\n<li>Sortie HDMI et SDI<\/li>\n<li>Contr\u00f4le du zoom Motoris\u00e9<\/li>\n<li>Filtres Vari ND int\u00e9gr\u00e9s<br \/>\u00a0<br \/>\u00a0<br \/>\u00a0<\/li>\n<\/ul>","protected":false},"excerpt":{"rendered":"<p>Capteur :\u00a0\u00a08,8 MP (Super35)<\/p>\n<p>Vid\u00e9o: 4K\u00a030p et HD 60p<\/p>\n<p>Vid\u00e9o Externe :\u00a04K Raw 12\u00a0bit<\/p>\n<p>Slow motion HD jusqu\u2019\u00e0 240p\u00a0<\/p>","protected":false},"featured_media":6018,"template":"","meta":[],"product_cat":[191],"product_tag":[161,202,216,160,162,198,200,169,168,167,195,201],"class_list":{"0":"post-4098","1":"product","2":"type-product","3":"status-publish","4":"has-post-thumbnail","6":"product_cat-sony-marque","7":"product_tag-422-10-bits","8":"product_tag-cameras","9":"product_tag-super-35-aps-c","10":"product_tag-420-8-bits","11":"product_tag-4k","12":"product_tag-full-hd","13":"product_tag-raw-externe","14":"product_tag-fhd-240p","15":"product_tag-fhd-180p","16":"product_tag-fhd-120p","17":"product_tag-avec-autofocus","18":"product_tag-sony-e","20":"first","21":"instock","22":"taxable","23":"shipping-taxable","24":"purchasable","25":"product-type-rentable"},"yoast_head":"<!-- This site is optimized with the Yoast SEO plugin v24.1 - https:\/\/yoast.com\/wordpress\/plugins\/seo\/ -->\n<title>SONY FS5 - Maximaloc<\/title>\n<meta name=\"robots\" content=\"index, follow, max-snippet:-1, max-image-preview:large, max-video-preview:-1\" \/>\n<link rel=\"canonical\" href=\"https:\/\/maximaloc.com\/en\/product\/sony-fs5\/\" \/>\n<meta property=\"og:locale\" content=\"en_US\" \/>\n<meta property=\"og:type\" content=\"article\" \/>\n<meta property=\"og:title\" content=\"SONY FS5 - Maximaloc\" \/>\n<meta property=\"og:description\" content=\"Capteur :\u00a0\u00a08,8 MP (Super35) Vid\u00e9o: 4K\u00a030p et HD 60p Vid\u00e9o Externe :\u00a04K Raw 12\u00a0bit Slow motion HD jusqu\u2019\u00e0 240p\u00a0\" \/>\n<meta property=\"og:url\" content=\"https:\/\/maximaloc.com\/en\/product\/sony-fs5\/\" \/>\n<meta property=\"og:site_name\" content=\"Maximaloc\" \/>\n<meta property=\"article:publisher\" content=\"https:\/\/www.facebook.com\/Maximalocation\" \/>\n<meta property=\"article:modified_time\" content=\"2026-04-09T19:44:21+00:00\" \/>\n<meta property=\"og:image\" content=\"https:\/\/maximaloc.com\/wp-content\/uploads\/2024\/03\/b49820_74615fadd2554791aa69c3672fa82787mv2.webp\" \/>\n\t<meta property=\"og:image:width\" content=\"580\" \/>\n\t<meta property=\"og:image:height\" content=\"420\" \/>\n\t<meta property=\"og:image:type\" content=\"image\/webp\" \/>\n<meta name=\"twitter:card\" content=\"summary_large_image\" \/>\n<meta name=\"twitter:label1\" content=\"Est. reading time\" \/>\n\t<meta name=\"twitter:data1\" content=\"2 minutes\" \/>\n<script type=\"application\/ld+json\" class=\"yoast-schema-graph\">{\"@context\":\"https:\/\/schema.org\",\"@graph\":[{\"@type\":\"WebPage\",\"@id\":\"https:\/\/maximaloc.com\/produit\/sony-fs5\/\",\"url\":\"https:\/\/maximaloc.com\/produit\/sony-fs5\/\",\"name\":\"SONY FS5 - Maximaloc\",\"isPartOf\":{\"@id\":\"https:\/\/maximaloc.com\/#website\"},\"primaryImageOfPage\":{\"@id\":\"https:\/\/maximaloc.com\/produit\/sony-fs5\/#primaryimage\"},\"image\":{\"@id\":\"https:\/\/maximaloc.com\/produit\/sony-fs5\/#primaryimage\"},\"thumbnailUrl\":\"https:\/\/maximaloc.com\/wp-content\/uploads\/2024\/03\/b49820_74615fadd2554791aa69c3672fa82787mv2.webp\",\"datePublished\":\"2024-03-21T12:42:07+00:00\",\"dateModified\":\"2026-04-09T19:44:21+00:00\",\"breadcrumb\":{\"@id\":\"https:\/\/maximaloc.com\/produit\/sony-fs5\/#breadcrumb\"},\"inLanguage\":\"en-US\",\"potentialAction\":[{\"@type\":\"ReadAction\",\"target\":[\"https:\/\/maximaloc.com\/produit\/sony-fs5\/\"]}]},{\"@type\":\"ImageObject\",\"inLanguage\":\"en-US\",\"@id\":\"https:\/\/maximaloc.com\/produit\/sony-fs5\/#primaryimage\",\"url\":\"https:\/\/maximaloc.com\/wp-content\/uploads\/2024\/03\/b49820_74615fadd2554791aa69c3672fa82787mv2.webp\",\"contentUrl\":\"https:\/\/maximaloc.com\/wp-content\/uploads\/2024\/03\/b49820_74615fadd2554791aa69c3672fa82787mv2.webp\",\"width\":580,\"height\":420,\"caption\":\"Cam\u00e9ra Sony PXW-FS5 nue \u00e0 la location\"},{\"@type\":\"BreadcrumbList\",\"@id\":\"https:\/\/maximaloc.com\/produit\/sony-fs5\/#breadcrumb\",\"itemListElement\":[{\"@type\":\"ListItem\",\"position\":1,\"name\":\"Accueil\",\"item\":\"https:\/\/maximaloc.com\/\"},{\"@type\":\"ListItem\",\"position\":2,\"name\":\"BOUTIQUE\",\"item\":\"https:\/\/maximaloc.com\/boutique\/\"},{\"@type\":\"ListItem\",\"position\":3,\"name\":\"SONY FS5\"}]},{\"@type\":\"WebSite\",\"@id\":\"https:\/\/maximaloc.com\/#website\",\"url\":\"https:\/\/maximaloc.com\/\",\"name\":\"Maximaloc\",\"description\":\"\",\"publisher\":{\"@id\":\"https:\/\/maximaloc.com\/#organization\"},\"potentialAction\":[{\"@type\":\"SearchAction\",\"target\":{\"@type\":\"EntryPoint\",\"urlTemplate\":\"https:\/\/maximaloc.com\/?s={search_term_string}\"},\"query-input\":{\"@type\":\"PropertyValueSpecification\",\"valueRequired\":true,\"valueName\":\"search_term_string\"}}],\"inLanguage\":\"en-US\"},{\"@type\":\"Organization\",\"@id\":\"https:\/\/maximaloc.com\/#organization\",\"name\":\"Maximaloc\",\"url\":\"https:\/\/maximaloc.com\/\",\"logo\":{\"@type\":\"ImageObject\",\"inLanguage\":\"en-US\",\"@id\":\"https:\/\/maximaloc.com\/#\/schema\/logo\/image\/\",\"url\":\"https:\/\/maximaloc.com\/wp-content\/uploads\/2024\/03\/logo_noir.png\",\"contentUrl\":\"https:\/\/maximaloc.com\/wp-content\/uploads\/2024\/03\/logo_noir.png\",\"width\":11750,\"height\":1231,\"caption\":\"Maximaloc\"},\"image\":{\"@id\":\"https:\/\/maximaloc.com\/#\/schema\/logo\/image\/\"},\"sameAs\":[\"https:\/\/www.facebook.com\/Maximalocation\"]}]}<\/script>\n<!-- \/ Yoast SEO plugin. -->","yoast_head_json":{"title":"SONY FS5 - Maximaloc","robots":{"index":"index","follow":"follow","max-snippet":"max-snippet:-1","max-image-preview":"max-image-preview:large","max-video-preview":"max-video-preview:-1"},"canonical":"https:\/\/maximaloc.com\/en\/product\/sony-fs5\/","og_locale":"en_US","og_type":"article","og_title":"SONY FS5 - Maximaloc","og_description":"Capteur :\u00a0\u00a08,8 MP (Super35) Vid\u00e9o: 4K\u00a030p et HD 60p Vid\u00e9o Externe :\u00a04K Raw 12\u00a0bit Slow motion HD jusqu\u2019\u00e0 240p\u00a0","og_url":"https:\/\/maximaloc.com\/en\/product\/sony-fs5\/","og_site_name":"Maximaloc","article_publisher":"https:\/\/www.facebook.com\/Maximalocation","article_modified_time":"2026-04-09T19:44:21+00:00","og_image":[{"width":580,"height":420,"url":"https:\/\/maximaloc.com\/wp-content\/uploads\/2024\/03\/b49820_74615fadd2554791aa69c3672fa82787mv2.webp","type":"image\/webp"}],"twitter_card":"summary_large_image","twitter_misc":{"Est. reading time":"2 minutes"},"schema":{"@context":"https:\/\/schema.org","@graph":[{"@type":"WebPage","@id":"https:\/\/maximaloc.com\/produit\/sony-fs5\/","url":"https:\/\/maximaloc.com\/produit\/sony-fs5\/","name":"SONY FS5 - Maximaloc","isPartOf":{"@id":"https:\/\/maximaloc.com\/#website"},"primaryImageOfPage":{"@id":"https:\/\/maximaloc.com\/produit\/sony-fs5\/#primaryimage"},"image":{"@id":"https:\/\/maximaloc.com\/produit\/sony-fs5\/#primaryimage"},"thumbnailUrl":"https:\/\/maximaloc.com\/wp-content\/uploads\/2024\/03\/b49820_74615fadd2554791aa69c3672fa82787mv2.webp","datePublished":"2024-03-21T12:42:07+00:00","dateModified":"2026-04-09T19:44:21+00:00","breadcrumb":{"@id":"https:\/\/maximaloc.com\/produit\/sony-fs5\/#breadcrumb"},"inLanguage":"en-US","potentialAction":[{"@type":"ReadAction","target":["https:\/\/maximaloc.com\/produit\/sony-fs5\/"]}]},{"@type":"ImageObject","inLanguage":"en-US","@id":"https:\/\/maximaloc.com\/produit\/sony-fs5\/#primaryimage","url":"https:\/\/maximaloc.com\/wp-content\/uploads\/2024\/03\/b49820_74615fadd2554791aa69c3672fa82787mv2.webp","contentUrl":"https:\/\/maximaloc.com\/wp-content\/uploads\/2024\/03\/b49820_74615fadd2554791aa69c3672fa82787mv2.webp","width":580,"height":420,"caption":"Cam\u00e9ra Sony PXW-FS5 nue \u00e0 la location"},{"@type":"BreadcrumbList","@id":"https:\/\/maximaloc.com\/produit\/sony-fs5\/#breadcrumb","itemListElement":[{"@type":"ListItem","position":1,"name":"Accueil","item":"https:\/\/maximaloc.com\/"},{"@type":"ListItem","position":2,"name":"BOUTIQUE","item":"https:\/\/maximaloc.com\/boutique\/"},{"@type":"ListItem","position":3,"name":"SONY FS5"}]},{"@type":"WebSite","@id":"https:\/\/maximaloc.com\/#website","url":"https:\/\/maximaloc.com\/","name":"Maximaloc","description":"","publisher":{"@id":"https:\/\/maximaloc.com\/#organization"},"potentialAction":[{"@type":"SearchAction","target":{"@type":"EntryPoint","urlTemplate":"https:\/\/maximaloc.com\/?s={search_term_string}"},"query-input":{"@type":"PropertyValueSpecification","valueRequired":true,"valueName":"search_term_string"}}],"inLanguage":"en-US"},{"@type":"Organization","@id":"https:\/\/maximaloc.com\/#organization","name":"Maximaloc","url":"https:\/\/maximaloc.com\/","logo":{"@type":"ImageObject","inLanguage":"en-US","@id":"https:\/\/maximaloc.com\/#\/schema\/logo\/image\/","url":"https:\/\/maximaloc.com\/wp-content\/uploads\/2024\/03\/logo_noir.png","contentUrl":"https:\/\/maximaloc.com\/wp-content\/uploads\/2024\/03\/logo_noir.png","width":11750,"height":1231,"caption":"Maximaloc"},"image":{"@id":"https:\/\/maximaloc.com\/#\/schema\/logo\/image\/"},"sameAs":["https:\/\/www.facebook.com\/Maximalocation"]}]}},"_links":{"self":[{"href":"https:\/\/maximaloc.com\/en\/wp-json\/wp\/v2\/product\/4098","targetHints":{"allow":["GET"]}}],"collection":[{"href":"https:\/\/maximaloc.com\/en\/wp-json\/wp\/v2\/product"}],"about":[{"href":"https:\/\/maximaloc.com\/en\/wp-json\/wp\/v2\/types\/product"}],"wp:featuredmedia":[{"embeddable":true,"href":"https:\/\/maximaloc.com\/en\/wp-json\/wp\/v2\/media\/6018"}],"wp:attachment":[{"href":"https:\/\/maximaloc.com\/en\/wp-json\/wp\/v2\/media?parent=4098"}],"wp:term":[{"taxonomy":"product_cat","embeddable":true,"href":"https:\/\/maximaloc.com\/en\/wp-json\/wp\/v2\/product_cat?post=4098"},{"taxonomy":"product_tag","embeddable":true,"href":"https:\/\/maximaloc.com\/en\/wp-json\/wp\/v2\/product_tag?post=4098"}],"curies":[{"name":"wp","href":"https:\/\/api.w.org\/{rel}","templated":true}]}}