 {"id":4100,"date":"2024-03-21T13:42:08","date_gmt":"2024-03-21T12:42:08","guid":{"rendered":"https:\/\/maximaloc.com\/produit\/kit-sony-fs7\/"},"modified":"2026-03-30T16:32:18","modified_gmt":"2026-03-30T14:32:18","slug":"sony-fs7","status":"publish","type":"product","link":"https:\/\/maximaloc.com\/en\/product\/sony-fs7\/","title":{"rendered":"SONY FS7"},"content":{"rendered":"<p>Con\u00e7ue comme une cam\u00e9ra polyvalente, la\u00a0 Sony PXW-FS7 est principalement une cam\u00e9ra de Documentaire, Captation et T\u00e9l\u00e9-r\u00e9alit\u00e9 qui se pr\u00eate aussi \u00e0 des applications commerciales et d&#8217;entreprise. Sa conception a \u00e9t\u00e9 faite de sorte qu\u2019elle r\u00e9siste aux exigences de tournage du monde r\u00e9el : le ch\u00e2ssis en magn\u00e9sium assure rigidit\u00e9 et l\u00e9g\u00e8ret\u00e9 et les boutons, cadrans et autres pi\u00e8ces sont scell\u00e9s en emp\u00eachant ainsi la p\u00e9n\u00e9tration de poussi\u00e8re, de salet\u00e9s et de projections d\u2019eau.<\/p>\n<p>Dot\u00e9e d\u2019un capteur Super 35\u00a0 la Sony FS7 vous permet de capturer des images avec une profondeur de champ et un encodage cin\u00e9matographique : 4K DCI 4:2:2 10 bit (4096 x 2160) et\u00a0 4K UHD\u00a0 (3840 x 2160) 4:2:2 10 bit\u00a0 jusqu&#8217;\u00e0 60 FPS ainsi que du Slow Motion HD jusqu&#8217;\u00e0 180 FPS via la m\u00e9moire cache. Mais ce n&#8217;est pas fini. Gr\u00e2ce \u00e0 une sortie SDI RAW 12 bit en 4K 60p et HD 240p via la sortie SDI et l\u2019utilisation d\u2019un enregistreur externe (type Atomos Ninja V) la Sony PXW &#8211; FS7 se transforme en une cam\u00e9ra cin\u00e9ma avec une plage dynamique de 15 diaphs et une richesse de couleurs adapt\u00e9e au travail de post production.\u00a0<\/p>\n<p>Gr\u00e2ce \u00e0 ses deux prises XLR int\u00e9gr\u00e9es et son support de microphone, vous pouvez enregistrer un son de haute qualit\u00e9 avec des microphones professionnels. La mixette int\u00e9gr\u00e9e, l&#8217;\u00e9galiseur et le limiteur de cr\u00eate assurent un niveau audio parfaitement ma\u00eetris\u00e9. Le filtre ND variable int\u00e9gr\u00e9 offre une grande flexibilit\u00e9 pour s&#8217;adapter aux conditions de lumi\u00e8re changeantes et le syst\u00e8me de contr\u00f4le de zoom motoris\u00e9 garantit des transitions de plan fluides lors des captations live, t\u00e9l\u00e9 ou reportages. La Sony FS7 est une r\u00e9f\u00e9rence des cam\u00e9ras 4K pour les prises de vue professionnelles corporate, documentaire et t\u00e9l\u00e9.<\/p>\n<p>\u00a0<\/p>\n<p><strong>Points Forts :<\/strong><\/p>\n<ul>\n<li>Capteur Super35 8.8 MP<\/li>\n<li>Vid\u00e9o 4K 60p 422 10 bit<\/li>\n<li>Slow Motion 2K 180p<\/li>\n<li>Sortie Raw 12 bit 4K 60p et 2K 240p<\/li>\n<li>2x Entr\u00e9e XLR<\/li>\n<li>Contr\u00f4le du zoom Motoris\u00e9<\/li>\n<li>Filtres Vari ND int\u00e9gr\u00e9s<br \/>\u00a0<br \/>\u00a0<br \/>\u00a0<\/li>\n<\/ul>","protected":false},"excerpt":{"rendered":"<p>Capteur : 8,8 MP (Super 35)<\/p>\n<p>4K 422 10 bits 60p\u00a0<\/p>\n<p>Slow Motion FHD 422 10 bit 180p\u00a0<\/p>\n<p>Sortie Raw 12 bit 4K 60p et HD 240p (SDI)<\/p>","protected":false},"featured_media":6021,"template":"","meta":[],"product_cat":[191],"product_tag":[161,202,216,160,162,164,198,169,168,167,195,201],"class_list":{"0":"post-4100","1":"product","2":"type-product","3":"status-publish","4":"has-post-thumbnail","6":"product_cat-sony-marque","7":"product_tag-422-10-bits","8":"product_tag-cameras","9":"product_tag-super-35-aps-c","10":"product_tag-420-8-bits","11":"product_tag-4k","12":"product_tag-4k-60p","13":"product_tag-full-hd","14":"product_tag-fhd-240p","15":"product_tag-fhd-180p","16":"product_tag-fhd-120p","17":"product_tag-avec-autofocus","18":"product_tag-sony-e","20":"first","21":"instock","22":"taxable","23":"shipping-taxable","24":"purchasable","25":"product-type-rentable"},"yoast_head":"<!-- This site is optimized with the Yoast SEO plugin v24.1 - https:\/\/yoast.com\/wordpress\/plugins\/seo\/ -->\n<title>SONY FS7 - Maximaloc<\/title>\n<meta name=\"robots\" content=\"index, follow, max-snippet:-1, max-image-preview:large, max-video-preview:-1\" \/>\n<link rel=\"canonical\" href=\"https:\/\/maximaloc.com\/en\/product\/sony-fs7\/\" \/>\n<meta property=\"og:locale\" content=\"en_US\" \/>\n<meta property=\"og:type\" content=\"article\" \/>\n<meta property=\"og:title\" content=\"SONY FS7 - Maximaloc\" \/>\n<meta property=\"og:description\" content=\"Capteur : 8,8 MP (Super 35) 4K 422 10 bits 60p\u00a0 Slow Motion FHD 422 10 bit 180p\u00a0 Sortie Raw 12 bit 4K 60p et HD 240p (SDI)\" \/>\n<meta property=\"og:url\" content=\"https:\/\/maximaloc.com\/en\/product\/sony-fs7\/\" \/>\n<meta property=\"og:site_name\" content=\"Maximaloc\" \/>\n<meta property=\"article:publisher\" content=\"https:\/\/www.facebook.com\/Maximalocation\" \/>\n<meta property=\"article:modified_time\" content=\"2026-03-30T14:32:18+00:00\" \/>\n<meta property=\"og:image\" content=\"https:\/\/maximaloc.com\/wp-content\/uploads\/2024\/03\/b49820_d36f462352ff4597b22c3cade2818f40mv2.webp\" \/>\n\t<meta property=\"og:image:width\" content=\"580\" \/>\n\t<meta property=\"og:image:height\" content=\"420\" \/>\n\t<meta property=\"og:image:type\" content=\"image\/webp\" \/>\n<meta name=\"twitter:card\" content=\"summary_large_image\" \/>\n<meta name=\"twitter:label1\" content=\"Est. reading time\" \/>\n\t<meta name=\"twitter:data1\" content=\"2 minutes\" \/>\n<script type=\"application\/ld+json\" class=\"yoast-schema-graph\">{\"@context\":\"https:\/\/schema.org\",\"@graph\":[{\"@type\":\"WebPage\",\"@id\":\"https:\/\/maximaloc.com\/produit\/sony-fs7\/\",\"url\":\"https:\/\/maximaloc.com\/produit\/sony-fs7\/\",\"name\":\"SONY FS7 - Maximaloc\",\"isPartOf\":{\"@id\":\"https:\/\/maximaloc.com\/#website\"},\"primaryImageOfPage\":{\"@id\":\"https:\/\/maximaloc.com\/produit\/sony-fs7\/#primaryimage\"},\"image\":{\"@id\":\"https:\/\/maximaloc.com\/produit\/sony-fs7\/#primaryimage\"},\"thumbnailUrl\":\"https:\/\/maximaloc.com\/wp-content\/uploads\/2024\/03\/b49820_d36f462352ff4597b22c3cade2818f40mv2.webp\",\"datePublished\":\"2024-03-21T12:42:08+00:00\",\"dateModified\":\"2026-03-30T14:32:18+00:00\",\"breadcrumb\":{\"@id\":\"https:\/\/maximaloc.com\/produit\/sony-fs7\/#breadcrumb\"},\"inLanguage\":\"en-US\",\"potentialAction\":[{\"@type\":\"ReadAction\",\"target\":[\"https:\/\/maximaloc.com\/produit\/sony-fs7\/\"]}]},{\"@type\":\"ImageObject\",\"inLanguage\":\"en-US\",\"@id\":\"https:\/\/maximaloc.com\/produit\/sony-fs7\/#primaryimage\",\"url\":\"https:\/\/maximaloc.com\/wp-content\/uploads\/2024\/03\/b49820_d36f462352ff4597b22c3cade2818f40mv2.webp\",\"contentUrl\":\"https:\/\/maximaloc.com\/wp-content\/uploads\/2024\/03\/b49820_d36f462352ff4597b22c3cade2818f40mv2.webp\",\"width\":580,\"height\":420,\"caption\":\"Cam\u00e9ra Sony FS7 nue \u00e0 la location\"},{\"@type\":\"BreadcrumbList\",\"@id\":\"https:\/\/maximaloc.com\/produit\/sony-fs7\/#breadcrumb\",\"itemListElement\":[{\"@type\":\"ListItem\",\"position\":1,\"name\":\"Accueil\",\"item\":\"https:\/\/maximaloc.com\/\"},{\"@type\":\"ListItem\",\"position\":2,\"name\":\"BOUTIQUE\",\"item\":\"https:\/\/maximaloc.com\/boutique\/\"},{\"@type\":\"ListItem\",\"position\":3,\"name\":\"SONY FS7\"}]},{\"@type\":\"WebSite\",\"@id\":\"https:\/\/maximaloc.com\/#website\",\"url\":\"https:\/\/maximaloc.com\/\",\"name\":\"Maximaloc\",\"description\":\"\",\"publisher\":{\"@id\":\"https:\/\/maximaloc.com\/#organization\"},\"potentialAction\":[{\"@type\":\"SearchAction\",\"target\":{\"@type\":\"EntryPoint\",\"urlTemplate\":\"https:\/\/maximaloc.com\/?s={search_term_string}\"},\"query-input\":{\"@type\":\"PropertyValueSpecification\",\"valueRequired\":true,\"valueName\":\"search_term_string\"}}],\"inLanguage\":\"en-US\"},{\"@type\":\"Organization\",\"@id\":\"https:\/\/maximaloc.com\/#organization\",\"name\":\"Maximaloc\",\"url\":\"https:\/\/maximaloc.com\/\",\"logo\":{\"@type\":\"ImageObject\",\"inLanguage\":\"en-US\",\"@id\":\"https:\/\/maximaloc.com\/#\/schema\/logo\/image\/\",\"url\":\"https:\/\/maximaloc.com\/wp-content\/uploads\/2024\/03\/logo_noir.png\",\"contentUrl\":\"https:\/\/maximaloc.com\/wp-content\/uploads\/2024\/03\/logo_noir.png\",\"width\":11750,\"height\":1231,\"caption\":\"Maximaloc\"},\"image\":{\"@id\":\"https:\/\/maximaloc.com\/#\/schema\/logo\/image\/\"},\"sameAs\":[\"https:\/\/www.facebook.com\/Maximalocation\"]}]}<\/script>\n<!-- \/ Yoast SEO plugin. -->","yoast_head_json":{"title":"SONY FS7 - Maximaloc","robots":{"index":"index","follow":"follow","max-snippet":"max-snippet:-1","max-image-preview":"max-image-preview:large","max-video-preview":"max-video-preview:-1"},"canonical":"https:\/\/maximaloc.com\/en\/product\/sony-fs7\/","og_locale":"en_US","og_type":"article","og_title":"SONY FS7 - Maximaloc","og_description":"Capteur : 8,8 MP (Super 35) 4K 422 10 bits 60p\u00a0 Slow Motion FHD 422 10 bit 180p\u00a0 Sortie Raw 12 bit 4K 60p et HD 240p (SDI)","og_url":"https:\/\/maximaloc.com\/en\/product\/sony-fs7\/","og_site_name":"Maximaloc","article_publisher":"https:\/\/www.facebook.com\/Maximalocation","article_modified_time":"2026-03-30T14:32:18+00:00","og_image":[{"width":580,"height":420,"url":"https:\/\/maximaloc.com\/wp-content\/uploads\/2024\/03\/b49820_d36f462352ff4597b22c3cade2818f40mv2.webp","type":"image\/webp"}],"twitter_card":"summary_large_image","twitter_misc":{"Est. reading time":"2 minutes"},"schema":{"@context":"https:\/\/schema.org","@graph":[{"@type":"WebPage","@id":"https:\/\/maximaloc.com\/produit\/sony-fs7\/","url":"https:\/\/maximaloc.com\/produit\/sony-fs7\/","name":"SONY FS7 - Maximaloc","isPartOf":{"@id":"https:\/\/maximaloc.com\/#website"},"primaryImageOfPage":{"@id":"https:\/\/maximaloc.com\/produit\/sony-fs7\/#primaryimage"},"image":{"@id":"https:\/\/maximaloc.com\/produit\/sony-fs7\/#primaryimage"},"thumbnailUrl":"https:\/\/maximaloc.com\/wp-content\/uploads\/2024\/03\/b49820_d36f462352ff4597b22c3cade2818f40mv2.webp","datePublished":"2024-03-21T12:42:08+00:00","dateModified":"2026-03-30T14:32:18+00:00","breadcrumb":{"@id":"https:\/\/maximaloc.com\/produit\/sony-fs7\/#breadcrumb"},"inLanguage":"en-US","potentialAction":[{"@type":"ReadAction","target":["https:\/\/maximaloc.com\/produit\/sony-fs7\/"]}]},{"@type":"ImageObject","inLanguage":"en-US","@id":"https:\/\/maximaloc.com\/produit\/sony-fs7\/#primaryimage","url":"https:\/\/maximaloc.com\/wp-content\/uploads\/2024\/03\/b49820_d36f462352ff4597b22c3cade2818f40mv2.webp","contentUrl":"https:\/\/maximaloc.com\/wp-content\/uploads\/2024\/03\/b49820_d36f462352ff4597b22c3cade2818f40mv2.webp","width":580,"height":420,"caption":"Cam\u00e9ra Sony FS7 nue \u00e0 la location"},{"@type":"BreadcrumbList","@id":"https:\/\/maximaloc.com\/produit\/sony-fs7\/#breadcrumb","itemListElement":[{"@type":"ListItem","position":1,"name":"Accueil","item":"https:\/\/maximaloc.com\/"},{"@type":"ListItem","position":2,"name":"BOUTIQUE","item":"https:\/\/maximaloc.com\/boutique\/"},{"@type":"ListItem","position":3,"name":"SONY FS7"}]},{"@type":"WebSite","@id":"https:\/\/maximaloc.com\/#website","url":"https:\/\/maximaloc.com\/","name":"Maximaloc","description":"","publisher":{"@id":"https:\/\/maximaloc.com\/#organization"},"potentialAction":[{"@type":"SearchAction","target":{"@type":"EntryPoint","urlTemplate":"https:\/\/maximaloc.com\/?s={search_term_string}"},"query-input":{"@type":"PropertyValueSpecification","valueRequired":true,"valueName":"search_term_string"}}],"inLanguage":"en-US"},{"@type":"Organization","@id":"https:\/\/maximaloc.com\/#organization","name":"Maximaloc","url":"https:\/\/maximaloc.com\/","logo":{"@type":"ImageObject","inLanguage":"en-US","@id":"https:\/\/maximaloc.com\/#\/schema\/logo\/image\/","url":"https:\/\/maximaloc.com\/wp-content\/uploads\/2024\/03\/logo_noir.png","contentUrl":"https:\/\/maximaloc.com\/wp-content\/uploads\/2024\/03\/logo_noir.png","width":11750,"height":1231,"caption":"Maximaloc"},"image":{"@id":"https:\/\/maximaloc.com\/#\/schema\/logo\/image\/"},"sameAs":["https:\/\/www.facebook.com\/Maximalocation"]}]}},"_links":{"self":[{"href":"https:\/\/maximaloc.com\/en\/wp-json\/wp\/v2\/product\/4100","targetHints":{"allow":["GET"]}}],"collection":[{"href":"https:\/\/maximaloc.com\/en\/wp-json\/wp\/v2\/product"}],"about":[{"href":"https:\/\/maximaloc.com\/en\/wp-json\/wp\/v2\/types\/product"}],"wp:featuredmedia":[{"embeddable":true,"href":"https:\/\/maximaloc.com\/en\/wp-json\/wp\/v2\/media\/6021"}],"wp:attachment":[{"href":"https:\/\/maximaloc.com\/en\/wp-json\/wp\/v2\/media?parent=4100"}],"wp:term":[{"taxonomy":"product_cat","embeddable":true,"href":"https:\/\/maximaloc.com\/en\/wp-json\/wp\/v2\/product_cat?post=4100"},{"taxonomy":"product_tag","embeddable":true,"href":"https:\/\/maximaloc.com\/en\/wp-json\/wp\/v2\/product_tag?post=4100"}],"curies":[{"name":"wp","href":"https:\/\/api.w.org\/{rel}","templated":true}]}}