 {"id":4136,"date":"2024-03-21T13:42:23","date_gmt":"2024-03-21T12:42:23","guid":{"rendered":"https:\/\/maximaloc.com\/produit\/aputure-fresnel-s\/"},"modified":"2026-03-30T16:15:50","modified_gmt":"2026-03-30T14:15:50","slug":"aputure-fresnel-s","status":"publish","type":"product","link":"https:\/\/maximaloc.com\/en\/product\/aputure-fresnel-s\/","title":{"rendered":"APUTURE FRESNEL S"},"content":{"rendered":"<p>L\u2019Aputure Fresnel Lens Mount est une lentille Fresnel qui permet de concentrer la lumi\u00e8re et d\u2019augmenter l\u2019intensit\u00e9 du flux lumineux \u00e9mis. La lentille permet \u00e9galement d\u2019\u00e9viter les fuites de lumi\u00e8re et inclut un syst\u00e8me de ventilation, sa bague rotative permet de faire varier l\u2019angle d\u2019\u00e9mission du flux de 12\u00b0 (position spot) \u00e0 42\u00b0 (position flood).<\/p>\n<p>\u00a0<\/p>\n<p>En monture Bowens, cet accessoire est compatible avec l\u2019ensemble des COB 120. Avec un COB 300, la Fresnel 2X est recommand\u00e9e. Pour les COB 600 \u00e0 1200D, il faut passer \u00e0 la Fresnel F10.<\/p>","protected":false},"excerpt":{"rendered":"<p>Lentille Fresnel Aputure\u00a0<\/p>\n<p>Monture : Bowens<\/p>\n<p>Compatible : Aputure COB 120, 300<\/p>","protected":false},"featured_media":9509,"template":"","meta":[],"product_cat":[308],"product_tag":[],"class_list":{"0":"post-4136","1":"product","2":"type-product","3":"status-publish","4":"has-post-thumbnail","6":"product_cat-monture-bowen","8":"first","9":"instock","10":"taxable","11":"shipping-taxable","12":"purchasable","13":"product-type-rentable"},"yoast_head":"<!-- This site is optimized with the Yoast SEO plugin v24.1 - https:\/\/yoast.com\/wordpress\/plugins\/seo\/ -->\n<title>APUTURE FRESNEL S - Maximaloc<\/title>\n<meta name=\"robots\" content=\"index, follow, max-snippet:-1, max-image-preview:large, max-video-preview:-1\" \/>\n<link rel=\"canonical\" href=\"https:\/\/maximaloc.com\/en\/product\/aputure-fresnel-s\/\" \/>\n<meta property=\"og:locale\" content=\"en_US\" \/>\n<meta property=\"og:type\" content=\"article\" \/>\n<meta property=\"og:title\" content=\"APUTURE FRESNEL S - Maximaloc\" \/>\n<meta property=\"og:description\" content=\"Lentille Fresnel Aputure\u00a0 Monture : Bowens Compatible : Aputure COB 120, 300\" \/>\n<meta property=\"og:url\" content=\"https:\/\/maximaloc.com\/en\/product\/aputure-fresnel-s\/\" \/>\n<meta property=\"og:site_name\" content=\"Maximaloc\" \/>\n<meta property=\"article:publisher\" content=\"https:\/\/www.facebook.com\/Maximalocation\" \/>\n<meta property=\"article:modified_time\" content=\"2026-03-30T14:15:50+00:00\" \/>\n<meta property=\"og:image\" content=\"https:\/\/maximaloc.com\/wp-content\/uploads\/2024\/03\/1-9.webp\" \/>\n\t<meta property=\"og:image:width\" content=\"725\" \/>\n\t<meta property=\"og:image:height\" content=\"525\" \/>\n\t<meta property=\"og:image:type\" content=\"image\/webp\" \/>\n<meta name=\"twitter:card\" content=\"summary_large_image\" \/>\n<meta name=\"twitter:label1\" content=\"Est. reading time\" \/>\n\t<meta name=\"twitter:data1\" content=\"1 minute\" \/>\n<script type=\"application\/ld+json\" class=\"yoast-schema-graph\">{\"@context\":\"https:\/\/schema.org\",\"@graph\":[{\"@type\":\"WebPage\",\"@id\":\"https:\/\/maximaloc.com\/produit\/aputure-fresnel-s\/\",\"url\":\"https:\/\/maximaloc.com\/produit\/aputure-fresnel-s\/\",\"name\":\"APUTURE FRESNEL S - Maximaloc\",\"isPartOf\":{\"@id\":\"https:\/\/maximaloc.com\/#website\"},\"primaryImageOfPage\":{\"@id\":\"https:\/\/maximaloc.com\/produit\/aputure-fresnel-s\/#primaryimage\"},\"image\":{\"@id\":\"https:\/\/maximaloc.com\/produit\/aputure-fresnel-s\/#primaryimage\"},\"thumbnailUrl\":\"https:\/\/maximaloc.com\/wp-content\/uploads\/2024\/03\/1-9.webp\",\"datePublished\":\"2024-03-21T12:42:23+00:00\",\"dateModified\":\"2026-03-30T14:15:50+00:00\",\"breadcrumb\":{\"@id\":\"https:\/\/maximaloc.com\/produit\/aputure-fresnel-s\/#breadcrumb\"},\"inLanguage\":\"en-US\",\"potentialAction\":[{\"@type\":\"ReadAction\",\"target\":[\"https:\/\/maximaloc.com\/produit\/aputure-fresnel-s\/\"]}]},{\"@type\":\"ImageObject\",\"inLanguage\":\"en-US\",\"@id\":\"https:\/\/maximaloc.com\/produit\/aputure-fresnel-s\/#primaryimage\",\"url\":\"https:\/\/maximaloc.com\/wp-content\/uploads\/2024\/03\/1-9.webp\",\"contentUrl\":\"https:\/\/maximaloc.com\/wp-content\/uploads\/2024\/03\/1-9.webp\",\"width\":725,\"height\":525,\"caption\":\"Aputure Lens Mount Lentille Fresnels Monture Bowens en location\"},{\"@type\":\"BreadcrumbList\",\"@id\":\"https:\/\/maximaloc.com\/produit\/aputure-fresnel-s\/#breadcrumb\",\"itemListElement\":[{\"@type\":\"ListItem\",\"position\":1,\"name\":\"Accueil\",\"item\":\"https:\/\/maximaloc.com\/\"},{\"@type\":\"ListItem\",\"position\":2,\"name\":\"BOUTIQUE\",\"item\":\"https:\/\/maximaloc.com\/boutique\/\"},{\"@type\":\"ListItem\",\"position\":3,\"name\":\"APUTURE FRESNEL S\"}]},{\"@type\":\"WebSite\",\"@id\":\"https:\/\/maximaloc.com\/#website\",\"url\":\"https:\/\/maximaloc.com\/\",\"name\":\"Maximaloc\",\"description\":\"\",\"publisher\":{\"@id\":\"https:\/\/maximaloc.com\/#organization\"},\"potentialAction\":[{\"@type\":\"SearchAction\",\"target\":{\"@type\":\"EntryPoint\",\"urlTemplate\":\"https:\/\/maximaloc.com\/?s={search_term_string}\"},\"query-input\":{\"@type\":\"PropertyValueSpecification\",\"valueRequired\":true,\"valueName\":\"search_term_string\"}}],\"inLanguage\":\"en-US\"},{\"@type\":\"Organization\",\"@id\":\"https:\/\/maximaloc.com\/#organization\",\"name\":\"Maximaloc\",\"url\":\"https:\/\/maximaloc.com\/\",\"logo\":{\"@type\":\"ImageObject\",\"inLanguage\":\"en-US\",\"@id\":\"https:\/\/maximaloc.com\/#\/schema\/logo\/image\/\",\"url\":\"https:\/\/maximaloc.com\/wp-content\/uploads\/2024\/03\/logo_noir.png\",\"contentUrl\":\"https:\/\/maximaloc.com\/wp-content\/uploads\/2024\/03\/logo_noir.png\",\"width\":11750,\"height\":1231,\"caption\":\"Maximaloc\"},\"image\":{\"@id\":\"https:\/\/maximaloc.com\/#\/schema\/logo\/image\/\"},\"sameAs\":[\"https:\/\/www.facebook.com\/Maximalocation\"]}]}<\/script>\n<!-- \/ Yoast SEO plugin. -->","yoast_head_json":{"title":"APUTURE FRESNEL S - Maximaloc","robots":{"index":"index","follow":"follow","max-snippet":"max-snippet:-1","max-image-preview":"max-image-preview:large","max-video-preview":"max-video-preview:-1"},"canonical":"https:\/\/maximaloc.com\/en\/product\/aputure-fresnel-s\/","og_locale":"en_US","og_type":"article","og_title":"APUTURE FRESNEL S - Maximaloc","og_description":"Lentille Fresnel Aputure\u00a0 Monture : Bowens Compatible : Aputure COB 120, 300","og_url":"https:\/\/maximaloc.com\/en\/product\/aputure-fresnel-s\/","og_site_name":"Maximaloc","article_publisher":"https:\/\/www.facebook.com\/Maximalocation","article_modified_time":"2026-03-30T14:15:50+00:00","og_image":[{"width":725,"height":525,"url":"https:\/\/maximaloc.com\/wp-content\/uploads\/2024\/03\/1-9.webp","type":"image\/webp"}],"twitter_card":"summary_large_image","twitter_misc":{"Est. reading time":"1 minute"},"schema":{"@context":"https:\/\/schema.org","@graph":[{"@type":"WebPage","@id":"https:\/\/maximaloc.com\/produit\/aputure-fresnel-s\/","url":"https:\/\/maximaloc.com\/produit\/aputure-fresnel-s\/","name":"APUTURE FRESNEL S - Maximaloc","isPartOf":{"@id":"https:\/\/maximaloc.com\/#website"},"primaryImageOfPage":{"@id":"https:\/\/maximaloc.com\/produit\/aputure-fresnel-s\/#primaryimage"},"image":{"@id":"https:\/\/maximaloc.com\/produit\/aputure-fresnel-s\/#primaryimage"},"thumbnailUrl":"https:\/\/maximaloc.com\/wp-content\/uploads\/2024\/03\/1-9.webp","datePublished":"2024-03-21T12:42:23+00:00","dateModified":"2026-03-30T14:15:50+00:00","breadcrumb":{"@id":"https:\/\/maximaloc.com\/produit\/aputure-fresnel-s\/#breadcrumb"},"inLanguage":"en-US","potentialAction":[{"@type":"ReadAction","target":["https:\/\/maximaloc.com\/produit\/aputure-fresnel-s\/"]}]},{"@type":"ImageObject","inLanguage":"en-US","@id":"https:\/\/maximaloc.com\/produit\/aputure-fresnel-s\/#primaryimage","url":"https:\/\/maximaloc.com\/wp-content\/uploads\/2024\/03\/1-9.webp","contentUrl":"https:\/\/maximaloc.com\/wp-content\/uploads\/2024\/03\/1-9.webp","width":725,"height":525,"caption":"Aputure Lens Mount Lentille Fresnels Monture Bowens en location"},{"@type":"BreadcrumbList","@id":"https:\/\/maximaloc.com\/produit\/aputure-fresnel-s\/#breadcrumb","itemListElement":[{"@type":"ListItem","position":1,"name":"Accueil","item":"https:\/\/maximaloc.com\/"},{"@type":"ListItem","position":2,"name":"BOUTIQUE","item":"https:\/\/maximaloc.com\/boutique\/"},{"@type":"ListItem","position":3,"name":"APUTURE FRESNEL S"}]},{"@type":"WebSite","@id":"https:\/\/maximaloc.com\/#website","url":"https:\/\/maximaloc.com\/","name":"Maximaloc","description":"","publisher":{"@id":"https:\/\/maximaloc.com\/#organization"},"potentialAction":[{"@type":"SearchAction","target":{"@type":"EntryPoint","urlTemplate":"https:\/\/maximaloc.com\/?s={search_term_string}"},"query-input":{"@type":"PropertyValueSpecification","valueRequired":true,"valueName":"search_term_string"}}],"inLanguage":"en-US"},{"@type":"Organization","@id":"https:\/\/maximaloc.com\/#organization","name":"Maximaloc","url":"https:\/\/maximaloc.com\/","logo":{"@type":"ImageObject","inLanguage":"en-US","@id":"https:\/\/maximaloc.com\/#\/schema\/logo\/image\/","url":"https:\/\/maximaloc.com\/wp-content\/uploads\/2024\/03\/logo_noir.png","contentUrl":"https:\/\/maximaloc.com\/wp-content\/uploads\/2024\/03\/logo_noir.png","width":11750,"height":1231,"caption":"Maximaloc"},"image":{"@id":"https:\/\/maximaloc.com\/#\/schema\/logo\/image\/"},"sameAs":["https:\/\/www.facebook.com\/Maximalocation"]}]}},"_links":{"self":[{"href":"https:\/\/maximaloc.com\/en\/wp-json\/wp\/v2\/product\/4136","targetHints":{"allow":["GET"]}}],"collection":[{"href":"https:\/\/maximaloc.com\/en\/wp-json\/wp\/v2\/product"}],"about":[{"href":"https:\/\/maximaloc.com\/en\/wp-json\/wp\/v2\/types\/product"}],"wp:featuredmedia":[{"embeddable":true,"href":"https:\/\/maximaloc.com\/en\/wp-json\/wp\/v2\/media\/9509"}],"wp:attachment":[{"href":"https:\/\/maximaloc.com\/en\/wp-json\/wp\/v2\/media?parent=4136"}],"wp:term":[{"taxonomy":"product_cat","embeddable":true,"href":"https:\/\/maximaloc.com\/en\/wp-json\/wp\/v2\/product_cat?post=4136"},{"taxonomy":"product_tag","embeddable":true,"href":"https:\/\/maximaloc.com\/en\/wp-json\/wp\/v2\/product_tag?post=4136"}],"curies":[{"name":"wp","href":"https:\/\/api.w.org\/{rel}","templated":true}]}}