 {"id":4140,"date":"2024-03-21T13:42:24","date_gmt":"2024-03-21T12:42:24","guid":{"rendered":"https:\/\/maximaloc.com\/produit\/aputure-cob-120d-mk-ii\/"},"modified":"2026-04-13T20:43:58","modified_gmt":"2026-04-13T18:43:58","slug":"aputure-cob-120d-mk-ii","status":"publish","type":"product","link":"https:\/\/maximaloc.com\/en\/product\/aputure-cob-120d-mk-ii\/","title":{"rendered":"APUTURE COB 120D MK II"},"content":{"rendered":"<p>L\u2019Aputure LS 120D II est un \u00e9clairage COB LED 5500K de 180W, il permet de reproduire une petite lumi\u00e8re du jour, et repr\u00e9sente l\u2019\u00e9quivalent d\u2019une lampe au tungst\u00e8ne de 1000W, assez proche de la puissance d\u2019une mandarine.<\/p>\n<p>\u00a0<\/p>\n<p>Le COB 120D II est compatible avec une multitude d\u2019accessoires. Que ce soit avec une Fresnel F10 ou une Fresnel Lens Mount pour diriger la lumi\u00e8re, une Spotlight avec nez optique pour focaliser, tailler ou encore projeter des motifs, une softbox ou une boule chinoise pour diffuser la lumi\u00e8re et obtenir un \u00e9clairage doux.<\/p>\n<p>\u00a0<\/p>\n<p>Le COB 120D peut \u00eatre contr\u00f4l\u00e9 directement via son contr\u00f4leur ou \u00e0 distance via la t\u00e9l\u00e9commande IR incluse et l&#8217;application Sidus Link. Cela s\u2019av\u00e8re particuli\u00e8rement pratique pour ajuster les r\u00e9glages lorsque le projecteur est install\u00e9 dans un endroit peu accessible, en hauteur sur un boom par exemple.<\/p>\n<p>\u00a0<\/p>\n<p>Il peut s\u2019alimenter sur secteur ou avec des batteries V-Lock.<\/p>\n<p>\u00a0<\/p>\n<p>Point Forts :\u00a0<\/p>\n<ul>\n<li>Prise en main facile<\/li>\n<li>Monture Bowens<\/li>\n<li>Contr\u00f4le \u00e0 distance<\/li>\n<li>V-Lock<\/li>\n<\/ul>","protected":false},"excerpt":{"rendered":"<p>Eclairage COB LED<\/p>\n<p>Puissance : 180W<\/p>\n<p>T\u00b0 : DayLight 5500 K\u00a0<\/p>\n<p>Monture : Bowens<\/p>","protected":false},"featured_media":9439,"template":"","meta":[],"product_cat":[252],"product_tag":[301,311,295,298],"class_list":{"0":"post-4140","1":"product","2":"type-product","3":"status-publish","4":"has-post-thumbnail","6":"product_cat-cob","7":"product_tag-30-120w","8":"product_tag-30w-ou-moins","9":"product_tag-aputure","10":"product_tag-daylight","12":"first","13":"instock","14":"taxable","15":"shipping-taxable","16":"purchasable","17":"product-type-rentable"},"yoast_head":"<!-- This site is optimized with the Yoast SEO plugin v27.4 - https:\/\/yoast.com\/product\/yoast-seo-wordpress\/ -->\n<title>APUTURE COB 120D MK II - Maximaloc<\/title>\n<meta name=\"robots\" content=\"index, follow, max-snippet:-1, max-image-preview:large, max-video-preview:-1\" \/>\n<link rel=\"canonical\" href=\"https:\/\/maximaloc.com\/en\/product\/aputure-cob-120d-mk-ii\/\" \/>\n<meta property=\"og:locale\" content=\"en_US\" \/>\n<meta property=\"og:type\" content=\"article\" \/>\n<meta property=\"og:title\" content=\"APUTURE COB 120D MK II - Maximaloc\" \/>\n<meta property=\"og:description\" content=\"Eclairage COB LED Puissance : 180W T\u00b0 : DayLight 5500 K\u00a0 Monture : Bowens\" \/>\n<meta property=\"og:url\" content=\"https:\/\/maximaloc.com\/en\/product\/aputure-cob-120d-mk-ii\/\" \/>\n<meta property=\"og:site_name\" content=\"Maximaloc\" \/>\n<meta property=\"article:publisher\" content=\"https:\/\/www.facebook.com\/Maximalocation\" \/>\n<meta property=\"article:modified_time\" content=\"2026-04-13T18:43:58+00:00\" \/>\n<meta property=\"og:image\" content=\"https:\/\/maximaloc.com\/wp-content\/uploads\/2024\/03\/1-8.webp\" \/>\n\t<meta property=\"og:image:width\" content=\"725\" \/>\n\t<meta property=\"og:image:height\" content=\"525\" \/>\n\t<meta property=\"og:image:type\" content=\"image\/webp\" \/>\n<meta name=\"twitter:card\" content=\"summary_large_image\" \/>\n<meta name=\"twitter:label1\" content=\"Est. reading time\" \/>\n\t<meta name=\"twitter:data1\" content=\"2 minutes\" \/>\n<script type=\"application\/ld+json\" class=\"yoast-schema-graph\">{\"@context\":\"https:\\\/\\\/schema.org\",\"@graph\":[{\"@type\":\"WebPage\",\"@id\":\"https:\\\/\\\/maximaloc.com\\\/produit\\\/aputure-cob-120d-mk-ii\\\/\",\"url\":\"https:\\\/\\\/maximaloc.com\\\/produit\\\/aputure-cob-120d-mk-ii\\\/\",\"name\":\"APUTURE COB 120D MK II - Maximaloc\",\"isPartOf\":{\"@id\":\"https:\\\/\\\/maximaloc.com\\\/#website\"},\"primaryImageOfPage\":{\"@id\":\"https:\\\/\\\/maximaloc.com\\\/produit\\\/aputure-cob-120d-mk-ii\\\/#primaryimage\"},\"image\":{\"@id\":\"https:\\\/\\\/maximaloc.com\\\/produit\\\/aputure-cob-120d-mk-ii\\\/#primaryimage\"},\"thumbnailUrl\":\"https:\\\/\\\/maximaloc.com\\\/wp-content\\\/uploads\\\/2024\\\/03\\\/1-8.webp\",\"datePublished\":\"2024-03-21T12:42:24+00:00\",\"dateModified\":\"2026-04-13T18:43:58+00:00\",\"breadcrumb\":{\"@id\":\"https:\\\/\\\/maximaloc.com\\\/produit\\\/aputure-cob-120d-mk-ii\\\/#breadcrumb\"},\"inLanguage\":\"en-US\",\"potentialAction\":[{\"@type\":\"ReadAction\",\"target\":[\"https:\\\/\\\/maximaloc.com\\\/produit\\\/aputure-cob-120d-mk-ii\\\/\"]}]},{\"@type\":\"ImageObject\",\"inLanguage\":\"en-US\",\"@id\":\"https:\\\/\\\/maximaloc.com\\\/produit\\\/aputure-cob-120d-mk-ii\\\/#primaryimage\",\"url\":\"https:\\\/\\\/maximaloc.com\\\/wp-content\\\/uploads\\\/2024\\\/03\\\/1-8.webp\",\"contentUrl\":\"https:\\\/\\\/maximaloc.com\\\/wp-content\\\/uploads\\\/2024\\\/03\\\/1-8.webp\",\"width\":725,\"height\":525,\"caption\":\"\u00c9clairage de tournage Led Aputure COB 120d avec bol \u00e0 la location\"},{\"@type\":\"BreadcrumbList\",\"@id\":\"https:\\\/\\\/maximaloc.com\\\/produit\\\/aputure-cob-120d-mk-ii\\\/#breadcrumb\",\"itemListElement\":[{\"@type\":\"ListItem\",\"position\":1,\"name\":\"Accueil\",\"item\":\"https:\\\/\\\/maximaloc.com\\\/\"},{\"@type\":\"ListItem\",\"position\":2,\"name\":\"BOUTIQUE\",\"item\":\"https:\\\/\\\/maximaloc.com\\\/boutique\\\/\"},{\"@type\":\"ListItem\",\"position\":3,\"name\":\"APUTURE COB 120D MK II\"}]},{\"@type\":\"WebSite\",\"@id\":\"https:\\\/\\\/maximaloc.com\\\/#website\",\"url\":\"https:\\\/\\\/maximaloc.com\\\/\",\"name\":\"Maximaloc\",\"description\":\"\",\"publisher\":{\"@id\":\"https:\\\/\\\/maximaloc.com\\\/#organization\"},\"potentialAction\":[{\"@type\":\"SearchAction\",\"target\":{\"@type\":\"EntryPoint\",\"urlTemplate\":\"https:\\\/\\\/maximaloc.com\\\/?s={search_term_string}\"},\"query-input\":{\"@type\":\"PropertyValueSpecification\",\"valueRequired\":true,\"valueName\":\"search_term_string\"}}],\"inLanguage\":\"en-US\"},{\"@type\":\"Organization\",\"@id\":\"https:\\\/\\\/maximaloc.com\\\/#organization\",\"name\":\"Maximaloc\",\"url\":\"https:\\\/\\\/maximaloc.com\\\/\",\"logo\":{\"@type\":\"ImageObject\",\"inLanguage\":\"en-US\",\"@id\":\"https:\\\/\\\/maximaloc.com\\\/#\\\/schema\\\/logo\\\/image\\\/\",\"url\":\"https:\\\/\\\/maximaloc.com\\\/wp-content\\\/uploads\\\/2024\\\/03\\\/logo_noir-scaled.png\",\"contentUrl\":\"https:\\\/\\\/maximaloc.com\\\/wp-content\\\/uploads\\\/2024\\\/03\\\/logo_noir-scaled.png\",\"width\":2560,\"height\":268,\"caption\":\"Maximaloc\"},\"image\":{\"@id\":\"https:\\\/\\\/maximaloc.com\\\/#\\\/schema\\\/logo\\\/image\\\/\"},\"sameAs\":[\"https:\\\/\\\/www.facebook.com\\\/Maximalocation\"]}]}<\/script>\n<!-- \/ Yoast SEO plugin. -->","yoast_head_json":{"title":"APUTURE COB 120D MK II - Maximaloc","robots":{"index":"index","follow":"follow","max-snippet":"max-snippet:-1","max-image-preview":"max-image-preview:large","max-video-preview":"max-video-preview:-1"},"canonical":"https:\/\/maximaloc.com\/en\/product\/aputure-cob-120d-mk-ii\/","og_locale":"en_US","og_type":"article","og_title":"APUTURE COB 120D MK II - Maximaloc","og_description":"Eclairage COB LED Puissance : 180W T\u00b0 : DayLight 5500 K\u00a0 Monture : Bowens","og_url":"https:\/\/maximaloc.com\/en\/product\/aputure-cob-120d-mk-ii\/","og_site_name":"Maximaloc","article_publisher":"https:\/\/www.facebook.com\/Maximalocation","article_modified_time":"2026-04-13T18:43:58+00:00","og_image":[{"width":725,"height":525,"url":"https:\/\/maximaloc.com\/wp-content\/uploads\/2024\/03\/1-8.webp","type":"image\/webp"}],"twitter_card":"summary_large_image","twitter_misc":{"Est. reading time":"2 minutes"},"schema":{"@context":"https:\/\/schema.org","@graph":[{"@type":"WebPage","@id":"https:\/\/maximaloc.com\/produit\/aputure-cob-120d-mk-ii\/","url":"https:\/\/maximaloc.com\/produit\/aputure-cob-120d-mk-ii\/","name":"APUTURE COB 120D MK II - Maximaloc","isPartOf":{"@id":"https:\/\/maximaloc.com\/#website"},"primaryImageOfPage":{"@id":"https:\/\/maximaloc.com\/produit\/aputure-cob-120d-mk-ii\/#primaryimage"},"image":{"@id":"https:\/\/maximaloc.com\/produit\/aputure-cob-120d-mk-ii\/#primaryimage"},"thumbnailUrl":"https:\/\/maximaloc.com\/wp-content\/uploads\/2024\/03\/1-8.webp","datePublished":"2024-03-21T12:42:24+00:00","dateModified":"2026-04-13T18:43:58+00:00","breadcrumb":{"@id":"https:\/\/maximaloc.com\/produit\/aputure-cob-120d-mk-ii\/#breadcrumb"},"inLanguage":"en-US","potentialAction":[{"@type":"ReadAction","target":["https:\/\/maximaloc.com\/produit\/aputure-cob-120d-mk-ii\/"]}]},{"@type":"ImageObject","inLanguage":"en-US","@id":"https:\/\/maximaloc.com\/produit\/aputure-cob-120d-mk-ii\/#primaryimage","url":"https:\/\/maximaloc.com\/wp-content\/uploads\/2024\/03\/1-8.webp","contentUrl":"https:\/\/maximaloc.com\/wp-content\/uploads\/2024\/03\/1-8.webp","width":725,"height":525,"caption":"\u00c9clairage de tournage Led Aputure COB 120d avec bol \u00e0 la location"},{"@type":"BreadcrumbList","@id":"https:\/\/maximaloc.com\/produit\/aputure-cob-120d-mk-ii\/#breadcrumb","itemListElement":[{"@type":"ListItem","position":1,"name":"Accueil","item":"https:\/\/maximaloc.com\/"},{"@type":"ListItem","position":2,"name":"BOUTIQUE","item":"https:\/\/maximaloc.com\/boutique\/"},{"@type":"ListItem","position":3,"name":"APUTURE COB 120D MK II"}]},{"@type":"WebSite","@id":"https:\/\/maximaloc.com\/#website","url":"https:\/\/maximaloc.com\/","name":"Maximaloc","description":"","publisher":{"@id":"https:\/\/maximaloc.com\/#organization"},"potentialAction":[{"@type":"SearchAction","target":{"@type":"EntryPoint","urlTemplate":"https:\/\/maximaloc.com\/?s={search_term_string}"},"query-input":{"@type":"PropertyValueSpecification","valueRequired":true,"valueName":"search_term_string"}}],"inLanguage":"en-US"},{"@type":"Organization","@id":"https:\/\/maximaloc.com\/#organization","name":"Maximaloc","url":"https:\/\/maximaloc.com\/","logo":{"@type":"ImageObject","inLanguage":"en-US","@id":"https:\/\/maximaloc.com\/#\/schema\/logo\/image\/","url":"https:\/\/maximaloc.com\/wp-content\/uploads\/2024\/03\/logo_noir-scaled.png","contentUrl":"https:\/\/maximaloc.com\/wp-content\/uploads\/2024\/03\/logo_noir-scaled.png","width":2560,"height":268,"caption":"Maximaloc"},"image":{"@id":"https:\/\/maximaloc.com\/#\/schema\/logo\/image\/"},"sameAs":["https:\/\/www.facebook.com\/Maximalocation"]}]}},"_links":{"self":[{"href":"https:\/\/maximaloc.com\/en\/wp-json\/wp\/v2\/product\/4140","targetHints":{"allow":["GET"]}}],"collection":[{"href":"https:\/\/maximaloc.com\/en\/wp-json\/wp\/v2\/product"}],"about":[{"href":"https:\/\/maximaloc.com\/en\/wp-json\/wp\/v2\/types\/product"}],"wp:featuredmedia":[{"embeddable":true,"href":"https:\/\/maximaloc.com\/en\/wp-json\/wp\/v2\/media\/9439"}],"wp:attachment":[{"href":"https:\/\/maximaloc.com\/en\/wp-json\/wp\/v2\/media?parent=4140"}],"wp:term":[{"taxonomy":"product_cat","embeddable":true,"href":"https:\/\/maximaloc.com\/en\/wp-json\/wp\/v2\/product_cat?post=4140"},{"taxonomy":"product_tag","embeddable":true,"href":"https:\/\/maximaloc.com\/en\/wp-json\/wp\/v2\/product_tag?post=4140"}],"curies":[{"name":"wp","href":"https:\/\/api.w.org\/{rel}","templated":true}]}}