 {"id":4158,"date":"2024-03-21T13:42:29","date_gmt":"2024-03-21T12:42:29","guid":{"rendered":"https:\/\/maximaloc.com\/produit\/fomex-fl600-flex-bi-color\/"},"modified":"2026-03-30T16:28:25","modified_gmt":"2026-03-30T14:28:25","slug":"fomex-fl600-flex-bi-color","status":"publish","type":"product","link":"https:\/\/maximaloc.com\/en\/product\/fomex-fl600-flex-bi-color\/","title":{"rendered":"FOMEX FL600 FLEX BI-COLOR"},"content":{"rendered":"<p>Le Fomex LED FL600, est un \u00e9clairage flexible LED bi-colore de 60W. Sa plage de temp\u00e9rature de couleur s\u2019\u00e9tend de 3700 \u00e0 5600K avec un indice TLCI de 98.<\/p>\n<p>\u00a0<\/p>\n<p>Le Fomex LED FL600 est flexible et l\u00e9ger. Il se d\u00e9porte facilement sur un boom pour obtenir un \u00e9clairage diffus en hauteur. Il est \u00e9galement possible de l\u2019installer au bout d\u2019une perche manipul\u00e9e \u00e0 la main, offrant ainsi une solution d\u2019\u00e9clairage mobile adapt\u00e9e aux plans travelling avec suivi de personnages.\u00a0<\/p>\n<p>\u00a0<\/p>\n<p>Il est compatible avec une softbox incluse dans le kit permettant de modifier la lumi\u00e8re en fonction des besoins. Le FL600 se contr\u00f4le via un dimmer pour la luminosit\u00e9 et un autre pour la temp\u00e9rature de couleur.<\/p>\n<p>\u00a0<\/p>\n<p>Il fonctionne sur secteur ou peut sinon \u00eatre coupl\u00e9 \u00e0 deux batteries NPF gr\u00e2ce \u00e0 un module int\u00e9gr\u00e9 ou bien sur batterie V-Lock.<\/p>","protected":false},"excerpt":{"rendered":"<p>Led Panel Flexible<\/p>\n<p>\u200bPuissance : 60W\u00a0\u00a0<\/p>\n<p>T\u00b0 : 3200 \u2013 5600 K<\/p>\n<p>Dimensions :\u00a030&#215;30 cm<\/p>","protected":false},"featured_media":9647,"template":"","meta":[],"product_cat":[256],"product_tag":[301,311,296,310,298],"class_list":{"0":"post-4158","1":"product","2":"type-product","3":"status-publish","4":"has-post-thumbnail","6":"product_cat-led-panel-flex","7":"product_tag-30-120w","8":"product_tag-30w-ou-moins","9":"product_tag-bi-color","10":"product_tag-cineroid","11":"product_tag-daylight","13":"first","14":"instock","15":"taxable","16":"shipping-taxable","17":"purchasable","18":"product-type-rentable"},"yoast_head":"<!-- This site is optimized with the Yoast SEO plugin v24.1 - https:\/\/yoast.com\/wordpress\/plugins\/seo\/ -->\n<title>FOMEX FL600 FLEX BI-COLOR - Maximaloc<\/title>\n<meta name=\"robots\" content=\"index, follow, max-snippet:-1, max-image-preview:large, max-video-preview:-1\" \/>\n<link rel=\"canonical\" href=\"https:\/\/maximaloc.com\/en\/product\/fomex-fl600-flex-bi-color\/\" \/>\n<meta property=\"og:locale\" content=\"en_US\" \/>\n<meta property=\"og:type\" content=\"article\" \/>\n<meta property=\"og:title\" content=\"FOMEX FL600 FLEX BI-COLOR - Maximaloc\" \/>\n<meta property=\"og:description\" content=\"Led Panel Flexible \u200bPuissance : 60W\u00a0\u00a0 T\u00b0 : 3200 \u2013 5600 K Dimensions :\u00a030x30 cm\" \/>\n<meta property=\"og:url\" content=\"https:\/\/maximaloc.com\/en\/product\/fomex-fl600-flex-bi-color\/\" \/>\n<meta property=\"og:site_name\" content=\"Maximaloc\" \/>\n<meta property=\"article:publisher\" content=\"https:\/\/www.facebook.com\/Maximalocation\" \/>\n<meta property=\"article:modified_time\" content=\"2026-03-30T14:28:25+00:00\" \/>\n<meta property=\"og:image\" content=\"https:\/\/maximaloc.com\/wp-content\/uploads\/2024\/03\/fl-600-1.webp\" \/>\n\t<meta property=\"og:image:width\" content=\"580\" \/>\n\t<meta property=\"og:image:height\" content=\"420\" \/>\n\t<meta property=\"og:image:type\" content=\"image\/webp\" \/>\n<meta name=\"twitter:card\" content=\"summary_large_image\" \/>\n<meta name=\"twitter:label1\" content=\"Est. reading time\" \/>\n\t<meta name=\"twitter:data1\" content=\"1 minute\" \/>\n<script type=\"application\/ld+json\" class=\"yoast-schema-graph\">{\"@context\":\"https:\/\/schema.org\",\"@graph\":[{\"@type\":\"WebPage\",\"@id\":\"https:\/\/maximaloc.com\/produit\/fomex-fl600-flex-bi-color\/\",\"url\":\"https:\/\/maximaloc.com\/produit\/fomex-fl600-flex-bi-color\/\",\"name\":\"FOMEX FL600 FLEX BI-COLOR - Maximaloc\",\"isPartOf\":{\"@id\":\"https:\/\/maximaloc.com\/#website\"},\"primaryImageOfPage\":{\"@id\":\"https:\/\/maximaloc.com\/produit\/fomex-fl600-flex-bi-color\/#primaryimage\"},\"image\":{\"@id\":\"https:\/\/maximaloc.com\/produit\/fomex-fl600-flex-bi-color\/#primaryimage\"},\"thumbnailUrl\":\"https:\/\/maximaloc.com\/wp-content\/uploads\/2024\/03\/fl-600-1.webp\",\"datePublished\":\"2024-03-21T12:42:29+00:00\",\"dateModified\":\"2026-03-30T14:28:25+00:00\",\"breadcrumb\":{\"@id\":\"https:\/\/maximaloc.com\/produit\/fomex-fl600-flex-bi-color\/#breadcrumb\"},\"inLanguage\":\"en-US\",\"potentialAction\":[{\"@type\":\"ReadAction\",\"target\":[\"https:\/\/maximaloc.com\/produit\/fomex-fl600-flex-bi-color\/\"]}]},{\"@type\":\"ImageObject\",\"inLanguage\":\"en-US\",\"@id\":\"https:\/\/maximaloc.com\/produit\/fomex-fl600-flex-bi-color\/#primaryimage\",\"url\":\"https:\/\/maximaloc.com\/wp-content\/uploads\/2024\/03\/fl-600-1.webp\",\"contentUrl\":\"https:\/\/maximaloc.com\/wp-content\/uploads\/2024\/03\/fl-600-1.webp\",\"width\":580,\"height\":420,\"caption\":\"Fomex LED FL600 bi-color en location chez Maximaloc\"},{\"@type\":\"BreadcrumbList\",\"@id\":\"https:\/\/maximaloc.com\/produit\/fomex-fl600-flex-bi-color\/#breadcrumb\",\"itemListElement\":[{\"@type\":\"ListItem\",\"position\":1,\"name\":\"Accueil\",\"item\":\"https:\/\/maximaloc.com\/\"},{\"@type\":\"ListItem\",\"position\":2,\"name\":\"BOUTIQUE\",\"item\":\"https:\/\/maximaloc.com\/boutique\/\"},{\"@type\":\"ListItem\",\"position\":3,\"name\":\"FOMEX FL600 FLEX BI-COLOR\"}]},{\"@type\":\"WebSite\",\"@id\":\"https:\/\/maximaloc.com\/#website\",\"url\":\"https:\/\/maximaloc.com\/\",\"name\":\"Maximaloc\",\"description\":\"\",\"publisher\":{\"@id\":\"https:\/\/maximaloc.com\/#organization\"},\"potentialAction\":[{\"@type\":\"SearchAction\",\"target\":{\"@type\":\"EntryPoint\",\"urlTemplate\":\"https:\/\/maximaloc.com\/?s={search_term_string}\"},\"query-input\":{\"@type\":\"PropertyValueSpecification\",\"valueRequired\":true,\"valueName\":\"search_term_string\"}}],\"inLanguage\":\"en-US\"},{\"@type\":\"Organization\",\"@id\":\"https:\/\/maximaloc.com\/#organization\",\"name\":\"Maximaloc\",\"url\":\"https:\/\/maximaloc.com\/\",\"logo\":{\"@type\":\"ImageObject\",\"inLanguage\":\"en-US\",\"@id\":\"https:\/\/maximaloc.com\/#\/schema\/logo\/image\/\",\"url\":\"https:\/\/maximaloc.com\/wp-content\/uploads\/2024\/03\/logo_noir.png\",\"contentUrl\":\"https:\/\/maximaloc.com\/wp-content\/uploads\/2024\/03\/logo_noir.png\",\"width\":11750,\"height\":1231,\"caption\":\"Maximaloc\"},\"image\":{\"@id\":\"https:\/\/maximaloc.com\/#\/schema\/logo\/image\/\"},\"sameAs\":[\"https:\/\/www.facebook.com\/Maximalocation\"]}]}<\/script>\n<!-- \/ Yoast SEO plugin. -->","yoast_head_json":{"title":"FOMEX FL600 FLEX BI-COLOR - Maximaloc","robots":{"index":"index","follow":"follow","max-snippet":"max-snippet:-1","max-image-preview":"max-image-preview:large","max-video-preview":"max-video-preview:-1"},"canonical":"https:\/\/maximaloc.com\/en\/product\/fomex-fl600-flex-bi-color\/","og_locale":"en_US","og_type":"article","og_title":"FOMEX FL600 FLEX BI-COLOR - Maximaloc","og_description":"Led Panel Flexible \u200bPuissance : 60W\u00a0\u00a0 T\u00b0 : 3200 \u2013 5600 K Dimensions :\u00a030x30 cm","og_url":"https:\/\/maximaloc.com\/en\/product\/fomex-fl600-flex-bi-color\/","og_site_name":"Maximaloc","article_publisher":"https:\/\/www.facebook.com\/Maximalocation","article_modified_time":"2026-03-30T14:28:25+00:00","og_image":[{"width":580,"height":420,"url":"https:\/\/maximaloc.com\/wp-content\/uploads\/2024\/03\/fl-600-1.webp","type":"image\/webp"}],"twitter_card":"summary_large_image","twitter_misc":{"Est. reading time":"1 minute"},"schema":{"@context":"https:\/\/schema.org","@graph":[{"@type":"WebPage","@id":"https:\/\/maximaloc.com\/produit\/fomex-fl600-flex-bi-color\/","url":"https:\/\/maximaloc.com\/produit\/fomex-fl600-flex-bi-color\/","name":"FOMEX FL600 FLEX BI-COLOR - Maximaloc","isPartOf":{"@id":"https:\/\/maximaloc.com\/#website"},"primaryImageOfPage":{"@id":"https:\/\/maximaloc.com\/produit\/fomex-fl600-flex-bi-color\/#primaryimage"},"image":{"@id":"https:\/\/maximaloc.com\/produit\/fomex-fl600-flex-bi-color\/#primaryimage"},"thumbnailUrl":"https:\/\/maximaloc.com\/wp-content\/uploads\/2024\/03\/fl-600-1.webp","datePublished":"2024-03-21T12:42:29+00:00","dateModified":"2026-03-30T14:28:25+00:00","breadcrumb":{"@id":"https:\/\/maximaloc.com\/produit\/fomex-fl600-flex-bi-color\/#breadcrumb"},"inLanguage":"en-US","potentialAction":[{"@type":"ReadAction","target":["https:\/\/maximaloc.com\/produit\/fomex-fl600-flex-bi-color\/"]}]},{"@type":"ImageObject","inLanguage":"en-US","@id":"https:\/\/maximaloc.com\/produit\/fomex-fl600-flex-bi-color\/#primaryimage","url":"https:\/\/maximaloc.com\/wp-content\/uploads\/2024\/03\/fl-600-1.webp","contentUrl":"https:\/\/maximaloc.com\/wp-content\/uploads\/2024\/03\/fl-600-1.webp","width":580,"height":420,"caption":"Fomex LED FL600 bi-color en location chez Maximaloc"},{"@type":"BreadcrumbList","@id":"https:\/\/maximaloc.com\/produit\/fomex-fl600-flex-bi-color\/#breadcrumb","itemListElement":[{"@type":"ListItem","position":1,"name":"Accueil","item":"https:\/\/maximaloc.com\/"},{"@type":"ListItem","position":2,"name":"BOUTIQUE","item":"https:\/\/maximaloc.com\/boutique\/"},{"@type":"ListItem","position":3,"name":"FOMEX FL600 FLEX BI-COLOR"}]},{"@type":"WebSite","@id":"https:\/\/maximaloc.com\/#website","url":"https:\/\/maximaloc.com\/","name":"Maximaloc","description":"","publisher":{"@id":"https:\/\/maximaloc.com\/#organization"},"potentialAction":[{"@type":"SearchAction","target":{"@type":"EntryPoint","urlTemplate":"https:\/\/maximaloc.com\/?s={search_term_string}"},"query-input":{"@type":"PropertyValueSpecification","valueRequired":true,"valueName":"search_term_string"}}],"inLanguage":"en-US"},{"@type":"Organization","@id":"https:\/\/maximaloc.com\/#organization","name":"Maximaloc","url":"https:\/\/maximaloc.com\/","logo":{"@type":"ImageObject","inLanguage":"en-US","@id":"https:\/\/maximaloc.com\/#\/schema\/logo\/image\/","url":"https:\/\/maximaloc.com\/wp-content\/uploads\/2024\/03\/logo_noir.png","contentUrl":"https:\/\/maximaloc.com\/wp-content\/uploads\/2024\/03\/logo_noir.png","width":11750,"height":1231,"caption":"Maximaloc"},"image":{"@id":"https:\/\/maximaloc.com\/#\/schema\/logo\/image\/"},"sameAs":["https:\/\/www.facebook.com\/Maximalocation"]}]}},"_links":{"self":[{"href":"https:\/\/maximaloc.com\/en\/wp-json\/wp\/v2\/product\/4158","targetHints":{"allow":["GET"]}}],"collection":[{"href":"https:\/\/maximaloc.com\/en\/wp-json\/wp\/v2\/product"}],"about":[{"href":"https:\/\/maximaloc.com\/en\/wp-json\/wp\/v2\/types\/product"}],"wp:featuredmedia":[{"embeddable":true,"href":"https:\/\/maximaloc.com\/en\/wp-json\/wp\/v2\/media\/9647"}],"wp:attachment":[{"href":"https:\/\/maximaloc.com\/en\/wp-json\/wp\/v2\/media?parent=4158"}],"wp:term":[{"taxonomy":"product_cat","embeddable":true,"href":"https:\/\/maximaloc.com\/en\/wp-json\/wp\/v2\/product_cat?post=4158"},{"taxonomy":"product_tag","embeddable":true,"href":"https:\/\/maximaloc.com\/en\/wp-json\/wp\/v2\/product_tag?post=4158"}],"curies":[{"name":"wp","href":"https:\/\/api.w.org\/{rel}","templated":true}]}}