 {"id":4163,"date":"2024-03-21T13:42:30","date_gmt":"2024-03-21T12:42:30","guid":{"rendered":"https:\/\/maximaloc.com\/produit\/kit-3x-led-panels-30x15-mk-i-bi-color\/"},"modified":"2026-03-30T16:31:18","modified_gmt":"2026-03-30T14:31:18","slug":"kit-3x-led-panels-30x15-bi-color","status":"publish","type":"product","link":"https:\/\/maximaloc.com\/en\/product\/kit-3x-led-panels-30x15-bi-color\/","title":{"rendered":"KIT 3X LED PANELS 30X15 BI-COLOR"},"content":{"rendered":"<p>Panneau LED bi-colore 20W, de 30cm par 15cm avec plage de temp\u00e9rature de couleur variable\u00a0de 3200 \u00e0 5600K.<\/p>\n<p>C\u2019est un panneau LED l\u00e9ger, petit et polyvalent, il est possible de superposer plusieurs panneaux pour obtenir une plus grande surface d\u2019\u00e9clairage (panneau 60 par 30), ou d\u2019utiliser une poign\u00e9e avec un spigot de 16 pour obtenir une lumi\u00e8re main mobile.<\/p>\n<p>Il peut \u00eatre aliment\u00e9 sur secteur, ou par les batteries NP F970 incluses pour une autonomie \u00e0 pleine puissance de 3 heures par batterie.<\/p>\n<p>Il est disponible en kit de deux ou trois panneaux.<\/p>","protected":false},"excerpt":{"rendered":"<p>3x Led Panel 30&#215;15 cm<\/p>\n<p>\u200bPuissance: 20W \/ Led<\/p>\n<p>T\u00b0 : 3200 \u2013 5600 K<\/p>\n<p>Dimensions :\u00a030&#215;15 cm<\/p>","protected":false},"featured_media":19103,"template":"","meta":[],"product_cat":[255],"product_tag":[311,296,298],"class_list":{"0":"post-4163","1":"product","2":"type-product","3":"status-publish","4":"has-post-thumbnail","6":"product_cat-led-panel","7":"product_tag-30w-ou-moins","8":"product_tag-bi-color","9":"product_tag-daylight","11":"first","12":"instock","13":"taxable","14":"shipping-taxable","15":"purchasable","16":"product-type-rentable"},"yoast_head":"<!-- This site is optimized with the Yoast SEO plugin v24.1 - https:\/\/yoast.com\/wordpress\/plugins\/seo\/ -->\n<title>KIT 3X LED PANELS 30X15 BI-COLOR - Maximaloc<\/title>\n<meta name=\"robots\" content=\"index, follow, max-snippet:-1, max-image-preview:large, max-video-preview:-1\" \/>\n<link rel=\"canonical\" href=\"https:\/\/maximaloc.com\/en\/product\/kit-3x-led-panels-30x15-bi-color\/\" \/>\n<meta property=\"og:locale\" content=\"en_US\" \/>\n<meta property=\"og:type\" content=\"article\" \/>\n<meta property=\"og:title\" content=\"KIT 3X LED PANELS 30X15 BI-COLOR - Maximaloc\" \/>\n<meta property=\"og:description\" content=\"3x Led Panel 30x15 cm \u200bPuissance: 20W \/ Led T\u00b0 : 3200 \u2013 5600 K Dimensions :\u00a030x15 cm\" \/>\n<meta property=\"og:url\" content=\"https:\/\/maximaloc.com\/en\/product\/kit-3x-led-panels-30x15-bi-color\/\" \/>\n<meta property=\"og:site_name\" content=\"Maximaloc\" \/>\n<meta property=\"article:publisher\" content=\"https:\/\/www.facebook.com\/Maximalocation\" \/>\n<meta property=\"article:modified_time\" content=\"2026-03-30T14:31:18+00:00\" \/>\n<meta property=\"og:image\" content=\"https:\/\/maximaloc.com\/wp-content\/uploads\/2024\/03\/MODELE-PRODUIT-4.png\" \/>\n\t<meta property=\"og:image:width\" content=\"1000\" \/>\n\t<meta property=\"og:image:height\" content=\"1000\" \/>\n\t<meta property=\"og:image:type\" content=\"image\/png\" \/>\n<meta name=\"twitter:card\" content=\"summary_large_image\" \/>\n<meta name=\"twitter:label1\" content=\"Est. reading time\" \/>\n\t<meta name=\"twitter:data1\" content=\"1 minute\" \/>\n<script type=\"application\/ld+json\" class=\"yoast-schema-graph\">{\"@context\":\"https:\/\/schema.org\",\"@graph\":[{\"@type\":\"WebPage\",\"@id\":\"https:\/\/maximaloc.com\/produit\/kit-3x-led-panels-30x15-bi-color\/\",\"url\":\"https:\/\/maximaloc.com\/produit\/kit-3x-led-panels-30x15-bi-color\/\",\"name\":\"KIT 3X LED PANELS 30X15 BI-COLOR - Maximaloc\",\"isPartOf\":{\"@id\":\"https:\/\/maximaloc.com\/#website\"},\"primaryImageOfPage\":{\"@id\":\"https:\/\/maximaloc.com\/produit\/kit-3x-led-panels-30x15-bi-color\/#primaryimage\"},\"image\":{\"@id\":\"https:\/\/maximaloc.com\/produit\/kit-3x-led-panels-30x15-bi-color\/#primaryimage\"},\"thumbnailUrl\":\"https:\/\/maximaloc.com\/wp-content\/uploads\/2024\/03\/MODELE-PRODUIT-4.png\",\"datePublished\":\"2024-03-21T12:42:30+00:00\",\"dateModified\":\"2026-03-30T14:31:18+00:00\",\"breadcrumb\":{\"@id\":\"https:\/\/maximaloc.com\/produit\/kit-3x-led-panels-30x15-bi-color\/#breadcrumb\"},\"inLanguage\":\"en-US\",\"potentialAction\":[{\"@type\":\"ReadAction\",\"target\":[\"https:\/\/maximaloc.com\/produit\/kit-3x-led-panels-30x15-bi-color\/\"]}]},{\"@type\":\"ImageObject\",\"inLanguage\":\"en-US\",\"@id\":\"https:\/\/maximaloc.com\/produit\/kit-3x-led-panels-30x15-bi-color\/#primaryimage\",\"url\":\"https:\/\/maximaloc.com\/wp-content\/uploads\/2024\/03\/MODELE-PRODUIT-4.png\",\"contentUrl\":\"https:\/\/maximaloc.com\/wp-content\/uploads\/2024\/03\/MODELE-PRODUIT-4.png\",\"width\":1000,\"height\":1000},{\"@type\":\"BreadcrumbList\",\"@id\":\"https:\/\/maximaloc.com\/produit\/kit-3x-led-panels-30x15-bi-color\/#breadcrumb\",\"itemListElement\":[{\"@type\":\"ListItem\",\"position\":1,\"name\":\"Accueil\",\"item\":\"https:\/\/maximaloc.com\/\"},{\"@type\":\"ListItem\",\"position\":2,\"name\":\"BOUTIQUE\",\"item\":\"https:\/\/maximaloc.com\/boutique\/\"},{\"@type\":\"ListItem\",\"position\":3,\"name\":\"KIT 3X LED PANELS 30X15 BI-COLOR\"}]},{\"@type\":\"WebSite\",\"@id\":\"https:\/\/maximaloc.com\/#website\",\"url\":\"https:\/\/maximaloc.com\/\",\"name\":\"Maximaloc\",\"description\":\"\",\"publisher\":{\"@id\":\"https:\/\/maximaloc.com\/#organization\"},\"potentialAction\":[{\"@type\":\"SearchAction\",\"target\":{\"@type\":\"EntryPoint\",\"urlTemplate\":\"https:\/\/maximaloc.com\/?s={search_term_string}\"},\"query-input\":{\"@type\":\"PropertyValueSpecification\",\"valueRequired\":true,\"valueName\":\"search_term_string\"}}],\"inLanguage\":\"en-US\"},{\"@type\":\"Organization\",\"@id\":\"https:\/\/maximaloc.com\/#organization\",\"name\":\"Maximaloc\",\"url\":\"https:\/\/maximaloc.com\/\",\"logo\":{\"@type\":\"ImageObject\",\"inLanguage\":\"en-US\",\"@id\":\"https:\/\/maximaloc.com\/#\/schema\/logo\/image\/\",\"url\":\"https:\/\/maximaloc.com\/wp-content\/uploads\/2024\/03\/logo_noir.png\",\"contentUrl\":\"https:\/\/maximaloc.com\/wp-content\/uploads\/2024\/03\/logo_noir.png\",\"width\":11750,\"height\":1231,\"caption\":\"Maximaloc\"},\"image\":{\"@id\":\"https:\/\/maximaloc.com\/#\/schema\/logo\/image\/\"},\"sameAs\":[\"https:\/\/www.facebook.com\/Maximalocation\"]}]}<\/script>\n<!-- \/ Yoast SEO plugin. -->","yoast_head_json":{"title":"KIT 3X LED PANELS 30X15 BI-COLOR - Maximaloc","robots":{"index":"index","follow":"follow","max-snippet":"max-snippet:-1","max-image-preview":"max-image-preview:large","max-video-preview":"max-video-preview:-1"},"canonical":"https:\/\/maximaloc.com\/en\/product\/kit-3x-led-panels-30x15-bi-color\/","og_locale":"en_US","og_type":"article","og_title":"KIT 3X LED PANELS 30X15 BI-COLOR - Maximaloc","og_description":"3x Led Panel 30x15 cm \u200bPuissance: 20W \/ Led T\u00b0 : 3200 \u2013 5600 K Dimensions :\u00a030x15 cm","og_url":"https:\/\/maximaloc.com\/en\/product\/kit-3x-led-panels-30x15-bi-color\/","og_site_name":"Maximaloc","article_publisher":"https:\/\/www.facebook.com\/Maximalocation","article_modified_time":"2026-03-30T14:31:18+00:00","og_image":[{"width":1000,"height":1000,"url":"https:\/\/maximaloc.com\/wp-content\/uploads\/2024\/03\/MODELE-PRODUIT-4.png","type":"image\/png"}],"twitter_card":"summary_large_image","twitter_misc":{"Est. reading time":"1 minute"},"schema":{"@context":"https:\/\/schema.org","@graph":[{"@type":"WebPage","@id":"https:\/\/maximaloc.com\/produit\/kit-3x-led-panels-30x15-bi-color\/","url":"https:\/\/maximaloc.com\/produit\/kit-3x-led-panels-30x15-bi-color\/","name":"KIT 3X LED PANELS 30X15 BI-COLOR - Maximaloc","isPartOf":{"@id":"https:\/\/maximaloc.com\/#website"},"primaryImageOfPage":{"@id":"https:\/\/maximaloc.com\/produit\/kit-3x-led-panels-30x15-bi-color\/#primaryimage"},"image":{"@id":"https:\/\/maximaloc.com\/produit\/kit-3x-led-panels-30x15-bi-color\/#primaryimage"},"thumbnailUrl":"https:\/\/maximaloc.com\/wp-content\/uploads\/2024\/03\/MODELE-PRODUIT-4.png","datePublished":"2024-03-21T12:42:30+00:00","dateModified":"2026-03-30T14:31:18+00:00","breadcrumb":{"@id":"https:\/\/maximaloc.com\/produit\/kit-3x-led-panels-30x15-bi-color\/#breadcrumb"},"inLanguage":"en-US","potentialAction":[{"@type":"ReadAction","target":["https:\/\/maximaloc.com\/produit\/kit-3x-led-panels-30x15-bi-color\/"]}]},{"@type":"ImageObject","inLanguage":"en-US","@id":"https:\/\/maximaloc.com\/produit\/kit-3x-led-panels-30x15-bi-color\/#primaryimage","url":"https:\/\/maximaloc.com\/wp-content\/uploads\/2024\/03\/MODELE-PRODUIT-4.png","contentUrl":"https:\/\/maximaloc.com\/wp-content\/uploads\/2024\/03\/MODELE-PRODUIT-4.png","width":1000,"height":1000},{"@type":"BreadcrumbList","@id":"https:\/\/maximaloc.com\/produit\/kit-3x-led-panels-30x15-bi-color\/#breadcrumb","itemListElement":[{"@type":"ListItem","position":1,"name":"Accueil","item":"https:\/\/maximaloc.com\/"},{"@type":"ListItem","position":2,"name":"BOUTIQUE","item":"https:\/\/maximaloc.com\/boutique\/"},{"@type":"ListItem","position":3,"name":"KIT 3X LED PANELS 30X15 BI-COLOR"}]},{"@type":"WebSite","@id":"https:\/\/maximaloc.com\/#website","url":"https:\/\/maximaloc.com\/","name":"Maximaloc","description":"","publisher":{"@id":"https:\/\/maximaloc.com\/#organization"},"potentialAction":[{"@type":"SearchAction","target":{"@type":"EntryPoint","urlTemplate":"https:\/\/maximaloc.com\/?s={search_term_string}"},"query-input":{"@type":"PropertyValueSpecification","valueRequired":true,"valueName":"search_term_string"}}],"inLanguage":"en-US"},{"@type":"Organization","@id":"https:\/\/maximaloc.com\/#organization","name":"Maximaloc","url":"https:\/\/maximaloc.com\/","logo":{"@type":"ImageObject","inLanguage":"en-US","@id":"https:\/\/maximaloc.com\/#\/schema\/logo\/image\/","url":"https:\/\/maximaloc.com\/wp-content\/uploads\/2024\/03\/logo_noir.png","contentUrl":"https:\/\/maximaloc.com\/wp-content\/uploads\/2024\/03\/logo_noir.png","width":11750,"height":1231,"caption":"Maximaloc"},"image":{"@id":"https:\/\/maximaloc.com\/#\/schema\/logo\/image\/"},"sameAs":["https:\/\/www.facebook.com\/Maximalocation"]}]}},"_links":{"self":[{"href":"https:\/\/maximaloc.com\/en\/wp-json\/wp\/v2\/product\/4163","targetHints":{"allow":["GET"]}}],"collection":[{"href":"https:\/\/maximaloc.com\/en\/wp-json\/wp\/v2\/product"}],"about":[{"href":"https:\/\/maximaloc.com\/en\/wp-json\/wp\/v2\/types\/product"}],"wp:featuredmedia":[{"embeddable":true,"href":"https:\/\/maximaloc.com\/en\/wp-json\/wp\/v2\/media\/19103"}],"wp:attachment":[{"href":"https:\/\/maximaloc.com\/en\/wp-json\/wp\/v2\/media?parent=4163"}],"wp:term":[{"taxonomy":"product_cat","embeddable":true,"href":"https:\/\/maximaloc.com\/en\/wp-json\/wp\/v2\/product_cat?post=4163"},{"taxonomy":"product_tag","embeddable":true,"href":"https:\/\/maximaloc.com\/en\/wp-json\/wp\/v2\/product_tag?post=4163"}],"curies":[{"name":"wp","href":"https:\/\/api.w.org\/{rel}","templated":true}]}}