 {"id":4181,"date":"2024-03-21T13:42:34","date_gmt":"2024-03-21T12:42:34","guid":{"rendered":"https:\/\/maximaloc.com\/produit\/astera-kit-8x-spots-ax3-rgb\/"},"modified":"2026-03-30T16:30:47","modified_gmt":"2026-03-30T14:30:47","slug":"astera-kit-8x-spots-ax3-rgb","status":"publish","type":"product","link":"https:\/\/maximaloc.com\/en\/product\/astera-kit-8x-spots-ax3-rgb\/","title":{"rendered":"ASTERA KIT 8X SPOTS AX3 RGB"},"content":{"rendered":"<p>Le kit de 8 Astera AX3 est un ensemble de 8 projecteurs LED sans fil de haute qualit\u00e9 con\u00e7us pour l&#8217;\u00e9clairage de sc\u00e8ne et d&#8217;\u00e9v\u00e9nements professionnels. Les Astera AX3 sont des petits projecteurs de forme cylindrique, mesurant seulement 5,6 cm de diam\u00e8tre et 16,2 cm de longueur, ce qui les rend facile \u00e0 transporter et \u00e0 installer.<\/p>\n<p>\u00a0<\/p>\n<p>Chaque Astera AX3 est \u00e9quip\u00e9 d&#8217;une batterie rechargeable int\u00e9gr\u00e9e qui permet une utilisation sans fil pendant environ 2\u00a0heures \u00e0 pleine puissance. Les projecteurs peuvent \u00e9galement \u00eatre contr\u00f4l\u00e9s \u00e0 distance \u00e0 l&#8217;aide d&#8217;un \u00e9metteur sans fil Astera ou d&#8217;une application mobile d\u00e9di\u00e9e.<\/p>\n<p>\u00a0<\/p>\n<p>Le kit de 8 Astera AX3 comprend \u00e9galement une station de charge qui peut charger simultan\u00e9ment les 8 projecteurs en environ 7 heures. Les projecteurs peuvent \u00e9galement \u00eatre charg\u00e9s individuellement \u00e0 l&#8217;aide d&#8217;un c\u00e2ble USB-C.<\/p>\n<p>\u00a0<\/p>\n<p>Points forts :\u00a0<\/p>\n<ul>\n<li>Rendu de couleurs ultra-\u00e9lev\u00e9 (CRI \u226596, de 3200K~6500K)<\/li>\n<li>Autonomie de 20h<\/li>\n<li>Contr\u00f4le sans fil<\/li>\n<\/ul>","protected":false},"excerpt":{"rendered":"<p>8x Par Led RGB 15W<\/p>\n<p>Autonomie Max 20h<\/p>\n<p>T\u00b0 :\u00a0 RGB \/ 2000 &#8211; 10.000 K<\/p>\n<p>Etanch\u00e9it\u00e9 : IP65<\/p>","protected":false},"featured_media":9616,"template":"","meta":[],"product_cat":[1342,257],"product_tag":[311,307,296,298,299],"class_list":{"0":"post-4181","1":"product","2":"type-product","3":"status-publish","4":"has-post-thumbnail","6":"product_cat-evenementiel","7":"product_cat-par-led","8":"product_tag-30w-ou-moins","9":"product_tag-astera","10":"product_tag-bi-color","11":"product_tag-daylight","12":"product_tag-rgb","14":"first","15":"instock","16":"taxable","17":"shipping-taxable","18":"purchasable","19":"product-type-rentable"},"yoast_head":"<!-- This site is optimized with the Yoast SEO plugin v24.1 - https:\/\/yoast.com\/wordpress\/plugins\/seo\/ -->\n<title>ASTERA KIT 8X SPOTS AX3 RGB - Maximaloc<\/title>\n<meta name=\"robots\" content=\"index, follow, max-snippet:-1, max-image-preview:large, max-video-preview:-1\" \/>\n<link rel=\"canonical\" href=\"https:\/\/maximaloc.com\/en\/product\/astera-kit-8x-spots-ax3-rgb\/\" \/>\n<meta property=\"og:locale\" content=\"en_US\" \/>\n<meta property=\"og:type\" content=\"article\" \/>\n<meta property=\"og:title\" content=\"ASTERA KIT 8X SPOTS AX3 RGB - Maximaloc\" \/>\n<meta property=\"og:description\" content=\"8x Par Led RGB 15W Autonomie Max 20h T\u00b0 :\u00a0 RGB \/ 2000 - 10.000 K Etanch\u00e9it\u00e9 : IP65\" \/>\n<meta property=\"og:url\" content=\"https:\/\/maximaloc.com\/en\/product\/astera-kit-8x-spots-ax3-rgb\/\" \/>\n<meta property=\"og:site_name\" content=\"Maximaloc\" \/>\n<meta property=\"article:publisher\" content=\"https:\/\/www.facebook.com\/Maximalocation\" \/>\n<meta property=\"article:modified_time\" content=\"2026-03-30T14:30:47+00:00\" \/>\n<meta property=\"og:image\" content=\"https:\/\/maximaloc.com\/wp-content\/uploads\/2024\/03\/1-13.webp\" \/>\n\t<meta property=\"og:image:width\" content=\"725\" \/>\n\t<meta property=\"og:image:height\" content=\"525\" \/>\n\t<meta property=\"og:image:type\" content=\"image\/webp\" \/>\n<meta name=\"twitter:card\" content=\"summary_large_image\" \/>\n<meta name=\"twitter:label1\" content=\"Est. reading time\" \/>\n\t<meta name=\"twitter:data1\" content=\"1 minute\" \/>\n<script type=\"application\/ld+json\" class=\"yoast-schema-graph\">{\"@context\":\"https:\/\/schema.org\",\"@graph\":[{\"@type\":\"WebPage\",\"@id\":\"https:\/\/maximaloc.com\/produit\/astera-kit-8x-spots-ax3-rgb\/\",\"url\":\"https:\/\/maximaloc.com\/produit\/astera-kit-8x-spots-ax3-rgb\/\",\"name\":\"ASTERA KIT 8X SPOTS AX3 RGB - Maximaloc\",\"isPartOf\":{\"@id\":\"https:\/\/maximaloc.com\/#website\"},\"primaryImageOfPage\":{\"@id\":\"https:\/\/maximaloc.com\/produit\/astera-kit-8x-spots-ax3-rgb\/#primaryimage\"},\"image\":{\"@id\":\"https:\/\/maximaloc.com\/produit\/astera-kit-8x-spots-ax3-rgb\/#primaryimage\"},\"thumbnailUrl\":\"https:\/\/maximaloc.com\/wp-content\/uploads\/2024\/03\/1-13.webp\",\"datePublished\":\"2024-03-21T12:42:34+00:00\",\"dateModified\":\"2026-03-30T14:30:47+00:00\",\"breadcrumb\":{\"@id\":\"https:\/\/maximaloc.com\/produit\/astera-kit-8x-spots-ax3-rgb\/#breadcrumb\"},\"inLanguage\":\"en-US\",\"potentialAction\":[{\"@type\":\"ReadAction\",\"target\":[\"https:\/\/maximaloc.com\/produit\/astera-kit-8x-spots-ax3-rgb\/\"]}]},{\"@type\":\"ImageObject\",\"inLanguage\":\"en-US\",\"@id\":\"https:\/\/maximaloc.com\/produit\/astera-kit-8x-spots-ax3-rgb\/#primaryimage\",\"url\":\"https:\/\/maximaloc.com\/wp-content\/uploads\/2024\/03\/1-13.webp\",\"contentUrl\":\"https:\/\/maximaloc.com\/wp-content\/uploads\/2024\/03\/1-13.webp\",\"width\":725,\"height\":525,\"caption\":\"Kit 8x Astera AX3 Par Led RGB 15W avec valise en location\"},{\"@type\":\"BreadcrumbList\",\"@id\":\"https:\/\/maximaloc.com\/produit\/astera-kit-8x-spots-ax3-rgb\/#breadcrumb\",\"itemListElement\":[{\"@type\":\"ListItem\",\"position\":1,\"name\":\"Accueil\",\"item\":\"https:\/\/maximaloc.com\/\"},{\"@type\":\"ListItem\",\"position\":2,\"name\":\"BOUTIQUE\",\"item\":\"https:\/\/maximaloc.com\/boutique\/\"},{\"@type\":\"ListItem\",\"position\":3,\"name\":\"ASTERA KIT 8X SPOTS AX3 RGB\"}]},{\"@type\":\"WebSite\",\"@id\":\"https:\/\/maximaloc.com\/#website\",\"url\":\"https:\/\/maximaloc.com\/\",\"name\":\"Maximaloc\",\"description\":\"\",\"publisher\":{\"@id\":\"https:\/\/maximaloc.com\/#organization\"},\"potentialAction\":[{\"@type\":\"SearchAction\",\"target\":{\"@type\":\"EntryPoint\",\"urlTemplate\":\"https:\/\/maximaloc.com\/?s={search_term_string}\"},\"query-input\":{\"@type\":\"PropertyValueSpecification\",\"valueRequired\":true,\"valueName\":\"search_term_string\"}}],\"inLanguage\":\"en-US\"},{\"@type\":\"Organization\",\"@id\":\"https:\/\/maximaloc.com\/#organization\",\"name\":\"Maximaloc\",\"url\":\"https:\/\/maximaloc.com\/\",\"logo\":{\"@type\":\"ImageObject\",\"inLanguage\":\"en-US\",\"@id\":\"https:\/\/maximaloc.com\/#\/schema\/logo\/image\/\",\"url\":\"https:\/\/maximaloc.com\/wp-content\/uploads\/2024\/03\/logo_noir.png\",\"contentUrl\":\"https:\/\/maximaloc.com\/wp-content\/uploads\/2024\/03\/logo_noir.png\",\"width\":11750,\"height\":1231,\"caption\":\"Maximaloc\"},\"image\":{\"@id\":\"https:\/\/maximaloc.com\/#\/schema\/logo\/image\/\"},\"sameAs\":[\"https:\/\/www.facebook.com\/Maximalocation\"]}]}<\/script>\n<!-- \/ Yoast SEO plugin. -->","yoast_head_json":{"title":"ASTERA KIT 8X SPOTS AX3 RGB - Maximaloc","robots":{"index":"index","follow":"follow","max-snippet":"max-snippet:-1","max-image-preview":"max-image-preview:large","max-video-preview":"max-video-preview:-1"},"canonical":"https:\/\/maximaloc.com\/en\/product\/astera-kit-8x-spots-ax3-rgb\/","og_locale":"en_US","og_type":"article","og_title":"ASTERA KIT 8X SPOTS AX3 RGB - Maximaloc","og_description":"8x Par Led RGB 15W Autonomie Max 20h T\u00b0 :\u00a0 RGB \/ 2000 - 10.000 K Etanch\u00e9it\u00e9 : IP65","og_url":"https:\/\/maximaloc.com\/en\/product\/astera-kit-8x-spots-ax3-rgb\/","og_site_name":"Maximaloc","article_publisher":"https:\/\/www.facebook.com\/Maximalocation","article_modified_time":"2026-03-30T14:30:47+00:00","og_image":[{"width":725,"height":525,"url":"https:\/\/maximaloc.com\/wp-content\/uploads\/2024\/03\/1-13.webp","type":"image\/webp"}],"twitter_card":"summary_large_image","twitter_misc":{"Est. reading time":"1 minute"},"schema":{"@context":"https:\/\/schema.org","@graph":[{"@type":"WebPage","@id":"https:\/\/maximaloc.com\/produit\/astera-kit-8x-spots-ax3-rgb\/","url":"https:\/\/maximaloc.com\/produit\/astera-kit-8x-spots-ax3-rgb\/","name":"ASTERA KIT 8X SPOTS AX3 RGB - Maximaloc","isPartOf":{"@id":"https:\/\/maximaloc.com\/#website"},"primaryImageOfPage":{"@id":"https:\/\/maximaloc.com\/produit\/astera-kit-8x-spots-ax3-rgb\/#primaryimage"},"image":{"@id":"https:\/\/maximaloc.com\/produit\/astera-kit-8x-spots-ax3-rgb\/#primaryimage"},"thumbnailUrl":"https:\/\/maximaloc.com\/wp-content\/uploads\/2024\/03\/1-13.webp","datePublished":"2024-03-21T12:42:34+00:00","dateModified":"2026-03-30T14:30:47+00:00","breadcrumb":{"@id":"https:\/\/maximaloc.com\/produit\/astera-kit-8x-spots-ax3-rgb\/#breadcrumb"},"inLanguage":"en-US","potentialAction":[{"@type":"ReadAction","target":["https:\/\/maximaloc.com\/produit\/astera-kit-8x-spots-ax3-rgb\/"]}]},{"@type":"ImageObject","inLanguage":"en-US","@id":"https:\/\/maximaloc.com\/produit\/astera-kit-8x-spots-ax3-rgb\/#primaryimage","url":"https:\/\/maximaloc.com\/wp-content\/uploads\/2024\/03\/1-13.webp","contentUrl":"https:\/\/maximaloc.com\/wp-content\/uploads\/2024\/03\/1-13.webp","width":725,"height":525,"caption":"Kit 8x Astera AX3 Par Led RGB 15W avec valise en location"},{"@type":"BreadcrumbList","@id":"https:\/\/maximaloc.com\/produit\/astera-kit-8x-spots-ax3-rgb\/#breadcrumb","itemListElement":[{"@type":"ListItem","position":1,"name":"Accueil","item":"https:\/\/maximaloc.com\/"},{"@type":"ListItem","position":2,"name":"BOUTIQUE","item":"https:\/\/maximaloc.com\/boutique\/"},{"@type":"ListItem","position":3,"name":"ASTERA KIT 8X SPOTS AX3 RGB"}]},{"@type":"WebSite","@id":"https:\/\/maximaloc.com\/#website","url":"https:\/\/maximaloc.com\/","name":"Maximaloc","description":"","publisher":{"@id":"https:\/\/maximaloc.com\/#organization"},"potentialAction":[{"@type":"SearchAction","target":{"@type":"EntryPoint","urlTemplate":"https:\/\/maximaloc.com\/?s={search_term_string}"},"query-input":{"@type":"PropertyValueSpecification","valueRequired":true,"valueName":"search_term_string"}}],"inLanguage":"en-US"},{"@type":"Organization","@id":"https:\/\/maximaloc.com\/#organization","name":"Maximaloc","url":"https:\/\/maximaloc.com\/","logo":{"@type":"ImageObject","inLanguage":"en-US","@id":"https:\/\/maximaloc.com\/#\/schema\/logo\/image\/","url":"https:\/\/maximaloc.com\/wp-content\/uploads\/2024\/03\/logo_noir.png","contentUrl":"https:\/\/maximaloc.com\/wp-content\/uploads\/2024\/03\/logo_noir.png","width":11750,"height":1231,"caption":"Maximaloc"},"image":{"@id":"https:\/\/maximaloc.com\/#\/schema\/logo\/image\/"},"sameAs":["https:\/\/www.facebook.com\/Maximalocation"]}]}},"_links":{"self":[{"href":"https:\/\/maximaloc.com\/en\/wp-json\/wp\/v2\/product\/4181","targetHints":{"allow":["GET"]}}],"collection":[{"href":"https:\/\/maximaloc.com\/en\/wp-json\/wp\/v2\/product"}],"about":[{"href":"https:\/\/maximaloc.com\/en\/wp-json\/wp\/v2\/types\/product"}],"wp:featuredmedia":[{"embeddable":true,"href":"https:\/\/maximaloc.com\/en\/wp-json\/wp\/v2\/media\/9616"}],"wp:attachment":[{"href":"https:\/\/maximaloc.com\/en\/wp-json\/wp\/v2\/media?parent=4181"}],"wp:term":[{"taxonomy":"product_cat","embeddable":true,"href":"https:\/\/maximaloc.com\/en\/wp-json\/wp\/v2\/product_cat?post=4181"},{"taxonomy":"product_tag","embeddable":true,"href":"https:\/\/maximaloc.com\/en\/wp-json\/wp\/v2\/product_tag?post=4181"}],"curies":[{"name":"wp","href":"https:\/\/api.w.org\/{rel}","templated":true}]}}