 {"id":4205,"date":"2024-03-21T13:42:41","date_gmt":"2024-03-21T12:42:41","guid":{"rendered":"https:\/\/maximaloc.com\/produit\/yongnuo-flash-cobra-yn-560-mk-iv-mini-pied\/"},"modified":"2026-03-30T16:29:57","modified_gmt":"2026-03-30T14:29:57","slug":"yongnuo-flash-cobra-yn-560-mk-iv","status":"publish","type":"product","link":"https:\/\/maximaloc.com\/en\/product\/yongnuo-flash-cobra-yn-560-mk-iv\/","title":{"rendered":"YONGNUO FLASH COBRA YN-560 MK IV"},"content":{"rendered":"<p>Flash Cobra Universel.<\/p>\n<p>Le Yognuo YN 560 IV est un choix polyvalent avec une gamme de fonctionnalit\u00e9s qui le rendent adaptable \u00e0 diverses situations. Contr\u00f4lez manuellement la puissance de 1\/1 \u00e0 1\/128 en incr\u00e9ments de 1\/3 EV, et ajustez l&#8217;angle de la t\u00eate du flash pour un \u00e9clairage rebondissant pr\u00e9cis.\u00a0<\/p>\n<p>\u00a0<\/p>\n<p>Il offre \u00e9galement des options de transmission optique ma\u00eetre\/esclave et une connectivit\u00e9 sans fil via des t\u00e9l\u00e9commandes optionnelles. Avec un port de synchronisation de 3,5 mm et une alimentation par quatre piles AA. Il garantit une autonomie de 230 flashs \u00e0 puissance 1\/1 ainsi qu\u2019un \u00e9clairage fiable et flexible pour vos besoins photographiques.<\/p>","protected":false},"excerpt":{"rendered":"<p>Flash Cobra\u00a0<\/p>\n<p>Compatibilit\u00e9 : toutes marques<\/p>\n<p>Puissance : 1\/1 &#8211; 1\/128<\/p>\n<p>Temps max de recharge : 2,6s<\/p>","protected":false},"featured_media":9371,"template":"","meta":[],"product_cat":[253],"product_tag":[298,304],"class_list":{"0":"post-4205","1":"product","2":"type-product","3":"status-publish","4":"has-post-thumbnail","6":"product_cat-flash","7":"product_tag-daylight","8":"product_tag-godox","10":"first","11":"instock","12":"taxable","13":"shipping-taxable","14":"purchasable","15":"product-type-rentable"},"yoast_head":"<!-- This site is optimized with the Yoast SEO plugin v24.1 - https:\/\/yoast.com\/wordpress\/plugins\/seo\/ -->\n<title>YONGNUO FLASH COBRA YN-560 MK IV - Maximaloc<\/title>\n<meta name=\"robots\" content=\"index, follow, max-snippet:-1, max-image-preview:large, max-video-preview:-1\" \/>\n<link rel=\"canonical\" href=\"https:\/\/maximaloc.com\/en\/product\/yongnuo-flash-cobra-yn-560-mk-iv\/\" \/>\n<meta property=\"og:locale\" content=\"en_US\" \/>\n<meta property=\"og:type\" content=\"article\" \/>\n<meta property=\"og:title\" content=\"YONGNUO FLASH COBRA YN-560 MK IV - Maximaloc\" \/>\n<meta property=\"og:description\" content=\"Flash Cobra\u00a0 Compatibilit\u00e9 : toutes marques Puissance : 1\/1 - 1\/128 Temps max de recharge : 2,6s\" \/>\n<meta property=\"og:url\" content=\"https:\/\/maximaloc.com\/en\/product\/yongnuo-flash-cobra-yn-560-mk-iv\/\" \/>\n<meta property=\"og:site_name\" content=\"Maximaloc\" \/>\n<meta property=\"article:publisher\" content=\"https:\/\/www.facebook.com\/Maximalocation\" \/>\n<meta property=\"article:modified_time\" content=\"2026-03-30T14:29:57+00:00\" \/>\n<meta property=\"og:image\" content=\"https:\/\/maximaloc.com\/wp-content\/uploads\/2024\/03\/b49820_8b367291136c4825a0bc7ee774859145mv2.webp\" \/>\n\t<meta property=\"og:image:width\" content=\"580\" \/>\n\t<meta property=\"og:image:height\" content=\"420\" \/>\n\t<meta property=\"og:image:type\" content=\"image\/webp\" \/>\n<meta name=\"twitter:card\" content=\"summary_large_image\" \/>\n<meta name=\"twitter:label1\" content=\"Est. reading time\" \/>\n\t<meta name=\"twitter:data1\" content=\"1 minute\" \/>\n<script type=\"application\/ld+json\" class=\"yoast-schema-graph\">{\"@context\":\"https:\/\/schema.org\",\"@graph\":[{\"@type\":\"WebPage\",\"@id\":\"https:\/\/maximaloc.com\/produit\/yongnuo-flash-cobra-yn-560-mk-iv\/\",\"url\":\"https:\/\/maximaloc.com\/produit\/yongnuo-flash-cobra-yn-560-mk-iv\/\",\"name\":\"YONGNUO FLASH COBRA YN-560 MK IV - Maximaloc\",\"isPartOf\":{\"@id\":\"https:\/\/maximaloc.com\/#website\"},\"primaryImageOfPage\":{\"@id\":\"https:\/\/maximaloc.com\/produit\/yongnuo-flash-cobra-yn-560-mk-iv\/#primaryimage\"},\"image\":{\"@id\":\"https:\/\/maximaloc.com\/produit\/yongnuo-flash-cobra-yn-560-mk-iv\/#primaryimage\"},\"thumbnailUrl\":\"https:\/\/maximaloc.com\/wp-content\/uploads\/2024\/03\/b49820_8b367291136c4825a0bc7ee774859145mv2.webp\",\"datePublished\":\"2024-03-21T12:42:41+00:00\",\"dateModified\":\"2026-03-30T14:29:57+00:00\",\"breadcrumb\":{\"@id\":\"https:\/\/maximaloc.com\/produit\/yongnuo-flash-cobra-yn-560-mk-iv\/#breadcrumb\"},\"inLanguage\":\"en-US\",\"potentialAction\":[{\"@type\":\"ReadAction\",\"target\":[\"https:\/\/maximaloc.com\/produit\/yongnuo-flash-cobra-yn-560-mk-iv\/\"]}]},{\"@type\":\"ImageObject\",\"inLanguage\":\"en-US\",\"@id\":\"https:\/\/maximaloc.com\/produit\/yongnuo-flash-cobra-yn-560-mk-iv\/#primaryimage\",\"url\":\"https:\/\/maximaloc.com\/wp-content\/uploads\/2024\/03\/b49820_8b367291136c4825a0bc7ee774859145mv2.webp\",\"contentUrl\":\"https:\/\/maximaloc.com\/wp-content\/uploads\/2024\/03\/b49820_8b367291136c4825a0bc7ee774859145mv2.webp\",\"width\":580,\"height\":420,\"caption\":\"Flash Cobra universel, t\u00eate pivotante, compact\"},{\"@type\":\"BreadcrumbList\",\"@id\":\"https:\/\/maximaloc.com\/produit\/yongnuo-flash-cobra-yn-560-mk-iv\/#breadcrumb\",\"itemListElement\":[{\"@type\":\"ListItem\",\"position\":1,\"name\":\"Accueil\",\"item\":\"https:\/\/maximaloc.com\/\"},{\"@type\":\"ListItem\",\"position\":2,\"name\":\"BOUTIQUE\",\"item\":\"https:\/\/maximaloc.com\/boutique\/\"},{\"@type\":\"ListItem\",\"position\":3,\"name\":\"YONGNUO FLASH COBRA YN-560 MK IV\"}]},{\"@type\":\"WebSite\",\"@id\":\"https:\/\/maximaloc.com\/#website\",\"url\":\"https:\/\/maximaloc.com\/\",\"name\":\"Maximaloc\",\"description\":\"\",\"publisher\":{\"@id\":\"https:\/\/maximaloc.com\/#organization\"},\"potentialAction\":[{\"@type\":\"SearchAction\",\"target\":{\"@type\":\"EntryPoint\",\"urlTemplate\":\"https:\/\/maximaloc.com\/?s={search_term_string}\"},\"query-input\":{\"@type\":\"PropertyValueSpecification\",\"valueRequired\":true,\"valueName\":\"search_term_string\"}}],\"inLanguage\":\"en-US\"},{\"@type\":\"Organization\",\"@id\":\"https:\/\/maximaloc.com\/#organization\",\"name\":\"Maximaloc\",\"url\":\"https:\/\/maximaloc.com\/\",\"logo\":{\"@type\":\"ImageObject\",\"inLanguage\":\"en-US\",\"@id\":\"https:\/\/maximaloc.com\/#\/schema\/logo\/image\/\",\"url\":\"https:\/\/maximaloc.com\/wp-content\/uploads\/2024\/03\/logo_noir.png\",\"contentUrl\":\"https:\/\/maximaloc.com\/wp-content\/uploads\/2024\/03\/logo_noir.png\",\"width\":11750,\"height\":1231,\"caption\":\"Maximaloc\"},\"image\":{\"@id\":\"https:\/\/maximaloc.com\/#\/schema\/logo\/image\/\"},\"sameAs\":[\"https:\/\/www.facebook.com\/Maximalocation\"]}]}<\/script>\n<!-- \/ Yoast SEO plugin. -->","yoast_head_json":{"title":"YONGNUO FLASH COBRA YN-560 MK IV - Maximaloc","robots":{"index":"index","follow":"follow","max-snippet":"max-snippet:-1","max-image-preview":"max-image-preview:large","max-video-preview":"max-video-preview:-1"},"canonical":"https:\/\/maximaloc.com\/en\/product\/yongnuo-flash-cobra-yn-560-mk-iv\/","og_locale":"en_US","og_type":"article","og_title":"YONGNUO FLASH COBRA YN-560 MK IV - Maximaloc","og_description":"Flash Cobra\u00a0 Compatibilit\u00e9 : toutes marques Puissance : 1\/1 - 1\/128 Temps max de recharge : 2,6s","og_url":"https:\/\/maximaloc.com\/en\/product\/yongnuo-flash-cobra-yn-560-mk-iv\/","og_site_name":"Maximaloc","article_publisher":"https:\/\/www.facebook.com\/Maximalocation","article_modified_time":"2026-03-30T14:29:57+00:00","og_image":[{"width":580,"height":420,"url":"https:\/\/maximaloc.com\/wp-content\/uploads\/2024\/03\/b49820_8b367291136c4825a0bc7ee774859145mv2.webp","type":"image\/webp"}],"twitter_card":"summary_large_image","twitter_misc":{"Est. reading time":"1 minute"},"schema":{"@context":"https:\/\/schema.org","@graph":[{"@type":"WebPage","@id":"https:\/\/maximaloc.com\/produit\/yongnuo-flash-cobra-yn-560-mk-iv\/","url":"https:\/\/maximaloc.com\/produit\/yongnuo-flash-cobra-yn-560-mk-iv\/","name":"YONGNUO FLASH COBRA YN-560 MK IV - Maximaloc","isPartOf":{"@id":"https:\/\/maximaloc.com\/#website"},"primaryImageOfPage":{"@id":"https:\/\/maximaloc.com\/produit\/yongnuo-flash-cobra-yn-560-mk-iv\/#primaryimage"},"image":{"@id":"https:\/\/maximaloc.com\/produit\/yongnuo-flash-cobra-yn-560-mk-iv\/#primaryimage"},"thumbnailUrl":"https:\/\/maximaloc.com\/wp-content\/uploads\/2024\/03\/b49820_8b367291136c4825a0bc7ee774859145mv2.webp","datePublished":"2024-03-21T12:42:41+00:00","dateModified":"2026-03-30T14:29:57+00:00","breadcrumb":{"@id":"https:\/\/maximaloc.com\/produit\/yongnuo-flash-cobra-yn-560-mk-iv\/#breadcrumb"},"inLanguage":"en-US","potentialAction":[{"@type":"ReadAction","target":["https:\/\/maximaloc.com\/produit\/yongnuo-flash-cobra-yn-560-mk-iv\/"]}]},{"@type":"ImageObject","inLanguage":"en-US","@id":"https:\/\/maximaloc.com\/produit\/yongnuo-flash-cobra-yn-560-mk-iv\/#primaryimage","url":"https:\/\/maximaloc.com\/wp-content\/uploads\/2024\/03\/b49820_8b367291136c4825a0bc7ee774859145mv2.webp","contentUrl":"https:\/\/maximaloc.com\/wp-content\/uploads\/2024\/03\/b49820_8b367291136c4825a0bc7ee774859145mv2.webp","width":580,"height":420,"caption":"Flash Cobra universel, t\u00eate pivotante, compact"},{"@type":"BreadcrumbList","@id":"https:\/\/maximaloc.com\/produit\/yongnuo-flash-cobra-yn-560-mk-iv\/#breadcrumb","itemListElement":[{"@type":"ListItem","position":1,"name":"Accueil","item":"https:\/\/maximaloc.com\/"},{"@type":"ListItem","position":2,"name":"BOUTIQUE","item":"https:\/\/maximaloc.com\/boutique\/"},{"@type":"ListItem","position":3,"name":"YONGNUO FLASH COBRA YN-560 MK IV"}]},{"@type":"WebSite","@id":"https:\/\/maximaloc.com\/#website","url":"https:\/\/maximaloc.com\/","name":"Maximaloc","description":"","publisher":{"@id":"https:\/\/maximaloc.com\/#organization"},"potentialAction":[{"@type":"SearchAction","target":{"@type":"EntryPoint","urlTemplate":"https:\/\/maximaloc.com\/?s={search_term_string}"},"query-input":{"@type":"PropertyValueSpecification","valueRequired":true,"valueName":"search_term_string"}}],"inLanguage":"en-US"},{"@type":"Organization","@id":"https:\/\/maximaloc.com\/#organization","name":"Maximaloc","url":"https:\/\/maximaloc.com\/","logo":{"@type":"ImageObject","inLanguage":"en-US","@id":"https:\/\/maximaloc.com\/#\/schema\/logo\/image\/","url":"https:\/\/maximaloc.com\/wp-content\/uploads\/2024\/03\/logo_noir.png","contentUrl":"https:\/\/maximaloc.com\/wp-content\/uploads\/2024\/03\/logo_noir.png","width":11750,"height":1231,"caption":"Maximaloc"},"image":{"@id":"https:\/\/maximaloc.com\/#\/schema\/logo\/image\/"},"sameAs":["https:\/\/www.facebook.com\/Maximalocation"]}]}},"_links":{"self":[{"href":"https:\/\/maximaloc.com\/en\/wp-json\/wp\/v2\/product\/4205","targetHints":{"allow":["GET"]}}],"collection":[{"href":"https:\/\/maximaloc.com\/en\/wp-json\/wp\/v2\/product"}],"about":[{"href":"https:\/\/maximaloc.com\/en\/wp-json\/wp\/v2\/types\/product"}],"wp:featuredmedia":[{"embeddable":true,"href":"https:\/\/maximaloc.com\/en\/wp-json\/wp\/v2\/media\/9371"}],"wp:attachment":[{"href":"https:\/\/maximaloc.com\/en\/wp-json\/wp\/v2\/media?parent=4205"}],"wp:term":[{"taxonomy":"product_cat","embeddable":true,"href":"https:\/\/maximaloc.com\/en\/wp-json\/wp\/v2\/product_cat?post=4205"},{"taxonomy":"product_tag","embeddable":true,"href":"https:\/\/maximaloc.com\/en\/wp-json\/wp\/v2\/product_tag?post=4205"}],"curies":[{"name":"wp","href":"https:\/\/api.w.org\/{rel}","templated":true}]}}