 {"id":4244,"date":"2024-03-21T13:42:52","date_gmt":"2024-03-21T12:42:52","guid":{"rendered":"https:\/\/maximaloc.com\/produit\/drapeau-pliant-45x60cm-cadre\/"},"modified":"2026-04-28T15:35:28","modified_gmt":"2026-04-28T13:35:28","slug":"drapeau-pliant-45x60cm","status":"publish","type":"product","link":"https:\/\/maximaloc.com\/en\/product\/drapeau-pliant-45x60cm\/","title":{"rendered":"DRAPEAU PLIANT 45x60cm"},"content":{"rendered":"<p><u><strong>Location Drapeau Pliant 45\u00d760 cm \u00e0 Paris \u2013 Flag Articul\u00e9 | Maximaloc<\/strong><\/u><\/p>\n<p>Le drapeau pliant 45\u00d760 cm avec cadre articul\u00e9 en 4 sections offre une modularit\u00e9 suppl\u00e9mentaire pour le contr\u00f4le de lumi\u00e8re : les sections pivotantes permettent d&#8217;ajuster l&#8217;angle de chaque partie ind\u00e9pendamment pour un blocage pr\u00e9cis m\u00eame sur des configurations de plateau complexes.<\/p>\n<p><u><strong>Points forts<\/strong><\/u><u><\/u><u><\/u><\/p>\n<p>\u2022\u00a0\u00a0\u00a0\u00a0\u00a0\u00a0\u00a0 Cadre articul\u00e9 \u2013 ajustement fin de l&#8217;angle de chaque section<\/p>\n<p>\u2022\u00a0\u00a0\u00a0\u00a0\u00a0\u00a0\u00a0 Compact (45\u00d760cm) \u2013 pr\u00e9cis et maniable<\/p>\n<p>\u2022\u00a0\u00a0\u00a0\u00a0\u00a0\u00a0\u00a0 L\u00e9ger (400g) \u2013 montage facile sur bras<\/p>\n<p>\u00a0<\/p>\n<p>Location Drapeau Pliant 45\u00d760cm chez Maximaloc.<\/p>","protected":false},"excerpt":{"rendered":"<p>Drapeau\u00a0pliable\u00a0<\/p>\n<p>Dimensions : 45x60cm<\/p>","protected":false},"featured_media":9627,"template":"","meta":[],"product_cat":[263],"product_tag":[1585,1586,1577,1579,1467,1581,1584],"class_list":{"0":"post-4244","1":"product","2":"type-product","3":"status-publish","4":"has-post-thumbnail","6":"product_cat-reflo-diff-drapeau","7":"product_tag-45x60","8":"product_tag-articule","9":"product_tag-drapeau","10":"product_tag-flag","11":"product_tag-grip","12":"product_tag-noir","13":"product_tag-pliant","15":"first","16":"instock","17":"taxable","18":"shipping-taxable","19":"purchasable","20":"product-type-rentable"},"yoast_head":"<!-- This site is optimized with the Yoast SEO plugin v27.4 - https:\/\/yoast.com\/product\/yoast-seo-wordpress\/ -->\n<title>DRAPEAU PLIANT 45x60cm - Maximaloc<\/title>\n<meta name=\"robots\" content=\"index, follow, max-snippet:-1, max-image-preview:large, max-video-preview:-1\" \/>\n<link rel=\"canonical\" href=\"https:\/\/maximaloc.com\/en\/product\/drapeau-pliant-45x60cm\/\" \/>\n<meta property=\"og:locale\" content=\"en_US\" \/>\n<meta property=\"og:type\" content=\"article\" \/>\n<meta property=\"og:title\" content=\"DRAPEAU PLIANT 45x60cm - Maximaloc\" \/>\n<meta property=\"og:description\" content=\"Drapeau\u00a0pliable\u00a0 Dimensions : 45x60cm\" \/>\n<meta property=\"og:url\" content=\"https:\/\/maximaloc.com\/en\/product\/drapeau-pliant-45x60cm\/\" \/>\n<meta property=\"og:site_name\" content=\"Maximaloc\" \/>\n<meta property=\"article:publisher\" content=\"https:\/\/www.facebook.com\/Maximalocation\" \/>\n<meta property=\"article:modified_time\" content=\"2026-04-28T13:35:28+00:00\" \/>\n<meta property=\"og:image\" content=\"https:\/\/maximaloc.com\/wp-content\/uploads\/2024\/03\/drapeau-pliable-1.webp\" \/>\n\t<meta property=\"og:image:width\" content=\"580\" \/>\n\t<meta property=\"og:image:height\" content=\"420\" \/>\n\t<meta property=\"og:image:type\" content=\"image\/webp\" \/>\n<meta name=\"twitter:card\" content=\"summary_large_image\" \/>\n<meta name=\"twitter:label1\" content=\"Est. reading time\" \/>\n\t<meta name=\"twitter:data1\" content=\"1 minute\" \/>\n<script type=\"application\/ld+json\" class=\"yoast-schema-graph\">{\"@context\":\"https:\\\/\\\/schema.org\",\"@graph\":[{\"@type\":\"WebPage\",\"@id\":\"https:\\\/\\\/maximaloc.com\\\/produit\\\/drapeau-pliant-45x60cm\\\/\",\"url\":\"https:\\\/\\\/maximaloc.com\\\/produit\\\/drapeau-pliant-45x60cm\\\/\",\"name\":\"DRAPEAU PLIANT 45x60cm - Maximaloc\",\"isPartOf\":{\"@id\":\"https:\\\/\\\/maximaloc.com\\\/#website\"},\"primaryImageOfPage\":{\"@id\":\"https:\\\/\\\/maximaloc.com\\\/produit\\\/drapeau-pliant-45x60cm\\\/#primaryimage\"},\"image\":{\"@id\":\"https:\\\/\\\/maximaloc.com\\\/produit\\\/drapeau-pliant-45x60cm\\\/#primaryimage\"},\"thumbnailUrl\":\"https:\\\/\\\/maximaloc.com\\\/wp-content\\\/uploads\\\/2024\\\/03\\\/drapeau-pliable-1.webp\",\"datePublished\":\"2024-03-21T12:42:52+00:00\",\"dateModified\":\"2026-04-28T13:35:28+00:00\",\"breadcrumb\":{\"@id\":\"https:\\\/\\\/maximaloc.com\\\/produit\\\/drapeau-pliant-45x60cm\\\/#breadcrumb\"},\"inLanguage\":\"en-US\",\"potentialAction\":[{\"@type\":\"ReadAction\",\"target\":[\"https:\\\/\\\/maximaloc.com\\\/produit\\\/drapeau-pliant-45x60cm\\\/\"]}]},{\"@type\":\"ImageObject\",\"inLanguage\":\"en-US\",\"@id\":\"https:\\\/\\\/maximaloc.com\\\/produit\\\/drapeau-pliant-45x60cm\\\/#primaryimage\",\"url\":\"https:\\\/\\\/maximaloc.com\\\/wp-content\\\/uploads\\\/2024\\\/03\\\/drapeau-pliable-1.webp\",\"contentUrl\":\"https:\\\/\\\/maximaloc.com\\\/wp-content\\\/uploads\\\/2024\\\/03\\\/drapeau-pliable-1.webp\",\"width\":580,\"height\":420,\"caption\":\"Drapeau pliant 45x60cm en location\"},{\"@type\":\"BreadcrumbList\",\"@id\":\"https:\\\/\\\/maximaloc.com\\\/produit\\\/drapeau-pliant-45x60cm\\\/#breadcrumb\",\"itemListElement\":[{\"@type\":\"ListItem\",\"position\":1,\"name\":\"Accueil\",\"item\":\"https:\\\/\\\/maximaloc.com\\\/\"},{\"@type\":\"ListItem\",\"position\":2,\"name\":\"BOUTIQUE\",\"item\":\"https:\\\/\\\/maximaloc.com\\\/boutique\\\/\"},{\"@type\":\"ListItem\",\"position\":3,\"name\":\"DRAPEAU PLIANT 45x60cm\"}]},{\"@type\":\"WebSite\",\"@id\":\"https:\\\/\\\/maximaloc.com\\\/#website\",\"url\":\"https:\\\/\\\/maximaloc.com\\\/\",\"name\":\"Maximaloc\",\"description\":\"\",\"publisher\":{\"@id\":\"https:\\\/\\\/maximaloc.com\\\/#organization\"},\"potentialAction\":[{\"@type\":\"SearchAction\",\"target\":{\"@type\":\"EntryPoint\",\"urlTemplate\":\"https:\\\/\\\/maximaloc.com\\\/?s={search_term_string}\"},\"query-input\":{\"@type\":\"PropertyValueSpecification\",\"valueRequired\":true,\"valueName\":\"search_term_string\"}}],\"inLanguage\":\"en-US\"},{\"@type\":\"Organization\",\"@id\":\"https:\\\/\\\/maximaloc.com\\\/#organization\",\"name\":\"Maximaloc\",\"url\":\"https:\\\/\\\/maximaloc.com\\\/\",\"logo\":{\"@type\":\"ImageObject\",\"inLanguage\":\"en-US\",\"@id\":\"https:\\\/\\\/maximaloc.com\\\/#\\\/schema\\\/logo\\\/image\\\/\",\"url\":\"https:\\\/\\\/maximaloc.com\\\/wp-content\\\/uploads\\\/2024\\\/03\\\/logo_noir-scaled.png\",\"contentUrl\":\"https:\\\/\\\/maximaloc.com\\\/wp-content\\\/uploads\\\/2024\\\/03\\\/logo_noir-scaled.png\",\"width\":2560,\"height\":268,\"caption\":\"Maximaloc\"},\"image\":{\"@id\":\"https:\\\/\\\/maximaloc.com\\\/#\\\/schema\\\/logo\\\/image\\\/\"},\"sameAs\":[\"https:\\\/\\\/www.facebook.com\\\/Maximalocation\"]}]}<\/script>\n<!-- \/ Yoast SEO plugin. -->","yoast_head_json":{"title":"DRAPEAU PLIANT 45x60cm - Maximaloc","robots":{"index":"index","follow":"follow","max-snippet":"max-snippet:-1","max-image-preview":"max-image-preview:large","max-video-preview":"max-video-preview:-1"},"canonical":"https:\/\/maximaloc.com\/en\/product\/drapeau-pliant-45x60cm\/","og_locale":"en_US","og_type":"article","og_title":"DRAPEAU PLIANT 45x60cm - Maximaloc","og_description":"Drapeau\u00a0pliable\u00a0 Dimensions : 45x60cm","og_url":"https:\/\/maximaloc.com\/en\/product\/drapeau-pliant-45x60cm\/","og_site_name":"Maximaloc","article_publisher":"https:\/\/www.facebook.com\/Maximalocation","article_modified_time":"2026-04-28T13:35:28+00:00","og_image":[{"width":580,"height":420,"url":"https:\/\/maximaloc.com\/wp-content\/uploads\/2024\/03\/drapeau-pliable-1.webp","type":"image\/webp"}],"twitter_card":"summary_large_image","twitter_misc":{"Est. reading time":"1 minute"},"schema":{"@context":"https:\/\/schema.org","@graph":[{"@type":"WebPage","@id":"https:\/\/maximaloc.com\/produit\/drapeau-pliant-45x60cm\/","url":"https:\/\/maximaloc.com\/produit\/drapeau-pliant-45x60cm\/","name":"DRAPEAU PLIANT 45x60cm - Maximaloc","isPartOf":{"@id":"https:\/\/maximaloc.com\/#website"},"primaryImageOfPage":{"@id":"https:\/\/maximaloc.com\/produit\/drapeau-pliant-45x60cm\/#primaryimage"},"image":{"@id":"https:\/\/maximaloc.com\/produit\/drapeau-pliant-45x60cm\/#primaryimage"},"thumbnailUrl":"https:\/\/maximaloc.com\/wp-content\/uploads\/2024\/03\/drapeau-pliable-1.webp","datePublished":"2024-03-21T12:42:52+00:00","dateModified":"2026-04-28T13:35:28+00:00","breadcrumb":{"@id":"https:\/\/maximaloc.com\/produit\/drapeau-pliant-45x60cm\/#breadcrumb"},"inLanguage":"en-US","potentialAction":[{"@type":"ReadAction","target":["https:\/\/maximaloc.com\/produit\/drapeau-pliant-45x60cm\/"]}]},{"@type":"ImageObject","inLanguage":"en-US","@id":"https:\/\/maximaloc.com\/produit\/drapeau-pliant-45x60cm\/#primaryimage","url":"https:\/\/maximaloc.com\/wp-content\/uploads\/2024\/03\/drapeau-pliable-1.webp","contentUrl":"https:\/\/maximaloc.com\/wp-content\/uploads\/2024\/03\/drapeau-pliable-1.webp","width":580,"height":420,"caption":"Drapeau pliant 45x60cm en location"},{"@type":"BreadcrumbList","@id":"https:\/\/maximaloc.com\/produit\/drapeau-pliant-45x60cm\/#breadcrumb","itemListElement":[{"@type":"ListItem","position":1,"name":"Accueil","item":"https:\/\/maximaloc.com\/"},{"@type":"ListItem","position":2,"name":"BOUTIQUE","item":"https:\/\/maximaloc.com\/boutique\/"},{"@type":"ListItem","position":3,"name":"DRAPEAU PLIANT 45x60cm"}]},{"@type":"WebSite","@id":"https:\/\/maximaloc.com\/#website","url":"https:\/\/maximaloc.com\/","name":"Maximaloc","description":"","publisher":{"@id":"https:\/\/maximaloc.com\/#organization"},"potentialAction":[{"@type":"SearchAction","target":{"@type":"EntryPoint","urlTemplate":"https:\/\/maximaloc.com\/?s={search_term_string}"},"query-input":{"@type":"PropertyValueSpecification","valueRequired":true,"valueName":"search_term_string"}}],"inLanguage":"en-US"},{"@type":"Organization","@id":"https:\/\/maximaloc.com\/#organization","name":"Maximaloc","url":"https:\/\/maximaloc.com\/","logo":{"@type":"ImageObject","inLanguage":"en-US","@id":"https:\/\/maximaloc.com\/#\/schema\/logo\/image\/","url":"https:\/\/maximaloc.com\/wp-content\/uploads\/2024\/03\/logo_noir-scaled.png","contentUrl":"https:\/\/maximaloc.com\/wp-content\/uploads\/2024\/03\/logo_noir-scaled.png","width":2560,"height":268,"caption":"Maximaloc"},"image":{"@id":"https:\/\/maximaloc.com\/#\/schema\/logo\/image\/"},"sameAs":["https:\/\/www.facebook.com\/Maximalocation"]}]}},"_links":{"self":[{"href":"https:\/\/maximaloc.com\/en\/wp-json\/wp\/v2\/product\/4244","targetHints":{"allow":["GET"]}}],"collection":[{"href":"https:\/\/maximaloc.com\/en\/wp-json\/wp\/v2\/product"}],"about":[{"href":"https:\/\/maximaloc.com\/en\/wp-json\/wp\/v2\/types\/product"}],"wp:featuredmedia":[{"embeddable":true,"href":"https:\/\/maximaloc.com\/en\/wp-json\/wp\/v2\/media\/9627"}],"wp:attachment":[{"href":"https:\/\/maximaloc.com\/en\/wp-json\/wp\/v2\/media?parent=4244"}],"wp:term":[{"taxonomy":"product_cat","embeddable":true,"href":"https:\/\/maximaloc.com\/en\/wp-json\/wp\/v2\/product_cat?post=4244"},{"taxonomy":"product_tag","embeddable":true,"href":"https:\/\/maximaloc.com\/en\/wp-json\/wp\/v2\/product_tag?post=4244"}],"curies":[{"name":"wp","href":"https:\/\/api.w.org\/{rel}","templated":true}]}}