 {"id":4257,"date":"2024-03-21T13:42:55","date_gmt":"2024-03-21T12:42:55","guid":{"rendered":"https:\/\/maximaloc.com\/produit\/manfrotto-skylite-2x2m\/"},"modified":"2026-04-13T20:45:11","modified_gmt":"2026-04-13T18:45:11","slug":"manfrotto-skylite-2x2m","status":"publish","type":"product","link":"https:\/\/maximaloc.com\/en\/product\/manfrotto-skylite-2x2m\/","title":{"rendered":"MANFROTTO SKYLITE 2x2m"},"content":{"rendered":"<p>Cadre pliable de 2 m\u00e8tres de c\u00f4t\u00e9 sur lequel s\u2019installent une toile de diff (0,75 ou 1,25) ou une toile r\u00e9flecteur couleur argent\u00e9 d\u2019un c\u00f4t\u00e9 et blanche de l\u2019autre.\u00a0<\/p>\n<p>Facile \u00e0 transporter pli\u00e9 dans son sac ou d\u00e9pli\u00e9 une fois install\u00e9, il peut s\u2019utiliser aussi bien \u00e0 la main ou sur pieds gr\u00e2ce \u00e0 ses deux rotules d\u00e9di\u00e9es et deux pieds lumi\u00e8re type C-Stand. Sa surface de 4 m\u00e8tres carr\u00e9 permet de diffuser ou r\u00e9fl\u00e9chir efficacement vos sources de lumi\u00e8re, pour une utilisation photo comme vid\u00e9o.<\/p>\n<p><strong>Points forts:<\/strong><\/p>\n<ul>\n<li>L\u00e9g\u00e8ret\u00e9 et facilit\u00e9 \u00e0 l&#8217;installation<\/li>\n<li>Diffuseurs et r\u00e9flecteur fournis\u00a0<\/li>\n<\/ul>","protected":false},"excerpt":{"rendered":"<p>R\u00e9flecteur \/ Diffuseur Pliable<\/p>\n<p>Mod\u00e8le: Manfrotto Skylite<\/p>\n<p>Toiles: 2x Diffusions + R\u00e9flecteur Blanc \/ Argent\u00e9\u00a0<\/p>\n<p>Dimensions: 2m x 2m<\/p>","protected":false},"featured_media":9583,"template":"","meta":[],"product_cat":[263],"product_tag":[],"class_list":{"0":"post-4257","1":"product","2":"type-product","3":"status-publish","4":"has-post-thumbnail","6":"product_cat-reflo-diff-drapeau","8":"first","9":"instock","10":"taxable","11":"shipping-taxable","12":"purchasable","13":"product-type-rentable"},"yoast_head":"<!-- This site is optimized with the Yoast SEO plugin v27.4 - https:\/\/yoast.com\/product\/yoast-seo-wordpress\/ -->\n<title>MANFROTTO SKYLITE 2x2m - Maximaloc<\/title>\n<meta name=\"robots\" content=\"index, follow, max-snippet:-1, max-image-preview:large, max-video-preview:-1\" \/>\n<link rel=\"canonical\" href=\"https:\/\/maximaloc.com\/en\/product\/manfrotto-skylite-2x2m\/\" \/>\n<meta property=\"og:locale\" content=\"en_US\" \/>\n<meta property=\"og:type\" content=\"article\" \/>\n<meta property=\"og:title\" content=\"MANFROTTO SKYLITE 2x2m - Maximaloc\" \/>\n<meta property=\"og:description\" content=\"R\u00e9flecteur \/ Diffuseur Pliable Mod\u00e8le: Manfrotto Skylite Toiles: 2x Diffusions + R\u00e9flecteur Blanc \/ Argent\u00e9\u00a0 Dimensions: 2m x 2m\" \/>\n<meta property=\"og:url\" content=\"https:\/\/maximaloc.com\/en\/product\/manfrotto-skylite-2x2m\/\" \/>\n<meta property=\"og:site_name\" content=\"Maximaloc\" \/>\n<meta property=\"article:publisher\" content=\"https:\/\/www.facebook.com\/Maximalocation\" \/>\n<meta property=\"article:modified_time\" content=\"2026-04-13T18:45:11+00:00\" \/>\n<meta property=\"og:image\" content=\"https:\/\/maximaloc.com\/wp-content\/uploads\/2024\/03\/MODELE-PRODUIT-1.jpg\" \/>\n\t<meta property=\"og:image:width\" content=\"1000\" \/>\n\t<meta property=\"og:image:height\" content=\"1000\" \/>\n\t<meta property=\"og:image:type\" content=\"image\/jpeg\" \/>\n<meta name=\"twitter:card\" content=\"summary_large_image\" \/>\n<meta name=\"twitter:label1\" content=\"Est. reading time\" \/>\n\t<meta name=\"twitter:data1\" content=\"1 minute\" \/>\n<script type=\"application\/ld+json\" class=\"yoast-schema-graph\">{\"@context\":\"https:\\\/\\\/schema.org\",\"@graph\":[{\"@type\":\"WebPage\",\"@id\":\"https:\\\/\\\/maximaloc.com\\\/produit\\\/manfrotto-skylite-2x2m\\\/\",\"url\":\"https:\\\/\\\/maximaloc.com\\\/produit\\\/manfrotto-skylite-2x2m\\\/\",\"name\":\"MANFROTTO SKYLITE 2x2m - Maximaloc\",\"isPartOf\":{\"@id\":\"https:\\\/\\\/maximaloc.com\\\/#website\"},\"primaryImageOfPage\":{\"@id\":\"https:\\\/\\\/maximaloc.com\\\/produit\\\/manfrotto-skylite-2x2m\\\/#primaryimage\"},\"image\":{\"@id\":\"https:\\\/\\\/maximaloc.com\\\/produit\\\/manfrotto-skylite-2x2m\\\/#primaryimage\"},\"thumbnailUrl\":\"https:\\\/\\\/maximaloc.com\\\/wp-content\\\/uploads\\\/2024\\\/03\\\/skylite-2x2-6.webp\",\"datePublished\":\"2024-03-21T12:42:55+00:00\",\"dateModified\":\"2026-04-13T18:45:11+00:00\",\"breadcrumb\":{\"@id\":\"https:\\\/\\\/maximaloc.com\\\/produit\\\/manfrotto-skylite-2x2m\\\/#breadcrumb\"},\"inLanguage\":\"en-US\",\"potentialAction\":[{\"@type\":\"ReadAction\",\"target\":[\"https:\\\/\\\/maximaloc.com\\\/produit\\\/manfrotto-skylite-2x2m\\\/\"]}]},{\"@type\":\"ImageObject\",\"inLanguage\":\"en-US\",\"@id\":\"https:\\\/\\\/maximaloc.com\\\/produit\\\/manfrotto-skylite-2x2m\\\/#primaryimage\",\"url\":\"https:\\\/\\\/maximaloc.com\\\/wp-content\\\/uploads\\\/2024\\\/03\\\/skylite-2x2-6.webp\",\"contentUrl\":\"https:\\\/\\\/maximaloc.com\\\/wp-content\\\/uploads\\\/2024\\\/03\\\/skylite-2x2-6.webp\",\"width\":580,\"height\":420,\"caption\":\"Vue du cadre m\u00e9tallique du kit de diffusion SKYLITE 2x2m sans le tissu, pr\u00eat \u00e0 \u00eatre assembl\u00e9 ou adapt\u00e9 avec diff\u00e9rents mat\u00e9riaux de diffusion\"},{\"@type\":\"BreadcrumbList\",\"@id\":\"https:\\\/\\\/maximaloc.com\\\/produit\\\/manfrotto-skylite-2x2m\\\/#breadcrumb\",\"itemListElement\":[{\"@type\":\"ListItem\",\"position\":1,\"name\":\"Accueil\",\"item\":\"https:\\\/\\\/maximaloc.com\\\/\"},{\"@type\":\"ListItem\",\"position\":2,\"name\":\"BOUTIQUE\",\"item\":\"https:\\\/\\\/maximaloc.com\\\/boutique\\\/\"},{\"@type\":\"ListItem\",\"position\":3,\"name\":\"MANFROTTO SKYLITE 2x2m\"}]},{\"@type\":\"WebSite\",\"@id\":\"https:\\\/\\\/maximaloc.com\\\/#website\",\"url\":\"https:\\\/\\\/maximaloc.com\\\/\",\"name\":\"Maximaloc\",\"description\":\"\",\"publisher\":{\"@id\":\"https:\\\/\\\/maximaloc.com\\\/#organization\"},\"potentialAction\":[{\"@type\":\"SearchAction\",\"target\":{\"@type\":\"EntryPoint\",\"urlTemplate\":\"https:\\\/\\\/maximaloc.com\\\/?s={search_term_string}\"},\"query-input\":{\"@type\":\"PropertyValueSpecification\",\"valueRequired\":true,\"valueName\":\"search_term_string\"}}],\"inLanguage\":\"en-US\"},{\"@type\":\"Organization\",\"@id\":\"https:\\\/\\\/maximaloc.com\\\/#organization\",\"name\":\"Maximaloc\",\"url\":\"https:\\\/\\\/maximaloc.com\\\/\",\"logo\":{\"@type\":\"ImageObject\",\"inLanguage\":\"en-US\",\"@id\":\"https:\\\/\\\/maximaloc.com\\\/#\\\/schema\\\/logo\\\/image\\\/\",\"url\":\"https:\\\/\\\/maximaloc.com\\\/wp-content\\\/uploads\\\/2024\\\/03\\\/logo_noir-scaled.png\",\"contentUrl\":\"https:\\\/\\\/maximaloc.com\\\/wp-content\\\/uploads\\\/2024\\\/03\\\/logo_noir-scaled.png\",\"width\":2560,\"height\":268,\"caption\":\"Maximaloc\"},\"image\":{\"@id\":\"https:\\\/\\\/maximaloc.com\\\/#\\\/schema\\\/logo\\\/image\\\/\"},\"sameAs\":[\"https:\\\/\\\/www.facebook.com\\\/Maximalocation\"]}]}<\/script>\n<!-- \/ Yoast SEO plugin. -->","yoast_head_json":{"title":"MANFROTTO SKYLITE 2x2m - Maximaloc","robots":{"index":"index","follow":"follow","max-snippet":"max-snippet:-1","max-image-preview":"max-image-preview:large","max-video-preview":"max-video-preview:-1"},"canonical":"https:\/\/maximaloc.com\/en\/product\/manfrotto-skylite-2x2m\/","og_locale":"en_US","og_type":"article","og_title":"MANFROTTO SKYLITE 2x2m - Maximaloc","og_description":"R\u00e9flecteur \/ Diffuseur Pliable Mod\u00e8le: Manfrotto Skylite Toiles: 2x Diffusions + R\u00e9flecteur Blanc \/ Argent\u00e9\u00a0 Dimensions: 2m x 2m","og_url":"https:\/\/maximaloc.com\/en\/product\/manfrotto-skylite-2x2m\/","og_site_name":"Maximaloc","article_publisher":"https:\/\/www.facebook.com\/Maximalocation","article_modified_time":"2026-04-13T18:45:11+00:00","og_image":[{"width":1000,"height":1000,"url":"https:\/\/maximaloc.com\/wp-content\/uploads\/2024\/03\/MODELE-PRODUIT-1.jpg","type":"image\/jpeg"}],"twitter_card":"summary_large_image","twitter_misc":{"Est. reading time":"1 minute"},"schema":{"@context":"https:\/\/schema.org","@graph":[{"@type":"WebPage","@id":"https:\/\/maximaloc.com\/produit\/manfrotto-skylite-2x2m\/","url":"https:\/\/maximaloc.com\/produit\/manfrotto-skylite-2x2m\/","name":"MANFROTTO SKYLITE 2x2m - Maximaloc","isPartOf":{"@id":"https:\/\/maximaloc.com\/#website"},"primaryImageOfPage":{"@id":"https:\/\/maximaloc.com\/produit\/manfrotto-skylite-2x2m\/#primaryimage"},"image":{"@id":"https:\/\/maximaloc.com\/produit\/manfrotto-skylite-2x2m\/#primaryimage"},"thumbnailUrl":"https:\/\/maximaloc.com\/wp-content\/uploads\/2024\/03\/skylite-2x2-6.webp","datePublished":"2024-03-21T12:42:55+00:00","dateModified":"2026-04-13T18:45:11+00:00","breadcrumb":{"@id":"https:\/\/maximaloc.com\/produit\/manfrotto-skylite-2x2m\/#breadcrumb"},"inLanguage":"en-US","potentialAction":[{"@type":"ReadAction","target":["https:\/\/maximaloc.com\/produit\/manfrotto-skylite-2x2m\/"]}]},{"@type":"ImageObject","inLanguage":"en-US","@id":"https:\/\/maximaloc.com\/produit\/manfrotto-skylite-2x2m\/#primaryimage","url":"https:\/\/maximaloc.com\/wp-content\/uploads\/2024\/03\/skylite-2x2-6.webp","contentUrl":"https:\/\/maximaloc.com\/wp-content\/uploads\/2024\/03\/skylite-2x2-6.webp","width":580,"height":420,"caption":"Vue du cadre m\u00e9tallique du kit de diffusion SKYLITE 2x2m sans le tissu, pr\u00eat \u00e0 \u00eatre assembl\u00e9 ou adapt\u00e9 avec diff\u00e9rents mat\u00e9riaux de diffusion"},{"@type":"BreadcrumbList","@id":"https:\/\/maximaloc.com\/produit\/manfrotto-skylite-2x2m\/#breadcrumb","itemListElement":[{"@type":"ListItem","position":1,"name":"Accueil","item":"https:\/\/maximaloc.com\/"},{"@type":"ListItem","position":2,"name":"BOUTIQUE","item":"https:\/\/maximaloc.com\/boutique\/"},{"@type":"ListItem","position":3,"name":"MANFROTTO SKYLITE 2x2m"}]},{"@type":"WebSite","@id":"https:\/\/maximaloc.com\/#website","url":"https:\/\/maximaloc.com\/","name":"Maximaloc","description":"","publisher":{"@id":"https:\/\/maximaloc.com\/#organization"},"potentialAction":[{"@type":"SearchAction","target":{"@type":"EntryPoint","urlTemplate":"https:\/\/maximaloc.com\/?s={search_term_string}"},"query-input":{"@type":"PropertyValueSpecification","valueRequired":true,"valueName":"search_term_string"}}],"inLanguage":"en-US"},{"@type":"Organization","@id":"https:\/\/maximaloc.com\/#organization","name":"Maximaloc","url":"https:\/\/maximaloc.com\/","logo":{"@type":"ImageObject","inLanguage":"en-US","@id":"https:\/\/maximaloc.com\/#\/schema\/logo\/image\/","url":"https:\/\/maximaloc.com\/wp-content\/uploads\/2024\/03\/logo_noir-scaled.png","contentUrl":"https:\/\/maximaloc.com\/wp-content\/uploads\/2024\/03\/logo_noir-scaled.png","width":2560,"height":268,"caption":"Maximaloc"},"image":{"@id":"https:\/\/maximaloc.com\/#\/schema\/logo\/image\/"},"sameAs":["https:\/\/www.facebook.com\/Maximalocation"]}]}},"_links":{"self":[{"href":"https:\/\/maximaloc.com\/en\/wp-json\/wp\/v2\/product\/4257","targetHints":{"allow":["GET"]}}],"collection":[{"href":"https:\/\/maximaloc.com\/en\/wp-json\/wp\/v2\/product"}],"about":[{"href":"https:\/\/maximaloc.com\/en\/wp-json\/wp\/v2\/types\/product"}],"wp:featuredmedia":[{"embeddable":true,"href":"https:\/\/maximaloc.com\/en\/wp-json\/wp\/v2\/media\/9583"}],"wp:attachment":[{"href":"https:\/\/maximaloc.com\/en\/wp-json\/wp\/v2\/media?parent=4257"}],"wp:term":[{"taxonomy":"product_cat","embeddable":true,"href":"https:\/\/maximaloc.com\/en\/wp-json\/wp\/v2\/product_cat?post=4257"},{"taxonomy":"product_tag","embeddable":true,"href":"https:\/\/maximaloc.com\/en\/wp-json\/wp\/v2\/product_tag?post=4257"}],"curies":[{"name":"wp","href":"https:\/\/api.w.org\/{rel}","templated":true}]}}