 {"id":4354,"date":"2024-03-21T13:44:52","date_gmt":"2024-03-21T12:44:52","guid":{"rendered":"https:\/\/maximaloc.com\/produit\/sigma-art-105mm-macro-f2-8-dg-dn-e\/"},"modified":"2026-04-13T20:13:19","modified_gmt":"2026-04-13T18:13:19","slug":"sigma-art-105-macro-f2-8-dg-dn-e","status":"publish","type":"product","link":"https:\/\/maximaloc.com\/en\/product\/sigma-art-105-macro-f2-8-dg-dn-e\/","title":{"rendered":"SIGMA-ART 105 MACRO F2.8 DG DN E"},"content":{"rendered":"<p>D\u00e9couvrez le monde des d\u00e9tails subtils avec le Sigma Art DG DN 105mm Macro F2.8 objectif Macro con\u00e7u pour les montures Sony E plein format mais compatible aussi avec le Super 35 \/ APS-C (crop de 1.5). Le Sigma 105mm Macro est destin\u00e9 aux gros plans et \u00e0 la photographie et vid\u00e9o de pr\u00e9cision : natures mortes, produits, alimentaire, nature (fleurs, insectes et bien plus encore), cet objectif haut de gamme est une v\u00e9ritable merveille de la technologie optique.<\/p>\n<p>\u00a0<\/p>\n<p>Le Sigma Art 105mm F2.8 gr\u00e2ce \u00e0 sa distance minimale de mise au point de 29.5 cm permet de restituer un grossissement de 1:1 pour capturer le plus petit detail.<\/p>\n<p>\u00a0<\/p>\n<p>Le bague de diaphragme manuelle offre une libert\u00e9 de contr\u00f4le totale sur la profondeur de champ et permet de r\u00e9aliser des effets cr\u00e9atifs uniques pour vos prises de vue.\u00a0<\/p>\n<p>\u00a0<\/p>\n<p><strong>Points Forts :<\/strong><\/p>\n<ul>\n<li>Ouverture constante de F2.8\u00a0<\/li>\n<li>Macro avec grossissement 1:1<\/li>\n<li>Distance minimale de mise au point de 29.5 cm\u00a0<\/li>\n<li>Autofocus rapide et silencieux.<\/li>\n<li>Bague de diaphragme manuelle<\/li>\n<\/ul>","protected":false},"excerpt":{"rendered":"<p>Objectif macro<\/p>\n<p>Monture : Sony E<\/p>\n<p>Format : Full Frame<\/p>\n<p>Diam\u00e8tre de filtre : 62 mm<\/p>\n<p>Grossissement : 1:1<\/p>","protected":false},"featured_media":16914,"template":"","meta":[],"product_cat":[232],"product_tag":[197,273,275,241,279],"class_list":{"0":"post-4354","1":"product","2":"type-product","3":"status-publish","4":"has-post-thumbnail","6":"product_cat-sony-e","7":"product_tag-full-frame-24x36","8":"product_tag-autofocus","9":"product_tag-macro","10":"product_tag-non-stabilise","11":"product_tag-sigma","13":"first","14":"instock","15":"featured","16":"taxable","17":"shipping-taxable","18":"purchasable","19":"product-type-rentable"},"yoast_head":"<!-- This site is optimized with the Yoast SEO plugin v27.4 - https:\/\/yoast.com\/product\/yoast-seo-wordpress\/ -->\n<title>SIGMA-ART 105 MACRO F2.8 DG DN E - Maximaloc<\/title>\n<meta name=\"robots\" content=\"index, follow, max-snippet:-1, max-image-preview:large, max-video-preview:-1\" \/>\n<link rel=\"canonical\" href=\"https:\/\/maximaloc.com\/en\/product\/sigma-art-105-macro-f2-8-dg-dn-e\/\" \/>\n<meta property=\"og:locale\" content=\"en_US\" \/>\n<meta property=\"og:type\" content=\"article\" \/>\n<meta property=\"og:title\" content=\"SIGMA-ART 105 MACRO F2.8 DG DN E - Maximaloc\" \/>\n<meta property=\"og:description\" content=\"Objectif macro Monture : Sony E Format : Full Frame Diam\u00e8tre de filtre : 62 mm Grossissement : 1:1\" \/>\n<meta property=\"og:url\" content=\"https:\/\/maximaloc.com\/en\/product\/sigma-art-105-macro-f2-8-dg-dn-e\/\" \/>\n<meta property=\"og:site_name\" content=\"Maximaloc\" \/>\n<meta property=\"article:publisher\" content=\"https:\/\/www.facebook.com\/Maximalocation\" \/>\n<meta property=\"article:modified_time\" content=\"2026-04-13T18:13:19+00:00\" \/>\n<meta property=\"og:image\" content=\"https:\/\/maximaloc.com\/wp-content\/uploads\/2024\/03\/sigma-105-macro-1-1.webp\" \/>\n\t<meta property=\"og:image:width\" content=\"580\" \/>\n\t<meta property=\"og:image:height\" content=\"420\" \/>\n\t<meta property=\"og:image:type\" content=\"image\/webp\" \/>\n<meta name=\"twitter:card\" content=\"summary_large_image\" \/>\n<meta name=\"twitter:label1\" content=\"Est. reading time\" \/>\n\t<meta name=\"twitter:data1\" content=\"2 minutes\" \/>\n<script type=\"application\/ld+json\" class=\"yoast-schema-graph\">{\"@context\":\"https:\\\/\\\/schema.org\",\"@graph\":[{\"@type\":\"WebPage\",\"@id\":\"https:\\\/\\\/maximaloc.com\\\/produit\\\/sigma-art-105-macro-f2-8-dg-dn-e\\\/\",\"url\":\"https:\\\/\\\/maximaloc.com\\\/produit\\\/sigma-art-105-macro-f2-8-dg-dn-e\\\/\",\"name\":\"SIGMA-ART 105 MACRO F2.8 DG DN E - Maximaloc\",\"isPartOf\":{\"@id\":\"https:\\\/\\\/maximaloc.com\\\/#website\"},\"primaryImageOfPage\":{\"@id\":\"https:\\\/\\\/maximaloc.com\\\/produit\\\/sigma-art-105-macro-f2-8-dg-dn-e\\\/#primaryimage\"},\"image\":{\"@id\":\"https:\\\/\\\/maximaloc.com\\\/produit\\\/sigma-art-105-macro-f2-8-dg-dn-e\\\/#primaryimage\"},\"thumbnailUrl\":\"https:\\\/\\\/maximaloc.com\\\/wp-content\\\/uploads\\\/2024\\\/03\\\/sigma-105-macro-1-1.webp\",\"datePublished\":\"2024-03-21T12:44:52+00:00\",\"dateModified\":\"2026-04-13T18:13:19+00:00\",\"breadcrumb\":{\"@id\":\"https:\\\/\\\/maximaloc.com\\\/produit\\\/sigma-art-105-macro-f2-8-dg-dn-e\\\/#breadcrumb\"},\"inLanguage\":\"en-US\",\"potentialAction\":[{\"@type\":\"ReadAction\",\"target\":[\"https:\\\/\\\/maximaloc.com\\\/produit\\\/sigma-art-105-macro-f2-8-dg-dn-e\\\/\"]}]},{\"@type\":\"ImageObject\",\"inLanguage\":\"en-US\",\"@id\":\"https:\\\/\\\/maximaloc.com\\\/produit\\\/sigma-art-105-macro-f2-8-dg-dn-e\\\/#primaryimage\",\"url\":\"https:\\\/\\\/maximaloc.com\\\/wp-content\\\/uploads\\\/2024\\\/03\\\/sigma-105-macro-1-1.webp\",\"contentUrl\":\"https:\\\/\\\/maximaloc.com\\\/wp-content\\\/uploads\\\/2024\\\/03\\\/sigma-105-macro-1-1.webp\",\"width\":580,\"height\":420,\"caption\":\"Objectif Photo Sigma Art 105mm F2.8 DG DN E Macro \u00e0 la location\"},{\"@type\":\"BreadcrumbList\",\"@id\":\"https:\\\/\\\/maximaloc.com\\\/produit\\\/sigma-art-105-macro-f2-8-dg-dn-e\\\/#breadcrumb\",\"itemListElement\":[{\"@type\":\"ListItem\",\"position\":1,\"name\":\"Accueil\",\"item\":\"https:\\\/\\\/maximaloc.com\\\/\"},{\"@type\":\"ListItem\",\"position\":2,\"name\":\"BOUTIQUE\",\"item\":\"https:\\\/\\\/maximaloc.com\\\/boutique\\\/\"},{\"@type\":\"ListItem\",\"position\":3,\"name\":\"SIGMA-ART 105 MACRO F2.8 DG DN E\"}]},{\"@type\":\"WebSite\",\"@id\":\"https:\\\/\\\/maximaloc.com\\\/#website\",\"url\":\"https:\\\/\\\/maximaloc.com\\\/\",\"name\":\"Maximaloc\",\"description\":\"\",\"publisher\":{\"@id\":\"https:\\\/\\\/maximaloc.com\\\/#organization\"},\"potentialAction\":[{\"@type\":\"SearchAction\",\"target\":{\"@type\":\"EntryPoint\",\"urlTemplate\":\"https:\\\/\\\/maximaloc.com\\\/?s={search_term_string}\"},\"query-input\":{\"@type\":\"PropertyValueSpecification\",\"valueRequired\":true,\"valueName\":\"search_term_string\"}}],\"inLanguage\":\"en-US\"},{\"@type\":\"Organization\",\"@id\":\"https:\\\/\\\/maximaloc.com\\\/#organization\",\"name\":\"Maximaloc\",\"url\":\"https:\\\/\\\/maximaloc.com\\\/\",\"logo\":{\"@type\":\"ImageObject\",\"inLanguage\":\"en-US\",\"@id\":\"https:\\\/\\\/maximaloc.com\\\/#\\\/schema\\\/logo\\\/image\\\/\",\"url\":\"https:\\\/\\\/maximaloc.com\\\/wp-content\\\/uploads\\\/2024\\\/03\\\/logo_noir-scaled.png\",\"contentUrl\":\"https:\\\/\\\/maximaloc.com\\\/wp-content\\\/uploads\\\/2024\\\/03\\\/logo_noir-scaled.png\",\"width\":2560,\"height\":268,\"caption\":\"Maximaloc\"},\"image\":{\"@id\":\"https:\\\/\\\/maximaloc.com\\\/#\\\/schema\\\/logo\\\/image\\\/\"},\"sameAs\":[\"https:\\\/\\\/www.facebook.com\\\/Maximalocation\"]}]}<\/script>\n<!-- \/ Yoast SEO plugin. -->","yoast_head_json":{"title":"SIGMA-ART 105 MACRO F2.8 DG DN E - Maximaloc","robots":{"index":"index","follow":"follow","max-snippet":"max-snippet:-1","max-image-preview":"max-image-preview:large","max-video-preview":"max-video-preview:-1"},"canonical":"https:\/\/maximaloc.com\/en\/product\/sigma-art-105-macro-f2-8-dg-dn-e\/","og_locale":"en_US","og_type":"article","og_title":"SIGMA-ART 105 MACRO F2.8 DG DN E - Maximaloc","og_description":"Objectif macro Monture : Sony E Format : Full Frame Diam\u00e8tre de filtre : 62 mm Grossissement : 1:1","og_url":"https:\/\/maximaloc.com\/en\/product\/sigma-art-105-macro-f2-8-dg-dn-e\/","og_site_name":"Maximaloc","article_publisher":"https:\/\/www.facebook.com\/Maximalocation","article_modified_time":"2026-04-13T18:13:19+00:00","og_image":[{"width":580,"height":420,"url":"https:\/\/maximaloc.com\/wp-content\/uploads\/2024\/03\/sigma-105-macro-1-1.webp","type":"image\/webp"}],"twitter_card":"summary_large_image","twitter_misc":{"Est. reading time":"2 minutes"},"schema":{"@context":"https:\/\/schema.org","@graph":[{"@type":"WebPage","@id":"https:\/\/maximaloc.com\/produit\/sigma-art-105-macro-f2-8-dg-dn-e\/","url":"https:\/\/maximaloc.com\/produit\/sigma-art-105-macro-f2-8-dg-dn-e\/","name":"SIGMA-ART 105 MACRO F2.8 DG DN E - Maximaloc","isPartOf":{"@id":"https:\/\/maximaloc.com\/#website"},"primaryImageOfPage":{"@id":"https:\/\/maximaloc.com\/produit\/sigma-art-105-macro-f2-8-dg-dn-e\/#primaryimage"},"image":{"@id":"https:\/\/maximaloc.com\/produit\/sigma-art-105-macro-f2-8-dg-dn-e\/#primaryimage"},"thumbnailUrl":"https:\/\/maximaloc.com\/wp-content\/uploads\/2024\/03\/sigma-105-macro-1-1.webp","datePublished":"2024-03-21T12:44:52+00:00","dateModified":"2026-04-13T18:13:19+00:00","breadcrumb":{"@id":"https:\/\/maximaloc.com\/produit\/sigma-art-105-macro-f2-8-dg-dn-e\/#breadcrumb"},"inLanguage":"en-US","potentialAction":[{"@type":"ReadAction","target":["https:\/\/maximaloc.com\/produit\/sigma-art-105-macro-f2-8-dg-dn-e\/"]}]},{"@type":"ImageObject","inLanguage":"en-US","@id":"https:\/\/maximaloc.com\/produit\/sigma-art-105-macro-f2-8-dg-dn-e\/#primaryimage","url":"https:\/\/maximaloc.com\/wp-content\/uploads\/2024\/03\/sigma-105-macro-1-1.webp","contentUrl":"https:\/\/maximaloc.com\/wp-content\/uploads\/2024\/03\/sigma-105-macro-1-1.webp","width":580,"height":420,"caption":"Objectif Photo Sigma Art 105mm F2.8 DG DN E Macro \u00e0 la location"},{"@type":"BreadcrumbList","@id":"https:\/\/maximaloc.com\/produit\/sigma-art-105-macro-f2-8-dg-dn-e\/#breadcrumb","itemListElement":[{"@type":"ListItem","position":1,"name":"Accueil","item":"https:\/\/maximaloc.com\/"},{"@type":"ListItem","position":2,"name":"BOUTIQUE","item":"https:\/\/maximaloc.com\/boutique\/"},{"@type":"ListItem","position":3,"name":"SIGMA-ART 105 MACRO F2.8 DG DN E"}]},{"@type":"WebSite","@id":"https:\/\/maximaloc.com\/#website","url":"https:\/\/maximaloc.com\/","name":"Maximaloc","description":"","publisher":{"@id":"https:\/\/maximaloc.com\/#organization"},"potentialAction":[{"@type":"SearchAction","target":{"@type":"EntryPoint","urlTemplate":"https:\/\/maximaloc.com\/?s={search_term_string}"},"query-input":{"@type":"PropertyValueSpecification","valueRequired":true,"valueName":"search_term_string"}}],"inLanguage":"en-US"},{"@type":"Organization","@id":"https:\/\/maximaloc.com\/#organization","name":"Maximaloc","url":"https:\/\/maximaloc.com\/","logo":{"@type":"ImageObject","inLanguage":"en-US","@id":"https:\/\/maximaloc.com\/#\/schema\/logo\/image\/","url":"https:\/\/maximaloc.com\/wp-content\/uploads\/2024\/03\/logo_noir-scaled.png","contentUrl":"https:\/\/maximaloc.com\/wp-content\/uploads\/2024\/03\/logo_noir-scaled.png","width":2560,"height":268,"caption":"Maximaloc"},"image":{"@id":"https:\/\/maximaloc.com\/#\/schema\/logo\/image\/"},"sameAs":["https:\/\/www.facebook.com\/Maximalocation"]}]}},"_links":{"self":[{"href":"https:\/\/maximaloc.com\/en\/wp-json\/wp\/v2\/product\/4354","targetHints":{"allow":["GET"]}}],"collection":[{"href":"https:\/\/maximaloc.com\/en\/wp-json\/wp\/v2\/product"}],"about":[{"href":"https:\/\/maximaloc.com\/en\/wp-json\/wp\/v2\/types\/product"}],"wp:featuredmedia":[{"embeddable":true,"href":"https:\/\/maximaloc.com\/en\/wp-json\/wp\/v2\/media\/16914"}],"wp:attachment":[{"href":"https:\/\/maximaloc.com\/en\/wp-json\/wp\/v2\/media?parent=4354"}],"wp:term":[{"taxonomy":"product_cat","embeddable":true,"href":"https:\/\/maximaloc.com\/en\/wp-json\/wp\/v2\/product_cat?post=4354"},{"taxonomy":"product_tag","embeddable":true,"href":"https:\/\/maximaloc.com\/en\/wp-json\/wp\/v2\/product_tag?post=4354"}],"curies":[{"name":"wp","href":"https:\/\/api.w.org\/{rel}","templated":true}]}}