 {"id":4361,"date":"2024-03-21T13:44:54","date_gmt":"2024-03-21T12:44:54","guid":{"rendered":"https:\/\/maximaloc.com\/produit\/laowa-12mm-f2-8-zero-d-ef\/"},"modified":"2026-04-09T21:25:01","modified_gmt":"2026-04-09T19:25:01","slug":"laowa-12-f2-8-zero-d-ef","status":"publish","type":"product","link":"https:\/\/maximaloc.com\/en\/product\/laowa-12-f2-8-zero-d-ef\/","title":{"rendered":"LAOWA 12 F2.8 ZERO-D EF"},"content":{"rendered":"<p>Le LAOWA 12mm ZERO D est un objectif grand-angle ultra-large au format Full Frame et en monture EF. Il offre un champ de vision extr\u00eamement large id\u00e9al pour capturer des paysages, des int\u00e9rieurs ou des prises de vue architecturales. Sa conception &#8220;ZERO D&#8221; (z\u00e9ro distorsion) garantit une reproduction pr\u00e9cise des lignes droites, \u00e9vitant les d\u00e9formations ind\u00e9sirables souvent pr\u00e9sentes avec les objectifs grand-angle.<\/p>\n<p>\u00a0<\/p>\n<p>L&#8217;objectif est dot\u00e9 de 2 \u00e9l\u00e9ments asph\u00e9riques et 3 \u00e9l\u00e9ments en verre \u00e0 dispersion extra-basse (ED) pour garantir une bonne nettet\u00e9 et r\u00e9duire les aberrations chromatiques.<\/p>\n<p>\u00a0<\/p>\n<p><strong>Points Forts :\u00a0<\/strong><\/p>\n<ul>\n<li>Ultra grand-angle de 122\u00b0<\/li>\n<li>Pas de d\u00e9formation des lignes droites<\/li>\n<li>Ouverture lumineuse de F2.8<\/li>\n<\/ul>","protected":false},"excerpt":{"rendered":"<p>Focale fixe grand angle z\u00e9ro d\u00e9formation<\/p>\n<p>Monture : Canon EF<\/p>\n<p>Couverture : Full Frame\u00a0<\/p>\n<p>Diam\u00e8tre ext\u00e9rieur : 75 mm<\/p>","protected":false},"featured_media":16714,"template":"","meta":[],"product_cat":[228],"product_tag":[197,277,239,281,240,241],"class_list":{"0":"post-4361","1":"product","2":"type-product","3":"status-publish","4":"has-post-thumbnail","6":"product_cat-canon-ef","7":"product_tag-full-frame-24x36","8":"product_tag-fixe","9":"product_tag-grand-angle","10":"product_tag-laowa","11":"product_tag-mise-au-point-manuelle","12":"product_tag-non-stabilise","14":"first","15":"instock","16":"featured","17":"taxable","18":"shipping-taxable","19":"purchasable","20":"product-type-rentable"},"yoast_head":"<!-- This site is optimized with the Yoast SEO plugin v24.1 - https:\/\/yoast.com\/wordpress\/plugins\/seo\/ -->\n<title>LAOWA 12 F2.8 ZERO-D EF - Maximaloc<\/title>\n<meta name=\"robots\" content=\"index, follow, max-snippet:-1, max-image-preview:large, max-video-preview:-1\" \/>\n<link rel=\"canonical\" href=\"https:\/\/maximaloc.com\/en\/product\/laowa-12-f2-8-zero-d-ef\/\" \/>\n<meta property=\"og:locale\" content=\"en_US\" \/>\n<meta property=\"og:type\" content=\"article\" \/>\n<meta property=\"og:title\" content=\"LAOWA 12 F2.8 ZERO-D EF - Maximaloc\" \/>\n<meta property=\"og:description\" content=\"Focale fixe grand angle z\u00e9ro d\u00e9formation Monture : Canon EF Couverture : Full Frame\u00a0 Diam\u00e8tre ext\u00e9rieur : 75 mm\" \/>\n<meta property=\"og:url\" content=\"https:\/\/maximaloc.com\/en\/product\/laowa-12-f2-8-zero-d-ef\/\" \/>\n<meta property=\"og:site_name\" content=\"Maximaloc\" \/>\n<meta property=\"article:publisher\" content=\"https:\/\/www.facebook.com\/Maximalocation\" \/>\n<meta property=\"article:modified_time\" content=\"2026-04-09T19:25:01+00:00\" \/>\n<meta property=\"og:image\" content=\"https:\/\/maximaloc.com\/wp-content\/uploads\/2024\/03\/LAOWA-12mm-ZERO-D-1.png\" \/>\n\t<meta property=\"og:image:width\" content=\"1000\" \/>\n\t<meta property=\"og:image:height\" content=\"1000\" \/>\n\t<meta property=\"og:image:type\" content=\"image\/png\" \/>\n<meta name=\"twitter:card\" content=\"summary_large_image\" \/>\n<meta name=\"twitter:label1\" content=\"Est. reading time\" \/>\n\t<meta name=\"twitter:data1\" content=\"1 minute\" \/>\n<script type=\"application\/ld+json\" class=\"yoast-schema-graph\">{\"@context\":\"https:\/\/schema.org\",\"@graph\":[{\"@type\":\"WebPage\",\"@id\":\"https:\/\/maximaloc.com\/produit\/laowa-12-f2-8-zero-d-ef\/\",\"url\":\"https:\/\/maximaloc.com\/produit\/laowa-12-f2-8-zero-d-ef\/\",\"name\":\"LAOWA 12 F2.8 ZERO-D EF - Maximaloc\",\"isPartOf\":{\"@id\":\"https:\/\/maximaloc.com\/#website\"},\"primaryImageOfPage\":{\"@id\":\"https:\/\/maximaloc.com\/produit\/laowa-12-f2-8-zero-d-ef\/#primaryimage\"},\"image\":{\"@id\":\"https:\/\/maximaloc.com\/produit\/laowa-12-f2-8-zero-d-ef\/#primaryimage\"},\"thumbnailUrl\":\"https:\/\/maximaloc.com\/wp-content\/uploads\/2024\/03\/LAOWA-12mm-ZERO-D-1.png\",\"datePublished\":\"2024-03-21T12:44:54+00:00\",\"dateModified\":\"2026-04-09T19:25:01+00:00\",\"breadcrumb\":{\"@id\":\"https:\/\/maximaloc.com\/produit\/laowa-12-f2-8-zero-d-ef\/#breadcrumb\"},\"inLanguage\":\"en-US\",\"potentialAction\":[{\"@type\":\"ReadAction\",\"target\":[\"https:\/\/maximaloc.com\/produit\/laowa-12-f2-8-zero-d-ef\/\"]}]},{\"@type\":\"ImageObject\",\"inLanguage\":\"en-US\",\"@id\":\"https:\/\/maximaloc.com\/produit\/laowa-12-f2-8-zero-d-ef\/#primaryimage\",\"url\":\"https:\/\/maximaloc.com\/wp-content\/uploads\/2024\/03\/LAOWA-12mm-ZERO-D-1.png\",\"contentUrl\":\"https:\/\/maximaloc.com\/wp-content\/uploads\/2024\/03\/LAOWA-12mm-ZERO-D-1.png\",\"width\":1000,\"height\":1000,\"caption\":\"Objectif Laowa 12mm F2.8 ZERO-D monture EF avec pare-soleil \u00e0 la location\"},{\"@type\":\"BreadcrumbList\",\"@id\":\"https:\/\/maximaloc.com\/produit\/laowa-12-f2-8-zero-d-ef\/#breadcrumb\",\"itemListElement\":[{\"@type\":\"ListItem\",\"position\":1,\"name\":\"Accueil\",\"item\":\"https:\/\/maximaloc.com\/\"},{\"@type\":\"ListItem\",\"position\":2,\"name\":\"BOUTIQUE\",\"item\":\"https:\/\/maximaloc.com\/boutique\/\"},{\"@type\":\"ListItem\",\"position\":3,\"name\":\"LAOWA 12 F2.8 ZERO-D EF\"}]},{\"@type\":\"WebSite\",\"@id\":\"https:\/\/maximaloc.com\/#website\",\"url\":\"https:\/\/maximaloc.com\/\",\"name\":\"Maximaloc\",\"description\":\"\",\"publisher\":{\"@id\":\"https:\/\/maximaloc.com\/#organization\"},\"potentialAction\":[{\"@type\":\"SearchAction\",\"target\":{\"@type\":\"EntryPoint\",\"urlTemplate\":\"https:\/\/maximaloc.com\/?s={search_term_string}\"},\"query-input\":{\"@type\":\"PropertyValueSpecification\",\"valueRequired\":true,\"valueName\":\"search_term_string\"}}],\"inLanguage\":\"en-US\"},{\"@type\":\"Organization\",\"@id\":\"https:\/\/maximaloc.com\/#organization\",\"name\":\"Maximaloc\",\"url\":\"https:\/\/maximaloc.com\/\",\"logo\":{\"@type\":\"ImageObject\",\"inLanguage\":\"en-US\",\"@id\":\"https:\/\/maximaloc.com\/#\/schema\/logo\/image\/\",\"url\":\"https:\/\/maximaloc.com\/wp-content\/uploads\/2024\/03\/logo_noir.png\",\"contentUrl\":\"https:\/\/maximaloc.com\/wp-content\/uploads\/2024\/03\/logo_noir.png\",\"width\":11750,\"height\":1231,\"caption\":\"Maximaloc\"},\"image\":{\"@id\":\"https:\/\/maximaloc.com\/#\/schema\/logo\/image\/\"},\"sameAs\":[\"https:\/\/www.facebook.com\/Maximalocation\"]}]}<\/script>\n<!-- \/ Yoast SEO plugin. -->","yoast_head_json":{"title":"LAOWA 12 F2.8 ZERO-D EF - Maximaloc","robots":{"index":"index","follow":"follow","max-snippet":"max-snippet:-1","max-image-preview":"max-image-preview:large","max-video-preview":"max-video-preview:-1"},"canonical":"https:\/\/maximaloc.com\/en\/product\/laowa-12-f2-8-zero-d-ef\/","og_locale":"en_US","og_type":"article","og_title":"LAOWA 12 F2.8 ZERO-D EF - Maximaloc","og_description":"Focale fixe grand angle z\u00e9ro d\u00e9formation Monture : Canon EF Couverture : Full Frame\u00a0 Diam\u00e8tre ext\u00e9rieur : 75 mm","og_url":"https:\/\/maximaloc.com\/en\/product\/laowa-12-f2-8-zero-d-ef\/","og_site_name":"Maximaloc","article_publisher":"https:\/\/www.facebook.com\/Maximalocation","article_modified_time":"2026-04-09T19:25:01+00:00","og_image":[{"width":1000,"height":1000,"url":"https:\/\/maximaloc.com\/wp-content\/uploads\/2024\/03\/LAOWA-12mm-ZERO-D-1.png","type":"image\/png"}],"twitter_card":"summary_large_image","twitter_misc":{"Est. reading time":"1 minute"},"schema":{"@context":"https:\/\/schema.org","@graph":[{"@type":"WebPage","@id":"https:\/\/maximaloc.com\/produit\/laowa-12-f2-8-zero-d-ef\/","url":"https:\/\/maximaloc.com\/produit\/laowa-12-f2-8-zero-d-ef\/","name":"LAOWA 12 F2.8 ZERO-D EF - Maximaloc","isPartOf":{"@id":"https:\/\/maximaloc.com\/#website"},"primaryImageOfPage":{"@id":"https:\/\/maximaloc.com\/produit\/laowa-12-f2-8-zero-d-ef\/#primaryimage"},"image":{"@id":"https:\/\/maximaloc.com\/produit\/laowa-12-f2-8-zero-d-ef\/#primaryimage"},"thumbnailUrl":"https:\/\/maximaloc.com\/wp-content\/uploads\/2024\/03\/LAOWA-12mm-ZERO-D-1.png","datePublished":"2024-03-21T12:44:54+00:00","dateModified":"2026-04-09T19:25:01+00:00","breadcrumb":{"@id":"https:\/\/maximaloc.com\/produit\/laowa-12-f2-8-zero-d-ef\/#breadcrumb"},"inLanguage":"en-US","potentialAction":[{"@type":"ReadAction","target":["https:\/\/maximaloc.com\/produit\/laowa-12-f2-8-zero-d-ef\/"]}]},{"@type":"ImageObject","inLanguage":"en-US","@id":"https:\/\/maximaloc.com\/produit\/laowa-12-f2-8-zero-d-ef\/#primaryimage","url":"https:\/\/maximaloc.com\/wp-content\/uploads\/2024\/03\/LAOWA-12mm-ZERO-D-1.png","contentUrl":"https:\/\/maximaloc.com\/wp-content\/uploads\/2024\/03\/LAOWA-12mm-ZERO-D-1.png","width":1000,"height":1000,"caption":"Objectif Laowa 12mm F2.8 ZERO-D monture EF avec pare-soleil \u00e0 la location"},{"@type":"BreadcrumbList","@id":"https:\/\/maximaloc.com\/produit\/laowa-12-f2-8-zero-d-ef\/#breadcrumb","itemListElement":[{"@type":"ListItem","position":1,"name":"Accueil","item":"https:\/\/maximaloc.com\/"},{"@type":"ListItem","position":2,"name":"BOUTIQUE","item":"https:\/\/maximaloc.com\/boutique\/"},{"@type":"ListItem","position":3,"name":"LAOWA 12 F2.8 ZERO-D EF"}]},{"@type":"WebSite","@id":"https:\/\/maximaloc.com\/#website","url":"https:\/\/maximaloc.com\/","name":"Maximaloc","description":"","publisher":{"@id":"https:\/\/maximaloc.com\/#organization"},"potentialAction":[{"@type":"SearchAction","target":{"@type":"EntryPoint","urlTemplate":"https:\/\/maximaloc.com\/?s={search_term_string}"},"query-input":{"@type":"PropertyValueSpecification","valueRequired":true,"valueName":"search_term_string"}}],"inLanguage":"en-US"},{"@type":"Organization","@id":"https:\/\/maximaloc.com\/#organization","name":"Maximaloc","url":"https:\/\/maximaloc.com\/","logo":{"@type":"ImageObject","inLanguage":"en-US","@id":"https:\/\/maximaloc.com\/#\/schema\/logo\/image\/","url":"https:\/\/maximaloc.com\/wp-content\/uploads\/2024\/03\/logo_noir.png","contentUrl":"https:\/\/maximaloc.com\/wp-content\/uploads\/2024\/03\/logo_noir.png","width":11750,"height":1231,"caption":"Maximaloc"},"image":{"@id":"https:\/\/maximaloc.com\/#\/schema\/logo\/image\/"},"sameAs":["https:\/\/www.facebook.com\/Maximalocation"]}]}},"_links":{"self":[{"href":"https:\/\/maximaloc.com\/en\/wp-json\/wp\/v2\/product\/4361","targetHints":{"allow":["GET"]}}],"collection":[{"href":"https:\/\/maximaloc.com\/en\/wp-json\/wp\/v2\/product"}],"about":[{"href":"https:\/\/maximaloc.com\/en\/wp-json\/wp\/v2\/types\/product"}],"wp:featuredmedia":[{"embeddable":true,"href":"https:\/\/maximaloc.com\/en\/wp-json\/wp\/v2\/media\/16714"}],"wp:attachment":[{"href":"https:\/\/maximaloc.com\/en\/wp-json\/wp\/v2\/media?parent=4361"}],"wp:term":[{"taxonomy":"product_cat","embeddable":true,"href":"https:\/\/maximaloc.com\/en\/wp-json\/wp\/v2\/product_cat?post=4361"},{"taxonomy":"product_tag","embeddable":true,"href":"https:\/\/maximaloc.com\/en\/wp-json\/wp\/v2\/product_tag?post=4361"}],"curies":[{"name":"wp","href":"https:\/\/api.w.org\/{rel}","templated":true}]}}