 {"id":4446,"date":"2024-03-21T13:45:58","date_gmt":"2024-03-21T12:45:58","guid":{"rendered":"https:\/\/maximaloc.com\/produit\/sigma-hsz-18-35mm-t2-s35-ef\/"},"modified":"2026-04-13T20:14:26","modified_gmt":"2026-04-13T18:14:26","slug":"sigma-hsz-18-35-t2-ef","status":"publish","type":"product","link":"https:\/\/maximaloc.com\/en\/product\/sigma-hsz-18-35-t2-ef\/","title":{"rendered":"SIGMA HSZ 18-35 T2 EF"},"content":{"rendered":"<p>Le Sigma 18-35 T2.0 EF est un objectif cin\u00e9ma \u00e0 monture EF con\u00e7u pour les cam\u00e9ras de cin\u00e9ma avec capteur Super 35mm (RED, Blackmagic mais aussi Sony avec bague d&#8217;adaptation). Il dispose d&#8217;une grande ouverture constante de T2.0 sur toute la plage focale et offre d\u2019excellentes performances en basse lumi\u00e8re et procure un bokeh cin\u00e9matographique. Autre caract\u00e9ristique tr\u00e8s appr\u00e9ciable, cette optique est parfocale, ce qui signifie qu\u2019elle conserve la mise au point ind\u00e9pendamment de la variation de la focale.<\/p>\n<p>\u00a0<\/p>\n<p>Le Sigma 18-35 T2.0 EF est dot\u00e9 d&#8217;une formule optique avanc\u00e9e compos\u00e9e de 17 \u00e9l\u00e9ments en 12 groupes, avec une lentille asph\u00e9rique et plusieurs lentilles \u00e0 faible dispersion qui assurent une belle nettet\u00e9 ainsi qu\u2019une faible distorsion. Ses traitements optiques r\u00e9duisent les reflets et flares.<\/p>\n<p>\u00a0<\/p>\n<p>Sa facture inspire confiance avec un fut robuste et des bagues de mise au point et de zoom crant\u00e9es, larges et fluides pour un contr\u00f4le pr\u00e9cis du point et du zoom.<\/p>\n<p>\u00a0<\/p>\n<p><strong>Points Forts:<\/strong><\/p>\n<ul>\n<li>Qualit\u00e9 optique : peu d&#8217;aberrations et de d\u00e9formations<\/li>\n<li>Ouverture rapide T2.0<\/li>\n<li>Construction robuste et ergonomique<\/li>\n<\/ul>","protected":false},"excerpt":{"rendered":"<p>Zoom cin\u00e9ma<\/p>\n<p>Monture : EF<\/p>\n<p>Format: Super 35<\/p>\n<p>Diam\u00e8tre de filtre : 82 mm<\/p>\n<p>Diam\u00e8tre ext\u00e9rieur : 95 mm<\/p>","protected":false},"featured_media":8940,"template":"","meta":[],"product_cat":[228],"product_tag":[216,240,241,279,242],"class_list":{"0":"post-4446","1":"product","2":"type-product","3":"status-publish","4":"has-post-thumbnail","6":"product_cat-canon-ef","7":"product_tag-super-35-aps-c","8":"product_tag-mise-au-point-manuelle","9":"product_tag-non-stabilise","10":"product_tag-sigma","11":"product_tag-zoom","13":"first","14":"instock","15":"taxable","16":"shipping-taxable","17":"purchasable","18":"product-type-rentable"},"yoast_head":"<!-- This site is optimized with the Yoast SEO plugin v27.4 - https:\/\/yoast.com\/product\/yoast-seo-wordpress\/ -->\n<title>SIGMA HSZ 18-35 T2 EF - Maximaloc<\/title>\n<meta name=\"robots\" content=\"index, follow, max-snippet:-1, max-image-preview:large, max-video-preview:-1\" \/>\n<link rel=\"canonical\" href=\"https:\/\/maximaloc.com\/en\/product\/sigma-hsz-18-35-t2-ef\/\" \/>\n<meta property=\"og:locale\" content=\"en_US\" \/>\n<meta property=\"og:type\" content=\"article\" \/>\n<meta property=\"og:title\" content=\"SIGMA HSZ 18-35 T2 EF - Maximaloc\" \/>\n<meta property=\"og:description\" content=\"Zoom cin\u00e9ma Monture : EF Format: Super 35 Diam\u00e8tre de filtre : 82 mm Diam\u00e8tre ext\u00e9rieur : 95 mm\" \/>\n<meta property=\"og:url\" content=\"https:\/\/maximaloc.com\/en\/product\/sigma-hsz-18-35-t2-ef\/\" \/>\n<meta property=\"og:site_name\" content=\"Maximaloc\" \/>\n<meta property=\"article:publisher\" content=\"https:\/\/www.facebook.com\/Maximalocation\" \/>\n<meta property=\"article:modified_time\" content=\"2026-04-13T18:14:26+00:00\" \/>\n<meta property=\"og:image\" content=\"https:\/\/maximaloc.com\/wp-content\/uploads\/2024\/03\/16-35-sigma-cine-1.webp\" \/>\n\t<meta property=\"og:image:width\" content=\"580\" \/>\n\t<meta property=\"og:image:height\" content=\"420\" \/>\n\t<meta property=\"og:image:type\" content=\"image\/webp\" \/>\n<meta name=\"twitter:card\" content=\"summary_large_image\" \/>\n<meta name=\"twitter:label1\" content=\"Est. reading time\" \/>\n\t<meta name=\"twitter:data1\" content=\"2 minutes\" \/>\n<script type=\"application\/ld+json\" class=\"yoast-schema-graph\">{\"@context\":\"https:\\\/\\\/schema.org\",\"@graph\":[{\"@type\":\"WebPage\",\"@id\":\"https:\\\/\\\/maximaloc.com\\\/produit\\\/sigma-hsz-18-35-t2-ef\\\/\",\"url\":\"https:\\\/\\\/maximaloc.com\\\/produit\\\/sigma-hsz-18-35-t2-ef\\\/\",\"name\":\"SIGMA HSZ 18-35 T2 EF - Maximaloc\",\"isPartOf\":{\"@id\":\"https:\\\/\\\/maximaloc.com\\\/#website\"},\"primaryImageOfPage\":{\"@id\":\"https:\\\/\\\/maximaloc.com\\\/produit\\\/sigma-hsz-18-35-t2-ef\\\/#primaryimage\"},\"image\":{\"@id\":\"https:\\\/\\\/maximaloc.com\\\/produit\\\/sigma-hsz-18-35-t2-ef\\\/#primaryimage\"},\"thumbnailUrl\":\"https:\\\/\\\/maximaloc.com\\\/wp-content\\\/uploads\\\/2024\\\/03\\\/16-35-sigma-cine-1.webp\",\"datePublished\":\"2024-03-21T12:45:58+00:00\",\"dateModified\":\"2026-04-13T18:14:26+00:00\",\"breadcrumb\":{\"@id\":\"https:\\\/\\\/maximaloc.com\\\/produit\\\/sigma-hsz-18-35-t2-ef\\\/#breadcrumb\"},\"inLanguage\":\"en-US\",\"potentialAction\":[{\"@type\":\"ReadAction\",\"target\":[\"https:\\\/\\\/maximaloc.com\\\/produit\\\/sigma-hsz-18-35-t2-ef\\\/\"]}]},{\"@type\":\"ImageObject\",\"inLanguage\":\"en-US\",\"@id\":\"https:\\\/\\\/maximaloc.com\\\/produit\\\/sigma-hsz-18-35-t2-ef\\\/#primaryimage\",\"url\":\"https:\\\/\\\/maximaloc.com\\\/wp-content\\\/uploads\\\/2024\\\/03\\\/16-35-sigma-cine-1.webp\",\"contentUrl\":\"https:\\\/\\\/maximaloc.com\\\/wp-content\\\/uploads\\\/2024\\\/03\\\/16-35-sigma-cine-1.webp\",\"width\":580,\"height\":420,\"caption\":\"Zoom cin\u00e9 Sigma 18-35 T2 Monture EF vue de profil en location\"},{\"@type\":\"BreadcrumbList\",\"@id\":\"https:\\\/\\\/maximaloc.com\\\/produit\\\/sigma-hsz-18-35-t2-ef\\\/#breadcrumb\",\"itemListElement\":[{\"@type\":\"ListItem\",\"position\":1,\"name\":\"Accueil\",\"item\":\"https:\\\/\\\/maximaloc.com\\\/\"},{\"@type\":\"ListItem\",\"position\":2,\"name\":\"BOUTIQUE\",\"item\":\"https:\\\/\\\/maximaloc.com\\\/boutique\\\/\"},{\"@type\":\"ListItem\",\"position\":3,\"name\":\"SIGMA HSZ 18-35 T2 EF\"}]},{\"@type\":\"WebSite\",\"@id\":\"https:\\\/\\\/maximaloc.com\\\/#website\",\"url\":\"https:\\\/\\\/maximaloc.com\\\/\",\"name\":\"Maximaloc\",\"description\":\"\",\"publisher\":{\"@id\":\"https:\\\/\\\/maximaloc.com\\\/#organization\"},\"potentialAction\":[{\"@type\":\"SearchAction\",\"target\":{\"@type\":\"EntryPoint\",\"urlTemplate\":\"https:\\\/\\\/maximaloc.com\\\/?s={search_term_string}\"},\"query-input\":{\"@type\":\"PropertyValueSpecification\",\"valueRequired\":true,\"valueName\":\"search_term_string\"}}],\"inLanguage\":\"en-US\"},{\"@type\":\"Organization\",\"@id\":\"https:\\\/\\\/maximaloc.com\\\/#organization\",\"name\":\"Maximaloc\",\"url\":\"https:\\\/\\\/maximaloc.com\\\/\",\"logo\":{\"@type\":\"ImageObject\",\"inLanguage\":\"en-US\",\"@id\":\"https:\\\/\\\/maximaloc.com\\\/#\\\/schema\\\/logo\\\/image\\\/\",\"url\":\"https:\\\/\\\/maximaloc.com\\\/wp-content\\\/uploads\\\/2024\\\/03\\\/logo_noir-scaled.png\",\"contentUrl\":\"https:\\\/\\\/maximaloc.com\\\/wp-content\\\/uploads\\\/2024\\\/03\\\/logo_noir-scaled.png\",\"width\":2560,\"height\":268,\"caption\":\"Maximaloc\"},\"image\":{\"@id\":\"https:\\\/\\\/maximaloc.com\\\/#\\\/schema\\\/logo\\\/image\\\/\"},\"sameAs\":[\"https:\\\/\\\/www.facebook.com\\\/Maximalocation\"]}]}<\/script>\n<!-- \/ Yoast SEO plugin. -->","yoast_head_json":{"title":"SIGMA HSZ 18-35 T2 EF - Maximaloc","robots":{"index":"index","follow":"follow","max-snippet":"max-snippet:-1","max-image-preview":"max-image-preview:large","max-video-preview":"max-video-preview:-1"},"canonical":"https:\/\/maximaloc.com\/en\/product\/sigma-hsz-18-35-t2-ef\/","og_locale":"en_US","og_type":"article","og_title":"SIGMA HSZ 18-35 T2 EF - Maximaloc","og_description":"Zoom cin\u00e9ma Monture : EF Format: Super 35 Diam\u00e8tre de filtre : 82 mm Diam\u00e8tre ext\u00e9rieur : 95 mm","og_url":"https:\/\/maximaloc.com\/en\/product\/sigma-hsz-18-35-t2-ef\/","og_site_name":"Maximaloc","article_publisher":"https:\/\/www.facebook.com\/Maximalocation","article_modified_time":"2026-04-13T18:14:26+00:00","og_image":[{"width":580,"height":420,"url":"https:\/\/maximaloc.com\/wp-content\/uploads\/2024\/03\/16-35-sigma-cine-1.webp","type":"image\/webp"}],"twitter_card":"summary_large_image","twitter_misc":{"Est. reading time":"2 minutes"},"schema":{"@context":"https:\/\/schema.org","@graph":[{"@type":"WebPage","@id":"https:\/\/maximaloc.com\/produit\/sigma-hsz-18-35-t2-ef\/","url":"https:\/\/maximaloc.com\/produit\/sigma-hsz-18-35-t2-ef\/","name":"SIGMA HSZ 18-35 T2 EF - Maximaloc","isPartOf":{"@id":"https:\/\/maximaloc.com\/#website"},"primaryImageOfPage":{"@id":"https:\/\/maximaloc.com\/produit\/sigma-hsz-18-35-t2-ef\/#primaryimage"},"image":{"@id":"https:\/\/maximaloc.com\/produit\/sigma-hsz-18-35-t2-ef\/#primaryimage"},"thumbnailUrl":"https:\/\/maximaloc.com\/wp-content\/uploads\/2024\/03\/16-35-sigma-cine-1.webp","datePublished":"2024-03-21T12:45:58+00:00","dateModified":"2026-04-13T18:14:26+00:00","breadcrumb":{"@id":"https:\/\/maximaloc.com\/produit\/sigma-hsz-18-35-t2-ef\/#breadcrumb"},"inLanguage":"en-US","potentialAction":[{"@type":"ReadAction","target":["https:\/\/maximaloc.com\/produit\/sigma-hsz-18-35-t2-ef\/"]}]},{"@type":"ImageObject","inLanguage":"en-US","@id":"https:\/\/maximaloc.com\/produit\/sigma-hsz-18-35-t2-ef\/#primaryimage","url":"https:\/\/maximaloc.com\/wp-content\/uploads\/2024\/03\/16-35-sigma-cine-1.webp","contentUrl":"https:\/\/maximaloc.com\/wp-content\/uploads\/2024\/03\/16-35-sigma-cine-1.webp","width":580,"height":420,"caption":"Zoom cin\u00e9 Sigma 18-35 T2 Monture EF vue de profil en location"},{"@type":"BreadcrumbList","@id":"https:\/\/maximaloc.com\/produit\/sigma-hsz-18-35-t2-ef\/#breadcrumb","itemListElement":[{"@type":"ListItem","position":1,"name":"Accueil","item":"https:\/\/maximaloc.com\/"},{"@type":"ListItem","position":2,"name":"BOUTIQUE","item":"https:\/\/maximaloc.com\/boutique\/"},{"@type":"ListItem","position":3,"name":"SIGMA HSZ 18-35 T2 EF"}]},{"@type":"WebSite","@id":"https:\/\/maximaloc.com\/#website","url":"https:\/\/maximaloc.com\/","name":"Maximaloc","description":"","publisher":{"@id":"https:\/\/maximaloc.com\/#organization"},"potentialAction":[{"@type":"SearchAction","target":{"@type":"EntryPoint","urlTemplate":"https:\/\/maximaloc.com\/?s={search_term_string}"},"query-input":{"@type":"PropertyValueSpecification","valueRequired":true,"valueName":"search_term_string"}}],"inLanguage":"en-US"},{"@type":"Organization","@id":"https:\/\/maximaloc.com\/#organization","name":"Maximaloc","url":"https:\/\/maximaloc.com\/","logo":{"@type":"ImageObject","inLanguage":"en-US","@id":"https:\/\/maximaloc.com\/#\/schema\/logo\/image\/","url":"https:\/\/maximaloc.com\/wp-content\/uploads\/2024\/03\/logo_noir-scaled.png","contentUrl":"https:\/\/maximaloc.com\/wp-content\/uploads\/2024\/03\/logo_noir-scaled.png","width":2560,"height":268,"caption":"Maximaloc"},"image":{"@id":"https:\/\/maximaloc.com\/#\/schema\/logo\/image\/"},"sameAs":["https:\/\/www.facebook.com\/Maximalocation"]}]}},"_links":{"self":[{"href":"https:\/\/maximaloc.com\/en\/wp-json\/wp\/v2\/product\/4446","targetHints":{"allow":["GET"]}}],"collection":[{"href":"https:\/\/maximaloc.com\/en\/wp-json\/wp\/v2\/product"}],"about":[{"href":"https:\/\/maximaloc.com\/en\/wp-json\/wp\/v2\/types\/product"}],"wp:featuredmedia":[{"embeddable":true,"href":"https:\/\/maximaloc.com\/en\/wp-json\/wp\/v2\/media\/8940"}],"wp:attachment":[{"href":"https:\/\/maximaloc.com\/en\/wp-json\/wp\/v2\/media?parent=4446"}],"wp:term":[{"taxonomy":"product_cat","embeddable":true,"href":"https:\/\/maximaloc.com\/en\/wp-json\/wp\/v2\/product_cat?post=4446"},{"taxonomy":"product_tag","embeddable":true,"href":"https:\/\/maximaloc.com\/en\/wp-json\/wp\/v2\/product_tag?post=4446"}],"curies":[{"name":"wp","href":"https:\/\/api.w.org\/{rel}","templated":true}]}}