 {"id":4470,"date":"2024-03-21T13:46:06","date_gmt":"2024-03-21T12:46:06","guid":{"rendered":"https:\/\/maximaloc.com\/produit\/aputure-nova-p600c-rgb\/"},"modified":"2026-04-28T15:55:23","modified_gmt":"2026-04-28T13:55:23","slug":"aputure-nova-p600c-rgb","status":"publish","type":"product","link":"https:\/\/maximaloc.com\/en\/product\/aputure-nova-p600c-rgb\/","title":{"rendered":"APUTURE NOVA P600C RGB"},"content":{"rendered":"<p><u><strong>Location Aputure Nova P600C RGB \u00e0 Paris \u2013 Grand Panneau LED RGBWW 720W | Maximaloc<\/strong><\/u><\/p>\n<p>L&#8217;Aputure Nova P600C est le grand panneau LED RGBWW 720W de la gamme Nova. Avec 17 520 lux \u00e0 1m et une surface de 64 \u00d7 29 cm, il offre une source naturellement douce et puissante capable d&#8217;\u00e9clairer un plateau entier. La plage CCT 2000\u201310 000K et l&#8217;int\u00e9gration ArtNet\/sACN en font un choix professionnel pour les grandes productions.<\/p>\n<p><u><strong>Caract\u00e9ristiques techniques<\/strong><\/u><\/p>\n<p>Puissance :720 W |Temp. couleur :2000\u201310 000 K + RVB<br \/>TLCI :\u2265 95 |Sortie :17 520 lux \u00e0 1m (5600K) | 2 167 lux \u00e0 3m<br \/>Angle :120\u00b0 |Poids :13,7 kg (panneau) + 430 g (contr\u00f4leur)<br \/>Dims :L 64 \u00d7 H 28,5 \u00d7 P 16,6 cm<br \/>Alimentation :Secteur 100\u2013240V | V-Lock 480W optionnel (75 min, 2\u00d7 V-Lock 285Wh)<br \/>Contr\u00f4le :Sidus Link + Wireless DMX + ArtNet\/sACN (RJ45)<\/p>\n<p><u><strong>Points forts<\/strong><\/u><\/p>\n<p>\u2022\u00a0\u00a0\u00a0\u00a0\u00a0\u00a0\u00a0 720W panel \u2013 puissance \u00e9quivalent \u00e0 deux P300C<\/p>\n<p>\u2022\u00a0\u00a0\u00a0\u00a0\u00a0\u00a0\u00a0 Source naturellement douce \u2013 sans softbox suppl\u00e9mentaire<\/p>\n<p>\u2022\u00a0\u00a0\u00a0\u00a0\u00a0\u00a0\u00a0 ArtNet\/sACN \u2013 int\u00e9gration console lumi\u00e8re professionnelle<\/p>\n<p>\u2022\u00a0\u00a0\u00a0\u00a0\u00a0\u00a0\u00a0 V-Lock 480W optionnel \u2013 autonomie ext\u00e9rieur pour tournages hors r\u00e9seau<\/p>\n<p>\u2022\u00a0\u00a0\u00a0\u00a0\u00a0\u00a0\u00a0 FX int\u00e9gr\u00e9s \u2013 effets dynamiques couleur et lumi\u00e8re<\/p>\n<p>\u00a0<\/p>\n<p>Location Aputure Nova P600C RGB chez Maximaloc. Voir aussi COB 600C Pro II RGB.<\/p>","protected":false},"excerpt":{"rendered":"<p>Panneau Led RGB<\/p>\n<p>Puissance : 720W<\/p>\n<p>T\u00b0: RGB \/ 2 000 &#8211; 10 000 K<\/p>\n<p>Taille : 65&#215;30 cm<\/p>","protected":false},"featured_media":9454,"template":"","meta":[],"product_cat":[255],"product_tag":[297,294,301,311,295,296,298,299],"class_list":{"0":"post-4470","1":"product","2":"type-product","3":"status-publish","4":"has-post-thumbnail","6":"product_cat-led-panel","7":"product_tag-600w-ou-plus","8":"product_tag-180-400w","9":"product_tag-30-120w","10":"product_tag-30w-ou-moins","11":"product_tag-aputure","12":"product_tag-bi-color","13":"product_tag-daylight","14":"product_tag-rgb","16":"first","17":"instock","18":"featured","19":"taxable","20":"shipping-taxable","21":"purchasable","22":"product-type-rentable"},"yoast_head":"<!-- This site is optimized with the Yoast SEO plugin v27.4 - https:\/\/yoast.com\/product\/yoast-seo-wordpress\/ -->\n<title>APUTURE NOVA P600C RGB - Maximaloc<\/title>\n<meta name=\"robots\" content=\"index, follow, max-snippet:-1, max-image-preview:large, max-video-preview:-1\" \/>\n<link rel=\"canonical\" href=\"https:\/\/maximaloc.com\/en\/product\/aputure-nova-p600c-rgb\/\" \/>\n<meta property=\"og:locale\" content=\"en_US\" \/>\n<meta property=\"og:type\" content=\"article\" \/>\n<meta property=\"og:title\" content=\"APUTURE NOVA P600C RGB - Maximaloc\" \/>\n<meta property=\"og:description\" content=\"Panneau Led RGB Puissance : 720W T\u00b0: RGB \/ 2 000 - 10 000 K Taille : 65x30 cm\" \/>\n<meta property=\"og:url\" content=\"https:\/\/maximaloc.com\/en\/product\/aputure-nova-p600c-rgb\/\" \/>\n<meta property=\"og:site_name\" content=\"Maximaloc\" \/>\n<meta property=\"article:publisher\" content=\"https:\/\/www.facebook.com\/Maximalocation\" \/>\n<meta property=\"article:modified_time\" content=\"2026-04-28T13:55:23+00:00\" \/>\n<meta property=\"og:image\" content=\"https:\/\/maximaloc.com\/wp-content\/uploads\/2024\/03\/p600c-1.webp\" \/>\n\t<meta property=\"og:image:width\" content=\"580\" \/>\n\t<meta property=\"og:image:height\" content=\"420\" \/>\n\t<meta property=\"og:image:type\" content=\"image\/webp\" \/>\n<meta name=\"twitter:card\" content=\"summary_large_image\" \/>\n<meta name=\"twitter:label1\" content=\"Est. reading time\" \/>\n\t<meta name=\"twitter:data1\" content=\"1 minute\" \/>\n<script type=\"application\/ld+json\" class=\"yoast-schema-graph\">{\"@context\":\"https:\\\/\\\/schema.org\",\"@graph\":[{\"@type\":\"WebPage\",\"@id\":\"https:\\\/\\\/maximaloc.com\\\/produit\\\/aputure-nova-p600c-rgb\\\/\",\"url\":\"https:\\\/\\\/maximaloc.com\\\/produit\\\/aputure-nova-p600c-rgb\\\/\",\"name\":\"APUTURE NOVA P600C RGB - Maximaloc\",\"isPartOf\":{\"@id\":\"https:\\\/\\\/maximaloc.com\\\/#website\"},\"primaryImageOfPage\":{\"@id\":\"https:\\\/\\\/maximaloc.com\\\/produit\\\/aputure-nova-p600c-rgb\\\/#primaryimage\"},\"image\":{\"@id\":\"https:\\\/\\\/maximaloc.com\\\/produit\\\/aputure-nova-p600c-rgb\\\/#primaryimage\"},\"thumbnailUrl\":\"https:\\\/\\\/maximaloc.com\\\/wp-content\\\/uploads\\\/2024\\\/03\\\/p600c-1.webp\",\"datePublished\":\"2024-03-21T12:46:06+00:00\",\"dateModified\":\"2026-04-28T13:55:23+00:00\",\"breadcrumb\":{\"@id\":\"https:\\\/\\\/maximaloc.com\\\/produit\\\/aputure-nova-p600c-rgb\\\/#breadcrumb\"},\"inLanguage\":\"en-US\",\"potentialAction\":[{\"@type\":\"ReadAction\",\"target\":[\"https:\\\/\\\/maximaloc.com\\\/produit\\\/aputure-nova-p600c-rgb\\\/\"]}]},{\"@type\":\"ImageObject\",\"inLanguage\":\"en-US\",\"@id\":\"https:\\\/\\\/maximaloc.com\\\/produit\\\/aputure-nova-p600c-rgb\\\/#primaryimage\",\"url\":\"https:\\\/\\\/maximaloc.com\\\/wp-content\\\/uploads\\\/2024\\\/03\\\/p600c-1.webp\",\"contentUrl\":\"https:\\\/\\\/maximaloc.com\\\/wp-content\\\/uploads\\\/2024\\\/03\\\/p600c-1.webp\",\"width\":580,\"height\":420,\"caption\":\"Panneau LED Aputure NOVA P600C avec couleurs RGB\"},{\"@type\":\"BreadcrumbList\",\"@id\":\"https:\\\/\\\/maximaloc.com\\\/produit\\\/aputure-nova-p600c-rgb\\\/#breadcrumb\",\"itemListElement\":[{\"@type\":\"ListItem\",\"position\":1,\"name\":\"Accueil\",\"item\":\"https:\\\/\\\/maximaloc.com\\\/\"},{\"@type\":\"ListItem\",\"position\":2,\"name\":\"BOUTIQUE\",\"item\":\"https:\\\/\\\/maximaloc.com\\\/boutique\\\/\"},{\"@type\":\"ListItem\",\"position\":3,\"name\":\"APUTURE NOVA P600C RGB\"}]},{\"@type\":\"WebSite\",\"@id\":\"https:\\\/\\\/maximaloc.com\\\/#website\",\"url\":\"https:\\\/\\\/maximaloc.com\\\/\",\"name\":\"Maximaloc\",\"description\":\"\",\"publisher\":{\"@id\":\"https:\\\/\\\/maximaloc.com\\\/#organization\"},\"potentialAction\":[{\"@type\":\"SearchAction\",\"target\":{\"@type\":\"EntryPoint\",\"urlTemplate\":\"https:\\\/\\\/maximaloc.com\\\/?s={search_term_string}\"},\"query-input\":{\"@type\":\"PropertyValueSpecification\",\"valueRequired\":true,\"valueName\":\"search_term_string\"}}],\"inLanguage\":\"en-US\"},{\"@type\":\"Organization\",\"@id\":\"https:\\\/\\\/maximaloc.com\\\/#organization\",\"name\":\"Maximaloc\",\"url\":\"https:\\\/\\\/maximaloc.com\\\/\",\"logo\":{\"@type\":\"ImageObject\",\"inLanguage\":\"en-US\",\"@id\":\"https:\\\/\\\/maximaloc.com\\\/#\\\/schema\\\/logo\\\/image\\\/\",\"url\":\"https:\\\/\\\/maximaloc.com\\\/wp-content\\\/uploads\\\/2024\\\/03\\\/logo_noir-scaled.png\",\"contentUrl\":\"https:\\\/\\\/maximaloc.com\\\/wp-content\\\/uploads\\\/2024\\\/03\\\/logo_noir-scaled.png\",\"width\":2560,\"height\":268,\"caption\":\"Maximaloc\"},\"image\":{\"@id\":\"https:\\\/\\\/maximaloc.com\\\/#\\\/schema\\\/logo\\\/image\\\/\"},\"sameAs\":[\"https:\\\/\\\/www.facebook.com\\\/Maximalocation\"]}]}<\/script>\n<!-- \/ Yoast SEO plugin. -->","yoast_head_json":{"title":"APUTURE NOVA P600C RGB - Maximaloc","robots":{"index":"index","follow":"follow","max-snippet":"max-snippet:-1","max-image-preview":"max-image-preview:large","max-video-preview":"max-video-preview:-1"},"canonical":"https:\/\/maximaloc.com\/en\/product\/aputure-nova-p600c-rgb\/","og_locale":"en_US","og_type":"article","og_title":"APUTURE NOVA P600C RGB - Maximaloc","og_description":"Panneau Led RGB Puissance : 720W T\u00b0: RGB \/ 2 000 - 10 000 K Taille : 65x30 cm","og_url":"https:\/\/maximaloc.com\/en\/product\/aputure-nova-p600c-rgb\/","og_site_name":"Maximaloc","article_publisher":"https:\/\/www.facebook.com\/Maximalocation","article_modified_time":"2026-04-28T13:55:23+00:00","og_image":[{"width":580,"height":420,"url":"https:\/\/maximaloc.com\/wp-content\/uploads\/2024\/03\/p600c-1.webp","type":"image\/webp"}],"twitter_card":"summary_large_image","twitter_misc":{"Est. reading time":"1 minute"},"schema":{"@context":"https:\/\/schema.org","@graph":[{"@type":"WebPage","@id":"https:\/\/maximaloc.com\/produit\/aputure-nova-p600c-rgb\/","url":"https:\/\/maximaloc.com\/produit\/aputure-nova-p600c-rgb\/","name":"APUTURE NOVA P600C RGB - Maximaloc","isPartOf":{"@id":"https:\/\/maximaloc.com\/#website"},"primaryImageOfPage":{"@id":"https:\/\/maximaloc.com\/produit\/aputure-nova-p600c-rgb\/#primaryimage"},"image":{"@id":"https:\/\/maximaloc.com\/produit\/aputure-nova-p600c-rgb\/#primaryimage"},"thumbnailUrl":"https:\/\/maximaloc.com\/wp-content\/uploads\/2024\/03\/p600c-1.webp","datePublished":"2024-03-21T12:46:06+00:00","dateModified":"2026-04-28T13:55:23+00:00","breadcrumb":{"@id":"https:\/\/maximaloc.com\/produit\/aputure-nova-p600c-rgb\/#breadcrumb"},"inLanguage":"en-US","potentialAction":[{"@type":"ReadAction","target":["https:\/\/maximaloc.com\/produit\/aputure-nova-p600c-rgb\/"]}]},{"@type":"ImageObject","inLanguage":"en-US","@id":"https:\/\/maximaloc.com\/produit\/aputure-nova-p600c-rgb\/#primaryimage","url":"https:\/\/maximaloc.com\/wp-content\/uploads\/2024\/03\/p600c-1.webp","contentUrl":"https:\/\/maximaloc.com\/wp-content\/uploads\/2024\/03\/p600c-1.webp","width":580,"height":420,"caption":"Panneau LED Aputure NOVA P600C avec couleurs RGB"},{"@type":"BreadcrumbList","@id":"https:\/\/maximaloc.com\/produit\/aputure-nova-p600c-rgb\/#breadcrumb","itemListElement":[{"@type":"ListItem","position":1,"name":"Accueil","item":"https:\/\/maximaloc.com\/"},{"@type":"ListItem","position":2,"name":"BOUTIQUE","item":"https:\/\/maximaloc.com\/boutique\/"},{"@type":"ListItem","position":3,"name":"APUTURE NOVA P600C RGB"}]},{"@type":"WebSite","@id":"https:\/\/maximaloc.com\/#website","url":"https:\/\/maximaloc.com\/","name":"Maximaloc","description":"","publisher":{"@id":"https:\/\/maximaloc.com\/#organization"},"potentialAction":[{"@type":"SearchAction","target":{"@type":"EntryPoint","urlTemplate":"https:\/\/maximaloc.com\/?s={search_term_string}"},"query-input":{"@type":"PropertyValueSpecification","valueRequired":true,"valueName":"search_term_string"}}],"inLanguage":"en-US"},{"@type":"Organization","@id":"https:\/\/maximaloc.com\/#organization","name":"Maximaloc","url":"https:\/\/maximaloc.com\/","logo":{"@type":"ImageObject","inLanguage":"en-US","@id":"https:\/\/maximaloc.com\/#\/schema\/logo\/image\/","url":"https:\/\/maximaloc.com\/wp-content\/uploads\/2024\/03\/logo_noir-scaled.png","contentUrl":"https:\/\/maximaloc.com\/wp-content\/uploads\/2024\/03\/logo_noir-scaled.png","width":2560,"height":268,"caption":"Maximaloc"},"image":{"@id":"https:\/\/maximaloc.com\/#\/schema\/logo\/image\/"},"sameAs":["https:\/\/www.facebook.com\/Maximalocation"]}]}},"_links":{"self":[{"href":"https:\/\/maximaloc.com\/en\/wp-json\/wp\/v2\/product\/4470","targetHints":{"allow":["GET"]}}],"collection":[{"href":"https:\/\/maximaloc.com\/en\/wp-json\/wp\/v2\/product"}],"about":[{"href":"https:\/\/maximaloc.com\/en\/wp-json\/wp\/v2\/types\/product"}],"wp:featuredmedia":[{"embeddable":true,"href":"https:\/\/maximaloc.com\/en\/wp-json\/wp\/v2\/media\/9454"}],"wp:attachment":[{"href":"https:\/\/maximaloc.com\/en\/wp-json\/wp\/v2\/media?parent=4470"}],"wp:term":[{"taxonomy":"product_cat","embeddable":true,"href":"https:\/\/maximaloc.com\/en\/wp-json\/wp\/v2\/product_cat?post=4470"},{"taxonomy":"product_tag","embeddable":true,"href":"https:\/\/maximaloc.com\/en\/wp-json\/wp\/v2\/product_tag?post=4470"}],"curies":[{"name":"wp","href":"https:\/\/api.w.org\/{rel}","templated":true}]}}