 {"id":4511,"date":"2024-03-21T13:46:18","date_gmt":"2024-03-21T12:46:18","guid":{"rendered":"https:\/\/maximaloc.com\/produit\/kit-godox-2x-flashs-ad400-pro\/"},"modified":"2026-03-30T16:30:44","modified_gmt":"2026-03-30T14:30:44","slug":"godox-2x-flashs-ad400-pro","status":"publish","type":"product","link":"https:\/\/maximaloc.com\/en\/product\/godox-2x-flashs-ad400-pro\/","title":{"rendered":"GODOX 2X FLASHS AD400 PRO"},"content":{"rendered":"<p>Le Godox AD400 Pro est un flash polyvalent, compatible avec plusieurs syst\u00e8mes TTL, dont Canon, Nikon, Sony, Fujifilm, Olympus et Panasonic. Ce flash offre une puissance de 400Ws avec neuf niveaux de r\u00e9glage. Il fonctionne avec une batterie au lithium-ion offrant jusqu&#8217;\u00e0 380 flashs mais peut \u00e9galement fonctionner sur secteur.\u00a0<\/p>\n<p>\u00a0<\/p>\n<p>Il dispose d&#8217;un mode de synchronisation haute vitesse, d&#8217;une stabilisation de la temp\u00e9rature de couleur, et offre des temps de recyclage rapides. L\u2019adaptateur Bowens inclus permet d\u2019y monter des accessoires compatibles.\u00a0<\/p>","protected":false},"excerpt":{"rendered":"<p>Flash Studio Portable<\/p>\n<p>Puissance : 400 Ws<\/p>\n<p>Dur\u00e9e de flash : 1\/230 &#8211; 1\/12 340 s<\/p>\n<p>Recharge : 0,01 &#8211; 1,1s<\/p>\n<p>Monture : Bowens<\/p>","protected":false},"featured_media":9637,"template":"","meta":[],"product_cat":[253],"product_tag":[294,301,311,298,303,304],"class_list":{"0":"post-4511","1":"product","2":"type-product","3":"status-publish","4":"has-post-thumbnail","6":"product_cat-flash","7":"product_tag-180-400w","8":"product_tag-30-120w","9":"product_tag-30w-ou-moins","10":"product_tag-daylight","11":"product_tag-flash","12":"product_tag-godox","14":"first","15":"instock","16":"taxable","17":"shipping-taxable","18":"purchasable","19":"product-type-rentable"},"yoast_head":"<!-- This site is optimized with the Yoast SEO plugin v24.1 - https:\/\/yoast.com\/wordpress\/plugins\/seo\/ -->\n<title>GODOX 2X FLASHS AD400 PRO - Maximaloc<\/title>\n<meta name=\"robots\" content=\"index, follow, max-snippet:-1, max-image-preview:large, max-video-preview:-1\" \/>\n<link rel=\"canonical\" href=\"https:\/\/maximaloc.com\/en\/product\/godox-2x-flashs-ad400-pro\/\" \/>\n<meta property=\"og:locale\" content=\"en_US\" \/>\n<meta property=\"og:type\" content=\"article\" \/>\n<meta property=\"og:title\" content=\"GODOX 2X FLASHS AD400 PRO - Maximaloc\" \/>\n<meta property=\"og:description\" content=\"Flash Studio Portable Puissance : 400 Ws Dur\u00e9e de flash : 1\/230 - 1\/12 340 s Recharge : 0,01 - 1,1s Monture : Bowens\" \/>\n<meta property=\"og:url\" content=\"https:\/\/maximaloc.com\/en\/product\/godox-2x-flashs-ad400-pro\/\" \/>\n<meta property=\"og:site_name\" content=\"Maximaloc\" \/>\n<meta property=\"article:publisher\" content=\"https:\/\/www.facebook.com\/Maximalocation\" \/>\n<meta property=\"article:modified_time\" content=\"2026-03-30T14:30:44+00:00\" \/>\n<meta property=\"og:image\" content=\"https:\/\/maximaloc.com\/wp-content\/uploads\/2024\/03\/1-14.webp\" \/>\n\t<meta property=\"og:image:width\" content=\"725\" \/>\n\t<meta property=\"og:image:height\" content=\"525\" \/>\n\t<meta property=\"og:image:type\" content=\"image\/webp\" \/>\n<meta name=\"twitter:card\" content=\"summary_large_image\" \/>\n<meta name=\"twitter:label1\" content=\"Est. reading time\" \/>\n\t<meta name=\"twitter:data1\" content=\"1 minute\" \/>\n<script type=\"application\/ld+json\" class=\"yoast-schema-graph\">{\"@context\":\"https:\/\/schema.org\",\"@graph\":[{\"@type\":\"WebPage\",\"@id\":\"https:\/\/maximaloc.com\/produit\/godox-2x-flashs-ad400-pro\/\",\"url\":\"https:\/\/maximaloc.com\/produit\/godox-2x-flashs-ad400-pro\/\",\"name\":\"GODOX 2X FLASHS AD400 PRO - Maximaloc\",\"isPartOf\":{\"@id\":\"https:\/\/maximaloc.com\/#website\"},\"primaryImageOfPage\":{\"@id\":\"https:\/\/maximaloc.com\/produit\/godox-2x-flashs-ad400-pro\/#primaryimage\"},\"image\":{\"@id\":\"https:\/\/maximaloc.com\/produit\/godox-2x-flashs-ad400-pro\/#primaryimage\"},\"thumbnailUrl\":\"https:\/\/maximaloc.com\/wp-content\/uploads\/2024\/03\/1-14.webp\",\"datePublished\":\"2024-03-21T12:46:18+00:00\",\"dateModified\":\"2026-03-30T14:30:44+00:00\",\"breadcrumb\":{\"@id\":\"https:\/\/maximaloc.com\/produit\/godox-2x-flashs-ad400-pro\/#breadcrumb\"},\"inLanguage\":\"en-US\",\"potentialAction\":[{\"@type\":\"ReadAction\",\"target\":[\"https:\/\/maximaloc.com\/produit\/godox-2x-flashs-ad400-pro\/\"]}]},{\"@type\":\"ImageObject\",\"inLanguage\":\"en-US\",\"@id\":\"https:\/\/maximaloc.com\/produit\/godox-2x-flashs-ad400-pro\/#primaryimage\",\"url\":\"https:\/\/maximaloc.com\/wp-content\/uploads\/2024\/03\/1-14.webp\",\"contentUrl\":\"https:\/\/maximaloc.com\/wp-content\/uploads\/2024\/03\/1-14.webp\",\"width\":725,\"height\":525,\"caption\":\"Vue de c\u00f4t\u00e9 du flash AD 400 Pro avec \u00e9cran LCD, mont\u00e9 sur une rotule avec des commandes accessibles et une t\u00eate de flash orientable pour un \u00e9clairage pr\u00e9cis\"},{\"@type\":\"BreadcrumbList\",\"@id\":\"https:\/\/maximaloc.com\/produit\/godox-2x-flashs-ad400-pro\/#breadcrumb\",\"itemListElement\":[{\"@type\":\"ListItem\",\"position\":1,\"name\":\"Accueil\",\"item\":\"https:\/\/maximaloc.com\/\"},{\"@type\":\"ListItem\",\"position\":2,\"name\":\"BOUTIQUE\",\"item\":\"https:\/\/maximaloc.com\/boutique\/\"},{\"@type\":\"ListItem\",\"position\":3,\"name\":\"GODOX 2X FLASHS AD400 PRO\"}]},{\"@type\":\"WebSite\",\"@id\":\"https:\/\/maximaloc.com\/#website\",\"url\":\"https:\/\/maximaloc.com\/\",\"name\":\"Maximaloc\",\"description\":\"\",\"publisher\":{\"@id\":\"https:\/\/maximaloc.com\/#organization\"},\"potentialAction\":[{\"@type\":\"SearchAction\",\"target\":{\"@type\":\"EntryPoint\",\"urlTemplate\":\"https:\/\/maximaloc.com\/?s={search_term_string}\"},\"query-input\":{\"@type\":\"PropertyValueSpecification\",\"valueRequired\":true,\"valueName\":\"search_term_string\"}}],\"inLanguage\":\"en-US\"},{\"@type\":\"Organization\",\"@id\":\"https:\/\/maximaloc.com\/#organization\",\"name\":\"Maximaloc\",\"url\":\"https:\/\/maximaloc.com\/\",\"logo\":{\"@type\":\"ImageObject\",\"inLanguage\":\"en-US\",\"@id\":\"https:\/\/maximaloc.com\/#\/schema\/logo\/image\/\",\"url\":\"https:\/\/maximaloc.com\/wp-content\/uploads\/2024\/03\/logo_noir.png\",\"contentUrl\":\"https:\/\/maximaloc.com\/wp-content\/uploads\/2024\/03\/logo_noir.png\",\"width\":11750,\"height\":1231,\"caption\":\"Maximaloc\"},\"image\":{\"@id\":\"https:\/\/maximaloc.com\/#\/schema\/logo\/image\/\"},\"sameAs\":[\"https:\/\/www.facebook.com\/Maximalocation\"]}]}<\/script>\n<!-- \/ Yoast SEO plugin. -->","yoast_head_json":{"title":"GODOX 2X FLASHS AD400 PRO - Maximaloc","robots":{"index":"index","follow":"follow","max-snippet":"max-snippet:-1","max-image-preview":"max-image-preview:large","max-video-preview":"max-video-preview:-1"},"canonical":"https:\/\/maximaloc.com\/en\/product\/godox-2x-flashs-ad400-pro\/","og_locale":"en_US","og_type":"article","og_title":"GODOX 2X FLASHS AD400 PRO - Maximaloc","og_description":"Flash Studio Portable Puissance : 400 Ws Dur\u00e9e de flash : 1\/230 - 1\/12 340 s Recharge : 0,01 - 1,1s Monture : Bowens","og_url":"https:\/\/maximaloc.com\/en\/product\/godox-2x-flashs-ad400-pro\/","og_site_name":"Maximaloc","article_publisher":"https:\/\/www.facebook.com\/Maximalocation","article_modified_time":"2026-03-30T14:30:44+00:00","og_image":[{"width":725,"height":525,"url":"https:\/\/maximaloc.com\/wp-content\/uploads\/2024\/03\/1-14.webp","type":"image\/webp"}],"twitter_card":"summary_large_image","twitter_misc":{"Est. reading time":"1 minute"},"schema":{"@context":"https:\/\/schema.org","@graph":[{"@type":"WebPage","@id":"https:\/\/maximaloc.com\/produit\/godox-2x-flashs-ad400-pro\/","url":"https:\/\/maximaloc.com\/produit\/godox-2x-flashs-ad400-pro\/","name":"GODOX 2X FLASHS AD400 PRO - Maximaloc","isPartOf":{"@id":"https:\/\/maximaloc.com\/#website"},"primaryImageOfPage":{"@id":"https:\/\/maximaloc.com\/produit\/godox-2x-flashs-ad400-pro\/#primaryimage"},"image":{"@id":"https:\/\/maximaloc.com\/produit\/godox-2x-flashs-ad400-pro\/#primaryimage"},"thumbnailUrl":"https:\/\/maximaloc.com\/wp-content\/uploads\/2024\/03\/1-14.webp","datePublished":"2024-03-21T12:46:18+00:00","dateModified":"2026-03-30T14:30:44+00:00","breadcrumb":{"@id":"https:\/\/maximaloc.com\/produit\/godox-2x-flashs-ad400-pro\/#breadcrumb"},"inLanguage":"en-US","potentialAction":[{"@type":"ReadAction","target":["https:\/\/maximaloc.com\/produit\/godox-2x-flashs-ad400-pro\/"]}]},{"@type":"ImageObject","inLanguage":"en-US","@id":"https:\/\/maximaloc.com\/produit\/godox-2x-flashs-ad400-pro\/#primaryimage","url":"https:\/\/maximaloc.com\/wp-content\/uploads\/2024\/03\/1-14.webp","contentUrl":"https:\/\/maximaloc.com\/wp-content\/uploads\/2024\/03\/1-14.webp","width":725,"height":525,"caption":"Vue de c\u00f4t\u00e9 du flash AD 400 Pro avec \u00e9cran LCD, mont\u00e9 sur une rotule avec des commandes accessibles et une t\u00eate de flash orientable pour un \u00e9clairage pr\u00e9cis"},{"@type":"BreadcrumbList","@id":"https:\/\/maximaloc.com\/produit\/godox-2x-flashs-ad400-pro\/#breadcrumb","itemListElement":[{"@type":"ListItem","position":1,"name":"Accueil","item":"https:\/\/maximaloc.com\/"},{"@type":"ListItem","position":2,"name":"BOUTIQUE","item":"https:\/\/maximaloc.com\/boutique\/"},{"@type":"ListItem","position":3,"name":"GODOX 2X FLASHS AD400 PRO"}]},{"@type":"WebSite","@id":"https:\/\/maximaloc.com\/#website","url":"https:\/\/maximaloc.com\/","name":"Maximaloc","description":"","publisher":{"@id":"https:\/\/maximaloc.com\/#organization"},"potentialAction":[{"@type":"SearchAction","target":{"@type":"EntryPoint","urlTemplate":"https:\/\/maximaloc.com\/?s={search_term_string}"},"query-input":{"@type":"PropertyValueSpecification","valueRequired":true,"valueName":"search_term_string"}}],"inLanguage":"en-US"},{"@type":"Organization","@id":"https:\/\/maximaloc.com\/#organization","name":"Maximaloc","url":"https:\/\/maximaloc.com\/","logo":{"@type":"ImageObject","inLanguage":"en-US","@id":"https:\/\/maximaloc.com\/#\/schema\/logo\/image\/","url":"https:\/\/maximaloc.com\/wp-content\/uploads\/2024\/03\/logo_noir.png","contentUrl":"https:\/\/maximaloc.com\/wp-content\/uploads\/2024\/03\/logo_noir.png","width":11750,"height":1231,"caption":"Maximaloc"},"image":{"@id":"https:\/\/maximaloc.com\/#\/schema\/logo\/image\/"},"sameAs":["https:\/\/www.facebook.com\/Maximalocation"]}]}},"_links":{"self":[{"href":"https:\/\/maximaloc.com\/en\/wp-json\/wp\/v2\/product\/4511","targetHints":{"allow":["GET"]}}],"collection":[{"href":"https:\/\/maximaloc.com\/en\/wp-json\/wp\/v2\/product"}],"about":[{"href":"https:\/\/maximaloc.com\/en\/wp-json\/wp\/v2\/types\/product"}],"wp:featuredmedia":[{"embeddable":true,"href":"https:\/\/maximaloc.com\/en\/wp-json\/wp\/v2\/media\/9637"}],"wp:attachment":[{"href":"https:\/\/maximaloc.com\/en\/wp-json\/wp\/v2\/media?parent=4511"}],"wp:term":[{"taxonomy":"product_cat","embeddable":true,"href":"https:\/\/maximaloc.com\/en\/wp-json\/wp\/v2\/product_cat?post=4511"},{"taxonomy":"product_tag","embeddable":true,"href":"https:\/\/maximaloc.com\/en\/wp-json\/wp\/v2\/product_tag?post=4511"}],"curies":[{"name":"wp","href":"https:\/\/api.w.org\/{rel}","templated":true}]}}