 {"id":4537,"date":"2024-03-21T13:46:59","date_gmt":"2024-03-21T12:46:59","guid":{"rendered":"https:\/\/maximaloc.com\/produit\/godox-flash-ad200-pro\/"},"modified":"2026-03-30T16:30:58","modified_gmt":"2026-03-30T14:30:58","slug":"godox-flash-ad200-pro","status":"publish","type":"product","link":"https:\/\/maximaloc.com\/en\/product\/godox-flash-ad200-pro\/","title":{"rendered":"GODOX FLASH AD200 PRO"},"content":{"rendered":"<p>Le Godox AD200 Pro est un flash polyvalent avec un excellent rapport puissance\/encombrement. Il fonctionne sur une batterie qui peut offrir jusqu&#8217;\u00e0 500 flashs et peut \u00eatre utilis\u00e9 avec t\u00eate speedlite ou ampoule.<\/p>\n<p>\u00a0<\/p>\n<p>Son pas de vis Kodak permet de l\u2019installer facilement dans de nombreuses configurations, avec un petit bras magique par exemple. Un support articul\u00e9 avec d\u2019un c\u00f4t\u00e9 le connecteur femelle en spigot de 16 et de l\u2019autre une petite plateforme avec pas de vis Kodak permet de l\u2019installer sur pied.<\/p>","protected":false},"excerpt":{"rendered":"<p>Flash Studio Portable<\/p>\n<p>Puissance : 200 Ws<\/p>\n<p>Dur\u00e9e de flash : 1\/220 &#8211; 1\/15280 s<\/p>\n<p>Recharge : 0,01 &#8211; 1,8s<\/p>","protected":false},"featured_media":9380,"template":"","meta":[],"product_cat":[253],"product_tag":[294,301,311,298,304],"class_list":{"0":"post-4537","1":"product","2":"type-product","3":"status-publish","4":"has-post-thumbnail","6":"product_cat-flash","7":"product_tag-180-400w","8":"product_tag-30-120w","9":"product_tag-30w-ou-moins","10":"product_tag-daylight","11":"product_tag-godox","13":"first","14":"instock","15":"taxable","16":"shipping-taxable","17":"purchasable","18":"product-type-rentable"},"yoast_head":"<!-- This site is optimized with the Yoast SEO plugin v24.1 - https:\/\/yoast.com\/wordpress\/plugins\/seo\/ -->\n<title>GODOX FLASH AD200 PRO - Maximaloc<\/title>\n<meta name=\"robots\" content=\"index, follow, max-snippet:-1, max-image-preview:large, max-video-preview:-1\" \/>\n<link rel=\"canonical\" href=\"https:\/\/maximaloc.com\/en\/product\/godox-flash-ad200-pro\/\" \/>\n<meta property=\"og:locale\" content=\"en_US\" \/>\n<meta property=\"og:type\" content=\"article\" \/>\n<meta property=\"og:title\" content=\"GODOX FLASH AD200 PRO - Maximaloc\" \/>\n<meta property=\"og:description\" content=\"Flash Studio Portable Puissance : 200 Ws Dur\u00e9e de flash : 1\/220 - 1\/15280 s Recharge : 0,01 - 1,8s\" \/>\n<meta property=\"og:url\" content=\"https:\/\/maximaloc.com\/en\/product\/godox-flash-ad200-pro\/\" \/>\n<meta property=\"og:site_name\" content=\"Maximaloc\" \/>\n<meta property=\"article:publisher\" content=\"https:\/\/www.facebook.com\/Maximalocation\" \/>\n<meta property=\"article:modified_time\" content=\"2026-03-30T14:30:58+00:00\" \/>\n<meta property=\"og:image\" content=\"https:\/\/maximaloc.com\/wp-content\/uploads\/2024\/03\/b49820_7509e35a971d4fc5bcfb3eb6f195fa26mv2.webp\" \/>\n\t<meta property=\"og:image:width\" content=\"580\" \/>\n\t<meta property=\"og:image:height\" content=\"420\" \/>\n\t<meta property=\"og:image:type\" content=\"image\/webp\" \/>\n<meta name=\"twitter:card\" content=\"summary_large_image\" \/>\n<meta name=\"twitter:label1\" content=\"Est. reading time\" \/>\n\t<meta name=\"twitter:data1\" content=\"1 minute\" \/>\n<script type=\"application\/ld+json\" class=\"yoast-schema-graph\">{\"@context\":\"https:\/\/schema.org\",\"@graph\":[{\"@type\":\"WebPage\",\"@id\":\"https:\/\/maximaloc.com\/produit\/godox-flash-ad200-pro\/\",\"url\":\"https:\/\/maximaloc.com\/produit\/godox-flash-ad200-pro\/\",\"name\":\"GODOX FLASH AD200 PRO - Maximaloc\",\"isPartOf\":{\"@id\":\"https:\/\/maximaloc.com\/#website\"},\"primaryImageOfPage\":{\"@id\":\"https:\/\/maximaloc.com\/produit\/godox-flash-ad200-pro\/#primaryimage\"},\"image\":{\"@id\":\"https:\/\/maximaloc.com\/produit\/godox-flash-ad200-pro\/#primaryimage\"},\"thumbnailUrl\":\"https:\/\/maximaloc.com\/wp-content\/uploads\/2024\/03\/b49820_7509e35a971d4fc5bcfb3eb6f195fa26mv2.webp\",\"datePublished\":\"2024-03-21T12:46:59+00:00\",\"dateModified\":\"2026-03-30T14:30:58+00:00\",\"breadcrumb\":{\"@id\":\"https:\/\/maximaloc.com\/produit\/godox-flash-ad200-pro\/#breadcrumb\"},\"inLanguage\":\"en-US\",\"potentialAction\":[{\"@type\":\"ReadAction\",\"target\":[\"https:\/\/maximaloc.com\/produit\/godox-flash-ad200-pro\/\"]}]},{\"@type\":\"ImageObject\",\"inLanguage\":\"en-US\",\"@id\":\"https:\/\/maximaloc.com\/produit\/godox-flash-ad200-pro\/#primaryimage\",\"url\":\"https:\/\/maximaloc.com\/wp-content\/uploads\/2024\/03\/b49820_7509e35a971d4fc5bcfb3eb6f195fa26mv2.webp\",\"contentUrl\":\"https:\/\/maximaloc.com\/wp-content\/uploads\/2024\/03\/b49820_7509e35a971d4fc5bcfb3eb6f195fa26mv2.webp\",\"width\":580,\"height\":420,\"caption\":\"Flash AD200 Pro de profil en location chez Maximaloc\"},{\"@type\":\"BreadcrumbList\",\"@id\":\"https:\/\/maximaloc.com\/produit\/godox-flash-ad200-pro\/#breadcrumb\",\"itemListElement\":[{\"@type\":\"ListItem\",\"position\":1,\"name\":\"Accueil\",\"item\":\"https:\/\/maximaloc.com\/\"},{\"@type\":\"ListItem\",\"position\":2,\"name\":\"BOUTIQUE\",\"item\":\"https:\/\/maximaloc.com\/boutique\/\"},{\"@type\":\"ListItem\",\"position\":3,\"name\":\"GODOX FLASH AD200 PRO\"}]},{\"@type\":\"WebSite\",\"@id\":\"https:\/\/maximaloc.com\/#website\",\"url\":\"https:\/\/maximaloc.com\/\",\"name\":\"Maximaloc\",\"description\":\"\",\"publisher\":{\"@id\":\"https:\/\/maximaloc.com\/#organization\"},\"potentialAction\":[{\"@type\":\"SearchAction\",\"target\":{\"@type\":\"EntryPoint\",\"urlTemplate\":\"https:\/\/maximaloc.com\/?s={search_term_string}\"},\"query-input\":{\"@type\":\"PropertyValueSpecification\",\"valueRequired\":true,\"valueName\":\"search_term_string\"}}],\"inLanguage\":\"en-US\"},{\"@type\":\"Organization\",\"@id\":\"https:\/\/maximaloc.com\/#organization\",\"name\":\"Maximaloc\",\"url\":\"https:\/\/maximaloc.com\/\",\"logo\":{\"@type\":\"ImageObject\",\"inLanguage\":\"en-US\",\"@id\":\"https:\/\/maximaloc.com\/#\/schema\/logo\/image\/\",\"url\":\"https:\/\/maximaloc.com\/wp-content\/uploads\/2024\/03\/logo_noir.png\",\"contentUrl\":\"https:\/\/maximaloc.com\/wp-content\/uploads\/2024\/03\/logo_noir.png\",\"width\":11750,\"height\":1231,\"caption\":\"Maximaloc\"},\"image\":{\"@id\":\"https:\/\/maximaloc.com\/#\/schema\/logo\/image\/\"},\"sameAs\":[\"https:\/\/www.facebook.com\/Maximalocation\"]}]}<\/script>\n<!-- \/ Yoast SEO plugin. -->","yoast_head_json":{"title":"GODOX FLASH AD200 PRO - Maximaloc","robots":{"index":"index","follow":"follow","max-snippet":"max-snippet:-1","max-image-preview":"max-image-preview:large","max-video-preview":"max-video-preview:-1"},"canonical":"https:\/\/maximaloc.com\/en\/product\/godox-flash-ad200-pro\/","og_locale":"en_US","og_type":"article","og_title":"GODOX FLASH AD200 PRO - Maximaloc","og_description":"Flash Studio Portable Puissance : 200 Ws Dur\u00e9e de flash : 1\/220 - 1\/15280 s Recharge : 0,01 - 1,8s","og_url":"https:\/\/maximaloc.com\/en\/product\/godox-flash-ad200-pro\/","og_site_name":"Maximaloc","article_publisher":"https:\/\/www.facebook.com\/Maximalocation","article_modified_time":"2026-03-30T14:30:58+00:00","og_image":[{"width":580,"height":420,"url":"https:\/\/maximaloc.com\/wp-content\/uploads\/2024\/03\/b49820_7509e35a971d4fc5bcfb3eb6f195fa26mv2.webp","type":"image\/webp"}],"twitter_card":"summary_large_image","twitter_misc":{"Est. reading time":"1 minute"},"schema":{"@context":"https:\/\/schema.org","@graph":[{"@type":"WebPage","@id":"https:\/\/maximaloc.com\/produit\/godox-flash-ad200-pro\/","url":"https:\/\/maximaloc.com\/produit\/godox-flash-ad200-pro\/","name":"GODOX FLASH AD200 PRO - Maximaloc","isPartOf":{"@id":"https:\/\/maximaloc.com\/#website"},"primaryImageOfPage":{"@id":"https:\/\/maximaloc.com\/produit\/godox-flash-ad200-pro\/#primaryimage"},"image":{"@id":"https:\/\/maximaloc.com\/produit\/godox-flash-ad200-pro\/#primaryimage"},"thumbnailUrl":"https:\/\/maximaloc.com\/wp-content\/uploads\/2024\/03\/b49820_7509e35a971d4fc5bcfb3eb6f195fa26mv2.webp","datePublished":"2024-03-21T12:46:59+00:00","dateModified":"2026-03-30T14:30:58+00:00","breadcrumb":{"@id":"https:\/\/maximaloc.com\/produit\/godox-flash-ad200-pro\/#breadcrumb"},"inLanguage":"en-US","potentialAction":[{"@type":"ReadAction","target":["https:\/\/maximaloc.com\/produit\/godox-flash-ad200-pro\/"]}]},{"@type":"ImageObject","inLanguage":"en-US","@id":"https:\/\/maximaloc.com\/produit\/godox-flash-ad200-pro\/#primaryimage","url":"https:\/\/maximaloc.com\/wp-content\/uploads\/2024\/03\/b49820_7509e35a971d4fc5bcfb3eb6f195fa26mv2.webp","contentUrl":"https:\/\/maximaloc.com\/wp-content\/uploads\/2024\/03\/b49820_7509e35a971d4fc5bcfb3eb6f195fa26mv2.webp","width":580,"height":420,"caption":"Flash AD200 Pro de profil en location chez Maximaloc"},{"@type":"BreadcrumbList","@id":"https:\/\/maximaloc.com\/produit\/godox-flash-ad200-pro\/#breadcrumb","itemListElement":[{"@type":"ListItem","position":1,"name":"Accueil","item":"https:\/\/maximaloc.com\/"},{"@type":"ListItem","position":2,"name":"BOUTIQUE","item":"https:\/\/maximaloc.com\/boutique\/"},{"@type":"ListItem","position":3,"name":"GODOX FLASH AD200 PRO"}]},{"@type":"WebSite","@id":"https:\/\/maximaloc.com\/#website","url":"https:\/\/maximaloc.com\/","name":"Maximaloc","description":"","publisher":{"@id":"https:\/\/maximaloc.com\/#organization"},"potentialAction":[{"@type":"SearchAction","target":{"@type":"EntryPoint","urlTemplate":"https:\/\/maximaloc.com\/?s={search_term_string}"},"query-input":{"@type":"PropertyValueSpecification","valueRequired":true,"valueName":"search_term_string"}}],"inLanguage":"en-US"},{"@type":"Organization","@id":"https:\/\/maximaloc.com\/#organization","name":"Maximaloc","url":"https:\/\/maximaloc.com\/","logo":{"@type":"ImageObject","inLanguage":"en-US","@id":"https:\/\/maximaloc.com\/#\/schema\/logo\/image\/","url":"https:\/\/maximaloc.com\/wp-content\/uploads\/2024\/03\/logo_noir.png","contentUrl":"https:\/\/maximaloc.com\/wp-content\/uploads\/2024\/03\/logo_noir.png","width":11750,"height":1231,"caption":"Maximaloc"},"image":{"@id":"https:\/\/maximaloc.com\/#\/schema\/logo\/image\/"},"sameAs":["https:\/\/www.facebook.com\/Maximalocation"]}]}},"_links":{"self":[{"href":"https:\/\/maximaloc.com\/en\/wp-json\/wp\/v2\/product\/4537","targetHints":{"allow":["GET"]}}],"collection":[{"href":"https:\/\/maximaloc.com\/en\/wp-json\/wp\/v2\/product"}],"about":[{"href":"https:\/\/maximaloc.com\/en\/wp-json\/wp\/v2\/types\/product"}],"wp:featuredmedia":[{"embeddable":true,"href":"https:\/\/maximaloc.com\/en\/wp-json\/wp\/v2\/media\/9380"}],"wp:attachment":[{"href":"https:\/\/maximaloc.com\/en\/wp-json\/wp\/v2\/media?parent=4537"}],"wp:term":[{"taxonomy":"product_cat","embeddable":true,"href":"https:\/\/maximaloc.com\/en\/wp-json\/wp\/v2\/product_cat?post=4537"},{"taxonomy":"product_tag","embeddable":true,"href":"https:\/\/maximaloc.com\/en\/wp-json\/wp\/v2\/product_tag?post=4537"}],"curies":[{"name":"wp","href":"https:\/\/api.w.org\/{rel}","templated":true}]}}