 {"id":4629,"date":"2024-03-21T13:47:56","date_gmt":"2024-03-21T12:47:56","guid":{"rendered":"https:\/\/maximaloc.com\/produit\/dzo-zoom-catta-ace-35-80-t2-9-pl\/"},"modified":"2026-04-13T20:17:56","modified_gmt":"2026-04-13T18:17:56","slug":"dzo-catta-ace-35-80-t2-9-pl","status":"publish","type":"product","link":"https:\/\/maximaloc.com\/en\/product\/dzo-catta-ace-35-80-t2-9-pl\/","title":{"rendered":"DZO CATTA ACE 35-80 T2.9 PL"},"content":{"rendered":"<p>Le Dzofilm Catta Ace 35-80mm T2.9 (disponible en monture PL ou EF) est un objectif zoom cin\u00e9ma parfocal, capable de maintenir la mise au point lorsque vous effectuez un zoom avant ou arri\u00e8re en douceur. Il fait partie de la gamme Catta, reconnue pour sa reproduction pr\u00e9cise des couleurs.<\/p>\n<p>\u00a0<\/p>\n<p>Cet objectif dispose d\u2019une large plage d\u2019ouverture de T2.9 \u00e0 T22, d\u2019un iris \u00e0 16 lamelles pour un bokeh doux et couvre jusqu\u2019aux capteurs pleins formats. Une bague d\u2019adaptation PL vers monture E est \u00e9galement disponible afin de l\u2019utiliser sur nos cam\u00e9ras Sony.<\/p>\n<p>\u00a0<\/p>\n<p>Le breathing a \u00e9t\u00e9 corrig\u00e9 afin que l&#8217;ange de prise de vue reste identique durant le changement de mise au point.<\/p>","protected":false},"excerpt":{"rendered":"<p>Zoom cin\u00e9ma<\/p>\n<p>Monture :\u00a0 PL<\/p>\n<p>Format : Full Frame \/ Vista Vision<\/p>\n<p>Diam\u00e8tre de filtre : 77 mm<\/p>","protected":false},"featured_media":8968,"template":"","meta":[],"product_cat":[1386],"product_tag":[197,238,240,241,282,242],"class_list":{"0":"post-4629","1":"product","2":"type-product","3":"status-publish","4":"has-post-thumbnail","6":"product_cat-options","7":"product_tag-full-frame-24x36","8":"product_tag-dzofilm","9":"product_tag-mise-au-point-manuelle","10":"product_tag-non-stabilise","11":"product_tag-standard","12":"product_tag-zoom","14":"first","15":"instock","16":"taxable","17":"shipping-taxable","18":"purchasable","19":"product-type-rentable"},"yoast_head":"<!-- This site is optimized with the Yoast SEO plugin v27.4 - https:\/\/yoast.com\/product\/yoast-seo-wordpress\/ -->\n<title>DZO CATTA ACE 35-80 T2.9 PL - Maximaloc<\/title>\n<meta name=\"robots\" content=\"index, follow, max-snippet:-1, max-image-preview:large, max-video-preview:-1\" \/>\n<link rel=\"canonical\" href=\"https:\/\/maximaloc.com\/en\/product\/dzo-catta-ace-35-80-t2-9-pl\/\" \/>\n<meta property=\"og:locale\" content=\"en_US\" \/>\n<meta property=\"og:type\" content=\"article\" \/>\n<meta property=\"og:title\" content=\"DZO CATTA ACE 35-80 T2.9 PL - Maximaloc\" \/>\n<meta property=\"og:description\" content=\"Zoom cin\u00e9ma Monture :\u00a0 PL Format : Full Frame \/ Vista Vision Diam\u00e8tre de filtre : 77 mm\" \/>\n<meta property=\"og:url\" content=\"https:\/\/maximaloc.com\/en\/product\/dzo-catta-ace-35-80-t2-9-pl\/\" \/>\n<meta property=\"og:site_name\" content=\"Maximaloc\" \/>\n<meta property=\"article:publisher\" content=\"https:\/\/www.facebook.com\/Maximalocation\" \/>\n<meta property=\"article:modified_time\" content=\"2026-04-13T18:17:56+00:00\" \/>\n<meta property=\"og:image\" content=\"https:\/\/maximaloc.com\/wp-content\/uploads\/2024\/03\/d36ac0_67ba20349fd347d79012f1c935f116b4mv2.webp\" \/>\n\t<meta property=\"og:image:width\" content=\"580\" \/>\n\t<meta property=\"og:image:height\" content=\"420\" \/>\n\t<meta property=\"og:image:type\" content=\"image\/webp\" \/>\n<meta name=\"twitter:card\" content=\"summary_large_image\" \/>\n<meta name=\"twitter:label1\" content=\"Est. reading time\" \/>\n\t<meta name=\"twitter:data1\" content=\"1 minute\" \/>\n<script type=\"application\/ld+json\" class=\"yoast-schema-graph\">{\"@context\":\"https:\\\/\\\/schema.org\",\"@graph\":[{\"@type\":\"WebPage\",\"@id\":\"https:\\\/\\\/maximaloc.com\\\/produit\\\/dzo-catta-ace-35-80-t2-9-pl\\\/\",\"url\":\"https:\\\/\\\/maximaloc.com\\\/produit\\\/dzo-catta-ace-35-80-t2-9-pl\\\/\",\"name\":\"DZO CATTA ACE 35-80 T2.9 PL - Maximaloc\",\"isPartOf\":{\"@id\":\"https:\\\/\\\/maximaloc.com\\\/#website\"},\"primaryImageOfPage\":{\"@id\":\"https:\\\/\\\/maximaloc.com\\\/produit\\\/dzo-catta-ace-35-80-t2-9-pl\\\/#primaryimage\"},\"image\":{\"@id\":\"https:\\\/\\\/maximaloc.com\\\/produit\\\/dzo-catta-ace-35-80-t2-9-pl\\\/#primaryimage\"},\"thumbnailUrl\":\"https:\\\/\\\/maximaloc.com\\\/wp-content\\\/uploads\\\/2024\\\/03\\\/d36ac0_67ba20349fd347d79012f1c935f116b4mv2.webp\",\"datePublished\":\"2024-03-21T12:47:56+00:00\",\"dateModified\":\"2026-04-13T18:17:56+00:00\",\"breadcrumb\":{\"@id\":\"https:\\\/\\\/maximaloc.com\\\/produit\\\/dzo-catta-ace-35-80-t2-9-pl\\\/#breadcrumb\"},\"inLanguage\":\"en-US\",\"potentialAction\":[{\"@type\":\"ReadAction\",\"target\":[\"https:\\\/\\\/maximaloc.com\\\/produit\\\/dzo-catta-ace-35-80-t2-9-pl\\\/\"]}]},{\"@type\":\"ImageObject\",\"inLanguage\":\"en-US\",\"@id\":\"https:\\\/\\\/maximaloc.com\\\/produit\\\/dzo-catta-ace-35-80-t2-9-pl\\\/#primaryimage\",\"url\":\"https:\\\/\\\/maximaloc.com\\\/wp-content\\\/uploads\\\/2024\\\/03\\\/d36ac0_67ba20349fd347d79012f1c935f116b4mv2.webp\",\"contentUrl\":\"https:\\\/\\\/maximaloc.com\\\/wp-content\\\/uploads\\\/2024\\\/03\\\/d36ac0_67ba20349fd347d79012f1c935f116b4mv2.webp\",\"width\":580,\"height\":420,\"caption\":\"Zoom Cin\u00e9ma DZO Film 35-80mm T2.9 Monture PL \u00e0 la location\"},{\"@type\":\"BreadcrumbList\",\"@id\":\"https:\\\/\\\/maximaloc.com\\\/produit\\\/dzo-catta-ace-35-80-t2-9-pl\\\/#breadcrumb\",\"itemListElement\":[{\"@type\":\"ListItem\",\"position\":1,\"name\":\"Accueil\",\"item\":\"https:\\\/\\\/maximaloc.com\\\/\"},{\"@type\":\"ListItem\",\"position\":2,\"name\":\"BOUTIQUE\",\"item\":\"https:\\\/\\\/maximaloc.com\\\/boutique\\\/\"},{\"@type\":\"ListItem\",\"position\":3,\"name\":\"DZO CATTA ACE 35-80 T2.9 PL\"}]},{\"@type\":\"WebSite\",\"@id\":\"https:\\\/\\\/maximaloc.com\\\/#website\",\"url\":\"https:\\\/\\\/maximaloc.com\\\/\",\"name\":\"Maximaloc\",\"description\":\"\",\"publisher\":{\"@id\":\"https:\\\/\\\/maximaloc.com\\\/#organization\"},\"potentialAction\":[{\"@type\":\"SearchAction\",\"target\":{\"@type\":\"EntryPoint\",\"urlTemplate\":\"https:\\\/\\\/maximaloc.com\\\/?s={search_term_string}\"},\"query-input\":{\"@type\":\"PropertyValueSpecification\",\"valueRequired\":true,\"valueName\":\"search_term_string\"}}],\"inLanguage\":\"en-US\"},{\"@type\":\"Organization\",\"@id\":\"https:\\\/\\\/maximaloc.com\\\/#organization\",\"name\":\"Maximaloc\",\"url\":\"https:\\\/\\\/maximaloc.com\\\/\",\"logo\":{\"@type\":\"ImageObject\",\"inLanguage\":\"en-US\",\"@id\":\"https:\\\/\\\/maximaloc.com\\\/#\\\/schema\\\/logo\\\/image\\\/\",\"url\":\"https:\\\/\\\/maximaloc.com\\\/wp-content\\\/uploads\\\/2024\\\/03\\\/logo_noir-scaled.png\",\"contentUrl\":\"https:\\\/\\\/maximaloc.com\\\/wp-content\\\/uploads\\\/2024\\\/03\\\/logo_noir-scaled.png\",\"width\":2560,\"height\":268,\"caption\":\"Maximaloc\"},\"image\":{\"@id\":\"https:\\\/\\\/maximaloc.com\\\/#\\\/schema\\\/logo\\\/image\\\/\"},\"sameAs\":[\"https:\\\/\\\/www.facebook.com\\\/Maximalocation\"]}]}<\/script>\n<!-- \/ Yoast SEO plugin. -->","yoast_head_json":{"title":"DZO CATTA ACE 35-80 T2.9 PL - Maximaloc","robots":{"index":"index","follow":"follow","max-snippet":"max-snippet:-1","max-image-preview":"max-image-preview:large","max-video-preview":"max-video-preview:-1"},"canonical":"https:\/\/maximaloc.com\/en\/product\/dzo-catta-ace-35-80-t2-9-pl\/","og_locale":"en_US","og_type":"article","og_title":"DZO CATTA ACE 35-80 T2.9 PL - Maximaloc","og_description":"Zoom cin\u00e9ma Monture :\u00a0 PL Format : Full Frame \/ Vista Vision Diam\u00e8tre de filtre : 77 mm","og_url":"https:\/\/maximaloc.com\/en\/product\/dzo-catta-ace-35-80-t2-9-pl\/","og_site_name":"Maximaloc","article_publisher":"https:\/\/www.facebook.com\/Maximalocation","article_modified_time":"2026-04-13T18:17:56+00:00","og_image":[{"width":580,"height":420,"url":"https:\/\/maximaloc.com\/wp-content\/uploads\/2024\/03\/d36ac0_67ba20349fd347d79012f1c935f116b4mv2.webp","type":"image\/webp"}],"twitter_card":"summary_large_image","twitter_misc":{"Est. reading time":"1 minute"},"schema":{"@context":"https:\/\/schema.org","@graph":[{"@type":"WebPage","@id":"https:\/\/maximaloc.com\/produit\/dzo-catta-ace-35-80-t2-9-pl\/","url":"https:\/\/maximaloc.com\/produit\/dzo-catta-ace-35-80-t2-9-pl\/","name":"DZO CATTA ACE 35-80 T2.9 PL - Maximaloc","isPartOf":{"@id":"https:\/\/maximaloc.com\/#website"},"primaryImageOfPage":{"@id":"https:\/\/maximaloc.com\/produit\/dzo-catta-ace-35-80-t2-9-pl\/#primaryimage"},"image":{"@id":"https:\/\/maximaloc.com\/produit\/dzo-catta-ace-35-80-t2-9-pl\/#primaryimage"},"thumbnailUrl":"https:\/\/maximaloc.com\/wp-content\/uploads\/2024\/03\/d36ac0_67ba20349fd347d79012f1c935f116b4mv2.webp","datePublished":"2024-03-21T12:47:56+00:00","dateModified":"2026-04-13T18:17:56+00:00","breadcrumb":{"@id":"https:\/\/maximaloc.com\/produit\/dzo-catta-ace-35-80-t2-9-pl\/#breadcrumb"},"inLanguage":"en-US","potentialAction":[{"@type":"ReadAction","target":["https:\/\/maximaloc.com\/produit\/dzo-catta-ace-35-80-t2-9-pl\/"]}]},{"@type":"ImageObject","inLanguage":"en-US","@id":"https:\/\/maximaloc.com\/produit\/dzo-catta-ace-35-80-t2-9-pl\/#primaryimage","url":"https:\/\/maximaloc.com\/wp-content\/uploads\/2024\/03\/d36ac0_67ba20349fd347d79012f1c935f116b4mv2.webp","contentUrl":"https:\/\/maximaloc.com\/wp-content\/uploads\/2024\/03\/d36ac0_67ba20349fd347d79012f1c935f116b4mv2.webp","width":580,"height":420,"caption":"Zoom Cin\u00e9ma DZO Film 35-80mm T2.9 Monture PL \u00e0 la location"},{"@type":"BreadcrumbList","@id":"https:\/\/maximaloc.com\/produit\/dzo-catta-ace-35-80-t2-9-pl\/#breadcrumb","itemListElement":[{"@type":"ListItem","position":1,"name":"Accueil","item":"https:\/\/maximaloc.com\/"},{"@type":"ListItem","position":2,"name":"BOUTIQUE","item":"https:\/\/maximaloc.com\/boutique\/"},{"@type":"ListItem","position":3,"name":"DZO CATTA ACE 35-80 T2.9 PL"}]},{"@type":"WebSite","@id":"https:\/\/maximaloc.com\/#website","url":"https:\/\/maximaloc.com\/","name":"Maximaloc","description":"","publisher":{"@id":"https:\/\/maximaloc.com\/#organization"},"potentialAction":[{"@type":"SearchAction","target":{"@type":"EntryPoint","urlTemplate":"https:\/\/maximaloc.com\/?s={search_term_string}"},"query-input":{"@type":"PropertyValueSpecification","valueRequired":true,"valueName":"search_term_string"}}],"inLanguage":"en-US"},{"@type":"Organization","@id":"https:\/\/maximaloc.com\/#organization","name":"Maximaloc","url":"https:\/\/maximaloc.com\/","logo":{"@type":"ImageObject","inLanguage":"en-US","@id":"https:\/\/maximaloc.com\/#\/schema\/logo\/image\/","url":"https:\/\/maximaloc.com\/wp-content\/uploads\/2024\/03\/logo_noir-scaled.png","contentUrl":"https:\/\/maximaloc.com\/wp-content\/uploads\/2024\/03\/logo_noir-scaled.png","width":2560,"height":268,"caption":"Maximaloc"},"image":{"@id":"https:\/\/maximaloc.com\/#\/schema\/logo\/image\/"},"sameAs":["https:\/\/www.facebook.com\/Maximalocation"]}]}},"_links":{"self":[{"href":"https:\/\/maximaloc.com\/en\/wp-json\/wp\/v2\/product\/4629","targetHints":{"allow":["GET"]}}],"collection":[{"href":"https:\/\/maximaloc.com\/en\/wp-json\/wp\/v2\/product"}],"about":[{"href":"https:\/\/maximaloc.com\/en\/wp-json\/wp\/v2\/types\/product"}],"wp:featuredmedia":[{"embeddable":true,"href":"https:\/\/maximaloc.com\/en\/wp-json\/wp\/v2\/media\/8968"}],"wp:attachment":[{"href":"https:\/\/maximaloc.com\/en\/wp-json\/wp\/v2\/media?parent=4629"}],"wp:term":[{"taxonomy":"product_cat","embeddable":true,"href":"https:\/\/maximaloc.com\/en\/wp-json\/wp\/v2\/product_cat?post=4629"},{"taxonomy":"product_tag","embeddable":true,"href":"https:\/\/maximaloc.com\/en\/wp-json\/wp\/v2\/product_tag?post=4629"}],"curies":[{"name":"wp","href":"https:\/\/api.w.org\/{rel}","templated":true}]}}