 {"id":4646,"date":"2024-03-21T13:48:01","date_gmt":"2024-03-21T12:48:01","guid":{"rendered":"https:\/\/maximaloc.com\/produit\/sony-70-200mm-f2-8-gm-ii-oss-e\/"},"modified":"2026-04-28T15:38:02","modified_gmt":"2026-04-28T13:38:02","slug":"sony-70-200-f2-8-gm-ii-oss-e","status":"publish","type":"product","link":"https:\/\/maximaloc.com\/en\/product\/sony-70-200-f2-8-gm-ii-oss-e\/","title":{"rendered":"SONY 70-200 F2.8 GM II OSS E"},"content":{"rendered":"<p><u><strong>Location Sony FE 70-200mm F2.8 GM OSS II \u00e0 Paris \u2013 T\u00e9l\u00e9zoom G Master G\u00e9n\u00e9ration 2 | Maximaloc<\/strong><\/u><\/p>\n<p>Le Sony FE 70-200mm F2.8 GM OSS II (SEL70200GM2) est une r\u00e9volution dans sa cat\u00e9gorie. 430g de moins que la premi\u00e8re g\u00e9n\u00e9ration \u00e0 1045g, tout en am\u00e9liorant les performances AF avec le moteur XD Linear Motor, en r\u00e9duisant la MAP minimale \u00e0 40cm c\u00f4t\u00e9 wide et en conservant les 11 lamelles G Master. Une mise \u00e0 jour majeure.<\/p>\n<p><u><strong>Am\u00e9liorations Gen 2 vs Gen 1<\/strong><\/u><\/p>\n<p>Poids r\u00e9duit \u00e0 1045g (vs 1480g Gen 1 \u2013 \u00e9conomie de 435g). MAP min r\u00e9duite \u00e0 40cm c\u00f4t\u00e9 70mm (vs 96cm Gen 1). AF XD Linear Motor vs SSM Gen 1 \u2013 beaucoup plus rapide. Focus breathing r\u00e9duit. Formule optique redessin\u00e9e en 16\/20 \u00e9l\u00e9ments.<\/p>\n<p><u><strong>Usages recommand\u00e9s<\/strong><\/u><\/p>\n<p>Sport et action \u2013 AF XD Linear ultra-rapide<br \/>Mariage \u2013 portraits t\u00e9l\u00e9photo l\u00e9gers \u00e0 porter<br \/>Wildlife \u2013 r\u00e9activit\u00e9 AF am\u00e9lior\u00e9e<br \/>Vid\u00e9o \u2013 focus breathing minimal et AF silencieux<\/p>\n<p><u><strong>Points forts<\/strong><\/u><\/p>\n<p>\u2022\u00a0\u00a0\u00a0\u00a0\u00a0\u00a0 1045g \u2013 430g de moins que la Gen 1, m\u00eame qualit\u00e9 GM<\/p>\n<p>\u2022\u00a0\u00a0\u00a0\u00a0\u00a0\u00a0 MAP min 40cm \u2013 macro l\u00e9g\u00e8re \u00e0 70mm<\/p>\n<p>\u2022\u00a0\u00a0\u00a0\u00a0\u00a0\u00a0 AF XD Linear Motor \u2013 le plus rapide de sa cat\u00e9gorie<\/p>\n<p>\u2022\u00a0\u00a0\u00a0\u00a0\u00a0\u00a0 Focus breathing minimal \u2013 vid\u00e9o GM professionnelle<\/p>\n<p>\u2022\u00a0\u00a0\u00a0\u00a0\u00a0\u00a0 11 lamelles \u2013 bokeh G Master caract\u00e9ristique<\/p>\n<p>\u00a0<\/p>\n<p>Location Sony FE 70-200mm F2.8 GM OSS II chez Maximaloc. La r\u00e9f\u00e9rence absolue du t\u00e9l\u00e9zoom Sony en 2024.<\/p>","protected":false},"excerpt":{"rendered":"<p>T\u00e9l\u00e9objectif\u00a0stabilis\u00e9<\/p>\n<p>Monture : Sony E<\/p>\n<p>Couverture : Full Frame<\/p>\n<p>Diam\u00e8tre de filtre : 77 mm<\/p>","protected":false},"featured_media":9030,"template":"","meta":[],"product_cat":[232],"product_tag":[197,273,284,285,283,242],"class_list":{"0":"post-4646","1":"product","2":"type-product","3":"status-publish","4":"has-post-thumbnail","6":"product_cat-sony-e","7":"product_tag-full-frame-24x36","8":"product_tag-autofocus","9":"product_tag-sony","10":"product_tag-stabilise","11":"product_tag-tele-objectif","12":"product_tag-zoom","14":"first","15":"instock","16":"featured","17":"taxable","18":"shipping-taxable","19":"purchasable","20":"product-type-rentable"},"yoast_head":"<!-- This site is optimized with the Yoast SEO plugin v27.4 - https:\/\/yoast.com\/product\/yoast-seo-wordpress\/ -->\n<title>SONY 70-200 F2.8 GM II OSS E - Maximaloc<\/title>\n<meta name=\"robots\" content=\"index, follow, max-snippet:-1, max-image-preview:large, max-video-preview:-1\" \/>\n<link rel=\"canonical\" href=\"https:\/\/maximaloc.com\/en\/product\/sony-70-200-f2-8-gm-ii-oss-e\/\" \/>\n<meta property=\"og:locale\" content=\"en_US\" \/>\n<meta property=\"og:type\" content=\"article\" \/>\n<meta property=\"og:title\" content=\"SONY 70-200 F2.8 GM II OSS E - Maximaloc\" \/>\n<meta property=\"og:description\" content=\"T\u00e9l\u00e9objectif\u00a0stabilis\u00e9 Monture : Sony E Couverture : Full Frame Diam\u00e8tre de filtre : 77 mm\" \/>\n<meta property=\"og:url\" content=\"https:\/\/maximaloc.com\/en\/product\/sony-70-200-f2-8-gm-ii-oss-e\/\" \/>\n<meta property=\"og:site_name\" content=\"Maximaloc\" \/>\n<meta property=\"article:publisher\" content=\"https:\/\/www.facebook.com\/Maximalocation\" \/>\n<meta property=\"article:modified_time\" content=\"2026-04-28T13:38:02+00:00\" \/>\n<meta property=\"og:image\" content=\"https:\/\/maximaloc.com\/wp-content\/uploads\/2024\/03\/d36ac0_896f59ebed164440a9b2c6bcdea1e71amv2.webp\" \/>\n\t<meta property=\"og:image:width\" content=\"580\" \/>\n\t<meta property=\"og:image:height\" content=\"420\" \/>\n\t<meta property=\"og:image:type\" content=\"image\/webp\" \/>\n<meta name=\"twitter:card\" content=\"summary_large_image\" \/>\n<meta name=\"twitter:label1\" content=\"Est. reading time\" \/>\n\t<meta name=\"twitter:data1\" content=\"2 minutes\" \/>\n<script type=\"application\/ld+json\" class=\"yoast-schema-graph\">{\"@context\":\"https:\\\/\\\/schema.org\",\"@graph\":[{\"@type\":\"WebPage\",\"@id\":\"https:\\\/\\\/maximaloc.com\\\/produit\\\/sony-70-200-f2-8-gm-ii-oss-e\\\/\",\"url\":\"https:\\\/\\\/maximaloc.com\\\/produit\\\/sony-70-200-f2-8-gm-ii-oss-e\\\/\",\"name\":\"SONY 70-200 F2.8 GM II OSS E - Maximaloc\",\"isPartOf\":{\"@id\":\"https:\\\/\\\/maximaloc.com\\\/#website\"},\"primaryImageOfPage\":{\"@id\":\"https:\\\/\\\/maximaloc.com\\\/produit\\\/sony-70-200-f2-8-gm-ii-oss-e\\\/#primaryimage\"},\"image\":{\"@id\":\"https:\\\/\\\/maximaloc.com\\\/produit\\\/sony-70-200-f2-8-gm-ii-oss-e\\\/#primaryimage\"},\"thumbnailUrl\":\"https:\\\/\\\/maximaloc.com\\\/wp-content\\\/uploads\\\/2024\\\/03\\\/d36ac0_896f59ebed164440a9b2c6bcdea1e71amv2.webp\",\"datePublished\":\"2024-03-21T12:48:01+00:00\",\"dateModified\":\"2026-04-28T13:38:02+00:00\",\"breadcrumb\":{\"@id\":\"https:\\\/\\\/maximaloc.com\\\/produit\\\/sony-70-200-f2-8-gm-ii-oss-e\\\/#breadcrumb\"},\"inLanguage\":\"en-US\",\"potentialAction\":[{\"@type\":\"ReadAction\",\"target\":[\"https:\\\/\\\/maximaloc.com\\\/produit\\\/sony-70-200-f2-8-gm-ii-oss-e\\\/\"]}]},{\"@type\":\"ImageObject\",\"inLanguage\":\"en-US\",\"@id\":\"https:\\\/\\\/maximaloc.com\\\/produit\\\/sony-70-200-f2-8-gm-ii-oss-e\\\/#primaryimage\",\"url\":\"https:\\\/\\\/maximaloc.com\\\/wp-content\\\/uploads\\\/2024\\\/03\\\/d36ac0_896f59ebed164440a9b2c6bcdea1e71amv2.webp\",\"contentUrl\":\"https:\\\/\\\/maximaloc.com\\\/wp-content\\\/uploads\\\/2024\\\/03\\\/d36ac0_896f59ebed164440a9b2c6bcdea1e71amv2.webp\",\"width\":580,\"height\":420,\"caption\":\"Objectif SONY 70-200mm F2.8 GM II OSS FE avec poign\u00e9e\"},{\"@type\":\"BreadcrumbList\",\"@id\":\"https:\\\/\\\/maximaloc.com\\\/produit\\\/sony-70-200-f2-8-gm-ii-oss-e\\\/#breadcrumb\",\"itemListElement\":[{\"@type\":\"ListItem\",\"position\":1,\"name\":\"Accueil\",\"item\":\"https:\\\/\\\/maximaloc.com\\\/\"},{\"@type\":\"ListItem\",\"position\":2,\"name\":\"BOUTIQUE\",\"item\":\"https:\\\/\\\/maximaloc.com\\\/boutique\\\/\"},{\"@type\":\"ListItem\",\"position\":3,\"name\":\"SONY 70-200 F2.8 GM II OSS E\"}]},{\"@type\":\"WebSite\",\"@id\":\"https:\\\/\\\/maximaloc.com\\\/#website\",\"url\":\"https:\\\/\\\/maximaloc.com\\\/\",\"name\":\"Maximaloc\",\"description\":\"\",\"publisher\":{\"@id\":\"https:\\\/\\\/maximaloc.com\\\/#organization\"},\"potentialAction\":[{\"@type\":\"SearchAction\",\"target\":{\"@type\":\"EntryPoint\",\"urlTemplate\":\"https:\\\/\\\/maximaloc.com\\\/?s={search_term_string}\"},\"query-input\":{\"@type\":\"PropertyValueSpecification\",\"valueRequired\":true,\"valueName\":\"search_term_string\"}}],\"inLanguage\":\"en-US\"},{\"@type\":\"Organization\",\"@id\":\"https:\\\/\\\/maximaloc.com\\\/#organization\",\"name\":\"Maximaloc\",\"url\":\"https:\\\/\\\/maximaloc.com\\\/\",\"logo\":{\"@type\":\"ImageObject\",\"inLanguage\":\"en-US\",\"@id\":\"https:\\\/\\\/maximaloc.com\\\/#\\\/schema\\\/logo\\\/image\\\/\",\"url\":\"https:\\\/\\\/maximaloc.com\\\/wp-content\\\/uploads\\\/2024\\\/03\\\/logo_noir-scaled.png\",\"contentUrl\":\"https:\\\/\\\/maximaloc.com\\\/wp-content\\\/uploads\\\/2024\\\/03\\\/logo_noir-scaled.png\",\"width\":2560,\"height\":268,\"caption\":\"Maximaloc\"},\"image\":{\"@id\":\"https:\\\/\\\/maximaloc.com\\\/#\\\/schema\\\/logo\\\/image\\\/\"},\"sameAs\":[\"https:\\\/\\\/www.facebook.com\\\/Maximalocation\"]}]}<\/script>\n<!-- \/ Yoast SEO plugin. -->","yoast_head_json":{"title":"SONY 70-200 F2.8 GM II OSS E - Maximaloc","robots":{"index":"index","follow":"follow","max-snippet":"max-snippet:-1","max-image-preview":"max-image-preview:large","max-video-preview":"max-video-preview:-1"},"canonical":"https:\/\/maximaloc.com\/en\/product\/sony-70-200-f2-8-gm-ii-oss-e\/","og_locale":"en_US","og_type":"article","og_title":"SONY 70-200 F2.8 GM II OSS E - Maximaloc","og_description":"T\u00e9l\u00e9objectif\u00a0stabilis\u00e9 Monture : Sony E Couverture : Full Frame Diam\u00e8tre de filtre : 77 mm","og_url":"https:\/\/maximaloc.com\/en\/product\/sony-70-200-f2-8-gm-ii-oss-e\/","og_site_name":"Maximaloc","article_publisher":"https:\/\/www.facebook.com\/Maximalocation","article_modified_time":"2026-04-28T13:38:02+00:00","og_image":[{"width":580,"height":420,"url":"https:\/\/maximaloc.com\/wp-content\/uploads\/2024\/03\/d36ac0_896f59ebed164440a9b2c6bcdea1e71amv2.webp","type":"image\/webp"}],"twitter_card":"summary_large_image","twitter_misc":{"Est. reading time":"2 minutes"},"schema":{"@context":"https:\/\/schema.org","@graph":[{"@type":"WebPage","@id":"https:\/\/maximaloc.com\/produit\/sony-70-200-f2-8-gm-ii-oss-e\/","url":"https:\/\/maximaloc.com\/produit\/sony-70-200-f2-8-gm-ii-oss-e\/","name":"SONY 70-200 F2.8 GM II OSS E - Maximaloc","isPartOf":{"@id":"https:\/\/maximaloc.com\/#website"},"primaryImageOfPage":{"@id":"https:\/\/maximaloc.com\/produit\/sony-70-200-f2-8-gm-ii-oss-e\/#primaryimage"},"image":{"@id":"https:\/\/maximaloc.com\/produit\/sony-70-200-f2-8-gm-ii-oss-e\/#primaryimage"},"thumbnailUrl":"https:\/\/maximaloc.com\/wp-content\/uploads\/2024\/03\/d36ac0_896f59ebed164440a9b2c6bcdea1e71amv2.webp","datePublished":"2024-03-21T12:48:01+00:00","dateModified":"2026-04-28T13:38:02+00:00","breadcrumb":{"@id":"https:\/\/maximaloc.com\/produit\/sony-70-200-f2-8-gm-ii-oss-e\/#breadcrumb"},"inLanguage":"en-US","potentialAction":[{"@type":"ReadAction","target":["https:\/\/maximaloc.com\/produit\/sony-70-200-f2-8-gm-ii-oss-e\/"]}]},{"@type":"ImageObject","inLanguage":"en-US","@id":"https:\/\/maximaloc.com\/produit\/sony-70-200-f2-8-gm-ii-oss-e\/#primaryimage","url":"https:\/\/maximaloc.com\/wp-content\/uploads\/2024\/03\/d36ac0_896f59ebed164440a9b2c6bcdea1e71amv2.webp","contentUrl":"https:\/\/maximaloc.com\/wp-content\/uploads\/2024\/03\/d36ac0_896f59ebed164440a9b2c6bcdea1e71amv2.webp","width":580,"height":420,"caption":"Objectif SONY 70-200mm F2.8 GM II OSS FE avec poign\u00e9e"},{"@type":"BreadcrumbList","@id":"https:\/\/maximaloc.com\/produit\/sony-70-200-f2-8-gm-ii-oss-e\/#breadcrumb","itemListElement":[{"@type":"ListItem","position":1,"name":"Accueil","item":"https:\/\/maximaloc.com\/"},{"@type":"ListItem","position":2,"name":"BOUTIQUE","item":"https:\/\/maximaloc.com\/boutique\/"},{"@type":"ListItem","position":3,"name":"SONY 70-200 F2.8 GM II OSS E"}]},{"@type":"WebSite","@id":"https:\/\/maximaloc.com\/#website","url":"https:\/\/maximaloc.com\/","name":"Maximaloc","description":"","publisher":{"@id":"https:\/\/maximaloc.com\/#organization"},"potentialAction":[{"@type":"SearchAction","target":{"@type":"EntryPoint","urlTemplate":"https:\/\/maximaloc.com\/?s={search_term_string}"},"query-input":{"@type":"PropertyValueSpecification","valueRequired":true,"valueName":"search_term_string"}}],"inLanguage":"en-US"},{"@type":"Organization","@id":"https:\/\/maximaloc.com\/#organization","name":"Maximaloc","url":"https:\/\/maximaloc.com\/","logo":{"@type":"ImageObject","inLanguage":"en-US","@id":"https:\/\/maximaloc.com\/#\/schema\/logo\/image\/","url":"https:\/\/maximaloc.com\/wp-content\/uploads\/2024\/03\/logo_noir-scaled.png","contentUrl":"https:\/\/maximaloc.com\/wp-content\/uploads\/2024\/03\/logo_noir-scaled.png","width":2560,"height":268,"caption":"Maximaloc"},"image":{"@id":"https:\/\/maximaloc.com\/#\/schema\/logo\/image\/"},"sameAs":["https:\/\/www.facebook.com\/Maximalocation"]}]}},"_links":{"self":[{"href":"https:\/\/maximaloc.com\/en\/wp-json\/wp\/v2\/product\/4646","targetHints":{"allow":["GET"]}}],"collection":[{"href":"https:\/\/maximaloc.com\/en\/wp-json\/wp\/v2\/product"}],"about":[{"href":"https:\/\/maximaloc.com\/en\/wp-json\/wp\/v2\/types\/product"}],"wp:featuredmedia":[{"embeddable":true,"href":"https:\/\/maximaloc.com\/en\/wp-json\/wp\/v2\/media\/9030"}],"wp:attachment":[{"href":"https:\/\/maximaloc.com\/en\/wp-json\/wp\/v2\/media?parent=4646"}],"wp:term":[{"taxonomy":"product_cat","embeddable":true,"href":"https:\/\/maximaloc.com\/en\/wp-json\/wp\/v2\/product_cat?post=4646"},{"taxonomy":"product_tag","embeddable":true,"href":"https:\/\/maximaloc.com\/en\/wp-json\/wp\/v2\/product_tag?post=4646"}],"curies":[{"name":"wp","href":"https:\/\/api.w.org\/{rel}","templated":true}]}}