 {"id":6066,"date":"2024-04-12T11:54:17","date_gmt":"2024-04-12T09:54:17","guid":{"rendered":"https:\/\/maximaloc.com\/produit\/kit-sony-a7rv\/"},"modified":"2026-03-30T16:28:44","modified_gmt":"2026-03-30T14:28:44","slug":"sony-a7rv","status":"publish","type":"product","link":"https:\/\/maximaloc.com\/en\/product\/sony-a7rv\/","title":{"rendered":"SONY A7RV"},"content":{"rendered":"<p>SONY\u00a0A7R V\u00a0est le dernier hybride plein format de chez Sony de la s\u00e9rie R (R\u00e9solution).\u00a0Avec un Capteur CMOS\u00a0de 61MP optimis\u00e9 pour la photo, le Sony A7RV s&#8217;impose comme un des boitiers les plus performants en photo du march\u00e9 :<\/p>\n<p>\u00a0<\/p>\n<p>Les 61 Millions de Pixels permettent de prendre des photos avec une r\u00e9solution sup\u00e9rieur \u00e0 90% des appareil du march\u00e9 obtenant ainsi des images avec une quantit\u00e9 de d\u00e9tails impressionnante.<\/p>\n<p>\u00a0<\/p>\n<p>Avec une nouvelle IA en Autofocus le bo\u00eetier est capable d\u2019identifier en photo et vid\u00e9o,\u00a0la posture et le mouvement des sujets pour offrir un AF pr\u00e9cis m\u00eame dans les situations les plus d\u00e9licates, comme lorsque le sujet est dos \u00e0 l&#8217;appareil, porte un masque ou se situe dans une zone faiblement \u00e9clair\u00e9e. Ce nouveau syst\u00e8me reconna\u00eet \u00e9galement les animaux, les voitures, les trains et les avions = l\u2019AF de Sony n\u2019a jamais \u00e9t\u00e9 aussi efficace.<\/p>\n<p>\u00a0<\/p>\n<p>C\u00f4t\u00e9 vid\u00e9o, le Sony A7RV propose pour la premi\u00e8re fois des caract\u00e9ristiques Pro dans un boitier R principalement d\u00e9di\u00e9 photo.\u00a0<\/p>\n<p>\u00a0<\/p>\n<p><strong>Points Forts:<\/strong><\/p>\n<ul>\n<li>CMOS plein format de 61 MP\u00a0<\/li>\n<li>Stabilisation 5 axes<\/li>\n<li>Autofocus avec tracking humains, animaux, objets<\/li>\n<li>Vid\u00e9o Interne 8K 4:2:0 8 bits 25p<\/li>\n<li>Vid\u00e9o Interne\u00a04K 4:2:2 10 bits\u00a060p<\/li>\n<li>Vid\u00e9o Externe 4K Raw 16 bits (via sortie HDMI)<\/li>\n<li>Slow Motion HD\u00a0jusqu\u2019\u00e0 120p<\/li>\n<li>Ecran LCD articul\u00e9<\/li>\n<\/ul>","protected":false},"excerpt":{"rendered":"<p>Capteur :\u00a061 MP (Full Frame)<\/p>\n<p>Photo : Jpeg\/Raw 14 bit<\/p>\n<p>Vid\u00e9o : 8K 4:2:0 10 bit\u00a025p<\/p>\n<p>4K 4:2:2 10 bit\u00a060p<\/p>\n<p>Sortie : 4K Raw 16 bit<\/p>","protected":false},"featured_media":6079,"template":"","meta":[],"product_cat":[191],"product_tag":[161,221,197,194,199,160,162,164,198,200,167,195,196,201],"class_list":{"0":"post-6066","1":"product","2":"type-product","3":"status-publish","4":"has-post-thumbnail","6":"product_cat-sony-marque","7":"product_tag-422-10-bits","8":"product_tag-8k","9":"product_tag-full-frame-24x36","10":"product_tag-420-10-bits","11":"product_tag-hybride-dslr","12":"product_tag-420-8-bits","13":"product_tag-4k","14":"product_tag-4k-60p","15":"product_tag-full-hd","16":"product_tag-raw-externe","17":"product_tag-fhd-120p","18":"product_tag-avec-autofocus","19":"product_tag-capteur-stabilise","20":"product_tag-sony-e","22":"first","23":"instock","24":"featured","25":"taxable","26":"shipping-taxable","27":"purchasable","28":"product-type-rentable"},"yoast_head":"<!-- This site is optimized with the Yoast SEO plugin v24.1 - https:\/\/yoast.com\/wordpress\/plugins\/seo\/ -->\n<title>SONY A7RV DSLR - Maximaloc<\/title>\n<meta name=\"description\" content=\"SONY A7RV : hybride plein format 61 MP, autofocus IA pr\u00e9cis, vid\u00e9o 8K\/4K pro, stabilisation 5 axes, \u00e9cran articul\u00e9. Id\u00e9al photo &amp; vid\u00e9o.\" \/>\n<meta name=\"robots\" content=\"index, follow, max-snippet:-1, max-image-preview:large, max-video-preview:-1\" \/>\n<link rel=\"canonical\" href=\"https:\/\/maximaloc.com\/en\/product\/sony-a7rv\/\" \/>\n<meta property=\"og:locale\" content=\"en_US\" \/>\n<meta property=\"og:type\" content=\"article\" \/>\n<meta property=\"og:title\" content=\"SONY A7RV DSLR - Maximaloc\" \/>\n<meta property=\"og:description\" content=\"SONY A7RV : hybride plein format 61 MP, autofocus IA pr\u00e9cis, vid\u00e9o 8K\/4K pro, stabilisation 5 axes, \u00e9cran articul\u00e9. Id\u00e9al photo &amp; vid\u00e9o.\" \/>\n<meta property=\"og:url\" content=\"https:\/\/maximaloc.com\/en\/product\/sony-a7rv\/\" \/>\n<meta property=\"og:site_name\" content=\"Maximaloc\" \/>\n<meta property=\"article:publisher\" content=\"https:\/\/www.facebook.com\/Maximalocation\" \/>\n<meta property=\"article:modified_time\" content=\"2026-03-30T14:28:44+00:00\" \/>\n<meta property=\"og:image\" content=\"https:\/\/maximaloc.com\/wp-content\/uploads\/2024\/04\/b49820_146754916b9848d7a2a4e98de4d93741mv2.webp\" \/>\n\t<meta property=\"og:image:width\" content=\"580\" \/>\n\t<meta property=\"og:image:height\" content=\"420\" \/>\n\t<meta property=\"og:image:type\" content=\"image\/webp\" \/>\n<meta name=\"twitter:card\" content=\"summary_large_image\" \/>\n<meta name=\"twitter:label1\" content=\"Est. reading time\" \/>\n\t<meta name=\"twitter:data1\" content=\"2 minutes\" \/>\n<script type=\"application\/ld+json\" class=\"yoast-schema-graph\">{\"@context\":\"https:\/\/schema.org\",\"@graph\":[{\"@type\":\"WebPage\",\"@id\":\"https:\/\/maximaloc.com\/produit\/sony-a7rv\/\",\"url\":\"https:\/\/maximaloc.com\/produit\/sony-a7rv\/\",\"name\":\"SONY A7RV DSLR - Maximaloc\",\"isPartOf\":{\"@id\":\"https:\/\/maximaloc.com\/#website\"},\"primaryImageOfPage\":{\"@id\":\"https:\/\/maximaloc.com\/produit\/sony-a7rv\/#primaryimage\"},\"image\":{\"@id\":\"https:\/\/maximaloc.com\/produit\/sony-a7rv\/#primaryimage\"},\"thumbnailUrl\":\"https:\/\/maximaloc.com\/wp-content\/uploads\/2024\/04\/b49820_146754916b9848d7a2a4e98de4d93741mv2.webp\",\"datePublished\":\"2024-04-12T09:54:17+00:00\",\"dateModified\":\"2026-03-30T14:28:44+00:00\",\"description\":\"SONY A7RV : hybride plein format 61 MP, autofocus IA pr\u00e9cis, vid\u00e9o 8K\/4K pro, stabilisation 5 axes, \u00e9cran articul\u00e9. Id\u00e9al photo & vid\u00e9o.\",\"breadcrumb\":{\"@id\":\"https:\/\/maximaloc.com\/produit\/sony-a7rv\/#breadcrumb\"},\"inLanguage\":\"en-US\",\"potentialAction\":[{\"@type\":\"ReadAction\",\"target\":[\"https:\/\/maximaloc.com\/produit\/sony-a7rv\/\"]}]},{\"@type\":\"ImageObject\",\"inLanguage\":\"en-US\",\"@id\":\"https:\/\/maximaloc.com\/produit\/sony-a7rv\/#primaryimage\",\"url\":\"https:\/\/maximaloc.com\/wp-content\/uploads\/2024\/04\/b49820_146754916b9848d7a2a4e98de4d93741mv2.webp\",\"contentUrl\":\"https:\/\/maximaloc.com\/wp-content\/uploads\/2024\/04\/b49820_146754916b9848d7a2a4e98de4d93741mv2.webp\",\"width\":580,\"height\":420,\"caption\":\"Boitier Hybride Sony A7RV 61 MP nu \u00e0 la location\"},{\"@type\":\"BreadcrumbList\",\"@id\":\"https:\/\/maximaloc.com\/produit\/sony-a7rv\/#breadcrumb\",\"itemListElement\":[{\"@type\":\"ListItem\",\"position\":1,\"name\":\"Accueil\",\"item\":\"https:\/\/maximaloc.com\/\"},{\"@type\":\"ListItem\",\"position\":2,\"name\":\"BOUTIQUE\",\"item\":\"https:\/\/maximaloc.com\/boutique\/\"},{\"@type\":\"ListItem\",\"position\":3,\"name\":\"SONY A7RV\"}]},{\"@type\":\"WebSite\",\"@id\":\"https:\/\/maximaloc.com\/#website\",\"url\":\"https:\/\/maximaloc.com\/\",\"name\":\"Maximaloc\",\"description\":\"\",\"publisher\":{\"@id\":\"https:\/\/maximaloc.com\/#organization\"},\"potentialAction\":[{\"@type\":\"SearchAction\",\"target\":{\"@type\":\"EntryPoint\",\"urlTemplate\":\"https:\/\/maximaloc.com\/?s={search_term_string}\"},\"query-input\":{\"@type\":\"PropertyValueSpecification\",\"valueRequired\":true,\"valueName\":\"search_term_string\"}}],\"inLanguage\":\"en-US\"},{\"@type\":\"Organization\",\"@id\":\"https:\/\/maximaloc.com\/#organization\",\"name\":\"Maximaloc\",\"url\":\"https:\/\/maximaloc.com\/\",\"logo\":{\"@type\":\"ImageObject\",\"inLanguage\":\"en-US\",\"@id\":\"https:\/\/maximaloc.com\/#\/schema\/logo\/image\/\",\"url\":\"https:\/\/maximaloc.com\/wp-content\/uploads\/2024\/03\/logo_noir.png\",\"contentUrl\":\"https:\/\/maximaloc.com\/wp-content\/uploads\/2024\/03\/logo_noir.png\",\"width\":11750,\"height\":1231,\"caption\":\"Maximaloc\"},\"image\":{\"@id\":\"https:\/\/maximaloc.com\/#\/schema\/logo\/image\/\"},\"sameAs\":[\"https:\/\/www.facebook.com\/Maximalocation\"]}]}<\/script>\n<!-- \/ Yoast SEO plugin. -->","yoast_head_json":{"title":"SONY A7RV DSLR - Maximaloc","description":"SONY A7RV : hybride plein format 61 MP, autofocus IA pr\u00e9cis, vid\u00e9o 8K\/4K pro, stabilisation 5 axes, \u00e9cran articul\u00e9. Id\u00e9al photo & vid\u00e9o.","robots":{"index":"index","follow":"follow","max-snippet":"max-snippet:-1","max-image-preview":"max-image-preview:large","max-video-preview":"max-video-preview:-1"},"canonical":"https:\/\/maximaloc.com\/en\/product\/sony-a7rv\/","og_locale":"en_US","og_type":"article","og_title":"SONY A7RV DSLR - Maximaloc","og_description":"SONY A7RV : hybride plein format 61 MP, autofocus IA pr\u00e9cis, vid\u00e9o 8K\/4K pro, stabilisation 5 axes, \u00e9cran articul\u00e9. Id\u00e9al photo & vid\u00e9o.","og_url":"https:\/\/maximaloc.com\/en\/product\/sony-a7rv\/","og_site_name":"Maximaloc","article_publisher":"https:\/\/www.facebook.com\/Maximalocation","article_modified_time":"2026-03-30T14:28:44+00:00","og_image":[{"width":580,"height":420,"url":"https:\/\/maximaloc.com\/wp-content\/uploads\/2024\/04\/b49820_146754916b9848d7a2a4e98de4d93741mv2.webp","type":"image\/webp"}],"twitter_card":"summary_large_image","twitter_misc":{"Est. reading time":"2 minutes"},"schema":{"@context":"https:\/\/schema.org","@graph":[{"@type":"WebPage","@id":"https:\/\/maximaloc.com\/produit\/sony-a7rv\/","url":"https:\/\/maximaloc.com\/produit\/sony-a7rv\/","name":"SONY A7RV DSLR - Maximaloc","isPartOf":{"@id":"https:\/\/maximaloc.com\/#website"},"primaryImageOfPage":{"@id":"https:\/\/maximaloc.com\/produit\/sony-a7rv\/#primaryimage"},"image":{"@id":"https:\/\/maximaloc.com\/produit\/sony-a7rv\/#primaryimage"},"thumbnailUrl":"https:\/\/maximaloc.com\/wp-content\/uploads\/2024\/04\/b49820_146754916b9848d7a2a4e98de4d93741mv2.webp","datePublished":"2024-04-12T09:54:17+00:00","dateModified":"2026-03-30T14:28:44+00:00","description":"SONY A7RV : hybride plein format 61 MP, autofocus IA pr\u00e9cis, vid\u00e9o 8K\/4K pro, stabilisation 5 axes, \u00e9cran articul\u00e9. Id\u00e9al photo & vid\u00e9o.","breadcrumb":{"@id":"https:\/\/maximaloc.com\/produit\/sony-a7rv\/#breadcrumb"},"inLanguage":"en-US","potentialAction":[{"@type":"ReadAction","target":["https:\/\/maximaloc.com\/produit\/sony-a7rv\/"]}]},{"@type":"ImageObject","inLanguage":"en-US","@id":"https:\/\/maximaloc.com\/produit\/sony-a7rv\/#primaryimage","url":"https:\/\/maximaloc.com\/wp-content\/uploads\/2024\/04\/b49820_146754916b9848d7a2a4e98de4d93741mv2.webp","contentUrl":"https:\/\/maximaloc.com\/wp-content\/uploads\/2024\/04\/b49820_146754916b9848d7a2a4e98de4d93741mv2.webp","width":580,"height":420,"caption":"Boitier Hybride Sony A7RV 61 MP nu \u00e0 la location"},{"@type":"BreadcrumbList","@id":"https:\/\/maximaloc.com\/produit\/sony-a7rv\/#breadcrumb","itemListElement":[{"@type":"ListItem","position":1,"name":"Accueil","item":"https:\/\/maximaloc.com\/"},{"@type":"ListItem","position":2,"name":"BOUTIQUE","item":"https:\/\/maximaloc.com\/boutique\/"},{"@type":"ListItem","position":3,"name":"SONY A7RV"}]},{"@type":"WebSite","@id":"https:\/\/maximaloc.com\/#website","url":"https:\/\/maximaloc.com\/","name":"Maximaloc","description":"","publisher":{"@id":"https:\/\/maximaloc.com\/#organization"},"potentialAction":[{"@type":"SearchAction","target":{"@type":"EntryPoint","urlTemplate":"https:\/\/maximaloc.com\/?s={search_term_string}"},"query-input":{"@type":"PropertyValueSpecification","valueRequired":true,"valueName":"search_term_string"}}],"inLanguage":"en-US"},{"@type":"Organization","@id":"https:\/\/maximaloc.com\/#organization","name":"Maximaloc","url":"https:\/\/maximaloc.com\/","logo":{"@type":"ImageObject","inLanguage":"en-US","@id":"https:\/\/maximaloc.com\/#\/schema\/logo\/image\/","url":"https:\/\/maximaloc.com\/wp-content\/uploads\/2024\/03\/logo_noir.png","contentUrl":"https:\/\/maximaloc.com\/wp-content\/uploads\/2024\/03\/logo_noir.png","width":11750,"height":1231,"caption":"Maximaloc"},"image":{"@id":"https:\/\/maximaloc.com\/#\/schema\/logo\/image\/"},"sameAs":["https:\/\/www.facebook.com\/Maximalocation"]}]}},"_links":{"self":[{"href":"https:\/\/maximaloc.com\/en\/wp-json\/wp\/v2\/product\/6066","targetHints":{"allow":["GET"]}}],"collection":[{"href":"https:\/\/maximaloc.com\/en\/wp-json\/wp\/v2\/product"}],"about":[{"href":"https:\/\/maximaloc.com\/en\/wp-json\/wp\/v2\/types\/product"}],"wp:featuredmedia":[{"embeddable":true,"href":"https:\/\/maximaloc.com\/en\/wp-json\/wp\/v2\/media\/6079"}],"wp:attachment":[{"href":"https:\/\/maximaloc.com\/en\/wp-json\/wp\/v2\/media?parent=6066"}],"wp:term":[{"taxonomy":"product_cat","embeddable":true,"href":"https:\/\/maximaloc.com\/en\/wp-json\/wp\/v2\/product_cat?post=6066"},{"taxonomy":"product_tag","embeddable":true,"href":"https:\/\/maximaloc.com\/en\/wp-json\/wp\/v2\/product_tag?post=6066"}],"curies":[{"name":"wp","href":"https:\/\/api.w.org\/{rel}","templated":true}]}}