 {"id":6374,"date":"2024-04-16T11:58:21","date_gmt":"2024-04-16T09:58:21","guid":{"rendered":"https:\/\/maximaloc.com\/produit\/gopro-hero-11\/"},"modified":"2026-04-09T21:41:32","modified_gmt":"2026-04-09T19:41:32","slug":"gopro-hero-11","status":"publish","type":"product","link":"https:\/\/maximaloc.com\/en\/product\/gopro-hero-11\/","title":{"rendered":"GOPRO HERO 11"},"content":{"rendered":"<p>La GOPRO HERO 11 Black est la meilleure cam\u00e9ra d\u2019action du march\u00e9 gr\u00e2ce \u00e0 plusieurs am\u00e9liorations significatives. Elle int\u00e8gre un nouveau capteur 27MP de 1\/1.9&#8243; qui est plus grand que celui utilis\u00e9 sur les pr\u00e9c\u00e9dentes GoPro, ce qui lui permet d\u2019assurer des meilleures performances en basse lumi\u00e8re. Elle filme en 10 bits ce qui offre une meilleure pr\u00e9cision dans le rendu des couleurs et de la luminosit\u00e9. Elle est \u00e9galement fournie avec la nouvelle batterie Enduro qui assure une autonomie entre 20% et 25% sup\u00e9rieure \u00e0 celle de la batterie classique.<\/p>\n<p>\u00a0<\/p>\n<p>Comme avec la GoPro 10, cette nouvelle GoPro capture des vid\u00e9os jusqu\u2019en 5,3K 60p, 4K 120p et 2,7K ou FHD 240p mais avec un d\u00e9bit maximal \u00e9tendu \u00e0 120 Mb\/s avec le codec HEVC. Elle b\u00e9n\u00e9ficie du nouveau syst\u00e8me de stabilisation encore plus performant Hypersmooth 5.0, qui propose l\u2019option AutoBoost qui ajuste en permanence le niveau de recadrage afin d\u2019assurer \u00e0 la fois une stabilisation optimale et un angle de prise de vue le plus large possible.<\/p>\n<p>\u00a0<\/p>\n<p>La GoPro est facilement contr\u00f4lable via l\u2019application GoPro Quick, qui permet notamment d\u2019avoir un retour vid\u00e9o sur son smartphone. Elle dispose d&#8217;un \u00e9cran tactile arri\u00e8re confortable de 2,3 pouces et d\u2019un \u00e9cran frontal param\u00e9trable. Il peut au besoin afficher l\u2019image film\u00e9e, ce qui est tr\u00e8s pratique en configuration selfie ou lorsque la GoPro est install\u00e9e en hauteur.<\/p>\n<p><u><strong>Points forts :\u00a0<\/strong><\/u><\/p>\n<ul>\n<li>Qualit\u00e9 vid\u00e9o \u00e9lev\u00e9e : jusqu\u2019\u00e0 5.3K pour un maximum de d\u00e9tails.<\/li>\n<li>Excellente stabilisation : HyperSmooth 5.0 avec horizon lock.<\/li>\n<li>Grande polyvalence : formats 8:7, 4:3 et 16:9 pour un recadrage flexible.<\/li>\n<li>\u00c9tanch\u00e9it\u00e9 int\u00e9gr\u00e9e : jusqu\u2019\u00e0 10 m sans caisson.\u00a0<br \/>\u00a0<br \/>\u00a0<\/li>\n<\/ul>","protected":false},"excerpt":{"rendered":"<p>Capteur : 27,13MP (1\/1,9\u201d)<\/p>\n<p>Photo 27MP JPEG \/ RAW<\/p>\n<p>Vid\u00e9o 5,3K 420 10 bit 60p<\/p>\n<p>Slow Motion 4K 10 bits 120p et 2,7K 240p<\/p>","protected":false},"featured_media":14545,"template":"","meta":[],"product_cat":[192],"product_tag":[194,160,211,165,162,163,224,217,164,198,169,168,167,195,196],"class_list":{"0":"post-6374","1":"product","2":"type-product","3":"status-publish","4":"has-post-thumbnail","6":"product_cat-gopro-marque","7":"product_tag-420-10-bits","8":"product_tag-420-8-bits","9":"product_tag-5k","10":"product_tag-5k-60p","11":"product_tag-4k","12":"product_tag-4k-120p","13":"product_tag-action-cam","14":"product_tag-petit-capteur","15":"product_tag-4k-60p","16":"product_tag-full-hd","17":"product_tag-fhd-240p","18":"product_tag-fhd-180p","19":"product_tag-fhd-120p","20":"product_tag-avec-autofocus","21":"product_tag-capteur-stabilise","23":"first","24":"instock","25":"featured","26":"taxable","27":"shipping-taxable","28":"purchasable","29":"product-type-rentable"},"yoast_head":"<!-- This site is optimized with the Yoast SEO plugin v24.1 - https:\/\/yoast.com\/wordpress\/plugins\/seo\/ -->\n<title>GOPRO HERO 11 action cam - Maximaloc<\/title>\n<meta name=\"description\" content=\"Location GoPro Hero 11 Black. \u00c9tanche 10m - Vid\u00e9o 5K et Photo 27 MP. Mat\u00e9riel audiovisuel. Tarifs d\u00e9gressifs - Livraison possible. R\u00e9servez 7j\/7 24h\/24.\" \/>\n<meta name=\"robots\" content=\"index, follow, max-snippet:-1, max-image-preview:large, max-video-preview:-1\" \/>\n<link rel=\"canonical\" href=\"https:\/\/maximaloc.com\/en\/product\/gopro-hero-11\/\" \/>\n<meta property=\"og:locale\" content=\"en_US\" \/>\n<meta property=\"og:type\" content=\"article\" \/>\n<meta property=\"og:title\" content=\"GOPRO HERO 11 action cam - Maximaloc\" \/>\n<meta property=\"og:description\" content=\"Location GoPro Hero 11 Black. \u00c9tanche 10m - Vid\u00e9o 5K et Photo 27 MP. Mat\u00e9riel audiovisuel. Tarifs d\u00e9gressifs - Livraison possible. R\u00e9servez 7j\/7 24h\/24.\" \/>\n<meta property=\"og:url\" content=\"https:\/\/maximaloc.com\/en\/product\/gopro-hero-11\/\" \/>\n<meta property=\"og:site_name\" content=\"Maximaloc\" \/>\n<meta property=\"article:publisher\" content=\"https:\/\/www.facebook.com\/Maximalocation\" \/>\n<meta property=\"article:modified_time\" content=\"2026-04-09T19:41:32+00:00\" \/>\n<meta property=\"og:image\" content=\"https:\/\/maximaloc.com\/wp-content\/uploads\/2024\/04\/WhatsApp-Image-2024-07-26-at-14.57.43.jpeg\" \/>\n\t<meta property=\"og:image:width\" content=\"580\" \/>\n\t<meta property=\"og:image:height\" content=\"420\" \/>\n\t<meta property=\"og:image:type\" content=\"image\/jpeg\" \/>\n<meta name=\"twitter:card\" content=\"summary_large_image\" \/>\n<meta name=\"twitter:label1\" content=\"Est. reading time\" \/>\n\t<meta name=\"twitter:data1\" content=\"2 minutes\" \/>\n<script type=\"application\/ld+json\" class=\"yoast-schema-graph\">{\"@context\":\"https:\/\/schema.org\",\"@graph\":[{\"@type\":\"WebPage\",\"@id\":\"https:\/\/maximaloc.com\/produit\/gopro-hero-11\/\",\"url\":\"https:\/\/maximaloc.com\/produit\/gopro-hero-11\/\",\"name\":\"GOPRO HERO 11 action cam - Maximaloc\",\"isPartOf\":{\"@id\":\"https:\/\/maximaloc.com\/#website\"},\"primaryImageOfPage\":{\"@id\":\"https:\/\/maximaloc.com\/produit\/gopro-hero-11\/#primaryimage\"},\"image\":{\"@id\":\"https:\/\/maximaloc.com\/produit\/gopro-hero-11\/#primaryimage\"},\"thumbnailUrl\":\"https:\/\/maximaloc.com\/wp-content\/uploads\/2024\/04\/WhatsApp-Image-2024-07-26-at-14.57.43.jpeg\",\"datePublished\":\"2024-04-16T09:58:21+00:00\",\"dateModified\":\"2026-04-09T19:41:32+00:00\",\"description\":\"Location GoPro Hero 11 Black. \u00c9tanche 10m - Vid\u00e9o 5K et Photo 27 MP. Mat\u00e9riel audiovisuel. Tarifs d\u00e9gressifs - Livraison possible. R\u00e9servez 7j\/7 24h\/24.\",\"breadcrumb\":{\"@id\":\"https:\/\/maximaloc.com\/produit\/gopro-hero-11\/#breadcrumb\"},\"inLanguage\":\"en-US\",\"potentialAction\":[{\"@type\":\"ReadAction\",\"target\":[\"https:\/\/maximaloc.com\/produit\/gopro-hero-11\/\"]}]},{\"@type\":\"ImageObject\",\"inLanguage\":\"en-US\",\"@id\":\"https:\/\/maximaloc.com\/produit\/gopro-hero-11\/#primaryimage\",\"url\":\"https:\/\/maximaloc.com\/wp-content\/uploads\/2024\/04\/WhatsApp-Image-2024-07-26-at-14.57.43.jpeg\",\"contentUrl\":\"https:\/\/maximaloc.com\/wp-content\/uploads\/2024\/04\/WhatsApp-Image-2024-07-26-at-14.57.43.jpeg\",\"width\":580,\"height\":420,\"caption\":\"Cam\u00e9ra d'action GoPro 11 vue de face \u00e0 la location\"},{\"@type\":\"BreadcrumbList\",\"@id\":\"https:\/\/maximaloc.com\/produit\/gopro-hero-11\/#breadcrumb\",\"itemListElement\":[{\"@type\":\"ListItem\",\"position\":1,\"name\":\"Accueil\",\"item\":\"https:\/\/maximaloc.com\/\"},{\"@type\":\"ListItem\",\"position\":2,\"name\":\"BOUTIQUE\",\"item\":\"https:\/\/maximaloc.com\/boutique\/\"},{\"@type\":\"ListItem\",\"position\":3,\"name\":\"GOPRO HERO 11\"}]},{\"@type\":\"WebSite\",\"@id\":\"https:\/\/maximaloc.com\/#website\",\"url\":\"https:\/\/maximaloc.com\/\",\"name\":\"Maximaloc\",\"description\":\"\",\"publisher\":{\"@id\":\"https:\/\/maximaloc.com\/#organization\"},\"potentialAction\":[{\"@type\":\"SearchAction\",\"target\":{\"@type\":\"EntryPoint\",\"urlTemplate\":\"https:\/\/maximaloc.com\/?s={search_term_string}\"},\"query-input\":{\"@type\":\"PropertyValueSpecification\",\"valueRequired\":true,\"valueName\":\"search_term_string\"}}],\"inLanguage\":\"en-US\"},{\"@type\":\"Organization\",\"@id\":\"https:\/\/maximaloc.com\/#organization\",\"name\":\"Maximaloc\",\"url\":\"https:\/\/maximaloc.com\/\",\"logo\":{\"@type\":\"ImageObject\",\"inLanguage\":\"en-US\",\"@id\":\"https:\/\/maximaloc.com\/#\/schema\/logo\/image\/\",\"url\":\"https:\/\/maximaloc.com\/wp-content\/uploads\/2024\/03\/logo_noir.png\",\"contentUrl\":\"https:\/\/maximaloc.com\/wp-content\/uploads\/2024\/03\/logo_noir.png\",\"width\":11750,\"height\":1231,\"caption\":\"Maximaloc\"},\"image\":{\"@id\":\"https:\/\/maximaloc.com\/#\/schema\/logo\/image\/\"},\"sameAs\":[\"https:\/\/www.facebook.com\/Maximalocation\"]}]}<\/script>\n<!-- \/ Yoast SEO plugin. -->","yoast_head_json":{"title":"GOPRO HERO 11 action cam - Maximaloc","description":"Location GoPro Hero 11 Black. \u00c9tanche 10m - Vid\u00e9o 5K et Photo 27 MP. Mat\u00e9riel audiovisuel. Tarifs d\u00e9gressifs - Livraison possible. R\u00e9servez 7j\/7 24h\/24.","robots":{"index":"index","follow":"follow","max-snippet":"max-snippet:-1","max-image-preview":"max-image-preview:large","max-video-preview":"max-video-preview:-1"},"canonical":"https:\/\/maximaloc.com\/en\/product\/gopro-hero-11\/","og_locale":"en_US","og_type":"article","og_title":"GOPRO HERO 11 action cam - Maximaloc","og_description":"Location GoPro Hero 11 Black. \u00c9tanche 10m - Vid\u00e9o 5K et Photo 27 MP. Mat\u00e9riel audiovisuel. Tarifs d\u00e9gressifs - Livraison possible. R\u00e9servez 7j\/7 24h\/24.","og_url":"https:\/\/maximaloc.com\/en\/product\/gopro-hero-11\/","og_site_name":"Maximaloc","article_publisher":"https:\/\/www.facebook.com\/Maximalocation","article_modified_time":"2026-04-09T19:41:32+00:00","og_image":[{"width":580,"height":420,"url":"https:\/\/maximaloc.com\/wp-content\/uploads\/2024\/04\/WhatsApp-Image-2024-07-26-at-14.57.43.jpeg","type":"image\/jpeg"}],"twitter_card":"summary_large_image","twitter_misc":{"Est. reading time":"2 minutes"},"schema":{"@context":"https:\/\/schema.org","@graph":[{"@type":"WebPage","@id":"https:\/\/maximaloc.com\/produit\/gopro-hero-11\/","url":"https:\/\/maximaloc.com\/produit\/gopro-hero-11\/","name":"GOPRO HERO 11 action cam - Maximaloc","isPartOf":{"@id":"https:\/\/maximaloc.com\/#website"},"primaryImageOfPage":{"@id":"https:\/\/maximaloc.com\/produit\/gopro-hero-11\/#primaryimage"},"image":{"@id":"https:\/\/maximaloc.com\/produit\/gopro-hero-11\/#primaryimage"},"thumbnailUrl":"https:\/\/maximaloc.com\/wp-content\/uploads\/2024\/04\/WhatsApp-Image-2024-07-26-at-14.57.43.jpeg","datePublished":"2024-04-16T09:58:21+00:00","dateModified":"2026-04-09T19:41:32+00:00","description":"Location GoPro Hero 11 Black. \u00c9tanche 10m - Vid\u00e9o 5K et Photo 27 MP. Mat\u00e9riel audiovisuel. Tarifs d\u00e9gressifs - Livraison possible. R\u00e9servez 7j\/7 24h\/24.","breadcrumb":{"@id":"https:\/\/maximaloc.com\/produit\/gopro-hero-11\/#breadcrumb"},"inLanguage":"en-US","potentialAction":[{"@type":"ReadAction","target":["https:\/\/maximaloc.com\/produit\/gopro-hero-11\/"]}]},{"@type":"ImageObject","inLanguage":"en-US","@id":"https:\/\/maximaloc.com\/produit\/gopro-hero-11\/#primaryimage","url":"https:\/\/maximaloc.com\/wp-content\/uploads\/2024\/04\/WhatsApp-Image-2024-07-26-at-14.57.43.jpeg","contentUrl":"https:\/\/maximaloc.com\/wp-content\/uploads\/2024\/04\/WhatsApp-Image-2024-07-26-at-14.57.43.jpeg","width":580,"height":420,"caption":"Cam\u00e9ra d'action GoPro 11 vue de face \u00e0 la location"},{"@type":"BreadcrumbList","@id":"https:\/\/maximaloc.com\/produit\/gopro-hero-11\/#breadcrumb","itemListElement":[{"@type":"ListItem","position":1,"name":"Accueil","item":"https:\/\/maximaloc.com\/"},{"@type":"ListItem","position":2,"name":"BOUTIQUE","item":"https:\/\/maximaloc.com\/boutique\/"},{"@type":"ListItem","position":3,"name":"GOPRO HERO 11"}]},{"@type":"WebSite","@id":"https:\/\/maximaloc.com\/#website","url":"https:\/\/maximaloc.com\/","name":"Maximaloc","description":"","publisher":{"@id":"https:\/\/maximaloc.com\/#organization"},"potentialAction":[{"@type":"SearchAction","target":{"@type":"EntryPoint","urlTemplate":"https:\/\/maximaloc.com\/?s={search_term_string}"},"query-input":{"@type":"PropertyValueSpecification","valueRequired":true,"valueName":"search_term_string"}}],"inLanguage":"en-US"},{"@type":"Organization","@id":"https:\/\/maximaloc.com\/#organization","name":"Maximaloc","url":"https:\/\/maximaloc.com\/","logo":{"@type":"ImageObject","inLanguage":"en-US","@id":"https:\/\/maximaloc.com\/#\/schema\/logo\/image\/","url":"https:\/\/maximaloc.com\/wp-content\/uploads\/2024\/03\/logo_noir.png","contentUrl":"https:\/\/maximaloc.com\/wp-content\/uploads\/2024\/03\/logo_noir.png","width":11750,"height":1231,"caption":"Maximaloc"},"image":{"@id":"https:\/\/maximaloc.com\/#\/schema\/logo\/image\/"},"sameAs":["https:\/\/www.facebook.com\/Maximalocation"]}]}},"_links":{"self":[{"href":"https:\/\/maximaloc.com\/en\/wp-json\/wp\/v2\/product\/6374","targetHints":{"allow":["GET"]}}],"collection":[{"href":"https:\/\/maximaloc.com\/en\/wp-json\/wp\/v2\/product"}],"about":[{"href":"https:\/\/maximaloc.com\/en\/wp-json\/wp\/v2\/types\/product"}],"wp:featuredmedia":[{"embeddable":true,"href":"https:\/\/maximaloc.com\/en\/wp-json\/wp\/v2\/media\/14545"}],"wp:attachment":[{"href":"https:\/\/maximaloc.com\/en\/wp-json\/wp\/v2\/media?parent=6374"}],"wp:term":[{"taxonomy":"product_cat","embeddable":true,"href":"https:\/\/maximaloc.com\/en\/wp-json\/wp\/v2\/product_cat?post=6374"},{"taxonomy":"product_tag","embeddable":true,"href":"https:\/\/maximaloc.com\/en\/wp-json\/wp\/v2\/product_tag?post=6374"}],"curies":[{"name":"wp","href":"https:\/\/api.w.org\/{rel}","templated":true}]}}