 {"id":7113,"date":"2024-04-16T16:01:49","date_gmt":"2024-04-16T14:01:49","guid":{"rendered":"https:\/\/maximaloc.com\/produit\/ring-light-rgb-nanlite-halo-16c\/"},"modified":"2026-04-13T20:18:31","modified_gmt":"2026-04-13T18:18:31","slug":"nanlite-halo-16c-ring-light-rgb","status":"publish","type":"product","link":"https:\/\/maximaloc.com\/en\/product\/nanlite-halo-16c-ring-light-rgb\/","title":{"rendered":"NANLITE HALO 16C &#8211; RING LIGHT RGB"},"content":{"rendered":"<p>Le Nanlite Halo 16C est un ring light LED RGB de 6W et de 40cm de diam\u00e8tre. Tr\u00e8s populaire et r\u00e9put\u00e9 pour sa polyvalence, sa l\u00e9g\u00e8ret\u00e9 et sa petite taille, il peut \u00eatre utilis\u00e9 pour des clips, du podcast, en guise de lumi\u00e8re d\u2019appoint.<\/p>\n<p>Le ring light peut \u00eatre pos\u00e9 sur pied, tenu directement \u00e0 la main, suspendu \u00e0 la verticale ou \u00e0 l\u2019horizontale via les pas de vis Kodak situ\u00e9s aux extr\u00e9mit\u00e9s du tube.<\/p>\n<p>Le Halo 16C peut \u00e9galement \u00eatre contr\u00f4l\u00e9 \u00e0 distance avec la Nanlink App, il est ainsi possible de choisir la couleur en HSI et en CCT.<\/p>","protected":false},"excerpt":{"rendered":"<p>Ring light RGB\u00a0<\/p>\n<p>Taille : 40 cm de diam\u00e8tre<\/p>\n<p>Puissance : 28W\u00a0<\/p>\n<p>T\u00b0 : RGB \/ 2700 &#8211; 6500K<\/p>","protected":false},"featured_media":19119,"template":"","meta":[],"product_cat":[258],"product_tag":[311,296,298,299],"class_list":{"0":"post-7113","1":"product","2":"type-product","3":"status-publish","4":"has-post-thumbnail","6":"product_cat-ring-light","7":"product_tag-30w-ou-moins","8":"product_tag-bi-color","9":"product_tag-daylight","10":"product_tag-rgb","12":"first","13":"instock","14":"featured","15":"taxable","16":"shipping-taxable","17":"purchasable","18":"product-type-rentable"},"yoast_head":"<!-- This site is optimized with the Yoast SEO plugin v27.4 - https:\/\/yoast.com\/product\/yoast-seo-wordpress\/ -->\n<title>NANLITE HALO 16C - RING LIGHT RGB - Maximaloc<\/title>\n<meta name=\"robots\" content=\"index, follow, max-snippet:-1, max-image-preview:large, max-video-preview:-1\" \/>\n<link rel=\"canonical\" href=\"https:\/\/maximaloc.com\/en\/product\/nanlite-halo-16c-ring-light-rgb\/\" \/>\n<meta property=\"og:locale\" content=\"en_US\" \/>\n<meta property=\"og:type\" content=\"article\" \/>\n<meta property=\"og:title\" content=\"NANLITE HALO 16C - RING LIGHT RGB - Maximaloc\" \/>\n<meta property=\"og:description\" content=\"Ring light RGB\u00a0 Taille : 40 cm de diam\u00e8tre Puissance : 28W\u00a0 T\u00b0 : RGB \/ 2700 - 6500K\" \/>\n<meta property=\"og:url\" content=\"https:\/\/maximaloc.com\/en\/product\/nanlite-halo-16c-ring-light-rgb\/\" \/>\n<meta property=\"og:site_name\" content=\"Maximaloc\" \/>\n<meta property=\"article:publisher\" content=\"https:\/\/www.facebook.com\/Maximalocation\" \/>\n<meta property=\"article:modified_time\" content=\"2026-04-13T18:18:31+00:00\" \/>\n<meta property=\"og:image\" content=\"https:\/\/maximaloc.com\/wp-content\/uploads\/2024\/04\/MODELE-PRODUIT-3.png\" \/>\n\t<meta property=\"og:image:width\" content=\"1000\" \/>\n\t<meta property=\"og:image:height\" content=\"1000\" \/>\n\t<meta property=\"og:image:type\" content=\"image\/png\" \/>\n<meta name=\"twitter:card\" content=\"summary_large_image\" \/>\n<meta name=\"twitter:label1\" content=\"Est. reading time\" \/>\n\t<meta name=\"twitter:data1\" content=\"1 minute\" \/>\n<script type=\"application\/ld+json\" class=\"yoast-schema-graph\">{\"@context\":\"https:\\\/\\\/schema.org\",\"@graph\":[{\"@type\":\"WebPage\",\"@id\":\"https:\\\/\\\/maximaloc.com\\\/produit\\\/nanlite-halo-16c-ring-light-rgb\\\/\",\"url\":\"https:\\\/\\\/maximaloc.com\\\/produit\\\/nanlite-halo-16c-ring-light-rgb\\\/\",\"name\":\"NANLITE HALO 16C - RING LIGHT RGB - Maximaloc\",\"isPartOf\":{\"@id\":\"https:\\\/\\\/maximaloc.com\\\/#website\"},\"primaryImageOfPage\":{\"@id\":\"https:\\\/\\\/maximaloc.com\\\/produit\\\/nanlite-halo-16c-ring-light-rgb\\\/#primaryimage\"},\"image\":{\"@id\":\"https:\\\/\\\/maximaloc.com\\\/produit\\\/nanlite-halo-16c-ring-light-rgb\\\/#primaryimage\"},\"thumbnailUrl\":\"https:\\\/\\\/maximaloc.com\\\/wp-content\\\/uploads\\\/2024\\\/04\\\/MODELE-PRODUIT-3.png\",\"datePublished\":\"2024-04-16T14:01:49+00:00\",\"dateModified\":\"2026-04-13T18:18:31+00:00\",\"breadcrumb\":{\"@id\":\"https:\\\/\\\/maximaloc.com\\\/produit\\\/nanlite-halo-16c-ring-light-rgb\\\/#breadcrumb\"},\"inLanguage\":\"en-US\",\"potentialAction\":[{\"@type\":\"ReadAction\",\"target\":[\"https:\\\/\\\/maximaloc.com\\\/produit\\\/nanlite-halo-16c-ring-light-rgb\\\/\"]}]},{\"@type\":\"ImageObject\",\"inLanguage\":\"en-US\",\"@id\":\"https:\\\/\\\/maximaloc.com\\\/produit\\\/nanlite-halo-16c-ring-light-rgb\\\/#primaryimage\",\"url\":\"https:\\\/\\\/maximaloc.com\\\/wp-content\\\/uploads\\\/2024\\\/04\\\/MODELE-PRODUIT-3.png\",\"contentUrl\":\"https:\\\/\\\/maximaloc.com\\\/wp-content\\\/uploads\\\/2024\\\/04\\\/MODELE-PRODUIT-3.png\",\"width\":1000,\"height\":1000},{\"@type\":\"BreadcrumbList\",\"@id\":\"https:\\\/\\\/maximaloc.com\\\/produit\\\/nanlite-halo-16c-ring-light-rgb\\\/#breadcrumb\",\"itemListElement\":[{\"@type\":\"ListItem\",\"position\":1,\"name\":\"Accueil\",\"item\":\"https:\\\/\\\/maximaloc.com\\\/\"},{\"@type\":\"ListItem\",\"position\":2,\"name\":\"BOUTIQUE\",\"item\":\"https:\\\/\\\/maximaloc.com\\\/boutique\\\/\"},{\"@type\":\"ListItem\",\"position\":3,\"name\":\"NANLITE HALO 16C &#8211; RING LIGHT RGB\"}]},{\"@type\":\"WebSite\",\"@id\":\"https:\\\/\\\/maximaloc.com\\\/#website\",\"url\":\"https:\\\/\\\/maximaloc.com\\\/\",\"name\":\"Maximaloc\",\"description\":\"\",\"publisher\":{\"@id\":\"https:\\\/\\\/maximaloc.com\\\/#organization\"},\"potentialAction\":[{\"@type\":\"SearchAction\",\"target\":{\"@type\":\"EntryPoint\",\"urlTemplate\":\"https:\\\/\\\/maximaloc.com\\\/?s={search_term_string}\"},\"query-input\":{\"@type\":\"PropertyValueSpecification\",\"valueRequired\":true,\"valueName\":\"search_term_string\"}}],\"inLanguage\":\"en-US\"},{\"@type\":\"Organization\",\"@id\":\"https:\\\/\\\/maximaloc.com\\\/#organization\",\"name\":\"Maximaloc\",\"url\":\"https:\\\/\\\/maximaloc.com\\\/\",\"logo\":{\"@type\":\"ImageObject\",\"inLanguage\":\"en-US\",\"@id\":\"https:\\\/\\\/maximaloc.com\\\/#\\\/schema\\\/logo\\\/image\\\/\",\"url\":\"https:\\\/\\\/maximaloc.com\\\/wp-content\\\/uploads\\\/2024\\\/03\\\/logo_noir-scaled.png\",\"contentUrl\":\"https:\\\/\\\/maximaloc.com\\\/wp-content\\\/uploads\\\/2024\\\/03\\\/logo_noir-scaled.png\",\"width\":2560,\"height\":268,\"caption\":\"Maximaloc\"},\"image\":{\"@id\":\"https:\\\/\\\/maximaloc.com\\\/#\\\/schema\\\/logo\\\/image\\\/\"},\"sameAs\":[\"https:\\\/\\\/www.facebook.com\\\/Maximalocation\"]}]}<\/script>\n<!-- \/ Yoast SEO plugin. -->","yoast_head_json":{"title":"NANLITE HALO 16C - RING LIGHT RGB - Maximaloc","robots":{"index":"index","follow":"follow","max-snippet":"max-snippet:-1","max-image-preview":"max-image-preview:large","max-video-preview":"max-video-preview:-1"},"canonical":"https:\/\/maximaloc.com\/en\/product\/nanlite-halo-16c-ring-light-rgb\/","og_locale":"en_US","og_type":"article","og_title":"NANLITE HALO 16C - RING LIGHT RGB - Maximaloc","og_description":"Ring light RGB\u00a0 Taille : 40 cm de diam\u00e8tre Puissance : 28W\u00a0 T\u00b0 : RGB \/ 2700 - 6500K","og_url":"https:\/\/maximaloc.com\/en\/product\/nanlite-halo-16c-ring-light-rgb\/","og_site_name":"Maximaloc","article_publisher":"https:\/\/www.facebook.com\/Maximalocation","article_modified_time":"2026-04-13T18:18:31+00:00","og_image":[{"width":1000,"height":1000,"url":"https:\/\/maximaloc.com\/wp-content\/uploads\/2024\/04\/MODELE-PRODUIT-3.png","type":"image\/png"}],"twitter_card":"summary_large_image","twitter_misc":{"Est. reading time":"1 minute"},"schema":{"@context":"https:\/\/schema.org","@graph":[{"@type":"WebPage","@id":"https:\/\/maximaloc.com\/produit\/nanlite-halo-16c-ring-light-rgb\/","url":"https:\/\/maximaloc.com\/produit\/nanlite-halo-16c-ring-light-rgb\/","name":"NANLITE HALO 16C - RING LIGHT RGB - Maximaloc","isPartOf":{"@id":"https:\/\/maximaloc.com\/#website"},"primaryImageOfPage":{"@id":"https:\/\/maximaloc.com\/produit\/nanlite-halo-16c-ring-light-rgb\/#primaryimage"},"image":{"@id":"https:\/\/maximaloc.com\/produit\/nanlite-halo-16c-ring-light-rgb\/#primaryimage"},"thumbnailUrl":"https:\/\/maximaloc.com\/wp-content\/uploads\/2024\/04\/MODELE-PRODUIT-3.png","datePublished":"2024-04-16T14:01:49+00:00","dateModified":"2026-04-13T18:18:31+00:00","breadcrumb":{"@id":"https:\/\/maximaloc.com\/produit\/nanlite-halo-16c-ring-light-rgb\/#breadcrumb"},"inLanguage":"en-US","potentialAction":[{"@type":"ReadAction","target":["https:\/\/maximaloc.com\/produit\/nanlite-halo-16c-ring-light-rgb\/"]}]},{"@type":"ImageObject","inLanguage":"en-US","@id":"https:\/\/maximaloc.com\/produit\/nanlite-halo-16c-ring-light-rgb\/#primaryimage","url":"https:\/\/maximaloc.com\/wp-content\/uploads\/2024\/04\/MODELE-PRODUIT-3.png","contentUrl":"https:\/\/maximaloc.com\/wp-content\/uploads\/2024\/04\/MODELE-PRODUIT-3.png","width":1000,"height":1000},{"@type":"BreadcrumbList","@id":"https:\/\/maximaloc.com\/produit\/nanlite-halo-16c-ring-light-rgb\/#breadcrumb","itemListElement":[{"@type":"ListItem","position":1,"name":"Accueil","item":"https:\/\/maximaloc.com\/"},{"@type":"ListItem","position":2,"name":"BOUTIQUE","item":"https:\/\/maximaloc.com\/boutique\/"},{"@type":"ListItem","position":3,"name":"NANLITE HALO 16C &#8211; RING LIGHT RGB"}]},{"@type":"WebSite","@id":"https:\/\/maximaloc.com\/#website","url":"https:\/\/maximaloc.com\/","name":"Maximaloc","description":"","publisher":{"@id":"https:\/\/maximaloc.com\/#organization"},"potentialAction":[{"@type":"SearchAction","target":{"@type":"EntryPoint","urlTemplate":"https:\/\/maximaloc.com\/?s={search_term_string}"},"query-input":{"@type":"PropertyValueSpecification","valueRequired":true,"valueName":"search_term_string"}}],"inLanguage":"en-US"},{"@type":"Organization","@id":"https:\/\/maximaloc.com\/#organization","name":"Maximaloc","url":"https:\/\/maximaloc.com\/","logo":{"@type":"ImageObject","inLanguage":"en-US","@id":"https:\/\/maximaloc.com\/#\/schema\/logo\/image\/","url":"https:\/\/maximaloc.com\/wp-content\/uploads\/2024\/03\/logo_noir-scaled.png","contentUrl":"https:\/\/maximaloc.com\/wp-content\/uploads\/2024\/03\/logo_noir-scaled.png","width":2560,"height":268,"caption":"Maximaloc"},"image":{"@id":"https:\/\/maximaloc.com\/#\/schema\/logo\/image\/"},"sameAs":["https:\/\/www.facebook.com\/Maximalocation"]}]}},"_links":{"self":[{"href":"https:\/\/maximaloc.com\/en\/wp-json\/wp\/v2\/product\/7113","targetHints":{"allow":["GET"]}}],"collection":[{"href":"https:\/\/maximaloc.com\/en\/wp-json\/wp\/v2\/product"}],"about":[{"href":"https:\/\/maximaloc.com\/en\/wp-json\/wp\/v2\/types\/product"}],"wp:featuredmedia":[{"embeddable":true,"href":"https:\/\/maximaloc.com\/en\/wp-json\/wp\/v2\/media\/19119"}],"wp:attachment":[{"href":"https:\/\/maximaloc.com\/en\/wp-json\/wp\/v2\/media?parent=7113"}],"wp:term":[{"taxonomy":"product_cat","embeddable":true,"href":"https:\/\/maximaloc.com\/en\/wp-json\/wp\/v2\/product_cat?post=7113"},{"taxonomy":"product_tag","embeddable":true,"href":"https:\/\/maximaloc.com\/en\/wp-json\/wp\/v2\/product_tag?post=7113"}],"curies":[{"name":"wp","href":"https:\/\/api.w.org\/{rel}","templated":true}]}}