 {"id":7311,"date":"2024-04-16T16:33:44","date_gmt":"2024-04-16T14:33:44","guid":{"rendered":"https:\/\/maximaloc.com\/produit\/serie-8x-leica-r-ef\/"},"modified":"2026-03-30T16:31:57","modified_gmt":"2026-03-30T14:31:57","slug":"serie-8x-leica-r-ef","status":"publish","type":"product","link":"https:\/\/maximaloc.com\/en\/product\/serie-8x-leica-r-ef\/","title":{"rendered":"S\u00c9RIE 8x LEICA R EF"},"content":{"rendered":"<p>La S\u00c9RIE LEICA R CINEMOD est une s\u00e9rie Vintage Leica qui a \u00e9t\u00e9 modifi\u00e9 en Cinemod pour r\u00e9pondre aux besoin des tournages vid\u00e9os et cin\u00e9ma. Toutes les optiques sont en monture Canon EF avec diaphragme d\u00e9cliqu\u00e9 et pr\u00e9sentent une bague crant\u00e9e sur la bague de mise au point pour une utilisation avec follow focus.<\/p>\n<p>La course de la bague de point est assez longue, ce qui vous permet de faire le point de mani\u00e8re pr\u00e9cise. Hormis pour le 19mm, toutes les focales ont un diam\u00e8tre de filtre de 77mm et un diam\u00e8tre frontal de 80mm afin de monter facilement une matte-box en clip-on dessus.\u00a0<\/p>\n<p>\u00a0<\/p>\n<p>Ces optiques donnent un look chaleureux et vintage \u00e0 votre image. Elles sont assez douces et restituent bien les contrastes, ce qui en fait des optiques appr\u00e9ci\u00e9es pour les projets de fiction ou encore les pubs avec une esth\u00e9tique pouss\u00e9e. Comme la plupart des optiques vintages, elles sont assez sensibles au flare ce qui ajoute au c\u00f4t\u00e9 r\u00e9tro des images qu\u2019elles d\u00e9livrent.<\/p>\n<p>\u00a0<\/p>\n<p><u><strong>Points forts :\u00a0<\/strong><\/u><\/p>\n<ul>\n<li>Qualit\u00e9 optique haut de gamme avec rendu naturel et contraste pr\u00e9cis.<\/li>\n<li>Construction robuste et fiable, typique des objectifs professionnels.<\/li>\n<li>Compatibilit\u00e9 via monture EF, id\u00e9ale pour bo\u00eetiers Canon.<\/li>\n<li>Polyvalence focale, adapt\u00e9e photo et vid\u00e9o.<\/li>\n<\/ul>","protected":false},"excerpt":{"rendered":"<p>S\u00e9rie Leica R\u00a0cin\u00e9mod<\/p>\n<p>Monture : Canon EF<\/p>\n<p>Format : Full Frame<\/p>\n<p>Diam\u00e8tre de filtre : 77\u00a0mm<\/p>","protected":false},"featured_media":9424,"template":"","meta":[],"product_cat":[228],"product_tag":[277,292,240,272],"class_list":{"0":"post-7311","1":"product","2":"type-product","3":"status-publish","4":"has-post-thumbnail","6":"product_cat-canon-ef","7":"product_tag-fixe","8":"product_tag-leica","9":"product_tag-mise-au-point-manuelle","10":"product_tag-serie","12":"first","13":"instock","14":"taxable","15":"shipping-taxable","16":"purchasable","17":"product-type-rentable"},"yoast_head":"<!-- This site is optimized with the Yoast SEO plugin v24.1 - https:\/\/yoast.com\/wordpress\/plugins\/seo\/ -->\n<title>S\u00c9RIE 8x LEICA R EF - Maximaloc<\/title>\n<meta name=\"robots\" content=\"index, follow, max-snippet:-1, max-image-preview:large, max-video-preview:-1\" \/>\n<link rel=\"canonical\" href=\"https:\/\/maximaloc.com\/en\/product\/serie-8x-leica-r-ef\/\" \/>\n<meta property=\"og:locale\" content=\"en_US\" \/>\n<meta property=\"og:type\" content=\"article\" \/>\n<meta property=\"og:title\" content=\"S\u00c9RIE 8x LEICA R EF - Maximaloc\" \/>\n<meta property=\"og:description\" content=\"S\u00e9rie Leica R\u00a0cin\u00e9mod Monture : Canon EF Format : Full Frame Diam\u00e8tre de filtre : 77\u00a0mm\" \/>\n<meta property=\"og:url\" content=\"https:\/\/maximaloc.com\/en\/product\/serie-8x-leica-r-ef\/\" \/>\n<meta property=\"og:site_name\" content=\"Maximaloc\" \/>\n<meta property=\"article:publisher\" content=\"https:\/\/www.facebook.com\/Maximalocation\" \/>\n<meta property=\"article:modified_time\" content=\"2026-03-30T14:31:57+00:00\" \/>\n<meta property=\"og:image\" content=\"https:\/\/maximaloc.com\/wp-content\/uploads\/2024\/04\/1.webp\" \/>\n\t<meta property=\"og:image:width\" content=\"725\" \/>\n\t<meta property=\"og:image:height\" content=\"525\" \/>\n\t<meta property=\"og:image:type\" content=\"image\/webp\" \/>\n<meta name=\"twitter:card\" content=\"summary_large_image\" \/>\n<meta name=\"twitter:label1\" content=\"Est. reading time\" \/>\n\t<meta name=\"twitter:data1\" content=\"2 minutes\" \/>\n<script type=\"application\/ld+json\" class=\"yoast-schema-graph\">{\"@context\":\"https:\/\/schema.org\",\"@graph\":[{\"@type\":\"WebPage\",\"@id\":\"https:\/\/maximaloc.com\/produit\/serie-8x-leica-r-ef\/\",\"url\":\"https:\/\/maximaloc.com\/produit\/serie-8x-leica-r-ef\/\",\"name\":\"S\u00c9RIE 8x LEICA R EF - Maximaloc\",\"isPartOf\":{\"@id\":\"https:\/\/maximaloc.com\/#website\"},\"primaryImageOfPage\":{\"@id\":\"https:\/\/maximaloc.com\/produit\/serie-8x-leica-r-ef\/#primaryimage\"},\"image\":{\"@id\":\"https:\/\/maximaloc.com\/produit\/serie-8x-leica-r-ef\/#primaryimage\"},\"thumbnailUrl\":\"https:\/\/maximaloc.com\/wp-content\/uploads\/2024\/04\/1.webp\",\"datePublished\":\"2024-04-16T14:33:44+00:00\",\"dateModified\":\"2026-03-30T14:31:57+00:00\",\"breadcrumb\":{\"@id\":\"https:\/\/maximaloc.com\/produit\/serie-8x-leica-r-ef\/#breadcrumb\"},\"inLanguage\":\"en-US\",\"potentialAction\":[{\"@type\":\"ReadAction\",\"target\":[\"https:\/\/maximaloc.com\/produit\/serie-8x-leica-r-ef\/\"]}]},{\"@type\":\"ImageObject\",\"inLanguage\":\"en-US\",\"@id\":\"https:\/\/maximaloc.com\/produit\/serie-8x-leica-r-ef\/#primaryimage\",\"url\":\"https:\/\/maximaloc.com\/wp-content\/uploads\/2024\/04\/1.webp\",\"contentUrl\":\"https:\/\/maximaloc.com\/wp-content\/uploads\/2024\/04\/1.webp\",\"width\":725,\"height\":525,\"caption\":\"Gamme d'objectifs cin\u00e9ma S\u00c9RIE LEICA R CINEMOD en location\"},{\"@type\":\"BreadcrumbList\",\"@id\":\"https:\/\/maximaloc.com\/produit\/serie-8x-leica-r-ef\/#breadcrumb\",\"itemListElement\":[{\"@type\":\"ListItem\",\"position\":1,\"name\":\"Accueil\",\"item\":\"https:\/\/maximaloc.com\/\"},{\"@type\":\"ListItem\",\"position\":2,\"name\":\"BOUTIQUE\",\"item\":\"https:\/\/maximaloc.com\/boutique\/\"},{\"@type\":\"ListItem\",\"position\":3,\"name\":\"S\u00c9RIE 8x LEICA R EF\"}]},{\"@type\":\"WebSite\",\"@id\":\"https:\/\/maximaloc.com\/#website\",\"url\":\"https:\/\/maximaloc.com\/\",\"name\":\"Maximaloc\",\"description\":\"\",\"publisher\":{\"@id\":\"https:\/\/maximaloc.com\/#organization\"},\"potentialAction\":[{\"@type\":\"SearchAction\",\"target\":{\"@type\":\"EntryPoint\",\"urlTemplate\":\"https:\/\/maximaloc.com\/?s={search_term_string}\"},\"query-input\":{\"@type\":\"PropertyValueSpecification\",\"valueRequired\":true,\"valueName\":\"search_term_string\"}}],\"inLanguage\":\"en-US\"},{\"@type\":\"Organization\",\"@id\":\"https:\/\/maximaloc.com\/#organization\",\"name\":\"Maximaloc\",\"url\":\"https:\/\/maximaloc.com\/\",\"logo\":{\"@type\":\"ImageObject\",\"inLanguage\":\"en-US\",\"@id\":\"https:\/\/maximaloc.com\/#\/schema\/logo\/image\/\",\"url\":\"https:\/\/maximaloc.com\/wp-content\/uploads\/2024\/03\/logo_noir.png\",\"contentUrl\":\"https:\/\/maximaloc.com\/wp-content\/uploads\/2024\/03\/logo_noir.png\",\"width\":11750,\"height\":1231,\"caption\":\"Maximaloc\"},\"image\":{\"@id\":\"https:\/\/maximaloc.com\/#\/schema\/logo\/image\/\"},\"sameAs\":[\"https:\/\/www.facebook.com\/Maximalocation\"]}]}<\/script>\n<!-- \/ Yoast SEO plugin. -->","yoast_head_json":{"title":"S\u00c9RIE 8x LEICA R EF - Maximaloc","robots":{"index":"index","follow":"follow","max-snippet":"max-snippet:-1","max-image-preview":"max-image-preview:large","max-video-preview":"max-video-preview:-1"},"canonical":"https:\/\/maximaloc.com\/en\/product\/serie-8x-leica-r-ef\/","og_locale":"en_US","og_type":"article","og_title":"S\u00c9RIE 8x LEICA R EF - Maximaloc","og_description":"S\u00e9rie Leica R\u00a0cin\u00e9mod Monture : Canon EF Format : Full Frame Diam\u00e8tre de filtre : 77\u00a0mm","og_url":"https:\/\/maximaloc.com\/en\/product\/serie-8x-leica-r-ef\/","og_site_name":"Maximaloc","article_publisher":"https:\/\/www.facebook.com\/Maximalocation","article_modified_time":"2026-03-30T14:31:57+00:00","og_image":[{"width":725,"height":525,"url":"https:\/\/maximaloc.com\/wp-content\/uploads\/2024\/04\/1.webp","type":"image\/webp"}],"twitter_card":"summary_large_image","twitter_misc":{"Est. reading time":"2 minutes"},"schema":{"@context":"https:\/\/schema.org","@graph":[{"@type":"WebPage","@id":"https:\/\/maximaloc.com\/produit\/serie-8x-leica-r-ef\/","url":"https:\/\/maximaloc.com\/produit\/serie-8x-leica-r-ef\/","name":"S\u00c9RIE 8x LEICA R EF - Maximaloc","isPartOf":{"@id":"https:\/\/maximaloc.com\/#website"},"primaryImageOfPage":{"@id":"https:\/\/maximaloc.com\/produit\/serie-8x-leica-r-ef\/#primaryimage"},"image":{"@id":"https:\/\/maximaloc.com\/produit\/serie-8x-leica-r-ef\/#primaryimage"},"thumbnailUrl":"https:\/\/maximaloc.com\/wp-content\/uploads\/2024\/04\/1.webp","datePublished":"2024-04-16T14:33:44+00:00","dateModified":"2026-03-30T14:31:57+00:00","breadcrumb":{"@id":"https:\/\/maximaloc.com\/produit\/serie-8x-leica-r-ef\/#breadcrumb"},"inLanguage":"en-US","potentialAction":[{"@type":"ReadAction","target":["https:\/\/maximaloc.com\/produit\/serie-8x-leica-r-ef\/"]}]},{"@type":"ImageObject","inLanguage":"en-US","@id":"https:\/\/maximaloc.com\/produit\/serie-8x-leica-r-ef\/#primaryimage","url":"https:\/\/maximaloc.com\/wp-content\/uploads\/2024\/04\/1.webp","contentUrl":"https:\/\/maximaloc.com\/wp-content\/uploads\/2024\/04\/1.webp","width":725,"height":525,"caption":"Gamme d'objectifs cin\u00e9ma S\u00c9RIE LEICA R CINEMOD en location"},{"@type":"BreadcrumbList","@id":"https:\/\/maximaloc.com\/produit\/serie-8x-leica-r-ef\/#breadcrumb","itemListElement":[{"@type":"ListItem","position":1,"name":"Accueil","item":"https:\/\/maximaloc.com\/"},{"@type":"ListItem","position":2,"name":"BOUTIQUE","item":"https:\/\/maximaloc.com\/boutique\/"},{"@type":"ListItem","position":3,"name":"S\u00c9RIE 8x LEICA R EF"}]},{"@type":"WebSite","@id":"https:\/\/maximaloc.com\/#website","url":"https:\/\/maximaloc.com\/","name":"Maximaloc","description":"","publisher":{"@id":"https:\/\/maximaloc.com\/#organization"},"potentialAction":[{"@type":"SearchAction","target":{"@type":"EntryPoint","urlTemplate":"https:\/\/maximaloc.com\/?s={search_term_string}"},"query-input":{"@type":"PropertyValueSpecification","valueRequired":true,"valueName":"search_term_string"}}],"inLanguage":"en-US"},{"@type":"Organization","@id":"https:\/\/maximaloc.com\/#organization","name":"Maximaloc","url":"https:\/\/maximaloc.com\/","logo":{"@type":"ImageObject","inLanguage":"en-US","@id":"https:\/\/maximaloc.com\/#\/schema\/logo\/image\/","url":"https:\/\/maximaloc.com\/wp-content\/uploads\/2024\/03\/logo_noir.png","contentUrl":"https:\/\/maximaloc.com\/wp-content\/uploads\/2024\/03\/logo_noir.png","width":11750,"height":1231,"caption":"Maximaloc"},"image":{"@id":"https:\/\/maximaloc.com\/#\/schema\/logo\/image\/"},"sameAs":["https:\/\/www.facebook.com\/Maximalocation"]}]}},"_links":{"self":[{"href":"https:\/\/maximaloc.com\/en\/wp-json\/wp\/v2\/product\/7311","targetHints":{"allow":["GET"]}}],"collection":[{"href":"https:\/\/maximaloc.com\/en\/wp-json\/wp\/v2\/product"}],"about":[{"href":"https:\/\/maximaloc.com\/en\/wp-json\/wp\/v2\/types\/product"}],"wp:featuredmedia":[{"embeddable":true,"href":"https:\/\/maximaloc.com\/en\/wp-json\/wp\/v2\/media\/9424"}],"wp:attachment":[{"href":"https:\/\/maximaloc.com\/en\/wp-json\/wp\/v2\/media?parent=7311"}],"wp:term":[{"taxonomy":"product_cat","embeddable":true,"href":"https:\/\/maximaloc.com\/en\/wp-json\/wp\/v2\/product_cat?post=7311"},{"taxonomy":"product_tag","embeddable":true,"href":"https:\/\/maximaloc.com\/en\/wp-json\/wp\/v2\/product_tag?post=7311"}],"curies":[{"name":"wp","href":"https:\/\/api.w.org\/{rel}","templated":true}]}}