 {"id":7340,"date":"2024-04-16T16:34:07","date_gmt":"2024-04-16T14:34:07","guid":{"rendered":"https:\/\/maximaloc.com\/produit\/aputure-light-dome-mini-ii\/"},"modified":"2026-04-13T20:17:21","modified_gmt":"2026-04-13T18:17:21","slug":"aputure-light-dome-mini-ii","status":"publish","type":"product","link":"https:\/\/maximaloc.com\/en\/product\/aputure-light-dome-mini-ii\/","title":{"rendered":"APUTURE LIGHT DOME MINI II"},"content":{"rendered":"<p>Le Light Dome Mini II de chez Aputure est une softbox en monture Bowens con\u00e7ue pour \u00eatre utilis\u00e9e avec des sources de lumi\u00e8re continues. Il permet d\u2019obtenir une lumi\u00e8re douce et homog\u00e8ne gr\u00e2ce \u00e0 ses deux diff internes et externes qui r\u00e9partissent la lumi\u00e8re de mani\u00e8re uniforme. Cela permet d&#8217;obtenir des \u00e9clairages naturels et flatteurs pour les portraits, les interviews, <br \/>les sc\u00e8nes de produits, etc.<\/p>\n<p>\u00a0<\/p>\n<p>Le Light Dome Mini II est livr\u00e9 avec un snapgrid qui permet de rediriger la lumi\u00e8re dispers\u00e9e par la diffusion du d\u00f4me. Avec sa monture Bowens, le Light Dome Mini II est compatible avec les COB 60, 120 et 300 de chez Aputure, et m\u00eame les COB 600 en retirant la diff interne. Il dispose en plus d&#8217;un porte-g\u00e9latine pour l&#8217;ajout de gels de couleur.<\/p>","protected":false},"excerpt":{"rendered":"<p>Softbox<\/p>\n<p>Diam\u00e8tre : 55cm<\/p>\n<p>Monture Bowens<\/p>","protected":false},"featured_media":9527,"template":"","meta":[],"product_cat":[308],"product_tag":[],"class_list":{"0":"post-7340","1":"product","2":"type-product","3":"status-publish","4":"has-post-thumbnail","6":"product_cat-monture-bowen","8":"first","9":"instock","10":"taxable","11":"shipping-taxable","12":"purchasable","13":"product-type-rentable"},"yoast_head":"<!-- This site is optimized with the Yoast SEO plugin v27.4 - https:\/\/yoast.com\/product\/yoast-seo-wordpress\/ -->\n<title>APUTURE LIGHT DOME MINI II - Maximaloc<\/title>\n<meta name=\"robots\" content=\"index, follow, max-snippet:-1, max-image-preview:large, max-video-preview:-1\" \/>\n<link rel=\"canonical\" href=\"https:\/\/maximaloc.com\/en\/product\/aputure-light-dome-mini-ii\/\" \/>\n<meta property=\"og:locale\" content=\"en_US\" \/>\n<meta property=\"og:type\" content=\"article\" \/>\n<meta property=\"og:title\" content=\"APUTURE LIGHT DOME MINI II - Maximaloc\" \/>\n<meta property=\"og:description\" content=\"Softbox Diam\u00e8tre : 55cm Monture Bowens\" \/>\n<meta property=\"og:url\" content=\"https:\/\/maximaloc.com\/en\/product\/aputure-light-dome-mini-ii\/\" \/>\n<meta property=\"og:site_name\" content=\"Maximaloc\" \/>\n<meta property=\"article:publisher\" content=\"https:\/\/www.facebook.com\/Maximalocation\" \/>\n<meta property=\"article:modified_time\" content=\"2026-04-13T18:17:21+00:00\" \/>\n<meta property=\"og:image\" content=\"https:\/\/maximaloc.com\/wp-content\/uploads\/2024\/04\/1-2.webp\" \/>\n\t<meta property=\"og:image:width\" content=\"725\" \/>\n\t<meta property=\"og:image:height\" content=\"525\" \/>\n\t<meta property=\"og:image:type\" content=\"image\/webp\" \/>\n<meta name=\"twitter:card\" content=\"summary_large_image\" \/>\n<meta name=\"twitter:label1\" content=\"Est. reading time\" \/>\n\t<meta name=\"twitter:data1\" content=\"1 minute\" \/>\n<script type=\"application\/ld+json\" class=\"yoast-schema-graph\">{\"@context\":\"https:\\\/\\\/schema.org\",\"@graph\":[{\"@type\":\"WebPage\",\"@id\":\"https:\\\/\\\/maximaloc.com\\\/produit\\\/aputure-light-dome-mini-ii\\\/\",\"url\":\"https:\\\/\\\/maximaloc.com\\\/produit\\\/aputure-light-dome-mini-ii\\\/\",\"name\":\"APUTURE LIGHT DOME MINI II - Maximaloc\",\"isPartOf\":{\"@id\":\"https:\\\/\\\/maximaloc.com\\\/#website\"},\"primaryImageOfPage\":{\"@id\":\"https:\\\/\\\/maximaloc.com\\\/produit\\\/aputure-light-dome-mini-ii\\\/#primaryimage\"},\"image\":{\"@id\":\"https:\\\/\\\/maximaloc.com\\\/produit\\\/aputure-light-dome-mini-ii\\\/#primaryimage\"},\"thumbnailUrl\":\"https:\\\/\\\/maximaloc.com\\\/wp-content\\\/uploads\\\/2024\\\/04\\\/1-2.webp\",\"datePublished\":\"2024-04-16T14:34:07+00:00\",\"dateModified\":\"2026-04-13T18:17:21+00:00\",\"breadcrumb\":{\"@id\":\"https:\\\/\\\/maximaloc.com\\\/produit\\\/aputure-light-dome-mini-ii\\\/#breadcrumb\"},\"inLanguage\":\"en-US\",\"potentialAction\":[{\"@type\":\"ReadAction\",\"target\":[\"https:\\\/\\\/maximaloc.com\\\/produit\\\/aputure-light-dome-mini-ii\\\/\"]}]},{\"@type\":\"ImageObject\",\"inLanguage\":\"en-US\",\"@id\":\"https:\\\/\\\/maximaloc.com\\\/produit\\\/aputure-light-dome-mini-ii\\\/#primaryimage\",\"url\":\"https:\\\/\\\/maximaloc.com\\\/wp-content\\\/uploads\\\/2024\\\/04\\\/1-2.webp\",\"contentUrl\":\"https:\\\/\\\/maximaloc.com\\\/wp-content\\\/uploads\\\/2024\\\/04\\\/1-2.webp\",\"width\":725,\"height\":525,\"caption\":\"Aputure light D\u00f4me MKII Soft box diam\u00e9tre 55cm en monture Bowens vue de profil \u00e0 la location\"},{\"@type\":\"BreadcrumbList\",\"@id\":\"https:\\\/\\\/maximaloc.com\\\/produit\\\/aputure-light-dome-mini-ii\\\/#breadcrumb\",\"itemListElement\":[{\"@type\":\"ListItem\",\"position\":1,\"name\":\"Accueil\",\"item\":\"https:\\\/\\\/maximaloc.com\\\/\"},{\"@type\":\"ListItem\",\"position\":2,\"name\":\"BOUTIQUE\",\"item\":\"https:\\\/\\\/maximaloc.com\\\/boutique\\\/\"},{\"@type\":\"ListItem\",\"position\":3,\"name\":\"APUTURE LIGHT DOME MINI II\"}]},{\"@type\":\"WebSite\",\"@id\":\"https:\\\/\\\/maximaloc.com\\\/#website\",\"url\":\"https:\\\/\\\/maximaloc.com\\\/\",\"name\":\"Maximaloc\",\"description\":\"\",\"publisher\":{\"@id\":\"https:\\\/\\\/maximaloc.com\\\/#organization\"},\"potentialAction\":[{\"@type\":\"SearchAction\",\"target\":{\"@type\":\"EntryPoint\",\"urlTemplate\":\"https:\\\/\\\/maximaloc.com\\\/?s={search_term_string}\"},\"query-input\":{\"@type\":\"PropertyValueSpecification\",\"valueRequired\":true,\"valueName\":\"search_term_string\"}}],\"inLanguage\":\"en-US\"},{\"@type\":\"Organization\",\"@id\":\"https:\\\/\\\/maximaloc.com\\\/#organization\",\"name\":\"Maximaloc\",\"url\":\"https:\\\/\\\/maximaloc.com\\\/\",\"logo\":{\"@type\":\"ImageObject\",\"inLanguage\":\"en-US\",\"@id\":\"https:\\\/\\\/maximaloc.com\\\/#\\\/schema\\\/logo\\\/image\\\/\",\"url\":\"https:\\\/\\\/maximaloc.com\\\/wp-content\\\/uploads\\\/2024\\\/03\\\/logo_noir-scaled.png\",\"contentUrl\":\"https:\\\/\\\/maximaloc.com\\\/wp-content\\\/uploads\\\/2024\\\/03\\\/logo_noir-scaled.png\",\"width\":2560,\"height\":268,\"caption\":\"Maximaloc\"},\"image\":{\"@id\":\"https:\\\/\\\/maximaloc.com\\\/#\\\/schema\\\/logo\\\/image\\\/\"},\"sameAs\":[\"https:\\\/\\\/www.facebook.com\\\/Maximalocation\"]}]}<\/script>\n<!-- \/ Yoast SEO plugin. -->","yoast_head_json":{"title":"APUTURE LIGHT DOME MINI II - Maximaloc","robots":{"index":"index","follow":"follow","max-snippet":"max-snippet:-1","max-image-preview":"max-image-preview:large","max-video-preview":"max-video-preview:-1"},"canonical":"https:\/\/maximaloc.com\/en\/product\/aputure-light-dome-mini-ii\/","og_locale":"en_US","og_type":"article","og_title":"APUTURE LIGHT DOME MINI II - Maximaloc","og_description":"Softbox Diam\u00e8tre : 55cm Monture Bowens","og_url":"https:\/\/maximaloc.com\/en\/product\/aputure-light-dome-mini-ii\/","og_site_name":"Maximaloc","article_publisher":"https:\/\/www.facebook.com\/Maximalocation","article_modified_time":"2026-04-13T18:17:21+00:00","og_image":[{"width":725,"height":525,"url":"https:\/\/maximaloc.com\/wp-content\/uploads\/2024\/04\/1-2.webp","type":"image\/webp"}],"twitter_card":"summary_large_image","twitter_misc":{"Est. reading time":"1 minute"},"schema":{"@context":"https:\/\/schema.org","@graph":[{"@type":"WebPage","@id":"https:\/\/maximaloc.com\/produit\/aputure-light-dome-mini-ii\/","url":"https:\/\/maximaloc.com\/produit\/aputure-light-dome-mini-ii\/","name":"APUTURE LIGHT DOME MINI II - Maximaloc","isPartOf":{"@id":"https:\/\/maximaloc.com\/#website"},"primaryImageOfPage":{"@id":"https:\/\/maximaloc.com\/produit\/aputure-light-dome-mini-ii\/#primaryimage"},"image":{"@id":"https:\/\/maximaloc.com\/produit\/aputure-light-dome-mini-ii\/#primaryimage"},"thumbnailUrl":"https:\/\/maximaloc.com\/wp-content\/uploads\/2024\/04\/1-2.webp","datePublished":"2024-04-16T14:34:07+00:00","dateModified":"2026-04-13T18:17:21+00:00","breadcrumb":{"@id":"https:\/\/maximaloc.com\/produit\/aputure-light-dome-mini-ii\/#breadcrumb"},"inLanguage":"en-US","potentialAction":[{"@type":"ReadAction","target":["https:\/\/maximaloc.com\/produit\/aputure-light-dome-mini-ii\/"]}]},{"@type":"ImageObject","inLanguage":"en-US","@id":"https:\/\/maximaloc.com\/produit\/aputure-light-dome-mini-ii\/#primaryimage","url":"https:\/\/maximaloc.com\/wp-content\/uploads\/2024\/04\/1-2.webp","contentUrl":"https:\/\/maximaloc.com\/wp-content\/uploads\/2024\/04\/1-2.webp","width":725,"height":525,"caption":"Aputure light D\u00f4me MKII Soft box diam\u00e9tre 55cm en monture Bowens vue de profil \u00e0 la location"},{"@type":"BreadcrumbList","@id":"https:\/\/maximaloc.com\/produit\/aputure-light-dome-mini-ii\/#breadcrumb","itemListElement":[{"@type":"ListItem","position":1,"name":"Accueil","item":"https:\/\/maximaloc.com\/"},{"@type":"ListItem","position":2,"name":"BOUTIQUE","item":"https:\/\/maximaloc.com\/boutique\/"},{"@type":"ListItem","position":3,"name":"APUTURE LIGHT DOME MINI II"}]},{"@type":"WebSite","@id":"https:\/\/maximaloc.com\/#website","url":"https:\/\/maximaloc.com\/","name":"Maximaloc","description":"","publisher":{"@id":"https:\/\/maximaloc.com\/#organization"},"potentialAction":[{"@type":"SearchAction","target":{"@type":"EntryPoint","urlTemplate":"https:\/\/maximaloc.com\/?s={search_term_string}"},"query-input":{"@type":"PropertyValueSpecification","valueRequired":true,"valueName":"search_term_string"}}],"inLanguage":"en-US"},{"@type":"Organization","@id":"https:\/\/maximaloc.com\/#organization","name":"Maximaloc","url":"https:\/\/maximaloc.com\/","logo":{"@type":"ImageObject","inLanguage":"en-US","@id":"https:\/\/maximaloc.com\/#\/schema\/logo\/image\/","url":"https:\/\/maximaloc.com\/wp-content\/uploads\/2024\/03\/logo_noir-scaled.png","contentUrl":"https:\/\/maximaloc.com\/wp-content\/uploads\/2024\/03\/logo_noir-scaled.png","width":2560,"height":268,"caption":"Maximaloc"},"image":{"@id":"https:\/\/maximaloc.com\/#\/schema\/logo\/image\/"},"sameAs":["https:\/\/www.facebook.com\/Maximalocation"]}]}},"_links":{"self":[{"href":"https:\/\/maximaloc.com\/en\/wp-json\/wp\/v2\/product\/7340","targetHints":{"allow":["GET"]}}],"collection":[{"href":"https:\/\/maximaloc.com\/en\/wp-json\/wp\/v2\/product"}],"about":[{"href":"https:\/\/maximaloc.com\/en\/wp-json\/wp\/v2\/types\/product"}],"wp:featuredmedia":[{"embeddable":true,"href":"https:\/\/maximaloc.com\/en\/wp-json\/wp\/v2\/media\/9527"}],"wp:attachment":[{"href":"https:\/\/maximaloc.com\/en\/wp-json\/wp\/v2\/media?parent=7340"}],"wp:term":[{"taxonomy":"product_cat","embeddable":true,"href":"https:\/\/maximaloc.com\/en\/wp-json\/wp\/v2\/product_cat?post=7340"},{"taxonomy":"product_tag","embeddable":true,"href":"https:\/\/maximaloc.com\/en\/wp-json\/wp\/v2\/product_tag?post=7340"}],"curies":[{"name":"wp","href":"https:\/\/api.w.org\/{rel}","templated":true}]}}