 {"id":7361,"date":"2024-04-16T16:34:27","date_gmt":"2024-04-16T14:34:27","guid":{"rendered":"https:\/\/maximaloc.com\/produit\/serie-3x-dzo-zoom-catta-ace-pl\/"},"modified":"2026-03-30T16:18:00","modified_gmt":"2026-03-30T14:18:00","slug":"serie-3x-dzo-catta-ace-pl","status":"publish","type":"product","link":"https:\/\/maximaloc.com\/en\/product\/serie-3x-dzo-catta-ace-pl\/","title":{"rendered":"S\u00c9RIE 3x DZO CATTA ACE PL"},"content":{"rendered":"<p>Les\u00a0DZOfilm Catta Ace (disponible en monture PL ou EF) sont\u00a0des objectifs zoom cin\u00e9ma parfocal, capable de maintenir la mise au point lorsque vous effectuez un zoom avant ou arri\u00e8re en douceur. Il font\u00a0partie de la gamme Catta, reconnue pour sa reproduction pr\u00e9cise des couleurs.<\/p>\n<p>Ils disposent d\u2019une large plage d&#8217;ouverture de T2.9 \u00e0 T22, d\u2019un iris \u00e0 16 lamelles pour un bokeh doux et couvre jusqu\u2019aux capteurs pleins formats. Une bague d\u2019adaptation PL vers monture E est \u00e9galement disponible afin de l\u2019utiliser sur nos cam\u00e9ras Sony.<\/p>\n<p>Le breathing a\u00a0\u00e9t\u00e9\u00a0corrig\u00e9 afin que l&#8217;ange de prise de vue reste identique durant le\u00a0changement de mise au point.<\/p>\n<p><strong>EN SAVOIR PLUS :\u00a0<\/strong>https:\/\/www.maximaloc.com\/post\/dzo-catta-ace-zoom<\/p>","protected":false},"excerpt":{"rendered":"<p>S\u00e9rie de zoom cin\u00e9ma<\/p>\n<p>Monture :\u00a0 PL<\/p>\n<p>Format : Full Frame<\/p>\n<p>Diam\u00e8tre de filtre : 77 mm<\/p>","protected":false},"featured_media":9105,"template":"","meta":[],"product_cat":[1386],"product_tag":[197,238,240,241,242],"class_list":{"0":"post-7361","1":"product","2":"type-product","3":"status-publish","4":"has-post-thumbnail","6":"product_cat-options","7":"product_tag-full-frame-24x36","8":"product_tag-dzofilm","9":"product_tag-mise-au-point-manuelle","10":"product_tag-non-stabilise","11":"product_tag-zoom","13":"first","14":"instock","15":"featured","16":"taxable","17":"shipping-taxable","18":"purchasable","19":"product-type-rentable"},"yoast_head":"<!-- This site is optimized with the Yoast SEO plugin v24.1 - https:\/\/yoast.com\/wordpress\/plugins\/seo\/ -->\n<title>S\u00c9RIE 3x DZO CATTA ACE PL - Maximaloc<\/title>\n<meta name=\"robots\" content=\"index, follow, max-snippet:-1, max-image-preview:large, max-video-preview:-1\" \/>\n<link rel=\"canonical\" href=\"https:\/\/maximaloc.com\/en\/product\/serie-3x-dzo-catta-ace-pl\/\" \/>\n<meta property=\"og:locale\" content=\"en_US\" \/>\n<meta property=\"og:type\" content=\"article\" \/>\n<meta property=\"og:title\" content=\"S\u00c9RIE 3x DZO CATTA ACE PL - Maximaloc\" \/>\n<meta property=\"og:description\" content=\"S\u00e9rie de zoom cin\u00e9ma Monture :\u00a0 PL Format : Full Frame Diam\u00e8tre de filtre : 77 mm\" \/>\n<meta property=\"og:url\" content=\"https:\/\/maximaloc.com\/en\/product\/serie-3x-dzo-catta-ace-pl\/\" \/>\n<meta property=\"og:site_name\" content=\"Maximaloc\" \/>\n<meta property=\"article:publisher\" content=\"https:\/\/www.facebook.com\/Maximalocation\" \/>\n<meta property=\"article:modified_time\" content=\"2026-03-30T14:18:00+00:00\" \/>\n<meta property=\"og:image\" content=\"https:\/\/maximaloc.com\/wp-content\/uploads\/2024\/04\/b49820_5e2aca5c4cfd43c9a7c99e2ddfbead13mv2-1.webp\" \/>\n\t<meta property=\"og:image:width\" content=\"580\" \/>\n\t<meta property=\"og:image:height\" content=\"420\" \/>\n\t<meta property=\"og:image:type\" content=\"image\/webp\" \/>\n<meta name=\"twitter:card\" content=\"summary_large_image\" \/>\n<meta name=\"twitter:label1\" content=\"Est. reading time\" \/>\n\t<meta name=\"twitter:data1\" content=\"1 minute\" \/>\n<script type=\"application\/ld+json\" class=\"yoast-schema-graph\">{\"@context\":\"https:\/\/schema.org\",\"@graph\":[{\"@type\":\"WebPage\",\"@id\":\"https:\/\/maximaloc.com\/produit\/serie-3x-dzo-catta-ace-pl\/\",\"url\":\"https:\/\/maximaloc.com\/produit\/serie-3x-dzo-catta-ace-pl\/\",\"name\":\"S\u00c9RIE 3x DZO CATTA ACE PL - Maximaloc\",\"isPartOf\":{\"@id\":\"https:\/\/maximaloc.com\/#website\"},\"primaryImageOfPage\":{\"@id\":\"https:\/\/maximaloc.com\/produit\/serie-3x-dzo-catta-ace-pl\/#primaryimage\"},\"image\":{\"@id\":\"https:\/\/maximaloc.com\/produit\/serie-3x-dzo-catta-ace-pl\/#primaryimage\"},\"thumbnailUrl\":\"https:\/\/maximaloc.com\/wp-content\/uploads\/2024\/04\/b49820_5e2aca5c4cfd43c9a7c99e2ddfbead13mv2-1.webp\",\"datePublished\":\"2024-04-16T14:34:27+00:00\",\"dateModified\":\"2026-03-30T14:18:00+00:00\",\"breadcrumb\":{\"@id\":\"https:\/\/maximaloc.com\/produit\/serie-3x-dzo-catta-ace-pl\/#breadcrumb\"},\"inLanguage\":\"en-US\",\"potentialAction\":[{\"@type\":\"ReadAction\",\"target\":[\"https:\/\/maximaloc.com\/produit\/serie-3x-dzo-catta-ace-pl\/\"]}]},{\"@type\":\"ImageObject\",\"inLanguage\":\"en-US\",\"@id\":\"https:\/\/maximaloc.com\/produit\/serie-3x-dzo-catta-ace-pl\/#primaryimage\",\"url\":\"https:\/\/maximaloc.com\/wp-content\/uploads\/2024\/04\/b49820_5e2aca5c4cfd43c9a7c99e2ddfbead13mv2-1.webp\",\"contentUrl\":\"https:\/\/maximaloc.com\/wp-content\/uploads\/2024\/04\/b49820_5e2aca5c4cfd43c9a7c99e2ddfbead13mv2-1.webp\",\"width\":580,\"height\":420,\"caption\":\"S\u00e9rie de 3x Zoom cin\u00e9 DZOFilm Catta Ace 18-35mm T2.9, 35-80mm T2.9, 70-135mm T2.9 \u00e0 la location\"},{\"@type\":\"BreadcrumbList\",\"@id\":\"https:\/\/maximaloc.com\/produit\/serie-3x-dzo-catta-ace-pl\/#breadcrumb\",\"itemListElement\":[{\"@type\":\"ListItem\",\"position\":1,\"name\":\"Accueil\",\"item\":\"https:\/\/maximaloc.com\/\"},{\"@type\":\"ListItem\",\"position\":2,\"name\":\"BOUTIQUE\",\"item\":\"https:\/\/maximaloc.com\/boutique\/\"},{\"@type\":\"ListItem\",\"position\":3,\"name\":\"S\u00c9RIE 3x DZO CATTA ACE PL\"}]},{\"@type\":\"WebSite\",\"@id\":\"https:\/\/maximaloc.com\/#website\",\"url\":\"https:\/\/maximaloc.com\/\",\"name\":\"Maximaloc\",\"description\":\"\",\"publisher\":{\"@id\":\"https:\/\/maximaloc.com\/#organization\"},\"potentialAction\":[{\"@type\":\"SearchAction\",\"target\":{\"@type\":\"EntryPoint\",\"urlTemplate\":\"https:\/\/maximaloc.com\/?s={search_term_string}\"},\"query-input\":{\"@type\":\"PropertyValueSpecification\",\"valueRequired\":true,\"valueName\":\"search_term_string\"}}],\"inLanguage\":\"en-US\"},{\"@type\":\"Organization\",\"@id\":\"https:\/\/maximaloc.com\/#organization\",\"name\":\"Maximaloc\",\"url\":\"https:\/\/maximaloc.com\/\",\"logo\":{\"@type\":\"ImageObject\",\"inLanguage\":\"en-US\",\"@id\":\"https:\/\/maximaloc.com\/#\/schema\/logo\/image\/\",\"url\":\"https:\/\/maximaloc.com\/wp-content\/uploads\/2024\/03\/logo_noir.png\",\"contentUrl\":\"https:\/\/maximaloc.com\/wp-content\/uploads\/2024\/03\/logo_noir.png\",\"width\":11750,\"height\":1231,\"caption\":\"Maximaloc\"},\"image\":{\"@id\":\"https:\/\/maximaloc.com\/#\/schema\/logo\/image\/\"},\"sameAs\":[\"https:\/\/www.facebook.com\/Maximalocation\"]}]}<\/script>\n<!-- \/ Yoast SEO plugin. -->","yoast_head_json":{"title":"S\u00c9RIE 3x DZO CATTA ACE PL - Maximaloc","robots":{"index":"index","follow":"follow","max-snippet":"max-snippet:-1","max-image-preview":"max-image-preview:large","max-video-preview":"max-video-preview:-1"},"canonical":"https:\/\/maximaloc.com\/en\/product\/serie-3x-dzo-catta-ace-pl\/","og_locale":"en_US","og_type":"article","og_title":"S\u00c9RIE 3x DZO CATTA ACE PL - Maximaloc","og_description":"S\u00e9rie de zoom cin\u00e9ma Monture :\u00a0 PL Format : Full Frame Diam\u00e8tre de filtre : 77 mm","og_url":"https:\/\/maximaloc.com\/en\/product\/serie-3x-dzo-catta-ace-pl\/","og_site_name":"Maximaloc","article_publisher":"https:\/\/www.facebook.com\/Maximalocation","article_modified_time":"2026-03-30T14:18:00+00:00","og_image":[{"width":580,"height":420,"url":"https:\/\/maximaloc.com\/wp-content\/uploads\/2024\/04\/b49820_5e2aca5c4cfd43c9a7c99e2ddfbead13mv2-1.webp","type":"image\/webp"}],"twitter_card":"summary_large_image","twitter_misc":{"Est. reading time":"1 minute"},"schema":{"@context":"https:\/\/schema.org","@graph":[{"@type":"WebPage","@id":"https:\/\/maximaloc.com\/produit\/serie-3x-dzo-catta-ace-pl\/","url":"https:\/\/maximaloc.com\/produit\/serie-3x-dzo-catta-ace-pl\/","name":"S\u00c9RIE 3x DZO CATTA ACE PL - Maximaloc","isPartOf":{"@id":"https:\/\/maximaloc.com\/#website"},"primaryImageOfPage":{"@id":"https:\/\/maximaloc.com\/produit\/serie-3x-dzo-catta-ace-pl\/#primaryimage"},"image":{"@id":"https:\/\/maximaloc.com\/produit\/serie-3x-dzo-catta-ace-pl\/#primaryimage"},"thumbnailUrl":"https:\/\/maximaloc.com\/wp-content\/uploads\/2024\/04\/b49820_5e2aca5c4cfd43c9a7c99e2ddfbead13mv2-1.webp","datePublished":"2024-04-16T14:34:27+00:00","dateModified":"2026-03-30T14:18:00+00:00","breadcrumb":{"@id":"https:\/\/maximaloc.com\/produit\/serie-3x-dzo-catta-ace-pl\/#breadcrumb"},"inLanguage":"en-US","potentialAction":[{"@type":"ReadAction","target":["https:\/\/maximaloc.com\/produit\/serie-3x-dzo-catta-ace-pl\/"]}]},{"@type":"ImageObject","inLanguage":"en-US","@id":"https:\/\/maximaloc.com\/produit\/serie-3x-dzo-catta-ace-pl\/#primaryimage","url":"https:\/\/maximaloc.com\/wp-content\/uploads\/2024\/04\/b49820_5e2aca5c4cfd43c9a7c99e2ddfbead13mv2-1.webp","contentUrl":"https:\/\/maximaloc.com\/wp-content\/uploads\/2024\/04\/b49820_5e2aca5c4cfd43c9a7c99e2ddfbead13mv2-1.webp","width":580,"height":420,"caption":"S\u00e9rie de 3x Zoom cin\u00e9 DZOFilm Catta Ace 18-35mm T2.9, 35-80mm T2.9, 70-135mm T2.9 \u00e0 la location"},{"@type":"BreadcrumbList","@id":"https:\/\/maximaloc.com\/produit\/serie-3x-dzo-catta-ace-pl\/#breadcrumb","itemListElement":[{"@type":"ListItem","position":1,"name":"Accueil","item":"https:\/\/maximaloc.com\/"},{"@type":"ListItem","position":2,"name":"BOUTIQUE","item":"https:\/\/maximaloc.com\/boutique\/"},{"@type":"ListItem","position":3,"name":"S\u00c9RIE 3x DZO CATTA ACE PL"}]},{"@type":"WebSite","@id":"https:\/\/maximaloc.com\/#website","url":"https:\/\/maximaloc.com\/","name":"Maximaloc","description":"","publisher":{"@id":"https:\/\/maximaloc.com\/#organization"},"potentialAction":[{"@type":"SearchAction","target":{"@type":"EntryPoint","urlTemplate":"https:\/\/maximaloc.com\/?s={search_term_string}"},"query-input":{"@type":"PropertyValueSpecification","valueRequired":true,"valueName":"search_term_string"}}],"inLanguage":"en-US"},{"@type":"Organization","@id":"https:\/\/maximaloc.com\/#organization","name":"Maximaloc","url":"https:\/\/maximaloc.com\/","logo":{"@type":"ImageObject","inLanguage":"en-US","@id":"https:\/\/maximaloc.com\/#\/schema\/logo\/image\/","url":"https:\/\/maximaloc.com\/wp-content\/uploads\/2024\/03\/logo_noir.png","contentUrl":"https:\/\/maximaloc.com\/wp-content\/uploads\/2024\/03\/logo_noir.png","width":11750,"height":1231,"caption":"Maximaloc"},"image":{"@id":"https:\/\/maximaloc.com\/#\/schema\/logo\/image\/"},"sameAs":["https:\/\/www.facebook.com\/Maximalocation"]}]}},"_links":{"self":[{"href":"https:\/\/maximaloc.com\/en\/wp-json\/wp\/v2\/product\/7361","targetHints":{"allow":["GET"]}}],"collection":[{"href":"https:\/\/maximaloc.com\/en\/wp-json\/wp\/v2\/product"}],"about":[{"href":"https:\/\/maximaloc.com\/en\/wp-json\/wp\/v2\/types\/product"}],"wp:featuredmedia":[{"embeddable":true,"href":"https:\/\/maximaloc.com\/en\/wp-json\/wp\/v2\/media\/9105"}],"wp:attachment":[{"href":"https:\/\/maximaloc.com\/en\/wp-json\/wp\/v2\/media?parent=7361"}],"wp:term":[{"taxonomy":"product_cat","embeddable":true,"href":"https:\/\/maximaloc.com\/en\/wp-json\/wp\/v2\/product_cat?post=7361"},{"taxonomy":"product_tag","embeddable":true,"href":"https:\/\/maximaloc.com\/en\/wp-json\/wp\/v2\/product_tag?post=7361"}],"curies":[{"name":"wp","href":"https:\/\/api.w.org\/{rel}","templated":true}]}}