 {"id":7378,"date":"2024-04-16T16:34:36","date_gmt":"2024-04-16T14:34:36","guid":{"rendered":"https:\/\/maximaloc.com\/produit\/serie-4x-sirui-venus-ana-1-6x-e-mount\/"},"modified":"2026-04-13T20:46:23","modified_gmt":"2026-04-13T18:46:23","slug":"serie-4x-sirui-venus-ana-1-6x-e","status":"publish","type":"product","link":"https:\/\/maximaloc.com\/en\/product\/serie-4x-sirui-venus-ana-1-6x-e\/","title":{"rendered":"S\u00c9RIE 4x SIRUI VENUS ANA 1.6X E"},"content":{"rendered":"<p>Cette s\u00e9rie d\u2019objectifs anamorphiques Venus de Sirui inclut les 35, 50, 75 et 100 mm T2.9.\u00a0<\/p>\n<p>\u00a0<\/p>\n<p>Ces optiques produisent des images d\u00e9taill\u00e9es, un bokeh ovale cin\u00e9matographique ainsi que les fameux effets de stries bleues lorsqu\u2019il sont point\u00e9s vers une source de lumi\u00e8re intense.<\/p>\n<p>\u00a0<\/p>\n<p>L&#8217;adaptateur anamorphique SIRUI 1,25x permet de passer d\u2019une compression 1,6x \u00e0 2x. Une compression plus importante permet d&#8217;obtenir des caract\u00e9ristiques anamorphiques plus prononc\u00e9es.<\/p>\n<p>\u00a0<\/p>\n<p>Sa conception robuste et sa prise en main confortable en font une s\u00e9rie id\u00e9ale pour une Fx6 ou une Fx9.<\/p>\n<p><u><strong>Points forts :\u00a0<\/strong><\/u><\/p>\n<ul>\n<li>Effet anamorphique cin\u00e9 1,6\u00d7 avec compression caract\u00e9ristique.<\/li>\n<li>Bokeh ovale et stries de lumi\u00e8re typiques de style cin\u00e9ma.<\/li>\n<li>Construction robuste et maniable pour tournages pro.<\/li>\n<li>Monture Sony E full-frame adapt\u00e9e aux cam\u00e9ras FX.<\/li>\n<\/ul>","protected":false},"excerpt":{"rendered":"<p>S\u00e9rie cin\u00e9 anamorphique 1.6x<\/p>\n<p>Monture : E<\/p>\n<p>Couverture : Full Frame<\/p>\n<p>Diam\u00e8tre de filtre : 82 mm<\/p>","protected":false},"featured_media":16734,"template":"","meta":[],"product_cat":[232],"product_tag":[197,240,241,286],"class_list":{"0":"post-7378","1":"product","2":"type-product","3":"status-publish","4":"has-post-thumbnail","6":"product_cat-sony-e","7":"product_tag-full-frame-24x36","8":"product_tag-mise-au-point-manuelle","9":"product_tag-non-stabilise","10":"product_tag-sirui","12":"first","13":"instock","14":"featured","15":"taxable","16":"shipping-taxable","17":"purchasable","18":"product-type-rentable"},"yoast_head":"<!-- This site is optimized with the Yoast SEO plugin v27.4 - https:\/\/yoast.com\/product\/yoast-seo-wordpress\/ -->\n<title>SIRUI VENUS 1.6X Objectifs - Maximaloc<\/title>\n<meta name=\"description\" content=\"Les objectifs Sirui Venus 1.6x offrent une compression jusqu\u2019\u00e0 2x, un bokeh ovale, des stries bleues et sont parfaits pour FX6\/FX9.\" \/>\n<meta name=\"robots\" content=\"index, follow, max-snippet:-1, max-image-preview:large, max-video-preview:-1\" \/>\n<link rel=\"canonical\" href=\"https:\/\/maximaloc.com\/en\/product\/serie-4x-sirui-venus-ana-1-6x-e\/\" \/>\n<meta property=\"og:locale\" content=\"en_US\" \/>\n<meta property=\"og:type\" content=\"article\" \/>\n<meta property=\"og:title\" content=\"SIRUI VENUS 1.6X Objectifs - Maximaloc\" \/>\n<meta property=\"og:description\" content=\"Les objectifs Sirui Venus 1.6x offrent une compression jusqu\u2019\u00e0 2x, un bokeh ovale, des stries bleues et sont parfaits pour FX6\/FX9.\" \/>\n<meta property=\"og:url\" content=\"https:\/\/maximaloc.com\/en\/product\/serie-4x-sirui-venus-ana-1-6x-e\/\" \/>\n<meta property=\"og:site_name\" content=\"Maximaloc\" \/>\n<meta property=\"article:publisher\" content=\"https:\/\/www.facebook.com\/Maximalocation\" \/>\n<meta property=\"article:modified_time\" content=\"2026-04-13T18:46:23+00:00\" \/>\n<meta property=\"og:image\" content=\"https:\/\/maximaloc.com\/wp-content\/uploads\/2024\/04\/SIRUI-VENUS-ANAMORPHIQUE-SERIE-scaled.jpeg\" \/>\n\t<meta property=\"og:image:width\" content=\"2560\" \/>\n\t<meta property=\"og:image:height\" content=\"1994\" \/>\n\t<meta property=\"og:image:type\" content=\"image\/jpeg\" \/>\n<meta name=\"twitter:card\" content=\"summary_large_image\" \/>\n<meta name=\"twitter:label1\" content=\"Est. reading time\" \/>\n\t<meta name=\"twitter:data1\" content=\"1 minute\" \/>\n<script type=\"application\/ld+json\" class=\"yoast-schema-graph\">{\"@context\":\"https:\\\/\\\/schema.org\",\"@graph\":[{\"@type\":\"WebPage\",\"@id\":\"https:\\\/\\\/maximaloc.com\\\/produit\\\/serie-4x-sirui-venus-ana-1-6x-e\\\/\",\"url\":\"https:\\\/\\\/maximaloc.com\\\/produit\\\/serie-4x-sirui-venus-ana-1-6x-e\\\/\",\"name\":\"SIRUI VENUS 1.6X Objectifs - Maximaloc\",\"isPartOf\":{\"@id\":\"https:\\\/\\\/maximaloc.com\\\/#website\"},\"primaryImageOfPage\":{\"@id\":\"https:\\\/\\\/maximaloc.com\\\/produit\\\/serie-4x-sirui-venus-ana-1-6x-e\\\/#primaryimage\"},\"image\":{\"@id\":\"https:\\\/\\\/maximaloc.com\\\/produit\\\/serie-4x-sirui-venus-ana-1-6x-e\\\/#primaryimage\"},\"thumbnailUrl\":\"https:\\\/\\\/maximaloc.com\\\/wp-content\\\/uploads\\\/2024\\\/04\\\/SIRUI-VENUS-ANAMORPHIQUE-SERIE-scaled.jpeg\",\"datePublished\":\"2024-04-16T14:34:36+00:00\",\"dateModified\":\"2026-04-13T18:46:23+00:00\",\"description\":\"Les objectifs Sirui Venus 1.6x offrent une compression jusqu\u2019\u00e0 2x, un bokeh ovale, des stries bleues et sont parfaits pour FX6\\\/FX9.\",\"breadcrumb\":{\"@id\":\"https:\\\/\\\/maximaloc.com\\\/produit\\\/serie-4x-sirui-venus-ana-1-6x-e\\\/#breadcrumb\"},\"inLanguage\":\"en-US\",\"potentialAction\":[{\"@type\":\"ReadAction\",\"target\":[\"https:\\\/\\\/maximaloc.com\\\/produit\\\/serie-4x-sirui-venus-ana-1-6x-e\\\/\"]}]},{\"@type\":\"ImageObject\",\"inLanguage\":\"en-US\",\"@id\":\"https:\\\/\\\/maximaloc.com\\\/produit\\\/serie-4x-sirui-venus-ana-1-6x-e\\\/#primaryimage\",\"url\":\"https:\\\/\\\/maximaloc.com\\\/wp-content\\\/uploads\\\/2024\\\/04\\\/SIRUI-VENUS-ANAMORPHIQUE-SERIE-scaled.jpeg\",\"contentUrl\":\"https:\\\/\\\/maximaloc.com\\\/wp-content\\\/uploads\\\/2024\\\/04\\\/SIRUI-VENUS-ANAMORPHIQUE-SERIE-scaled.jpeg\",\"width\":2560,\"height\":1994,\"caption\":\"S\u00e9rie 4x Objectifs Sirui Venus Anamorphiques 1,6x Monture Sony E avec Bague x2 \u00e0 la location\"},{\"@type\":\"BreadcrumbList\",\"@id\":\"https:\\\/\\\/maximaloc.com\\\/produit\\\/serie-4x-sirui-venus-ana-1-6x-e\\\/#breadcrumb\",\"itemListElement\":[{\"@type\":\"ListItem\",\"position\":1,\"name\":\"Accueil\",\"item\":\"https:\\\/\\\/maximaloc.com\\\/\"},{\"@type\":\"ListItem\",\"position\":2,\"name\":\"BOUTIQUE\",\"item\":\"https:\\\/\\\/maximaloc.com\\\/boutique\\\/\"},{\"@type\":\"ListItem\",\"position\":3,\"name\":\"S\u00c9RIE 4x SIRUI VENUS ANA 1.6X E\"}]},{\"@type\":\"WebSite\",\"@id\":\"https:\\\/\\\/maximaloc.com\\\/#website\",\"url\":\"https:\\\/\\\/maximaloc.com\\\/\",\"name\":\"Maximaloc\",\"description\":\"\",\"publisher\":{\"@id\":\"https:\\\/\\\/maximaloc.com\\\/#organization\"},\"potentialAction\":[{\"@type\":\"SearchAction\",\"target\":{\"@type\":\"EntryPoint\",\"urlTemplate\":\"https:\\\/\\\/maximaloc.com\\\/?s={search_term_string}\"},\"query-input\":{\"@type\":\"PropertyValueSpecification\",\"valueRequired\":true,\"valueName\":\"search_term_string\"}}],\"inLanguage\":\"en-US\"},{\"@type\":\"Organization\",\"@id\":\"https:\\\/\\\/maximaloc.com\\\/#organization\",\"name\":\"Maximaloc\",\"url\":\"https:\\\/\\\/maximaloc.com\\\/\",\"logo\":{\"@type\":\"ImageObject\",\"inLanguage\":\"en-US\",\"@id\":\"https:\\\/\\\/maximaloc.com\\\/#\\\/schema\\\/logo\\\/image\\\/\",\"url\":\"https:\\\/\\\/maximaloc.com\\\/wp-content\\\/uploads\\\/2024\\\/03\\\/logo_noir-scaled.png\",\"contentUrl\":\"https:\\\/\\\/maximaloc.com\\\/wp-content\\\/uploads\\\/2024\\\/03\\\/logo_noir-scaled.png\",\"width\":2560,\"height\":268,\"caption\":\"Maximaloc\"},\"image\":{\"@id\":\"https:\\\/\\\/maximaloc.com\\\/#\\\/schema\\\/logo\\\/image\\\/\"},\"sameAs\":[\"https:\\\/\\\/www.facebook.com\\\/Maximalocation\"]}]}<\/script>\n<!-- \/ Yoast SEO plugin. -->","yoast_head_json":{"title":"SIRUI VENUS 1.6X Objectifs - Maximaloc","description":"Les objectifs Sirui Venus 1.6x offrent une compression jusqu\u2019\u00e0 2x, un bokeh ovale, des stries bleues et sont parfaits pour FX6\/FX9.","robots":{"index":"index","follow":"follow","max-snippet":"max-snippet:-1","max-image-preview":"max-image-preview:large","max-video-preview":"max-video-preview:-1"},"canonical":"https:\/\/maximaloc.com\/en\/product\/serie-4x-sirui-venus-ana-1-6x-e\/","og_locale":"en_US","og_type":"article","og_title":"SIRUI VENUS 1.6X Objectifs - Maximaloc","og_description":"Les objectifs Sirui Venus 1.6x offrent une compression jusqu\u2019\u00e0 2x, un bokeh ovale, des stries bleues et sont parfaits pour FX6\/FX9.","og_url":"https:\/\/maximaloc.com\/en\/product\/serie-4x-sirui-venus-ana-1-6x-e\/","og_site_name":"Maximaloc","article_publisher":"https:\/\/www.facebook.com\/Maximalocation","article_modified_time":"2026-04-13T18:46:23+00:00","og_image":[{"width":2560,"height":1994,"url":"https:\/\/maximaloc.com\/wp-content\/uploads\/2024\/04\/SIRUI-VENUS-ANAMORPHIQUE-SERIE-scaled.jpeg","type":"image\/jpeg"}],"twitter_card":"summary_large_image","twitter_misc":{"Est. reading time":"1 minute"},"schema":{"@context":"https:\/\/schema.org","@graph":[{"@type":"WebPage","@id":"https:\/\/maximaloc.com\/produit\/serie-4x-sirui-venus-ana-1-6x-e\/","url":"https:\/\/maximaloc.com\/produit\/serie-4x-sirui-venus-ana-1-6x-e\/","name":"SIRUI VENUS 1.6X Objectifs - Maximaloc","isPartOf":{"@id":"https:\/\/maximaloc.com\/#website"},"primaryImageOfPage":{"@id":"https:\/\/maximaloc.com\/produit\/serie-4x-sirui-venus-ana-1-6x-e\/#primaryimage"},"image":{"@id":"https:\/\/maximaloc.com\/produit\/serie-4x-sirui-venus-ana-1-6x-e\/#primaryimage"},"thumbnailUrl":"https:\/\/maximaloc.com\/wp-content\/uploads\/2024\/04\/SIRUI-VENUS-ANAMORPHIQUE-SERIE-scaled.jpeg","datePublished":"2024-04-16T14:34:36+00:00","dateModified":"2026-04-13T18:46:23+00:00","description":"Les objectifs Sirui Venus 1.6x offrent une compression jusqu\u2019\u00e0 2x, un bokeh ovale, des stries bleues et sont parfaits pour FX6\/FX9.","breadcrumb":{"@id":"https:\/\/maximaloc.com\/produit\/serie-4x-sirui-venus-ana-1-6x-e\/#breadcrumb"},"inLanguage":"en-US","potentialAction":[{"@type":"ReadAction","target":["https:\/\/maximaloc.com\/produit\/serie-4x-sirui-venus-ana-1-6x-e\/"]}]},{"@type":"ImageObject","inLanguage":"en-US","@id":"https:\/\/maximaloc.com\/produit\/serie-4x-sirui-venus-ana-1-6x-e\/#primaryimage","url":"https:\/\/maximaloc.com\/wp-content\/uploads\/2024\/04\/SIRUI-VENUS-ANAMORPHIQUE-SERIE-scaled.jpeg","contentUrl":"https:\/\/maximaloc.com\/wp-content\/uploads\/2024\/04\/SIRUI-VENUS-ANAMORPHIQUE-SERIE-scaled.jpeg","width":2560,"height":1994,"caption":"S\u00e9rie 4x Objectifs Sirui Venus Anamorphiques 1,6x Monture Sony E avec Bague x2 \u00e0 la location"},{"@type":"BreadcrumbList","@id":"https:\/\/maximaloc.com\/produit\/serie-4x-sirui-venus-ana-1-6x-e\/#breadcrumb","itemListElement":[{"@type":"ListItem","position":1,"name":"Accueil","item":"https:\/\/maximaloc.com\/"},{"@type":"ListItem","position":2,"name":"BOUTIQUE","item":"https:\/\/maximaloc.com\/boutique\/"},{"@type":"ListItem","position":3,"name":"S\u00c9RIE 4x SIRUI VENUS ANA 1.6X E"}]},{"@type":"WebSite","@id":"https:\/\/maximaloc.com\/#website","url":"https:\/\/maximaloc.com\/","name":"Maximaloc","description":"","publisher":{"@id":"https:\/\/maximaloc.com\/#organization"},"potentialAction":[{"@type":"SearchAction","target":{"@type":"EntryPoint","urlTemplate":"https:\/\/maximaloc.com\/?s={search_term_string}"},"query-input":{"@type":"PropertyValueSpecification","valueRequired":true,"valueName":"search_term_string"}}],"inLanguage":"en-US"},{"@type":"Organization","@id":"https:\/\/maximaloc.com\/#organization","name":"Maximaloc","url":"https:\/\/maximaloc.com\/","logo":{"@type":"ImageObject","inLanguage":"en-US","@id":"https:\/\/maximaloc.com\/#\/schema\/logo\/image\/","url":"https:\/\/maximaloc.com\/wp-content\/uploads\/2024\/03\/logo_noir-scaled.png","contentUrl":"https:\/\/maximaloc.com\/wp-content\/uploads\/2024\/03\/logo_noir-scaled.png","width":2560,"height":268,"caption":"Maximaloc"},"image":{"@id":"https:\/\/maximaloc.com\/#\/schema\/logo\/image\/"},"sameAs":["https:\/\/www.facebook.com\/Maximalocation"]}]}},"_links":{"self":[{"href":"https:\/\/maximaloc.com\/en\/wp-json\/wp\/v2\/product\/7378","targetHints":{"allow":["GET"]}}],"collection":[{"href":"https:\/\/maximaloc.com\/en\/wp-json\/wp\/v2\/product"}],"about":[{"href":"https:\/\/maximaloc.com\/en\/wp-json\/wp\/v2\/types\/product"}],"wp:featuredmedia":[{"embeddable":true,"href":"https:\/\/maximaloc.com\/en\/wp-json\/wp\/v2\/media\/16734"}],"wp:attachment":[{"href":"https:\/\/maximaloc.com\/en\/wp-json\/wp\/v2\/media?parent=7378"}],"wp:term":[{"taxonomy":"product_cat","embeddable":true,"href":"https:\/\/maximaloc.com\/en\/wp-json\/wp\/v2\/product_cat?post=7378"},{"taxonomy":"product_tag","embeddable":true,"href":"https:\/\/maximaloc.com\/en\/wp-json\/wp\/v2\/product_tag?post=7378"}],"curies":[{"name":"wp","href":"https:\/\/api.w.org\/{rel}","templated":true}]}}