 {"id":7383,"date":"2024-04-16T16:34:40","date_gmt":"2024-04-16T14:34:40","guid":{"rendered":"https:\/\/maximaloc.com\/produit\/serie-sigma-art-e-6x-optiques\/"},"modified":"2026-03-30T16:18:05","modified_gmt":"2026-03-30T14:18:05","slug":"serie-sigma-art-e-6x-optiques","status":"publish","type":"product","link":"https:\/\/maximaloc.com\/en\/product\/serie-sigma-art-e-6x-optiques\/","title":{"rendered":"S\u00c9RIE SIGMA-ART E 6x OPTIQUES"},"content":{"rendered":"<p>La s\u00e9rie Sigma Art fixe F1.4 est une gamme d&#8217;objectifs autofocus haut de gamme con\u00e7us pour les photographes \/ vid\u00e9astes professionnels et les amateurs \u00e9clair\u00e9s.<\/p>\n<p>\u00a0<\/p>\n<p>Cette s\u00e9rie comprend six objectifs :<\/p>\n<ul>\n<li>14mm F1.4<\/li>\n<li>24mm F1.4<\/li>\n<li>35mm F1.4<\/li>\n<li>50mm F1.4<\/li>\n<li>85mm F1.4\u00a0<\/li>\n<li>105mm Macro F2.8<br \/>\u00a0<\/li>\n<\/ul>\n<p>Ces objectifs sont con\u00e7us pour offrir une qualit\u00e9 d&#8217;image professionnelle, avec une nettet\u00e9 et une r\u00e9solution impressionnantes. La s\u00e9rie Sigma Art fixe est \u00e9galement dot\u00e9e de lentilles en verre de haute qualit\u00e9, d&#8217;un traitement multicouche pour minimiser les reflets et les images fant\u00f4mes et d&#8217;un diaphragme \u00e0 9 lames pour un bokeh doux et naturel. Leur construction est solide et robuste, avec des bagues de mise au point et de diaphragme fluides et pr\u00e9cises dans\u00a0un bo\u00eetier en m\u00e9tal durable.\u00a0<\/p>\n<p>\u00a0<\/p>\n<p>La grande nouveaut\u00e9 de la s\u00e9rie Sigma Art fixe DG DN est sa bague de diaphragme qui peut \u00eatre control\u00e9e\u00a0manuellement (mode cliqu\u00e9 ou fluide) ou \u00e9lectroniquement via le boitier. La possibilit\u00e9 de faire varier le diaphragme de mani\u00e8re continue\u00a0permet un contr\u00f4le plus pr\u00e9cis de l&#8217;ouverture et \u00e9vite les sauts de luminosit\u00e9s qui se manifeste \u00e0 chaque changement de diaphragme en mode cliqu\u00e9.<\/p>\n<p>\u00a0<\/p>\n<p>Points Forts :<\/p>\n<ul>\n<li>Qualit\u00e9 optique<\/li>\n<li>Ouverture constante de F1.4 (sauf le Macro en F2.8)<\/li>\n<li>Autofocus rapide et silencieux<\/li>\n<li>Bague de diaph manuelle (cliqu\u00e9e et d\u00e9cliqu\u00e9e) et \u00e9lectronique<\/li>\n<li>Poids et faible encombrement<\/li>\n<\/ul>","protected":false},"excerpt":{"rendered":"<p>S\u00e9rie Sigma Art DG DN &#8211; E<\/p>\n<p>Monture : E<\/p>\n<p>Format: Full Frame<\/p>\n<p>Diam\u00e8tre de filtre\u00a0: de 62 \u00e0 77 mm<\/p>","protected":false},"featured_media":9459,"template":"","meta":[],"product_cat":[1386],"product_tag":[273,277,272,279],"class_list":{"0":"post-7383","1":"product","2":"type-product","3":"status-publish","4":"has-post-thumbnail","6":"product_cat-options","7":"product_tag-autofocus","8":"product_tag-fixe","9":"product_tag-serie","10":"product_tag-sigma","12":"first","13":"instock","14":"taxable","15":"shipping-taxable","16":"purchasable","17":"product-type-rentable"},"yoast_head":"<!-- This site is optimized with the Yoast SEO plugin v24.1 - https:\/\/yoast.com\/wordpress\/plugins\/seo\/ -->\n<title>S\u00c9RIE SIGMA-ART E 6x OPTIQUES - Maximaloc<\/title>\n<meta name=\"robots\" content=\"index, follow, max-snippet:-1, max-image-preview:large, max-video-preview:-1\" \/>\n<link rel=\"canonical\" href=\"https:\/\/maximaloc.com\/en\/product\/serie-sigma-art-e-6x-optiques\/\" \/>\n<meta property=\"og:locale\" content=\"en_US\" \/>\n<meta property=\"og:type\" content=\"article\" \/>\n<meta property=\"og:title\" content=\"S\u00c9RIE SIGMA-ART E 6x OPTIQUES - Maximaloc\" \/>\n<meta property=\"og:description\" content=\"S\u00e9rie Sigma Art DG DN - E Monture : E Format: Full Frame Diam\u00e8tre de filtre\u00a0: de 62 \u00e0 77 mm\" \/>\n<meta property=\"og:url\" content=\"https:\/\/maximaloc.com\/en\/product\/serie-sigma-art-e-6x-optiques\/\" \/>\n<meta property=\"og:site_name\" content=\"Maximaloc\" \/>\n<meta property=\"article:publisher\" content=\"https:\/\/www.facebook.com\/Maximalocation\" \/>\n<meta property=\"article:modified_time\" content=\"2026-03-30T14:18:05+00:00\" \/>\n<meta property=\"og:image\" content=\"https:\/\/maximaloc.com\/wp-content\/uploads\/2024\/04\/1-1.webp\" \/>\n\t<meta property=\"og:image:width\" content=\"725\" \/>\n\t<meta property=\"og:image:height\" content=\"525\" \/>\n\t<meta property=\"og:image:type\" content=\"image\/webp\" \/>\n<meta name=\"twitter:card\" content=\"summary_large_image\" \/>\n<meta name=\"twitter:label1\" content=\"Est. reading time\" \/>\n\t<meta name=\"twitter:data1\" content=\"1 minute\" \/>\n<script type=\"application\/ld+json\" class=\"yoast-schema-graph\">{\"@context\":\"https:\/\/schema.org\",\"@graph\":[{\"@type\":\"WebPage\",\"@id\":\"https:\/\/maximaloc.com\/produit\/serie-sigma-art-e-6x-optiques\/\",\"url\":\"https:\/\/maximaloc.com\/produit\/serie-sigma-art-e-6x-optiques\/\",\"name\":\"S\u00c9RIE SIGMA-ART E 6x OPTIQUES - Maximaloc\",\"isPartOf\":{\"@id\":\"https:\/\/maximaloc.com\/#website\"},\"primaryImageOfPage\":{\"@id\":\"https:\/\/maximaloc.com\/produit\/serie-sigma-art-e-6x-optiques\/#primaryimage\"},\"image\":{\"@id\":\"https:\/\/maximaloc.com\/produit\/serie-sigma-art-e-6x-optiques\/#primaryimage\"},\"thumbnailUrl\":\"https:\/\/maximaloc.com\/wp-content\/uploads\/2024\/04\/1-1.webp\",\"datePublished\":\"2024-04-16T14:34:40+00:00\",\"dateModified\":\"2026-03-30T14:18:05+00:00\",\"breadcrumb\":{\"@id\":\"https:\/\/maximaloc.com\/produit\/serie-sigma-art-e-6x-optiques\/#breadcrumb\"},\"inLanguage\":\"en-US\",\"potentialAction\":[{\"@type\":\"ReadAction\",\"target\":[\"https:\/\/maximaloc.com\/produit\/serie-sigma-art-e-6x-optiques\/\"]}]},{\"@type\":\"ImageObject\",\"inLanguage\":\"en-US\",\"@id\":\"https:\/\/maximaloc.com\/produit\/serie-sigma-art-e-6x-optiques\/#primaryimage\",\"url\":\"https:\/\/maximaloc.com\/wp-content\/uploads\/2024\/04\/1-1.webp\",\"contentUrl\":\"https:\/\/maximaloc.com\/wp-content\/uploads\/2024\/04\/1-1.webp\",\"width\":725,\"height\":525,\"caption\":\"S\u00e9rie de 5 objectifs Photo Autofocus Sigma Art DG DN E \u00e0 la location\"},{\"@type\":\"BreadcrumbList\",\"@id\":\"https:\/\/maximaloc.com\/produit\/serie-sigma-art-e-6x-optiques\/#breadcrumb\",\"itemListElement\":[{\"@type\":\"ListItem\",\"position\":1,\"name\":\"Accueil\",\"item\":\"https:\/\/maximaloc.com\/\"},{\"@type\":\"ListItem\",\"position\":2,\"name\":\"BOUTIQUE\",\"item\":\"https:\/\/maximaloc.com\/boutique\/\"},{\"@type\":\"ListItem\",\"position\":3,\"name\":\"S\u00c9RIE SIGMA-ART E 6x OPTIQUES\"}]},{\"@type\":\"WebSite\",\"@id\":\"https:\/\/maximaloc.com\/#website\",\"url\":\"https:\/\/maximaloc.com\/\",\"name\":\"Maximaloc\",\"description\":\"\",\"publisher\":{\"@id\":\"https:\/\/maximaloc.com\/#organization\"},\"potentialAction\":[{\"@type\":\"SearchAction\",\"target\":{\"@type\":\"EntryPoint\",\"urlTemplate\":\"https:\/\/maximaloc.com\/?s={search_term_string}\"},\"query-input\":{\"@type\":\"PropertyValueSpecification\",\"valueRequired\":true,\"valueName\":\"search_term_string\"}}],\"inLanguage\":\"en-US\"},{\"@type\":\"Organization\",\"@id\":\"https:\/\/maximaloc.com\/#organization\",\"name\":\"Maximaloc\",\"url\":\"https:\/\/maximaloc.com\/\",\"logo\":{\"@type\":\"ImageObject\",\"inLanguage\":\"en-US\",\"@id\":\"https:\/\/maximaloc.com\/#\/schema\/logo\/image\/\",\"url\":\"https:\/\/maximaloc.com\/wp-content\/uploads\/2024\/03\/logo_noir.png\",\"contentUrl\":\"https:\/\/maximaloc.com\/wp-content\/uploads\/2024\/03\/logo_noir.png\",\"width\":11750,\"height\":1231,\"caption\":\"Maximaloc\"},\"image\":{\"@id\":\"https:\/\/maximaloc.com\/#\/schema\/logo\/image\/\"},\"sameAs\":[\"https:\/\/www.facebook.com\/Maximalocation\"]}]}<\/script>\n<!-- \/ Yoast SEO plugin. -->","yoast_head_json":{"title":"S\u00c9RIE SIGMA-ART E 6x OPTIQUES - Maximaloc","robots":{"index":"index","follow":"follow","max-snippet":"max-snippet:-1","max-image-preview":"max-image-preview:large","max-video-preview":"max-video-preview:-1"},"canonical":"https:\/\/maximaloc.com\/en\/product\/serie-sigma-art-e-6x-optiques\/","og_locale":"en_US","og_type":"article","og_title":"S\u00c9RIE SIGMA-ART E 6x OPTIQUES - Maximaloc","og_description":"S\u00e9rie Sigma Art DG DN - E Monture : E Format: Full Frame Diam\u00e8tre de filtre\u00a0: de 62 \u00e0 77 mm","og_url":"https:\/\/maximaloc.com\/en\/product\/serie-sigma-art-e-6x-optiques\/","og_site_name":"Maximaloc","article_publisher":"https:\/\/www.facebook.com\/Maximalocation","article_modified_time":"2026-03-30T14:18:05+00:00","og_image":[{"width":725,"height":525,"url":"https:\/\/maximaloc.com\/wp-content\/uploads\/2024\/04\/1-1.webp","type":"image\/webp"}],"twitter_card":"summary_large_image","twitter_misc":{"Est. reading time":"1 minute"},"schema":{"@context":"https:\/\/schema.org","@graph":[{"@type":"WebPage","@id":"https:\/\/maximaloc.com\/produit\/serie-sigma-art-e-6x-optiques\/","url":"https:\/\/maximaloc.com\/produit\/serie-sigma-art-e-6x-optiques\/","name":"S\u00c9RIE SIGMA-ART E 6x OPTIQUES - Maximaloc","isPartOf":{"@id":"https:\/\/maximaloc.com\/#website"},"primaryImageOfPage":{"@id":"https:\/\/maximaloc.com\/produit\/serie-sigma-art-e-6x-optiques\/#primaryimage"},"image":{"@id":"https:\/\/maximaloc.com\/produit\/serie-sigma-art-e-6x-optiques\/#primaryimage"},"thumbnailUrl":"https:\/\/maximaloc.com\/wp-content\/uploads\/2024\/04\/1-1.webp","datePublished":"2024-04-16T14:34:40+00:00","dateModified":"2026-03-30T14:18:05+00:00","breadcrumb":{"@id":"https:\/\/maximaloc.com\/produit\/serie-sigma-art-e-6x-optiques\/#breadcrumb"},"inLanguage":"en-US","potentialAction":[{"@type":"ReadAction","target":["https:\/\/maximaloc.com\/produit\/serie-sigma-art-e-6x-optiques\/"]}]},{"@type":"ImageObject","inLanguage":"en-US","@id":"https:\/\/maximaloc.com\/produit\/serie-sigma-art-e-6x-optiques\/#primaryimage","url":"https:\/\/maximaloc.com\/wp-content\/uploads\/2024\/04\/1-1.webp","contentUrl":"https:\/\/maximaloc.com\/wp-content\/uploads\/2024\/04\/1-1.webp","width":725,"height":525,"caption":"S\u00e9rie de 5 objectifs Photo Autofocus Sigma Art DG DN E \u00e0 la location"},{"@type":"BreadcrumbList","@id":"https:\/\/maximaloc.com\/produit\/serie-sigma-art-e-6x-optiques\/#breadcrumb","itemListElement":[{"@type":"ListItem","position":1,"name":"Accueil","item":"https:\/\/maximaloc.com\/"},{"@type":"ListItem","position":2,"name":"BOUTIQUE","item":"https:\/\/maximaloc.com\/boutique\/"},{"@type":"ListItem","position":3,"name":"S\u00c9RIE SIGMA-ART E 6x OPTIQUES"}]},{"@type":"WebSite","@id":"https:\/\/maximaloc.com\/#website","url":"https:\/\/maximaloc.com\/","name":"Maximaloc","description":"","publisher":{"@id":"https:\/\/maximaloc.com\/#organization"},"potentialAction":[{"@type":"SearchAction","target":{"@type":"EntryPoint","urlTemplate":"https:\/\/maximaloc.com\/?s={search_term_string}"},"query-input":{"@type":"PropertyValueSpecification","valueRequired":true,"valueName":"search_term_string"}}],"inLanguage":"en-US"},{"@type":"Organization","@id":"https:\/\/maximaloc.com\/#organization","name":"Maximaloc","url":"https:\/\/maximaloc.com\/","logo":{"@type":"ImageObject","inLanguage":"en-US","@id":"https:\/\/maximaloc.com\/#\/schema\/logo\/image\/","url":"https:\/\/maximaloc.com\/wp-content\/uploads\/2024\/03\/logo_noir.png","contentUrl":"https:\/\/maximaloc.com\/wp-content\/uploads\/2024\/03\/logo_noir.png","width":11750,"height":1231,"caption":"Maximaloc"},"image":{"@id":"https:\/\/maximaloc.com\/#\/schema\/logo\/image\/"},"sameAs":["https:\/\/www.facebook.com\/Maximalocation"]}]}},"_links":{"self":[{"href":"https:\/\/maximaloc.com\/en\/wp-json\/wp\/v2\/product\/7383","targetHints":{"allow":["GET"]}}],"collection":[{"href":"https:\/\/maximaloc.com\/en\/wp-json\/wp\/v2\/product"}],"about":[{"href":"https:\/\/maximaloc.com\/en\/wp-json\/wp\/v2\/types\/product"}],"wp:featuredmedia":[{"embeddable":true,"href":"https:\/\/maximaloc.com\/en\/wp-json\/wp\/v2\/media\/9459"}],"wp:attachment":[{"href":"https:\/\/maximaloc.com\/en\/wp-json\/wp\/v2\/media?parent=7383"}],"wp:term":[{"taxonomy":"product_cat","embeddable":true,"href":"https:\/\/maximaloc.com\/en\/wp-json\/wp\/v2\/product_cat?post=7383"},{"taxonomy":"product_tag","embeddable":true,"href":"https:\/\/maximaloc.com\/en\/wp-json\/wp\/v2\/product_tag?post=7383"}],"curies":[{"name":"wp","href":"https:\/\/api.w.org\/{rel}","templated":true}]}}