 {"id":7423,"date":"2024-04-16T16:50:37","date_gmt":"2024-04-16T14:50:37","guid":{"rendered":"https:\/\/maximaloc.com\/produit\/kit-forza-60c\/"},"modified":"2026-04-28T15:53:02","modified_gmt":"2026-04-28T13:53:02","slug":"nanlite-forza-60c-rgb","status":"publish","type":"product","link":"https:\/\/maximaloc.com\/en\/product\/nanlite-forza-60c-rgb\/","title":{"rendered":"NANLITE FORZA 60C RGB"},"content":{"rendered":"<p>Le Nanlite Forza 60C est un COB LED RGB qui int\u00e8gre six LED rouge, vert, bleue, lime, ambre et cyan. Il reproduit une large gamme de couleurs avec un rendu pr\u00e9cis et offre une plage de temp\u00e9rature \u00e9tendue de 1800 \u00e0 20 000 K.<\/p>\n<p>\u00a0<\/p>\n<p>Le Forza 60C est lou\u00e9 avec sa poign\u00e9e pour batterie NP-F qui permet de l\u2019utiliser directement \u00e0 la main. Compact et l\u00e9ger, ce mini COB Led RGB est une solution d\u2019\u00e9clairage id\u00e9ale dans les situations o\u00f9 l\u2019espace vient \u00e0 manquer. C\u2019est un \u00e9clairage d\u2019appoint parfait pour mettre rapidement en valeur un espace ou encore accompagner un personnage sur un plan en travelling. Avec ses deux batteries NPF, il est donn\u00e9 avec une autonomie d\u2019environ 75min \u00e0 pleine puissance et offre un rapport puissance\/encombrement imbattable.<\/p>\n<p>\u00a0<\/p>\n<p>Son adaptateur pour monture Bowens le rend compatible avec l\u2019ensemble des accessoires indispensables pour modeler votre lumi\u00e8re et obtenir pr\u00e9cis\u00e9ment l\u2019esth\u00e9tique recherch\u00e9e : softbox, nez optique, fresnel, etc.<\/p>\n<p>\u00a0<\/p>\n<p>En plus d\u2019\u00eatre Bi-color et RGB, le Forza 60C int\u00e8gre 15 effets qui permettent d\u2019instaurer facilement une ambiance lumineuse. Contr\u00f4lable en DMX, via la t\u00e9l\u00e9commande Nanlite WS-RC-C2 ou avec l&#8217;appli NANLINK, le Forza 60C est un \u00e9clairage polyvalent en mesure de r\u00e9pondre \u00e0 une multitude de besoins et de situations de tournage.<\/p>\n<p>\u00a0<\/p>\n<p><strong>Points Forts :\u00a0<\/strong><\/p>\n<ul>\n<li>Compacit\u00e9 et puissance<\/li>\n<li>Modes RGB et Fx<\/li>\n<li>Contr\u00f4lable via l\u2019appli Nanlink<br \/>\u00a0<br \/>\u00a0<br \/>\u00a0<br \/>\u00a0<\/li>\n<\/ul>","protected":false},"excerpt":{"rendered":"<p>Eclairage LED COB RGB<\/p>\n<p>Puissance : 88 W<\/p>\n<p>T\u00b0 : 1800K &#8211; 20000K<\/p>","protected":false},"featured_media":9543,"template":"","meta":[],"product_cat":[129],"product_tag":[301,311,296,298,306,299],"class_list":{"0":"post-7423","1":"product","2":"type-product","3":"status-publish","4":"has-post-thumbnail","6":"product_cat-accessoires-lumiere","7":"product_tag-30-120w","8":"product_tag-30w-ou-moins","9":"product_tag-bi-color","10":"product_tag-daylight","11":"product_tag-nanlite","12":"product_tag-rgb","14":"first","15":"instock","16":"taxable","17":"shipping-taxable","18":"purchasable","19":"product-type-rentable"},"yoast_head":"<!-- This site is optimized with the Yoast SEO plugin v27.4 - https:\/\/yoast.com\/product\/yoast-seo-wordpress\/ -->\n<title>NANLITE FORZA 60C RGB - Maximaloc<\/title>\n<meta name=\"robots\" content=\"index, follow, max-snippet:-1, max-image-preview:large, max-video-preview:-1\" \/>\n<link rel=\"canonical\" href=\"https:\/\/maximaloc.com\/en\/product\/nanlite-forza-60c-rgb\/\" \/>\n<meta property=\"og:locale\" content=\"en_US\" \/>\n<meta property=\"og:type\" content=\"article\" \/>\n<meta property=\"og:title\" content=\"NANLITE FORZA 60C RGB - Maximaloc\" \/>\n<meta property=\"og:description\" content=\"Eclairage LED COB RGB Puissance : 88 W T\u00b0 : 1800K - 20000K\" \/>\n<meta property=\"og:url\" content=\"https:\/\/maximaloc.com\/en\/product\/nanlite-forza-60c-rgb\/\" \/>\n<meta property=\"og:site_name\" content=\"Maximaloc\" \/>\n<meta property=\"article:publisher\" content=\"https:\/\/www.facebook.com\/Maximalocation\" \/>\n<meta property=\"article:modified_time\" content=\"2026-04-28T13:53:02+00:00\" \/>\n<meta property=\"og:image\" content=\"https:\/\/maximaloc.com\/wp-content\/uploads\/2024\/04\/b49820_5cd5b65d4e2b45d0943b52d9787fdb71mv2.webp\" \/>\n\t<meta property=\"og:image:width\" content=\"580\" \/>\n\t<meta property=\"og:image:height\" content=\"420\" \/>\n\t<meta property=\"og:image:type\" content=\"image\/webp\" \/>\n<meta name=\"twitter:card\" content=\"summary_large_image\" \/>\n<meta name=\"twitter:label1\" content=\"Est. reading time\" \/>\n\t<meta name=\"twitter:data1\" content=\"2 minutes\" \/>\n<script type=\"application\/ld+json\" class=\"yoast-schema-graph\">{\"@context\":\"https:\\\/\\\/schema.org\",\"@graph\":[{\"@type\":\"WebPage\",\"@id\":\"https:\\\/\\\/maximaloc.com\\\/produit\\\/nanlite-forza-60c-rgb\\\/\",\"url\":\"https:\\\/\\\/maximaloc.com\\\/produit\\\/nanlite-forza-60c-rgb\\\/\",\"name\":\"NANLITE FORZA 60C RGB - Maximaloc\",\"isPartOf\":{\"@id\":\"https:\\\/\\\/maximaloc.com\\\/#website\"},\"primaryImageOfPage\":{\"@id\":\"https:\\\/\\\/maximaloc.com\\\/produit\\\/nanlite-forza-60c-rgb\\\/#primaryimage\"},\"image\":{\"@id\":\"https:\\\/\\\/maximaloc.com\\\/produit\\\/nanlite-forza-60c-rgb\\\/#primaryimage\"},\"thumbnailUrl\":\"https:\\\/\\\/maximaloc.com\\\/wp-content\\\/uploads\\\/2024\\\/04\\\/b49820_5cd5b65d4e2b45d0943b52d9787fdb71mv2.webp\",\"datePublished\":\"2024-04-16T14:50:37+00:00\",\"dateModified\":\"2026-04-28T13:53:02+00:00\",\"breadcrumb\":{\"@id\":\"https:\\\/\\\/maximaloc.com\\\/produit\\\/nanlite-forza-60c-rgb\\\/#breadcrumb\"},\"inLanguage\":\"en-US\",\"potentialAction\":[{\"@type\":\"ReadAction\",\"target\":[\"https:\\\/\\\/maximaloc.com\\\/produit\\\/nanlite-forza-60c-rgb\\\/\"]}]},{\"@type\":\"ImageObject\",\"inLanguage\":\"en-US\",\"@id\":\"https:\\\/\\\/maximaloc.com\\\/produit\\\/nanlite-forza-60c-rgb\\\/#primaryimage\",\"url\":\"https:\\\/\\\/maximaloc.com\\\/wp-content\\\/uploads\\\/2024\\\/04\\\/b49820_5cd5b65d4e2b45d0943b52d9787fdb71mv2.webp\",\"contentUrl\":\"https:\\\/\\\/maximaloc.com\\\/wp-content\\\/uploads\\\/2024\\\/04\\\/b49820_5cd5b65d4e2b45d0943b52d9787fdb71mv2.webp\",\"width\":580,\"height\":420,\"caption\":\"Eclairage Nanlite Cob Forza 60 C 88w en carbone avec bol en location\"},{\"@type\":\"BreadcrumbList\",\"@id\":\"https:\\\/\\\/maximaloc.com\\\/produit\\\/nanlite-forza-60c-rgb\\\/#breadcrumb\",\"itemListElement\":[{\"@type\":\"ListItem\",\"position\":1,\"name\":\"Accueil\",\"item\":\"https:\\\/\\\/maximaloc.com\\\/\"},{\"@type\":\"ListItem\",\"position\":2,\"name\":\"BOUTIQUE\",\"item\":\"https:\\\/\\\/maximaloc.com\\\/boutique\\\/\"},{\"@type\":\"ListItem\",\"position\":3,\"name\":\"NANLITE FORZA 60C RGB\"}]},{\"@type\":\"WebSite\",\"@id\":\"https:\\\/\\\/maximaloc.com\\\/#website\",\"url\":\"https:\\\/\\\/maximaloc.com\\\/\",\"name\":\"Maximaloc\",\"description\":\"\",\"publisher\":{\"@id\":\"https:\\\/\\\/maximaloc.com\\\/#organization\"},\"potentialAction\":[{\"@type\":\"SearchAction\",\"target\":{\"@type\":\"EntryPoint\",\"urlTemplate\":\"https:\\\/\\\/maximaloc.com\\\/?s={search_term_string}\"},\"query-input\":{\"@type\":\"PropertyValueSpecification\",\"valueRequired\":true,\"valueName\":\"search_term_string\"}}],\"inLanguage\":\"en-US\"},{\"@type\":\"Organization\",\"@id\":\"https:\\\/\\\/maximaloc.com\\\/#organization\",\"name\":\"Maximaloc\",\"url\":\"https:\\\/\\\/maximaloc.com\\\/\",\"logo\":{\"@type\":\"ImageObject\",\"inLanguage\":\"en-US\",\"@id\":\"https:\\\/\\\/maximaloc.com\\\/#\\\/schema\\\/logo\\\/image\\\/\",\"url\":\"https:\\\/\\\/maximaloc.com\\\/wp-content\\\/uploads\\\/2024\\\/03\\\/logo_noir-scaled.png\",\"contentUrl\":\"https:\\\/\\\/maximaloc.com\\\/wp-content\\\/uploads\\\/2024\\\/03\\\/logo_noir-scaled.png\",\"width\":2560,\"height\":268,\"caption\":\"Maximaloc\"},\"image\":{\"@id\":\"https:\\\/\\\/maximaloc.com\\\/#\\\/schema\\\/logo\\\/image\\\/\"},\"sameAs\":[\"https:\\\/\\\/www.facebook.com\\\/Maximalocation\"]}]}<\/script>\n<!-- \/ Yoast SEO plugin. -->","yoast_head_json":{"title":"NANLITE FORZA 60C RGB - Maximaloc","robots":{"index":"index","follow":"follow","max-snippet":"max-snippet:-1","max-image-preview":"max-image-preview:large","max-video-preview":"max-video-preview:-1"},"canonical":"https:\/\/maximaloc.com\/en\/product\/nanlite-forza-60c-rgb\/","og_locale":"en_US","og_type":"article","og_title":"NANLITE FORZA 60C RGB - Maximaloc","og_description":"Eclairage LED COB RGB Puissance : 88 W T\u00b0 : 1800K - 20000K","og_url":"https:\/\/maximaloc.com\/en\/product\/nanlite-forza-60c-rgb\/","og_site_name":"Maximaloc","article_publisher":"https:\/\/www.facebook.com\/Maximalocation","article_modified_time":"2026-04-28T13:53:02+00:00","og_image":[{"width":580,"height":420,"url":"https:\/\/maximaloc.com\/wp-content\/uploads\/2024\/04\/b49820_5cd5b65d4e2b45d0943b52d9787fdb71mv2.webp","type":"image\/webp"}],"twitter_card":"summary_large_image","twitter_misc":{"Est. reading time":"2 minutes"},"schema":{"@context":"https:\/\/schema.org","@graph":[{"@type":"WebPage","@id":"https:\/\/maximaloc.com\/produit\/nanlite-forza-60c-rgb\/","url":"https:\/\/maximaloc.com\/produit\/nanlite-forza-60c-rgb\/","name":"NANLITE FORZA 60C RGB - Maximaloc","isPartOf":{"@id":"https:\/\/maximaloc.com\/#website"},"primaryImageOfPage":{"@id":"https:\/\/maximaloc.com\/produit\/nanlite-forza-60c-rgb\/#primaryimage"},"image":{"@id":"https:\/\/maximaloc.com\/produit\/nanlite-forza-60c-rgb\/#primaryimage"},"thumbnailUrl":"https:\/\/maximaloc.com\/wp-content\/uploads\/2024\/04\/b49820_5cd5b65d4e2b45d0943b52d9787fdb71mv2.webp","datePublished":"2024-04-16T14:50:37+00:00","dateModified":"2026-04-28T13:53:02+00:00","breadcrumb":{"@id":"https:\/\/maximaloc.com\/produit\/nanlite-forza-60c-rgb\/#breadcrumb"},"inLanguage":"en-US","potentialAction":[{"@type":"ReadAction","target":["https:\/\/maximaloc.com\/produit\/nanlite-forza-60c-rgb\/"]}]},{"@type":"ImageObject","inLanguage":"en-US","@id":"https:\/\/maximaloc.com\/produit\/nanlite-forza-60c-rgb\/#primaryimage","url":"https:\/\/maximaloc.com\/wp-content\/uploads\/2024\/04\/b49820_5cd5b65d4e2b45d0943b52d9787fdb71mv2.webp","contentUrl":"https:\/\/maximaloc.com\/wp-content\/uploads\/2024\/04\/b49820_5cd5b65d4e2b45d0943b52d9787fdb71mv2.webp","width":580,"height":420,"caption":"Eclairage Nanlite Cob Forza 60 C 88w en carbone avec bol en location"},{"@type":"BreadcrumbList","@id":"https:\/\/maximaloc.com\/produit\/nanlite-forza-60c-rgb\/#breadcrumb","itemListElement":[{"@type":"ListItem","position":1,"name":"Accueil","item":"https:\/\/maximaloc.com\/"},{"@type":"ListItem","position":2,"name":"BOUTIQUE","item":"https:\/\/maximaloc.com\/boutique\/"},{"@type":"ListItem","position":3,"name":"NANLITE FORZA 60C RGB"}]},{"@type":"WebSite","@id":"https:\/\/maximaloc.com\/#website","url":"https:\/\/maximaloc.com\/","name":"Maximaloc","description":"","publisher":{"@id":"https:\/\/maximaloc.com\/#organization"},"potentialAction":[{"@type":"SearchAction","target":{"@type":"EntryPoint","urlTemplate":"https:\/\/maximaloc.com\/?s={search_term_string}"},"query-input":{"@type":"PropertyValueSpecification","valueRequired":true,"valueName":"search_term_string"}}],"inLanguage":"en-US"},{"@type":"Organization","@id":"https:\/\/maximaloc.com\/#organization","name":"Maximaloc","url":"https:\/\/maximaloc.com\/","logo":{"@type":"ImageObject","inLanguage":"en-US","@id":"https:\/\/maximaloc.com\/#\/schema\/logo\/image\/","url":"https:\/\/maximaloc.com\/wp-content\/uploads\/2024\/03\/logo_noir-scaled.png","contentUrl":"https:\/\/maximaloc.com\/wp-content\/uploads\/2024\/03\/logo_noir-scaled.png","width":2560,"height":268,"caption":"Maximaloc"},"image":{"@id":"https:\/\/maximaloc.com\/#\/schema\/logo\/image\/"},"sameAs":["https:\/\/www.facebook.com\/Maximalocation"]}]}},"_links":{"self":[{"href":"https:\/\/maximaloc.com\/en\/wp-json\/wp\/v2\/product\/7423","targetHints":{"allow":["GET"]}}],"collection":[{"href":"https:\/\/maximaloc.com\/en\/wp-json\/wp\/v2\/product"}],"about":[{"href":"https:\/\/maximaloc.com\/en\/wp-json\/wp\/v2\/types\/product"}],"wp:featuredmedia":[{"embeddable":true,"href":"https:\/\/maximaloc.com\/en\/wp-json\/wp\/v2\/media\/9543"}],"wp:attachment":[{"href":"https:\/\/maximaloc.com\/en\/wp-json\/wp\/v2\/media?parent=7423"}],"wp:term":[{"taxonomy":"product_cat","embeddable":true,"href":"https:\/\/maximaloc.com\/en\/wp-json\/wp\/v2\/product_cat?post=7423"},{"taxonomy":"product_tag","embeddable":true,"href":"https:\/\/maximaloc.com\/en\/wp-json\/wp\/v2\/product_tag?post=7423"}],"curies":[{"name":"wp","href":"https:\/\/api.w.org\/{rel}","templated":true}]}}