 {"id":8380,"date":"2024-05-07T14:59:30","date_gmt":"2024-05-07T12:59:30","guid":{"rendered":"https:\/\/maximaloc.com\/?post_type=product&#038;p=8380"},"modified":"2026-03-30T16:15:13","modified_gmt":"2026-03-30T14:15:13","slug":"schneider-serie-nd-4x565","status":"publish","type":"product","link":"https:\/\/maximaloc.com\/en\/product\/schneider-serie-nd-4x565\/","title":{"rendered":"SCHNEIDER S\u00c9RIE ND 4&#215;5,65"},"content":{"rendered":"<p>Les filtres ND 4&#215;5.65\u201d Schneider (d\u2019intensit\u00e9 0.3, 0.6, 0.9 et 1.2) sont des filtres de densit\u00e9 neutre qui permettent de r\u00e9duire l\u2019exposition par palier d\u2019un stop, sans pour autant alt\u00e9rer les couleurs ni la qualit\u00e9 de votre image.<\/p>\n<p><strong><u>Points forts :<\/u><\/strong><\/p>\n<ul>\n<li>Neutralit\u00e9 colorim\u00e9trique exceptionnelle sans dominante (m\u00eame empil\u00e9s)<\/li>\n<li>Large plage de densit\u00e9s (ND 0.3 \u00e0 3.0) pour un contr\u00f4le pr\u00e9cis de l\u2019exposition<\/li>\n<li>Traitement multi-couches anti-reflets + edge sealing pour limiter flare et fuites de lumi\u00e8re<\/li>\n<li>Construction haut de gamme en verre optique avec coating encapsul\u00e9, ultra durable<\/li>\n<\/ul>","protected":false},"excerpt":{"rendered":"<p>Filtres Schneider\u00a0ND\u00a0<\/p>\n<p>Intensit\u00e9 : ND 0.3, 0.6, 0.9, 1.2<\/p>\n<p>Format : 4&#215;5,65\u201d<\/p>","protected":false},"featured_media":9137,"template":"","meta":[],"product_cat":[289],"product_tag":[248,247],"class_list":{"0":"post-8380","1":"product","2":"type-product","3":"status-publish","4":"has-post-thumbnail","6":"product_cat-4-x-5-65","7":"product_tag-4-x-5-65","8":"product_tag-nd","10":"first","11":"instock","12":"taxable","13":"shipping-taxable","14":"purchasable","15":"product-type-rentable"},"yoast_head":"<!-- This site is optimized with the Yoast SEO plugin v24.1 - https:\/\/yoast.com\/wordpress\/plugins\/seo\/ -->\n<title>SCHNEIDER S\u00c9RIE ND 4x5,65 - Maximaloc<\/title>\n<meta name=\"robots\" content=\"index, follow, max-snippet:-1, max-image-preview:large, max-video-preview:-1\" \/>\n<link rel=\"canonical\" href=\"https:\/\/maximaloc.com\/en\/product\/schneider-serie-nd-4x565\/\" \/>\n<meta property=\"og:locale\" content=\"en_US\" \/>\n<meta property=\"og:type\" content=\"article\" \/>\n<meta property=\"og:title\" content=\"SCHNEIDER S\u00c9RIE ND 4x5,65 - Maximaloc\" \/>\n<meta property=\"og:description\" content=\"Filtres Schneider\u00a0ND\u00a0 Intensit\u00e9 : ND 0.3, 0.6, 0.9, 1.2 Format : 4x5,65\u201d\" \/>\n<meta property=\"og:url\" content=\"https:\/\/maximaloc.com\/en\/product\/schneider-serie-nd-4x565\/\" \/>\n<meta property=\"og:site_name\" content=\"Maximaloc\" \/>\n<meta property=\"article:publisher\" content=\"https:\/\/www.facebook.com\/Maximalocation\" \/>\n<meta property=\"article:modified_time\" content=\"2026-03-30T14:15:13+00:00\" \/>\n<meta property=\"og:image\" content=\"https:\/\/maximaloc.com\/wp-content\/uploads\/2024\/05\/b49820_1b670e9feb2542c9a6b66d0d2b8688f3mv2.webp\" \/>\n\t<meta property=\"og:image:width\" content=\"580\" \/>\n\t<meta property=\"og:image:height\" content=\"420\" \/>\n\t<meta property=\"og:image:type\" content=\"image\/webp\" \/>\n<meta name=\"twitter:card\" content=\"summary_large_image\" \/>\n<meta name=\"twitter:label1\" content=\"Est. reading time\" \/>\n\t<meta name=\"twitter:data1\" content=\"1 minute\" \/>\n<script type=\"application\/ld+json\" class=\"yoast-schema-graph\">{\"@context\":\"https:\/\/schema.org\",\"@graph\":[{\"@type\":\"WebPage\",\"@id\":\"https:\/\/maximaloc.com\/produit\/schneider-serie-nd-4x565\/\",\"url\":\"https:\/\/maximaloc.com\/produit\/schneider-serie-nd-4x565\/\",\"name\":\"SCHNEIDER S\u00c9RIE ND 4x5,65 - Maximaloc\",\"isPartOf\":{\"@id\":\"https:\/\/maximaloc.com\/#website\"},\"primaryImageOfPage\":{\"@id\":\"https:\/\/maximaloc.com\/produit\/schneider-serie-nd-4x565\/#primaryimage\"},\"image\":{\"@id\":\"https:\/\/maximaloc.com\/produit\/schneider-serie-nd-4x565\/#primaryimage\"},\"thumbnailUrl\":\"https:\/\/maximaloc.com\/wp-content\/uploads\/2024\/05\/b49820_1b670e9feb2542c9a6b66d0d2b8688f3mv2.webp\",\"datePublished\":\"2024-05-07T12:59:30+00:00\",\"dateModified\":\"2026-03-30T14:15:13+00:00\",\"breadcrumb\":{\"@id\":\"https:\/\/maximaloc.com\/produit\/schneider-serie-nd-4x565\/#breadcrumb\"},\"inLanguage\":\"en-US\",\"potentialAction\":[{\"@type\":\"ReadAction\",\"target\":[\"https:\/\/maximaloc.com\/produit\/schneider-serie-nd-4x565\/\"]}]},{\"@type\":\"ImageObject\",\"inLanguage\":\"en-US\",\"@id\":\"https:\/\/maximaloc.com\/produit\/schneider-serie-nd-4x565\/#primaryimage\",\"url\":\"https:\/\/maximaloc.com\/wp-content\/uploads\/2024\/05\/b49820_1b670e9feb2542c9a6b66d0d2b8688f3mv2.webp\",\"contentUrl\":\"https:\/\/maximaloc.com\/wp-content\/uploads\/2024\/05\/b49820_1b670e9feb2542c9a6b66d0d2b8688f3mv2.webp\",\"width\":580,\"height\":420,\"caption\":\"Jeu de 4 filtres cin\u00e9ma 4x5,65\\\" ND Schneider d'intensit\u00e9 0.3, 0.6, 0.9 et 1.2 \u00e0 la location\"},{\"@type\":\"BreadcrumbList\",\"@id\":\"https:\/\/maximaloc.com\/produit\/schneider-serie-nd-4x565\/#breadcrumb\",\"itemListElement\":[{\"@type\":\"ListItem\",\"position\":1,\"name\":\"Accueil\",\"item\":\"https:\/\/maximaloc.com\/\"},{\"@type\":\"ListItem\",\"position\":2,\"name\":\"BOUTIQUE\",\"item\":\"https:\/\/maximaloc.com\/boutique\/\"},{\"@type\":\"ListItem\",\"position\":3,\"name\":\"SCHNEIDER S\u00c9RIE ND 4&#215;5,65\"}]},{\"@type\":\"WebSite\",\"@id\":\"https:\/\/maximaloc.com\/#website\",\"url\":\"https:\/\/maximaloc.com\/\",\"name\":\"Maximaloc\",\"description\":\"\",\"publisher\":{\"@id\":\"https:\/\/maximaloc.com\/#organization\"},\"potentialAction\":[{\"@type\":\"SearchAction\",\"target\":{\"@type\":\"EntryPoint\",\"urlTemplate\":\"https:\/\/maximaloc.com\/?s={search_term_string}\"},\"query-input\":{\"@type\":\"PropertyValueSpecification\",\"valueRequired\":true,\"valueName\":\"search_term_string\"}}],\"inLanguage\":\"en-US\"},{\"@type\":\"Organization\",\"@id\":\"https:\/\/maximaloc.com\/#organization\",\"name\":\"Maximaloc\",\"url\":\"https:\/\/maximaloc.com\/\",\"logo\":{\"@type\":\"ImageObject\",\"inLanguage\":\"en-US\",\"@id\":\"https:\/\/maximaloc.com\/#\/schema\/logo\/image\/\",\"url\":\"https:\/\/maximaloc.com\/wp-content\/uploads\/2024\/03\/logo_noir.png\",\"contentUrl\":\"https:\/\/maximaloc.com\/wp-content\/uploads\/2024\/03\/logo_noir.png\",\"width\":11750,\"height\":1231,\"caption\":\"Maximaloc\"},\"image\":{\"@id\":\"https:\/\/maximaloc.com\/#\/schema\/logo\/image\/\"},\"sameAs\":[\"https:\/\/www.facebook.com\/Maximalocation\"]}]}<\/script>\n<!-- \/ Yoast SEO plugin. -->","yoast_head_json":{"title":"SCHNEIDER S\u00c9RIE ND 4x5,65 - Maximaloc","robots":{"index":"index","follow":"follow","max-snippet":"max-snippet:-1","max-image-preview":"max-image-preview:large","max-video-preview":"max-video-preview:-1"},"canonical":"https:\/\/maximaloc.com\/en\/product\/schneider-serie-nd-4x565\/","og_locale":"en_US","og_type":"article","og_title":"SCHNEIDER S\u00c9RIE ND 4x5,65 - Maximaloc","og_description":"Filtres Schneider\u00a0ND\u00a0 Intensit\u00e9 : ND 0.3, 0.6, 0.9, 1.2 Format : 4x5,65\u201d","og_url":"https:\/\/maximaloc.com\/en\/product\/schneider-serie-nd-4x565\/","og_site_name":"Maximaloc","article_publisher":"https:\/\/www.facebook.com\/Maximalocation","article_modified_time":"2026-03-30T14:15:13+00:00","og_image":[{"width":580,"height":420,"url":"https:\/\/maximaloc.com\/wp-content\/uploads\/2024\/05\/b49820_1b670e9feb2542c9a6b66d0d2b8688f3mv2.webp","type":"image\/webp"}],"twitter_card":"summary_large_image","twitter_misc":{"Est. reading time":"1 minute"},"schema":{"@context":"https:\/\/schema.org","@graph":[{"@type":"WebPage","@id":"https:\/\/maximaloc.com\/produit\/schneider-serie-nd-4x565\/","url":"https:\/\/maximaloc.com\/produit\/schneider-serie-nd-4x565\/","name":"SCHNEIDER S\u00c9RIE ND 4x5,65 - Maximaloc","isPartOf":{"@id":"https:\/\/maximaloc.com\/#website"},"primaryImageOfPage":{"@id":"https:\/\/maximaloc.com\/produit\/schneider-serie-nd-4x565\/#primaryimage"},"image":{"@id":"https:\/\/maximaloc.com\/produit\/schneider-serie-nd-4x565\/#primaryimage"},"thumbnailUrl":"https:\/\/maximaloc.com\/wp-content\/uploads\/2024\/05\/b49820_1b670e9feb2542c9a6b66d0d2b8688f3mv2.webp","datePublished":"2024-05-07T12:59:30+00:00","dateModified":"2026-03-30T14:15:13+00:00","breadcrumb":{"@id":"https:\/\/maximaloc.com\/produit\/schneider-serie-nd-4x565\/#breadcrumb"},"inLanguage":"en-US","potentialAction":[{"@type":"ReadAction","target":["https:\/\/maximaloc.com\/produit\/schneider-serie-nd-4x565\/"]}]},{"@type":"ImageObject","inLanguage":"en-US","@id":"https:\/\/maximaloc.com\/produit\/schneider-serie-nd-4x565\/#primaryimage","url":"https:\/\/maximaloc.com\/wp-content\/uploads\/2024\/05\/b49820_1b670e9feb2542c9a6b66d0d2b8688f3mv2.webp","contentUrl":"https:\/\/maximaloc.com\/wp-content\/uploads\/2024\/05\/b49820_1b670e9feb2542c9a6b66d0d2b8688f3mv2.webp","width":580,"height":420,"caption":"Jeu de 4 filtres cin\u00e9ma 4x5,65\" ND Schneider d'intensit\u00e9 0.3, 0.6, 0.9 et 1.2 \u00e0 la location"},{"@type":"BreadcrumbList","@id":"https:\/\/maximaloc.com\/produit\/schneider-serie-nd-4x565\/#breadcrumb","itemListElement":[{"@type":"ListItem","position":1,"name":"Accueil","item":"https:\/\/maximaloc.com\/"},{"@type":"ListItem","position":2,"name":"BOUTIQUE","item":"https:\/\/maximaloc.com\/boutique\/"},{"@type":"ListItem","position":3,"name":"SCHNEIDER S\u00c9RIE ND 4&#215;5,65"}]},{"@type":"WebSite","@id":"https:\/\/maximaloc.com\/#website","url":"https:\/\/maximaloc.com\/","name":"Maximaloc","description":"","publisher":{"@id":"https:\/\/maximaloc.com\/#organization"},"potentialAction":[{"@type":"SearchAction","target":{"@type":"EntryPoint","urlTemplate":"https:\/\/maximaloc.com\/?s={search_term_string}"},"query-input":{"@type":"PropertyValueSpecification","valueRequired":true,"valueName":"search_term_string"}}],"inLanguage":"en-US"},{"@type":"Organization","@id":"https:\/\/maximaloc.com\/#organization","name":"Maximaloc","url":"https:\/\/maximaloc.com\/","logo":{"@type":"ImageObject","inLanguage":"en-US","@id":"https:\/\/maximaloc.com\/#\/schema\/logo\/image\/","url":"https:\/\/maximaloc.com\/wp-content\/uploads\/2024\/03\/logo_noir.png","contentUrl":"https:\/\/maximaloc.com\/wp-content\/uploads\/2024\/03\/logo_noir.png","width":11750,"height":1231,"caption":"Maximaloc"},"image":{"@id":"https:\/\/maximaloc.com\/#\/schema\/logo\/image\/"},"sameAs":["https:\/\/www.facebook.com\/Maximalocation"]}]}},"_links":{"self":[{"href":"https:\/\/maximaloc.com\/en\/wp-json\/wp\/v2\/product\/8380","targetHints":{"allow":["GET"]}}],"collection":[{"href":"https:\/\/maximaloc.com\/en\/wp-json\/wp\/v2\/product"}],"about":[{"href":"https:\/\/maximaloc.com\/en\/wp-json\/wp\/v2\/types\/product"}],"wp:featuredmedia":[{"embeddable":true,"href":"https:\/\/maximaloc.com\/en\/wp-json\/wp\/v2\/media\/9137"}],"wp:attachment":[{"href":"https:\/\/maximaloc.com\/en\/wp-json\/wp\/v2\/media?parent=8380"}],"wp:term":[{"taxonomy":"product_cat","embeddable":true,"href":"https:\/\/maximaloc.com\/en\/wp-json\/wp\/v2\/product_cat?post=8380"},{"taxonomy":"product_tag","embeddable":true,"href":"https:\/\/maximaloc.com\/en\/wp-json\/wp\/v2\/product_tag?post=8380"}],"curies":[{"name":"wp","href":"https:\/\/api.w.org\/{rel}","templated":true}]}}