 {"id":8564,"date":"2024-05-16T17:10:31","date_gmt":"2024-05-16T15:10:31","guid":{"rendered":"https:\/\/maximaloc.com\/produit\/aputure-light-dome-iii-90cm\/"},"modified":"2026-03-30T16:18:41","modified_gmt":"2026-03-30T14:18:41","slug":"aputure-light-dome-iii-90cm","status":"publish","type":"product","link":"https:\/\/maximaloc.com\/en\/product\/aputure-light-dome-iii-90cm\/","title":{"rendered":"APUTURE LIGHT DOME III 90cm"},"content":{"rendered":"<p>Le Light Dome III de chez Aputure est une softbox en monture Bowens con\u00e7ue pour \u00eatre utilis\u00e9e avec des sources de lumi\u00e8re continues. Il permet d\u2019obtenir une lumi\u00e8re douce et homog\u00e8ne gr\u00e2ce \u00e0 ses deux diff interne et externe qui r\u00e9partissent la lumi\u00e8re de mani\u00e8re uniforme. Cela permet d&#8217;obtenir des \u00e9clairages naturels et flatteurs pour les portraits, les interviews, les sc\u00e8nes de produits, etc.<\/p>\n<p>Le Light Dome III est livr\u00e9 avec un snapgrid qui permet de rediriger la lumi\u00e8re dispers\u00e9e par la diffusion du d\u00f4me. Avec sa monture Bowens, le Light Dome Mini II est compatible avec les COB 60, 120, 300 et 600 de chez Aputure, et m\u00eame les COB 1200 en retirant la diff interne. Il dispose d\u2019un syst\u00e8me de pliage rapide qui permet de l\u2019installer de et le ranger en quelques secondes.<\/p>","protected":false},"excerpt":{"rendered":"<p>Softbox en monture Bowens<\/p>\n<p>Diam\u00e8tre : 90cm<br \/>\u00a0<br \/>\u00a0<br \/>\u00a0<br \/>\u00a0<\/p>","protected":false},"featured_media":9756,"template":"","meta":[],"product_cat":[308],"product_tag":[],"class_list":{"0":"post-8564","1":"product","2":"type-product","3":"status-publish","4":"has-post-thumbnail","6":"product_cat-monture-bowen","8":"first","9":"instock","10":"taxable","11":"shipping-taxable","12":"purchasable","13":"product-type-rentable"},"yoast_head":"<!-- This site is optimized with the Yoast SEO plugin v24.1 - https:\/\/yoast.com\/wordpress\/plugins\/seo\/ -->\n<title>APUTURE LIGHT DOME III 90cm - Maximaloc<\/title>\n<meta name=\"robots\" content=\"index, follow, max-snippet:-1, max-image-preview:large, max-video-preview:-1\" \/>\n<link rel=\"canonical\" href=\"https:\/\/maximaloc.com\/en\/product\/aputure-light-dome-iii-90cm\/\" \/>\n<meta property=\"og:locale\" content=\"en_US\" \/>\n<meta property=\"og:type\" content=\"article\" \/>\n<meta property=\"og:title\" content=\"APUTURE LIGHT DOME III 90cm - Maximaloc\" \/>\n<meta property=\"og:description\" content=\"Softbox en monture Bowens Diam\u00e8tre : 90cm\u00a0\u00a0\u00a0\u00a0\" \/>\n<meta property=\"og:url\" content=\"https:\/\/maximaloc.com\/en\/product\/aputure-light-dome-iii-90cm\/\" \/>\n<meta property=\"og:site_name\" content=\"Maximaloc\" \/>\n<meta property=\"article:publisher\" content=\"https:\/\/www.facebook.com\/Maximalocation\" \/>\n<meta property=\"article:modified_time\" content=\"2026-03-30T14:18:41+00:00\" \/>\n<meta property=\"og:image\" content=\"https:\/\/maximaloc.com\/wp-content\/uploads\/2024\/05\/aputure-light-dome-III-1.webp\" \/>\n\t<meta property=\"og:image:width\" content=\"580\" \/>\n\t<meta property=\"og:image:height\" content=\"420\" \/>\n\t<meta property=\"og:image:type\" content=\"image\/webp\" \/>\n<meta name=\"twitter:card\" content=\"summary_large_image\" \/>\n<meta name=\"twitter:label1\" content=\"Est. reading time\" \/>\n\t<meta name=\"twitter:data1\" content=\"1 minute\" \/>\n<script type=\"application\/ld+json\" class=\"yoast-schema-graph\">{\"@context\":\"https:\/\/schema.org\",\"@graph\":[{\"@type\":\"WebPage\",\"@id\":\"https:\/\/maximaloc.com\/produit\/aputure-light-dome-iii-90cm\/\",\"url\":\"https:\/\/maximaloc.com\/produit\/aputure-light-dome-iii-90cm\/\",\"name\":\"APUTURE LIGHT DOME III 90cm - Maximaloc\",\"isPartOf\":{\"@id\":\"https:\/\/maximaloc.com\/#website\"},\"primaryImageOfPage\":{\"@id\":\"https:\/\/maximaloc.com\/produit\/aputure-light-dome-iii-90cm\/#primaryimage\"},\"image\":{\"@id\":\"https:\/\/maximaloc.com\/produit\/aputure-light-dome-iii-90cm\/#primaryimage\"},\"thumbnailUrl\":\"https:\/\/maximaloc.com\/wp-content\/uploads\/2024\/05\/aputure-light-dome-III-1.webp\",\"datePublished\":\"2024-05-16T15:10:31+00:00\",\"dateModified\":\"2026-03-30T14:18:41+00:00\",\"breadcrumb\":{\"@id\":\"https:\/\/maximaloc.com\/produit\/aputure-light-dome-iii-90cm\/#breadcrumb\"},\"inLanguage\":\"en-US\",\"potentialAction\":[{\"@type\":\"ReadAction\",\"target\":[\"https:\/\/maximaloc.com\/produit\/aputure-light-dome-iii-90cm\/\"]}]},{\"@type\":\"ImageObject\",\"inLanguage\":\"en-US\",\"@id\":\"https:\/\/maximaloc.com\/produit\/aputure-light-dome-iii-90cm\/#primaryimage\",\"url\":\"https:\/\/maximaloc.com\/wp-content\/uploads\/2024\/05\/aputure-light-dome-III-1.webp\",\"contentUrl\":\"https:\/\/maximaloc.com\/wp-content\/uploads\/2024\/05\/aputure-light-dome-III-1.webp\",\"width\":580,\"height\":420,\"caption\":\"Light Dome III. Tissu de diffusion frontal pour un \u00e9clairage doux et uniforme. Id\u00e9al pour la vid\u00e9o ou photo\"},{\"@type\":\"BreadcrumbList\",\"@id\":\"https:\/\/maximaloc.com\/produit\/aputure-light-dome-iii-90cm\/#breadcrumb\",\"itemListElement\":[{\"@type\":\"ListItem\",\"position\":1,\"name\":\"Accueil\",\"item\":\"https:\/\/maximaloc.com\/\"},{\"@type\":\"ListItem\",\"position\":2,\"name\":\"BOUTIQUE\",\"item\":\"https:\/\/maximaloc.com\/boutique\/\"},{\"@type\":\"ListItem\",\"position\":3,\"name\":\"APUTURE LIGHT DOME III 90cm\"}]},{\"@type\":\"WebSite\",\"@id\":\"https:\/\/maximaloc.com\/#website\",\"url\":\"https:\/\/maximaloc.com\/\",\"name\":\"Maximaloc\",\"description\":\"\",\"publisher\":{\"@id\":\"https:\/\/maximaloc.com\/#organization\"},\"potentialAction\":[{\"@type\":\"SearchAction\",\"target\":{\"@type\":\"EntryPoint\",\"urlTemplate\":\"https:\/\/maximaloc.com\/?s={search_term_string}\"},\"query-input\":{\"@type\":\"PropertyValueSpecification\",\"valueRequired\":true,\"valueName\":\"search_term_string\"}}],\"inLanguage\":\"en-US\"},{\"@type\":\"Organization\",\"@id\":\"https:\/\/maximaloc.com\/#organization\",\"name\":\"Maximaloc\",\"url\":\"https:\/\/maximaloc.com\/\",\"logo\":{\"@type\":\"ImageObject\",\"inLanguage\":\"en-US\",\"@id\":\"https:\/\/maximaloc.com\/#\/schema\/logo\/image\/\",\"url\":\"https:\/\/maximaloc.com\/wp-content\/uploads\/2024\/03\/logo_noir.png\",\"contentUrl\":\"https:\/\/maximaloc.com\/wp-content\/uploads\/2024\/03\/logo_noir.png\",\"width\":11750,\"height\":1231,\"caption\":\"Maximaloc\"},\"image\":{\"@id\":\"https:\/\/maximaloc.com\/#\/schema\/logo\/image\/\"},\"sameAs\":[\"https:\/\/www.facebook.com\/Maximalocation\"]}]}<\/script>\n<!-- \/ Yoast SEO plugin. -->","yoast_head_json":{"title":"APUTURE LIGHT DOME III 90cm - Maximaloc","robots":{"index":"index","follow":"follow","max-snippet":"max-snippet:-1","max-image-preview":"max-image-preview:large","max-video-preview":"max-video-preview:-1"},"canonical":"https:\/\/maximaloc.com\/en\/product\/aputure-light-dome-iii-90cm\/","og_locale":"en_US","og_type":"article","og_title":"APUTURE LIGHT DOME III 90cm - Maximaloc","og_description":"Softbox en monture Bowens Diam\u00e8tre : 90cm\u00a0\u00a0\u00a0\u00a0","og_url":"https:\/\/maximaloc.com\/en\/product\/aputure-light-dome-iii-90cm\/","og_site_name":"Maximaloc","article_publisher":"https:\/\/www.facebook.com\/Maximalocation","article_modified_time":"2026-03-30T14:18:41+00:00","og_image":[{"width":580,"height":420,"url":"https:\/\/maximaloc.com\/wp-content\/uploads\/2024\/05\/aputure-light-dome-III-1.webp","type":"image\/webp"}],"twitter_card":"summary_large_image","twitter_misc":{"Est. reading time":"1 minute"},"schema":{"@context":"https:\/\/schema.org","@graph":[{"@type":"WebPage","@id":"https:\/\/maximaloc.com\/produit\/aputure-light-dome-iii-90cm\/","url":"https:\/\/maximaloc.com\/produit\/aputure-light-dome-iii-90cm\/","name":"APUTURE LIGHT DOME III 90cm - Maximaloc","isPartOf":{"@id":"https:\/\/maximaloc.com\/#website"},"primaryImageOfPage":{"@id":"https:\/\/maximaloc.com\/produit\/aputure-light-dome-iii-90cm\/#primaryimage"},"image":{"@id":"https:\/\/maximaloc.com\/produit\/aputure-light-dome-iii-90cm\/#primaryimage"},"thumbnailUrl":"https:\/\/maximaloc.com\/wp-content\/uploads\/2024\/05\/aputure-light-dome-III-1.webp","datePublished":"2024-05-16T15:10:31+00:00","dateModified":"2026-03-30T14:18:41+00:00","breadcrumb":{"@id":"https:\/\/maximaloc.com\/produit\/aputure-light-dome-iii-90cm\/#breadcrumb"},"inLanguage":"en-US","potentialAction":[{"@type":"ReadAction","target":["https:\/\/maximaloc.com\/produit\/aputure-light-dome-iii-90cm\/"]}]},{"@type":"ImageObject","inLanguage":"en-US","@id":"https:\/\/maximaloc.com\/produit\/aputure-light-dome-iii-90cm\/#primaryimage","url":"https:\/\/maximaloc.com\/wp-content\/uploads\/2024\/05\/aputure-light-dome-III-1.webp","contentUrl":"https:\/\/maximaloc.com\/wp-content\/uploads\/2024\/05\/aputure-light-dome-III-1.webp","width":580,"height":420,"caption":"Light Dome III. Tissu de diffusion frontal pour un \u00e9clairage doux et uniforme. Id\u00e9al pour la vid\u00e9o ou photo"},{"@type":"BreadcrumbList","@id":"https:\/\/maximaloc.com\/produit\/aputure-light-dome-iii-90cm\/#breadcrumb","itemListElement":[{"@type":"ListItem","position":1,"name":"Accueil","item":"https:\/\/maximaloc.com\/"},{"@type":"ListItem","position":2,"name":"BOUTIQUE","item":"https:\/\/maximaloc.com\/boutique\/"},{"@type":"ListItem","position":3,"name":"APUTURE LIGHT DOME III 90cm"}]},{"@type":"WebSite","@id":"https:\/\/maximaloc.com\/#website","url":"https:\/\/maximaloc.com\/","name":"Maximaloc","description":"","publisher":{"@id":"https:\/\/maximaloc.com\/#organization"},"potentialAction":[{"@type":"SearchAction","target":{"@type":"EntryPoint","urlTemplate":"https:\/\/maximaloc.com\/?s={search_term_string}"},"query-input":{"@type":"PropertyValueSpecification","valueRequired":true,"valueName":"search_term_string"}}],"inLanguage":"en-US"},{"@type":"Organization","@id":"https:\/\/maximaloc.com\/#organization","name":"Maximaloc","url":"https:\/\/maximaloc.com\/","logo":{"@type":"ImageObject","inLanguage":"en-US","@id":"https:\/\/maximaloc.com\/#\/schema\/logo\/image\/","url":"https:\/\/maximaloc.com\/wp-content\/uploads\/2024\/03\/logo_noir.png","contentUrl":"https:\/\/maximaloc.com\/wp-content\/uploads\/2024\/03\/logo_noir.png","width":11750,"height":1231,"caption":"Maximaloc"},"image":{"@id":"https:\/\/maximaloc.com\/#\/schema\/logo\/image\/"},"sameAs":["https:\/\/www.facebook.com\/Maximalocation"]}]}},"_links":{"self":[{"href":"https:\/\/maximaloc.com\/en\/wp-json\/wp\/v2\/product\/8564","targetHints":{"allow":["GET"]}}],"collection":[{"href":"https:\/\/maximaloc.com\/en\/wp-json\/wp\/v2\/product"}],"about":[{"href":"https:\/\/maximaloc.com\/en\/wp-json\/wp\/v2\/types\/product"}],"wp:featuredmedia":[{"embeddable":true,"href":"https:\/\/maximaloc.com\/en\/wp-json\/wp\/v2\/media\/9756"}],"wp:attachment":[{"href":"https:\/\/maximaloc.com\/en\/wp-json\/wp\/v2\/media?parent=8564"}],"wp:term":[{"taxonomy":"product_cat","embeddable":true,"href":"https:\/\/maximaloc.com\/en\/wp-json\/wp\/v2\/product_cat?post=8564"},{"taxonomy":"product_tag","embeddable":true,"href":"https:\/\/maximaloc.com\/en\/wp-json\/wp\/v2\/product_tag?post=8564"}],"curies":[{"name":"wp","href":"https:\/\/api.w.org\/{rel}","templated":true}]}}