 {"id":9739,"date":"2024-06-07T12:04:22","date_gmt":"2024-06-07T10:04:22","guid":{"rendered":"https:\/\/maximaloc.com\/produit\/kit-teradek-bolt-6-lt-750-1e-1r-deluxe\/"},"modified":"2026-05-04T10:31:47","modified_gmt":"2026-05-04T08:31:47","slug":"teradek-bolt-6-lt-750","status":"publish","type":"product","link":"https:\/\/maximaloc.com\/en\/product\/teradek-bolt-6-lt-750\/","title":{"rendered":"TERADEK BOLT 6 LT 750"},"content":{"rendered":"<p>Le Teradek Bolt 6 LT 750 TX\/RX est un syst\u00e8me de transmission vid\u00e9o sans fil sans d\u00e9lai et ni de qualit\u00e9. Ce syst\u00e8me permet de d\u00e9porter le retour image sur un tournage \u00e0 des fins de mise au point ou de retour vid\u00e9o r\u00e9alisateur, client ou prod. La qualit\u00e9 du signal transmis (visuellement sans perte) ainsi que sa faible latence en font une solution de choix pour les tournages professionnels.<\/p>\n<p>Sa port\u00e9e th\u00e9orique est de 228m (750 pieds), il transmet des signaux en 4K UHD (3840 x 2160) jusqu\u2019\u00e0 30p via HDMI et en 1080p60 via SDI.\u00a0<\/p>\n<p>L\u2019\u00e9metteur s\u2019alimente via le c\u00e2ble D-Tap vers Lemo 2 et se fixe facilement via cold shoe ou mini-bras magique gr\u00e2ce \u00e0 ses multiples pas de vis Kodak 1\/4&#8243;. Le r\u00e9cepteur Teradek s\u2019alimente soit via batterie V-Lock soit directement sur secteur via son entr\u00e9e lemo 2. Il peut se monter directement sur le moniteur via la plate V-Mount de celui-ci, ce qui permet de gagner en compacit\u00e9 et en temps d\u2019installation.<\/p>\n<p>Le Teradek Bolt 6 b\u00e9n\u00e9ficie d\u2019une transmission \u00e0 6 GHz, nouvelle plage fr\u00e9quence qui limite les potentiels probl\u00e8mes d&#8217;interf\u00e9rences dans les environnements aux fr\u00e9quences charg\u00e9s (plateau broadcast, sc\u00e8nes, \u00e9v\u00e9nementiel, etc.). Le Bolt 6 est parfaitement r\u00e9trocompatible avec l\u2019ensemble de l\u2019\u00e9cosyst\u00e8me Bolt 4K.<\/p>\n<p>Le kit peut \u00eatre lou\u00e9 avec 1 ou 2 r\u00e9cepteurs.\u00a0<\/p>\n<p>\u00a0<\/p>\n<p><strong>Points Forts :<\/strong><\/p>\n<ul>\n<li>Transmission vid\u00e9o sans-fil \u00e0 z\u00e9ro d\u00e9lai (&lt; 1ms)<\/li>\n<li>R\u00e9solution jusqu\u2019\u00e0 4K UHD (HDMI)<\/li>\n<li>Nouvelle bande fr\u00e9quence 5,925-6,425 GHz<\/li>\n<li>Deux r\u00e9cepteurs disponibles\u00a0<\/li>\n<\/ul>","protected":false},"excerpt":{"rendered":"<p>Transmetteur vid\u00e9o HF<\/p>\n<p>Utilisation : focus, live, retour vid\u00e9o<\/p>\n<p>Port\u00e9e max : 200 m<\/p>\n<p>Latence : z\u00e9ro d\u00e9lai (&lt; 1ms)<\/p>\n<p>HDMI : 4K30p \/\u00a0SDI\u00a0: FHD 60p<\/p>","protected":false},"featured_media":9914,"template":"","meta":[],"product_cat":[315],"product_tag":[328],"class_list":{"0":"post-9739","1":"product","2":"type-product","3":"status-publish","4":"has-post-thumbnail","6":"product_cat-retour-video-hf","7":"product_tag-hdmi-sdi","9":"first","10":"instock","11":"featured","12":"taxable","13":"shipping-taxable","14":"purchasable","15":"product-type-rentable"},"yoast_head":"<!-- This site is optimized with the Yoast SEO plugin v27.5 - https:\/\/yoast.com\/product\/yoast-seo-wordpress\/ -->\n<title>TERADEK BOLT 6 LT 750 - Maximaloc<\/title>\n<meta name=\"robots\" content=\"noindex, nofollow\" \/>\n<meta property=\"og:locale\" content=\"en_US\" \/>\n<meta property=\"og:type\" content=\"article\" \/>\n<meta property=\"og:title\" content=\"TERADEK BOLT 6 LT 750 - Maximaloc\" \/>\n<meta property=\"og:description\" content=\"Transmetteur vid\u00e9o HF Utilisation : focus, live, retour vid\u00e9o Port\u00e9e max : 200 m Latence : z\u00e9ro d\u00e9lai (&lt; 1ms) HDMI : 4K30p \/\u00a0SDI\u00a0: FHD 60p\" \/>\n<meta property=\"og:url\" content=\"https:\/\/maximaloc.com\/en\/product\/teradek-bolt-6-lt-750\/\" \/>\n<meta property=\"og:site_name\" content=\"Maximaloc\" \/>\n<meta property=\"article:publisher\" content=\"https:\/\/www.facebook.com\/Maximalocation\" \/>\n<meta property=\"article:modified_time\" content=\"2026-05-04T08:31:47+00:00\" \/>\n<meta property=\"og:image\" content=\"https:\/\/maximaloc.com\/wp-content\/uploads\/2024\/06\/teradek-5.webp\" \/>\n\t<meta property=\"og:image:width\" content=\"580\" \/>\n\t<meta property=\"og:image:height\" content=\"420\" \/>\n\t<meta property=\"og:image:type\" content=\"image\/webp\" \/>\n<meta name=\"twitter:card\" content=\"summary_large_image\" \/>\n<meta name=\"twitter:label1\" content=\"Est. reading time\" \/>\n\t<meta name=\"twitter:data1\" content=\"2 minutes\" \/>\n<script type=\"application\/ld+json\" class=\"yoast-schema-graph\">{\"@context\":\"https:\\\/\\\/schema.org\",\"@graph\":[{\"@type\":\"WebPage\",\"@id\":\"https:\\\/\\\/maximaloc.com\\\/produit\\\/teradek-bolt-6-lt-750\\\/\",\"url\":\"https:\\\/\\\/maximaloc.com\\\/produit\\\/teradek-bolt-6-lt-750\\\/\",\"name\":\"TERADEK BOLT 6 LT 750 - Maximaloc\",\"isPartOf\":{\"@id\":\"https:\\\/\\\/maximaloc.com\\\/#website\"},\"primaryImageOfPage\":{\"@id\":\"https:\\\/\\\/maximaloc.com\\\/produit\\\/teradek-bolt-6-lt-750\\\/#primaryimage\"},\"image\":{\"@id\":\"https:\\\/\\\/maximaloc.com\\\/produit\\\/teradek-bolt-6-lt-750\\\/#primaryimage\"},\"thumbnailUrl\":\"https:\\\/\\\/maximaloc.com\\\/wp-content\\\/uploads\\\/2024\\\/06\\\/teradek-5.webp\",\"datePublished\":\"2024-06-07T10:04:22+00:00\",\"dateModified\":\"2026-05-04T08:31:47+00:00\",\"breadcrumb\":{\"@id\":\"https:\\\/\\\/maximaloc.com\\\/produit\\\/teradek-bolt-6-lt-750\\\/#breadcrumb\"},\"inLanguage\":\"en-US\",\"potentialAction\":[{\"@type\":\"ReadAction\",\"target\":[\"https:\\\/\\\/maximaloc.com\\\/produit\\\/teradek-bolt-6-lt-750\\\/\"]}]},{\"@type\":\"ImageObject\",\"inLanguage\":\"en-US\",\"@id\":\"https:\\\/\\\/maximaloc.com\\\/produit\\\/teradek-bolt-6-lt-750\\\/#primaryimage\",\"url\":\"https:\\\/\\\/maximaloc.com\\\/wp-content\\\/uploads\\\/2024\\\/06\\\/teradek-5.webp\",\"contentUrl\":\"https:\\\/\\\/maximaloc.com\\\/wp-content\\\/uploads\\\/2024\\\/06\\\/teradek-5.webp\",\"width\":580,\"height\":420,\"caption\":\"Transmetteur Video HF Sans fil TERADEK BOLT 6 LT 750 4K avec 1 recepteur en location\"},{\"@type\":\"BreadcrumbList\",\"@id\":\"https:\\\/\\\/maximaloc.com\\\/produit\\\/teradek-bolt-6-lt-750\\\/#breadcrumb\",\"itemListElement\":[{\"@type\":\"ListItem\",\"position\":1,\"name\":\"Accueil\",\"item\":\"https:\\\/\\\/maximaloc.com\\\/\"},{\"@type\":\"ListItem\",\"position\":2,\"name\":\"BOUTIQUE\",\"item\":\"https:\\\/\\\/maximaloc.com\\\/boutique\\\/\"},{\"@type\":\"ListItem\",\"position\":3,\"name\":\"TERADEK BOLT 6 LT 750\"}]},{\"@type\":\"WebSite\",\"@id\":\"https:\\\/\\\/maximaloc.com\\\/#website\",\"url\":\"https:\\\/\\\/maximaloc.com\\\/\",\"name\":\"Maximaloc\",\"description\":\"\",\"publisher\":{\"@id\":\"https:\\\/\\\/maximaloc.com\\\/#organization\"},\"potentialAction\":[{\"@type\":\"SearchAction\",\"target\":{\"@type\":\"EntryPoint\",\"urlTemplate\":\"https:\\\/\\\/maximaloc.com\\\/?s={search_term_string}\"},\"query-input\":{\"@type\":\"PropertyValueSpecification\",\"valueRequired\":true,\"valueName\":\"search_term_string\"}}],\"inLanguage\":\"en-US\"},{\"@type\":\"Organization\",\"@id\":\"https:\\\/\\\/maximaloc.com\\\/#organization\",\"name\":\"Maximaloc\",\"url\":\"https:\\\/\\\/maximaloc.com\\\/\",\"logo\":{\"@type\":\"ImageObject\",\"inLanguage\":\"en-US\",\"@id\":\"https:\\\/\\\/maximaloc.com\\\/#\\\/schema\\\/logo\\\/image\\\/\",\"url\":\"https:\\\/\\\/maximaloc.com\\\/wp-content\\\/uploads\\\/2024\\\/03\\\/logo_noir-scaled.png\",\"contentUrl\":\"https:\\\/\\\/maximaloc.com\\\/wp-content\\\/uploads\\\/2024\\\/03\\\/logo_noir-scaled.png\",\"width\":2560,\"height\":268,\"caption\":\"Maximaloc\"},\"image\":{\"@id\":\"https:\\\/\\\/maximaloc.com\\\/#\\\/schema\\\/logo\\\/image\\\/\"},\"sameAs\":[\"https:\\\/\\\/www.facebook.com\\\/Maximalocation\"]}]}<\/script>\n<!-- \/ Yoast SEO plugin. -->","yoast_head_json":{"title":"TERADEK BOLT 6 LT 750 - Maximaloc","robots":{"index":"noindex","follow":"nofollow"},"og_locale":"en_US","og_type":"article","og_title":"TERADEK BOLT 6 LT 750 - Maximaloc","og_description":"Transmetteur vid\u00e9o HF Utilisation : focus, live, retour vid\u00e9o Port\u00e9e max : 200 m Latence : z\u00e9ro d\u00e9lai (&lt; 1ms) HDMI : 4K30p \/\u00a0SDI\u00a0: FHD 60p","og_url":"https:\/\/maximaloc.com\/en\/product\/teradek-bolt-6-lt-750\/","og_site_name":"Maximaloc","article_publisher":"https:\/\/www.facebook.com\/Maximalocation","article_modified_time":"2026-05-04T08:31:47+00:00","og_image":[{"width":580,"height":420,"url":"https:\/\/maximaloc.com\/wp-content\/uploads\/2024\/06\/teradek-5.webp","type":"image\/webp"}],"twitter_card":"summary_large_image","twitter_misc":{"Est. reading time":"2 minutes"},"schema":{"@context":"https:\/\/schema.org","@graph":[{"@type":"WebPage","@id":"https:\/\/maximaloc.com\/produit\/teradek-bolt-6-lt-750\/","url":"https:\/\/maximaloc.com\/produit\/teradek-bolt-6-lt-750\/","name":"TERADEK BOLT 6 LT 750 - Maximaloc","isPartOf":{"@id":"https:\/\/maximaloc.com\/#website"},"primaryImageOfPage":{"@id":"https:\/\/maximaloc.com\/produit\/teradek-bolt-6-lt-750\/#primaryimage"},"image":{"@id":"https:\/\/maximaloc.com\/produit\/teradek-bolt-6-lt-750\/#primaryimage"},"thumbnailUrl":"https:\/\/maximaloc.com\/wp-content\/uploads\/2024\/06\/teradek-5.webp","datePublished":"2024-06-07T10:04:22+00:00","dateModified":"2026-05-04T08:31:47+00:00","breadcrumb":{"@id":"https:\/\/maximaloc.com\/produit\/teradek-bolt-6-lt-750\/#breadcrumb"},"inLanguage":"en-US","potentialAction":[{"@type":"ReadAction","target":["https:\/\/maximaloc.com\/produit\/teradek-bolt-6-lt-750\/"]}]},{"@type":"ImageObject","inLanguage":"en-US","@id":"https:\/\/maximaloc.com\/produit\/teradek-bolt-6-lt-750\/#primaryimage","url":"https:\/\/maximaloc.com\/wp-content\/uploads\/2024\/06\/teradek-5.webp","contentUrl":"https:\/\/maximaloc.com\/wp-content\/uploads\/2024\/06\/teradek-5.webp","width":580,"height":420,"caption":"Transmetteur Video HF Sans fil TERADEK BOLT 6 LT 750 4K avec 1 recepteur en location"},{"@type":"BreadcrumbList","@id":"https:\/\/maximaloc.com\/produit\/teradek-bolt-6-lt-750\/#breadcrumb","itemListElement":[{"@type":"ListItem","position":1,"name":"Accueil","item":"https:\/\/maximaloc.com\/"},{"@type":"ListItem","position":2,"name":"BOUTIQUE","item":"https:\/\/maximaloc.com\/boutique\/"},{"@type":"ListItem","position":3,"name":"TERADEK BOLT 6 LT 750"}]},{"@type":"WebSite","@id":"https:\/\/maximaloc.com\/#website","url":"https:\/\/maximaloc.com\/","name":"Maximaloc","description":"","publisher":{"@id":"https:\/\/maximaloc.com\/#organization"},"potentialAction":[{"@type":"SearchAction","target":{"@type":"EntryPoint","urlTemplate":"https:\/\/maximaloc.com\/?s={search_term_string}"},"query-input":{"@type":"PropertyValueSpecification","valueRequired":true,"valueName":"search_term_string"}}],"inLanguage":"en-US"},{"@type":"Organization","@id":"https:\/\/maximaloc.com\/#organization","name":"Maximaloc","url":"https:\/\/maximaloc.com\/","logo":{"@type":"ImageObject","inLanguage":"en-US","@id":"https:\/\/maximaloc.com\/#\/schema\/logo\/image\/","url":"https:\/\/maximaloc.com\/wp-content\/uploads\/2024\/03\/logo_noir-scaled.png","contentUrl":"https:\/\/maximaloc.com\/wp-content\/uploads\/2024\/03\/logo_noir-scaled.png","width":2560,"height":268,"caption":"Maximaloc"},"image":{"@id":"https:\/\/maximaloc.com\/#\/schema\/logo\/image\/"},"sameAs":["https:\/\/www.facebook.com\/Maximalocation"]}]}},"_links":{"self":[{"href":"https:\/\/maximaloc.com\/en\/wp-json\/wp\/v2\/product\/9739","targetHints":{"allow":["GET"]}}],"collection":[{"href":"https:\/\/maximaloc.com\/en\/wp-json\/wp\/v2\/product"}],"about":[{"href":"https:\/\/maximaloc.com\/en\/wp-json\/wp\/v2\/types\/product"}],"wp:featuredmedia":[{"embeddable":true,"href":"https:\/\/maximaloc.com\/en\/wp-json\/wp\/v2\/media\/9914"}],"wp:attachment":[{"href":"https:\/\/maximaloc.com\/en\/wp-json\/wp\/v2\/media?parent=9739"}],"wp:term":[{"taxonomy":"product_cat","embeddable":true,"href":"https:\/\/maximaloc.com\/en\/wp-json\/wp\/v2\/product_cat?post=9739"},{"taxonomy":"product_tag","embeddable":true,"href":"https:\/\/maximaloc.com\/en\/wp-json\/wp\/v2\/product_tag?post=9739"}],"curies":[{"name":"wp","href":"https:\/\/api.w.org\/{rel}","templated":true}]}}