 {"id":9743,"date":"2024-06-07T12:04:40","date_gmt":"2024-06-07T10:04:40","guid":{"rendered":"https:\/\/maximaloc.com\/produit\/kit-hollyland-mars-4k-1tx-2rx\/"},"modified":"2026-04-13T20:43:59","modified_gmt":"2026-04-13T18:43:59","slug":"hollyland-mars-4k-1tx-2rx","status":"publish","type":"product","link":"https:\/\/maximaloc.com\/en\/product\/hollyland-mars-4k-1tx-2rx\/","title":{"rendered":"HOLLYLAND MARS 4K &#8211; 1TX\/2RX"},"content":{"rendered":"<p>Le Hollyland Mars 4K est un transmetteur vid\u00e9o HF qui prend en charge les signaux 4K en HDMI et FHD en SDI. Il atteint une port\u00e9e de transmission maximale de 150 m et pr\u00e9sente une latence de 0,06 s, ce qui convient parfaitement pour un retour client.<\/p>\n<p>\u00a0<\/p>\n<p>Comme avec les autres mod\u00e8les de la s\u00e9rie Mars, il est possible de recevoir le flux vid\u00e9o sur plusieurs supports. Trois configurations sont possibles pour r\u00e9cup\u00e9rer le signal :\u00a0<\/p>\n<p>&#8211; 2x R\u00e9cepteurs Mars 4K pour affichage sur moniteur<\/p>\n<p>&#8211; 1x R\u00e9cepteur Mars 4K pour affichage sur moniteur et jusqu\u2019\u00e0 deux retours vid\u00e9o via l\u2019application HollyView (tablette ou t\u00e9l\u00e9phone)<\/p>\n<p>&#8211; Pas de r\u00e9cepteur Mars 4K et jusqu\u2019\u00e0 quatre retours vid\u00e9o via l\u2019application HollyView (tablette ou t\u00e9l\u00e9phone)<\/p>\n<p>\u00a0<\/p>\n<p>Il est possible de demander en option un second r\u00e9cepteur Mars 4K pour b\u00e9n\u00e9ficier d\u2019un second retour sur moniteur. Le kit Mars 4K vient avec batteries NP-F, c\u00e2bles HDMI ou SDI en fonction de votre cam\u00e9ra, ainsi qu\u2019avec un mini bras magique et un adaptateur cold shoe \/ vis Kodak pour installer les Rx et Tx.<\/p>","protected":false},"excerpt":{"rendered":"<p>Transmetteur vid\u00e9o HF<\/p>\n<p>4K UHD 30p \/ FHD 60p<\/p>\n<p>Latence : 0.06s<\/p>\n<p>Port\u00e9e de 150 m<\/p>","protected":false},"featured_media":9935,"template":"","meta":[],"product_cat":[1386],"product_tag":[328],"class_list":{"0":"post-9743","1":"product","2":"type-product","3":"status-publish","4":"has-post-thumbnail","6":"product_cat-options","7":"product_tag-hdmi-sdi","9":"first","10":"instock","11":"taxable","12":"shipping-taxable","13":"purchasable","14":"product-type-rentable"},"yoast_head":"<!-- This site is optimized with the Yoast SEO plugin v27.4 - https:\/\/yoast.com\/product\/yoast-seo-wordpress\/ -->\n<title>HOLLYLAND MARS 4K - 1TX\/2RX - Maximaloc<\/title>\n<meta name=\"robots\" content=\"index, follow, max-snippet:-1, max-image-preview:large, max-video-preview:-1\" \/>\n<link rel=\"canonical\" href=\"https:\/\/maximaloc.com\/en\/product\/hollyland-mars-4k-1tx-2rx\/\" \/>\n<meta property=\"og:locale\" content=\"en_US\" \/>\n<meta property=\"og:type\" content=\"article\" \/>\n<meta property=\"og:title\" content=\"HOLLYLAND MARS 4K - 1TX\/2RX - Maximaloc\" \/>\n<meta property=\"og:description\" content=\"Transmetteur vid\u00e9o HF 4K UHD 30p \/ FHD 60p Latence : 0.06s Port\u00e9e de 150 m\" \/>\n<meta property=\"og:url\" content=\"https:\/\/maximaloc.com\/en\/product\/hollyland-mars-4k-1tx-2rx\/\" \/>\n<meta property=\"og:site_name\" content=\"Maximaloc\" \/>\n<meta property=\"article:publisher\" content=\"https:\/\/www.facebook.com\/Maximalocation\" \/>\n<meta property=\"article:modified_time\" content=\"2026-04-13T18:43:59+00:00\" \/>\n<meta property=\"og:image\" content=\"https:\/\/maximaloc.com\/wp-content\/uploads\/2024\/06\/4k-1-1.webp\" \/>\n\t<meta property=\"og:image:width\" content=\"580\" \/>\n\t<meta property=\"og:image:height\" content=\"420\" \/>\n\t<meta property=\"og:image:type\" content=\"image\/webp\" \/>\n<meta name=\"twitter:card\" content=\"summary_large_image\" \/>\n<meta name=\"twitter:label1\" content=\"Est. reading time\" \/>\n\t<meta name=\"twitter:data1\" content=\"1 minute\" \/>\n<script type=\"application\/ld+json\" class=\"yoast-schema-graph\">{\"@context\":\"https:\\\/\\\/schema.org\",\"@graph\":[{\"@type\":\"WebPage\",\"@id\":\"https:\\\/\\\/maximaloc.com\\\/produit\\\/hollyland-mars-4k-1tx-2rx\\\/\",\"url\":\"https:\\\/\\\/maximaloc.com\\\/produit\\\/hollyland-mars-4k-1tx-2rx\\\/\",\"name\":\"HOLLYLAND MARS 4K - 1TX\\\/2RX - Maximaloc\",\"isPartOf\":{\"@id\":\"https:\\\/\\\/maximaloc.com\\\/#website\"},\"primaryImageOfPage\":{\"@id\":\"https:\\\/\\\/maximaloc.com\\\/produit\\\/hollyland-mars-4k-1tx-2rx\\\/#primaryimage\"},\"image\":{\"@id\":\"https:\\\/\\\/maximaloc.com\\\/produit\\\/hollyland-mars-4k-1tx-2rx\\\/#primaryimage\"},\"thumbnailUrl\":\"https:\\\/\\\/maximaloc.com\\\/wp-content\\\/uploads\\\/2024\\\/06\\\/4k-1-1.webp\",\"datePublished\":\"2024-06-07T10:04:40+00:00\",\"dateModified\":\"2026-04-13T18:43:59+00:00\",\"breadcrumb\":{\"@id\":\"https:\\\/\\\/maximaloc.com\\\/produit\\\/hollyland-mars-4k-1tx-2rx\\\/#breadcrumb\"},\"inLanguage\":\"en-US\",\"potentialAction\":[{\"@type\":\"ReadAction\",\"target\":[\"https:\\\/\\\/maximaloc.com\\\/produit\\\/hollyland-mars-4k-1tx-2rx\\\/\"]}]},{\"@type\":\"ImageObject\",\"inLanguage\":\"en-US\",\"@id\":\"https:\\\/\\\/maximaloc.com\\\/produit\\\/hollyland-mars-4k-1tx-2rx\\\/#primaryimage\",\"url\":\"https:\\\/\\\/maximaloc.com\\\/wp-content\\\/uploads\\\/2024\\\/06\\\/4k-1-1.webp\",\"contentUrl\":\"https:\\\/\\\/maximaloc.com\\\/wp-content\\\/uploads\\\/2024\\\/06\\\/4k-1-1.webp\",\"width\":580,\"height\":420,\"caption\":\"\u00c9metteur et r\u00e9cepteur Hollyland Mars 4K avec antennes et ports dor\u00e9s\"},{\"@type\":\"BreadcrumbList\",\"@id\":\"https:\\\/\\\/maximaloc.com\\\/produit\\\/hollyland-mars-4k-1tx-2rx\\\/#breadcrumb\",\"itemListElement\":[{\"@type\":\"ListItem\",\"position\":1,\"name\":\"Accueil\",\"item\":\"https:\\\/\\\/maximaloc.com\\\/\"},{\"@type\":\"ListItem\",\"position\":2,\"name\":\"BOUTIQUE\",\"item\":\"https:\\\/\\\/maximaloc.com\\\/boutique\\\/\"},{\"@type\":\"ListItem\",\"position\":3,\"name\":\"HOLLYLAND MARS 4K &#8211; 1TX\\\/2RX\"}]},{\"@type\":\"WebSite\",\"@id\":\"https:\\\/\\\/maximaloc.com\\\/#website\",\"url\":\"https:\\\/\\\/maximaloc.com\\\/\",\"name\":\"Maximaloc\",\"description\":\"\",\"publisher\":{\"@id\":\"https:\\\/\\\/maximaloc.com\\\/#organization\"},\"potentialAction\":[{\"@type\":\"SearchAction\",\"target\":{\"@type\":\"EntryPoint\",\"urlTemplate\":\"https:\\\/\\\/maximaloc.com\\\/?s={search_term_string}\"},\"query-input\":{\"@type\":\"PropertyValueSpecification\",\"valueRequired\":true,\"valueName\":\"search_term_string\"}}],\"inLanguage\":\"en-US\"},{\"@type\":\"Organization\",\"@id\":\"https:\\\/\\\/maximaloc.com\\\/#organization\",\"name\":\"Maximaloc\",\"url\":\"https:\\\/\\\/maximaloc.com\\\/\",\"logo\":{\"@type\":\"ImageObject\",\"inLanguage\":\"en-US\",\"@id\":\"https:\\\/\\\/maximaloc.com\\\/#\\\/schema\\\/logo\\\/image\\\/\",\"url\":\"https:\\\/\\\/maximaloc.com\\\/wp-content\\\/uploads\\\/2024\\\/03\\\/logo_noir-scaled.png\",\"contentUrl\":\"https:\\\/\\\/maximaloc.com\\\/wp-content\\\/uploads\\\/2024\\\/03\\\/logo_noir-scaled.png\",\"width\":2560,\"height\":268,\"caption\":\"Maximaloc\"},\"image\":{\"@id\":\"https:\\\/\\\/maximaloc.com\\\/#\\\/schema\\\/logo\\\/image\\\/\"},\"sameAs\":[\"https:\\\/\\\/www.facebook.com\\\/Maximalocation\"]}]}<\/script>\n<!-- \/ Yoast SEO plugin. -->","yoast_head_json":{"title":"HOLLYLAND MARS 4K - 1TX\/2RX - Maximaloc","robots":{"index":"index","follow":"follow","max-snippet":"max-snippet:-1","max-image-preview":"max-image-preview:large","max-video-preview":"max-video-preview:-1"},"canonical":"https:\/\/maximaloc.com\/en\/product\/hollyland-mars-4k-1tx-2rx\/","og_locale":"en_US","og_type":"article","og_title":"HOLLYLAND MARS 4K - 1TX\/2RX - Maximaloc","og_description":"Transmetteur vid\u00e9o HF 4K UHD 30p \/ FHD 60p Latence : 0.06s Port\u00e9e de 150 m","og_url":"https:\/\/maximaloc.com\/en\/product\/hollyland-mars-4k-1tx-2rx\/","og_site_name":"Maximaloc","article_publisher":"https:\/\/www.facebook.com\/Maximalocation","article_modified_time":"2026-04-13T18:43:59+00:00","og_image":[{"width":580,"height":420,"url":"https:\/\/maximaloc.com\/wp-content\/uploads\/2024\/06\/4k-1-1.webp","type":"image\/webp"}],"twitter_card":"summary_large_image","twitter_misc":{"Est. reading time":"1 minute"},"schema":{"@context":"https:\/\/schema.org","@graph":[{"@type":"WebPage","@id":"https:\/\/maximaloc.com\/produit\/hollyland-mars-4k-1tx-2rx\/","url":"https:\/\/maximaloc.com\/produit\/hollyland-mars-4k-1tx-2rx\/","name":"HOLLYLAND MARS 4K - 1TX\/2RX - Maximaloc","isPartOf":{"@id":"https:\/\/maximaloc.com\/#website"},"primaryImageOfPage":{"@id":"https:\/\/maximaloc.com\/produit\/hollyland-mars-4k-1tx-2rx\/#primaryimage"},"image":{"@id":"https:\/\/maximaloc.com\/produit\/hollyland-mars-4k-1tx-2rx\/#primaryimage"},"thumbnailUrl":"https:\/\/maximaloc.com\/wp-content\/uploads\/2024\/06\/4k-1-1.webp","datePublished":"2024-06-07T10:04:40+00:00","dateModified":"2026-04-13T18:43:59+00:00","breadcrumb":{"@id":"https:\/\/maximaloc.com\/produit\/hollyland-mars-4k-1tx-2rx\/#breadcrumb"},"inLanguage":"en-US","potentialAction":[{"@type":"ReadAction","target":["https:\/\/maximaloc.com\/produit\/hollyland-mars-4k-1tx-2rx\/"]}]},{"@type":"ImageObject","inLanguage":"en-US","@id":"https:\/\/maximaloc.com\/produit\/hollyland-mars-4k-1tx-2rx\/#primaryimage","url":"https:\/\/maximaloc.com\/wp-content\/uploads\/2024\/06\/4k-1-1.webp","contentUrl":"https:\/\/maximaloc.com\/wp-content\/uploads\/2024\/06\/4k-1-1.webp","width":580,"height":420,"caption":"\u00c9metteur et r\u00e9cepteur Hollyland Mars 4K avec antennes et ports dor\u00e9s"},{"@type":"BreadcrumbList","@id":"https:\/\/maximaloc.com\/produit\/hollyland-mars-4k-1tx-2rx\/#breadcrumb","itemListElement":[{"@type":"ListItem","position":1,"name":"Accueil","item":"https:\/\/maximaloc.com\/"},{"@type":"ListItem","position":2,"name":"BOUTIQUE","item":"https:\/\/maximaloc.com\/boutique\/"},{"@type":"ListItem","position":3,"name":"HOLLYLAND MARS 4K &#8211; 1TX\/2RX"}]},{"@type":"WebSite","@id":"https:\/\/maximaloc.com\/#website","url":"https:\/\/maximaloc.com\/","name":"Maximaloc","description":"","publisher":{"@id":"https:\/\/maximaloc.com\/#organization"},"potentialAction":[{"@type":"SearchAction","target":{"@type":"EntryPoint","urlTemplate":"https:\/\/maximaloc.com\/?s={search_term_string}"},"query-input":{"@type":"PropertyValueSpecification","valueRequired":true,"valueName":"search_term_string"}}],"inLanguage":"en-US"},{"@type":"Organization","@id":"https:\/\/maximaloc.com\/#organization","name":"Maximaloc","url":"https:\/\/maximaloc.com\/","logo":{"@type":"ImageObject","inLanguage":"en-US","@id":"https:\/\/maximaloc.com\/#\/schema\/logo\/image\/","url":"https:\/\/maximaloc.com\/wp-content\/uploads\/2024\/03\/logo_noir-scaled.png","contentUrl":"https:\/\/maximaloc.com\/wp-content\/uploads\/2024\/03\/logo_noir-scaled.png","width":2560,"height":268,"caption":"Maximaloc"},"image":{"@id":"https:\/\/maximaloc.com\/#\/schema\/logo\/image\/"},"sameAs":["https:\/\/www.facebook.com\/Maximalocation"]}]}},"_links":{"self":[{"href":"https:\/\/maximaloc.com\/en\/wp-json\/wp\/v2\/product\/9743","targetHints":{"allow":["GET"]}}],"collection":[{"href":"https:\/\/maximaloc.com\/en\/wp-json\/wp\/v2\/product"}],"about":[{"href":"https:\/\/maximaloc.com\/en\/wp-json\/wp\/v2\/types\/product"}],"wp:featuredmedia":[{"embeddable":true,"href":"https:\/\/maximaloc.com\/en\/wp-json\/wp\/v2\/media\/9935"}],"wp:attachment":[{"href":"https:\/\/maximaloc.com\/en\/wp-json\/wp\/v2\/media?parent=9743"}],"wp:term":[{"taxonomy":"product_cat","embeddable":true,"href":"https:\/\/maximaloc.com\/en\/wp-json\/wp\/v2\/product_cat?post=9743"},{"taxonomy":"product_tag","embeddable":true,"href":"https:\/\/maximaloc.com\/en\/wp-json\/wp\/v2\/product_tag?post=9743"}],"curies":[{"name":"wp","href":"https:\/\/api.w.org\/{rel}","templated":true}]}}