 {"id":9827,"date":"2024-06-07T17:00:56","date_gmt":"2024-06-07T15:00:56","guid":{"rendered":"https:\/\/maximaloc.com\/produit\/swit-moniteur-lcd-156-hd-fm-16b-sdi\/"},"modified":"2026-05-04T10:31:48","modified_gmt":"2026-05-04T08:31:48","slug":"moniteur-lcd-156-hd-fm-16b-sdi","status":"publish","type":"product","link":"https:\/\/maximaloc.com\/en\/product\/moniteur-lcd-156-hd-fm-16b-sdi\/","title":{"rendered":"MONITEUR LCD 15,6&#8243; HD FM-16B SDI"},"content":{"rendered":"<p>Moniteur de Terrain 15.6&#8243; HD avec Dalle IPS antireflet. Support de fixation int\u00e9gr\u00e9 permet de se d\u00e9placer et installer le moniteur rapidement sur tout lieu de tournage int\u00e9rieur ou ext\u00e9rieur sans d\u00e9monter l&#8217;\u00e9cran.<\/p>\n<p><strong>Points Forts:<\/strong><\/p>\n<ul>\n<li>Monitor 15.6&#8243; HD<\/li>\n<li>SDI + HDMI<\/li>\n<li>3D Lut<\/li>\n<li>Valise Int\u00e9gr\u00e9e \u00e0 l&#8217;\u00e9cran<\/li>\n<\/ul>","protected":false},"excerpt":{"rendered":"<p>Moniteur Broadcast 15,6\u201d IPS<\/p>\n<p>D\u00e9finition : 1920 x 1080\u00a0<\/p>\n<p>Connectiques : SDI et HDMI<\/p>\n<p>Alim : Secteur\/ V-Lock<\/p>","protected":false},"featured_media":9975,"template":"","meta":[],"product_cat":[317],"product_tag":[331,328],"class_list":{"0":"post-9827","1":"product","2":"type-product","3":"status-publish","4":"has-post-thumbnail","6":"product_cat-moniteur","7":"product_tag-15-6","8":"product_tag-hdmi-sdi","10":"first","11":"instock","12":"taxable","13":"shipping-taxable","14":"purchasable","15":"product-type-rentable"},"yoast_head":"<!-- This site is optimized with the Yoast SEO plugin v27.5 - https:\/\/yoast.com\/product\/yoast-seo-wordpress\/ -->\n<title>MONITEUR LCD 15,6&quot; HD FM-16B SDI - Maximaloc<\/title>\n<meta name=\"robots\" content=\"noindex, nofollow\" \/>\n<meta property=\"og:locale\" content=\"en_US\" \/>\n<meta property=\"og:type\" content=\"article\" \/>\n<meta property=\"og:title\" content=\"MONITEUR LCD 15,6&quot; HD FM-16B SDI - Maximaloc\" \/>\n<meta property=\"og:description\" content=\"Moniteur Broadcast 15,6\u201d IPS D\u00e9finition : 1920 x 1080\u00a0 Connectiques : SDI et HDMI Alim : Secteur\/ V-Lock\" \/>\n<meta property=\"og:url\" content=\"https:\/\/maximaloc.com\/en\/product\/moniteur-lcd-156-hd-fm-16b-sdi\/\" \/>\n<meta property=\"og:site_name\" content=\"Maximaloc\" \/>\n<meta property=\"article:publisher\" content=\"https:\/\/www.facebook.com\/Maximalocation\" \/>\n<meta property=\"article:modified_time\" content=\"2026-05-04T08:31:48+00:00\" \/>\n<meta property=\"og:image\" content=\"https:\/\/maximaloc.com\/wp-content\/uploads\/2024\/06\/15.6-hdmi-sdi-1.webp\" \/>\n\t<meta property=\"og:image:width\" content=\"580\" \/>\n\t<meta property=\"og:image:height\" content=\"420\" \/>\n\t<meta property=\"og:image:type\" content=\"image\/webp\" \/>\n<meta name=\"twitter:card\" content=\"summary_large_image\" \/>\n<meta name=\"twitter:label1\" content=\"Est. reading time\" \/>\n\t<meta name=\"twitter:data1\" content=\"1 minute\" \/>\n<script type=\"application\/ld+json\" class=\"yoast-schema-graph\">{\"@context\":\"https:\\\/\\\/schema.org\",\"@graph\":[{\"@type\":\"WebPage\",\"@id\":\"https:\\\/\\\/maximaloc.com\\\/produit\\\/moniteur-lcd-156-hd-fm-16b-sdi\\\/\",\"url\":\"https:\\\/\\\/maximaloc.com\\\/produit\\\/moniteur-lcd-156-hd-fm-16b-sdi\\\/\",\"name\":\"MONITEUR LCD 15,6\\\" HD FM-16B SDI - Maximaloc\",\"isPartOf\":{\"@id\":\"https:\\\/\\\/maximaloc.com\\\/#website\"},\"primaryImageOfPage\":{\"@id\":\"https:\\\/\\\/maximaloc.com\\\/produit\\\/moniteur-lcd-156-hd-fm-16b-sdi\\\/#primaryimage\"},\"image\":{\"@id\":\"https:\\\/\\\/maximaloc.com\\\/produit\\\/moniteur-lcd-156-hd-fm-16b-sdi\\\/#primaryimage\"},\"thumbnailUrl\":\"https:\\\/\\\/maximaloc.com\\\/wp-content\\\/uploads\\\/2024\\\/06\\\/15.6-hdmi-sdi-1.webp\",\"datePublished\":\"2024-06-07T15:00:56+00:00\",\"dateModified\":\"2026-05-04T08:31:48+00:00\",\"breadcrumb\":{\"@id\":\"https:\\\/\\\/maximaloc.com\\\/produit\\\/moniteur-lcd-156-hd-fm-16b-sdi\\\/#breadcrumb\"},\"inLanguage\":\"en-US\",\"potentialAction\":[{\"@type\":\"ReadAction\",\"target\":[\"https:\\\/\\\/maximaloc.com\\\/produit\\\/moniteur-lcd-156-hd-fm-16b-sdi\\\/\"]}]},{\"@type\":\"ImageObject\",\"inLanguage\":\"en-US\",\"@id\":\"https:\\\/\\\/maximaloc.com\\\/produit\\\/moniteur-lcd-156-hd-fm-16b-sdi\\\/#primaryimage\",\"url\":\"https:\\\/\\\/maximaloc.com\\\/wp-content\\\/uploads\\\/2024\\\/06\\\/15.6-hdmi-sdi-1.webp\",\"contentUrl\":\"https:\\\/\\\/maximaloc.com\\\/wp-content\\\/uploads\\\/2024\\\/06\\\/15.6-hdmi-sdi-1.webp\",\"width\":580,\"height\":420,\"caption\":\"SWIT monitor SDI et HDMI 15,6 pouces de face en location \u00e0 Maximaloc\"},{\"@type\":\"BreadcrumbList\",\"@id\":\"https:\\\/\\\/maximaloc.com\\\/produit\\\/moniteur-lcd-156-hd-fm-16b-sdi\\\/#breadcrumb\",\"itemListElement\":[{\"@type\":\"ListItem\",\"position\":1,\"name\":\"Accueil\",\"item\":\"https:\\\/\\\/maximaloc.com\\\/\"},{\"@type\":\"ListItem\",\"position\":2,\"name\":\"BOUTIQUE\",\"item\":\"https:\\\/\\\/maximaloc.com\\\/boutique\\\/\"},{\"@type\":\"ListItem\",\"position\":3,\"name\":\"MONITEUR LCD 15,6&#8243; HD FM-16B SDI\"}]},{\"@type\":\"WebSite\",\"@id\":\"https:\\\/\\\/maximaloc.com\\\/#website\",\"url\":\"https:\\\/\\\/maximaloc.com\\\/\",\"name\":\"Maximaloc\",\"description\":\"\",\"publisher\":{\"@id\":\"https:\\\/\\\/maximaloc.com\\\/#organization\"},\"potentialAction\":[{\"@type\":\"SearchAction\",\"target\":{\"@type\":\"EntryPoint\",\"urlTemplate\":\"https:\\\/\\\/maximaloc.com\\\/?s={search_term_string}\"},\"query-input\":{\"@type\":\"PropertyValueSpecification\",\"valueRequired\":true,\"valueName\":\"search_term_string\"}}],\"inLanguage\":\"en-US\"},{\"@type\":\"Organization\",\"@id\":\"https:\\\/\\\/maximaloc.com\\\/#organization\",\"name\":\"Maximaloc\",\"url\":\"https:\\\/\\\/maximaloc.com\\\/\",\"logo\":{\"@type\":\"ImageObject\",\"inLanguage\":\"en-US\",\"@id\":\"https:\\\/\\\/maximaloc.com\\\/#\\\/schema\\\/logo\\\/image\\\/\",\"url\":\"https:\\\/\\\/maximaloc.com\\\/wp-content\\\/uploads\\\/2024\\\/03\\\/logo_noir-scaled.png\",\"contentUrl\":\"https:\\\/\\\/maximaloc.com\\\/wp-content\\\/uploads\\\/2024\\\/03\\\/logo_noir-scaled.png\",\"width\":2560,\"height\":268,\"caption\":\"Maximaloc\"},\"image\":{\"@id\":\"https:\\\/\\\/maximaloc.com\\\/#\\\/schema\\\/logo\\\/image\\\/\"},\"sameAs\":[\"https:\\\/\\\/www.facebook.com\\\/Maximalocation\"]}]}<\/script>\n<!-- \/ Yoast SEO plugin. -->","yoast_head_json":{"title":"MONITEUR LCD 15,6\" HD FM-16B SDI - Maximaloc","robots":{"index":"noindex","follow":"nofollow"},"og_locale":"en_US","og_type":"article","og_title":"MONITEUR LCD 15,6\" HD FM-16B SDI - Maximaloc","og_description":"Moniteur Broadcast 15,6\u201d IPS D\u00e9finition : 1920 x 1080\u00a0 Connectiques : SDI et HDMI Alim : Secteur\/ V-Lock","og_url":"https:\/\/maximaloc.com\/en\/product\/moniteur-lcd-156-hd-fm-16b-sdi\/","og_site_name":"Maximaloc","article_publisher":"https:\/\/www.facebook.com\/Maximalocation","article_modified_time":"2026-05-04T08:31:48+00:00","og_image":[{"width":580,"height":420,"url":"https:\/\/maximaloc.com\/wp-content\/uploads\/2024\/06\/15.6-hdmi-sdi-1.webp","type":"image\/webp"}],"twitter_card":"summary_large_image","twitter_misc":{"Est. reading time":"1 minute"},"schema":{"@context":"https:\/\/schema.org","@graph":[{"@type":"WebPage","@id":"https:\/\/maximaloc.com\/produit\/moniteur-lcd-156-hd-fm-16b-sdi\/","url":"https:\/\/maximaloc.com\/produit\/moniteur-lcd-156-hd-fm-16b-sdi\/","name":"MONITEUR LCD 15,6\" HD FM-16B SDI - Maximaloc","isPartOf":{"@id":"https:\/\/maximaloc.com\/#website"},"primaryImageOfPage":{"@id":"https:\/\/maximaloc.com\/produit\/moniteur-lcd-156-hd-fm-16b-sdi\/#primaryimage"},"image":{"@id":"https:\/\/maximaloc.com\/produit\/moniteur-lcd-156-hd-fm-16b-sdi\/#primaryimage"},"thumbnailUrl":"https:\/\/maximaloc.com\/wp-content\/uploads\/2024\/06\/15.6-hdmi-sdi-1.webp","datePublished":"2024-06-07T15:00:56+00:00","dateModified":"2026-05-04T08:31:48+00:00","breadcrumb":{"@id":"https:\/\/maximaloc.com\/produit\/moniteur-lcd-156-hd-fm-16b-sdi\/#breadcrumb"},"inLanguage":"en-US","potentialAction":[{"@type":"ReadAction","target":["https:\/\/maximaloc.com\/produit\/moniteur-lcd-156-hd-fm-16b-sdi\/"]}]},{"@type":"ImageObject","inLanguage":"en-US","@id":"https:\/\/maximaloc.com\/produit\/moniteur-lcd-156-hd-fm-16b-sdi\/#primaryimage","url":"https:\/\/maximaloc.com\/wp-content\/uploads\/2024\/06\/15.6-hdmi-sdi-1.webp","contentUrl":"https:\/\/maximaloc.com\/wp-content\/uploads\/2024\/06\/15.6-hdmi-sdi-1.webp","width":580,"height":420,"caption":"SWIT monitor SDI et HDMI 15,6 pouces de face en location \u00e0 Maximaloc"},{"@type":"BreadcrumbList","@id":"https:\/\/maximaloc.com\/produit\/moniteur-lcd-156-hd-fm-16b-sdi\/#breadcrumb","itemListElement":[{"@type":"ListItem","position":1,"name":"Accueil","item":"https:\/\/maximaloc.com\/"},{"@type":"ListItem","position":2,"name":"BOUTIQUE","item":"https:\/\/maximaloc.com\/boutique\/"},{"@type":"ListItem","position":3,"name":"MONITEUR LCD 15,6&#8243; HD FM-16B SDI"}]},{"@type":"WebSite","@id":"https:\/\/maximaloc.com\/#website","url":"https:\/\/maximaloc.com\/","name":"Maximaloc","description":"","publisher":{"@id":"https:\/\/maximaloc.com\/#organization"},"potentialAction":[{"@type":"SearchAction","target":{"@type":"EntryPoint","urlTemplate":"https:\/\/maximaloc.com\/?s={search_term_string}"},"query-input":{"@type":"PropertyValueSpecification","valueRequired":true,"valueName":"search_term_string"}}],"inLanguage":"en-US"},{"@type":"Organization","@id":"https:\/\/maximaloc.com\/#organization","name":"Maximaloc","url":"https:\/\/maximaloc.com\/","logo":{"@type":"ImageObject","inLanguage":"en-US","@id":"https:\/\/maximaloc.com\/#\/schema\/logo\/image\/","url":"https:\/\/maximaloc.com\/wp-content\/uploads\/2024\/03\/logo_noir-scaled.png","contentUrl":"https:\/\/maximaloc.com\/wp-content\/uploads\/2024\/03\/logo_noir-scaled.png","width":2560,"height":268,"caption":"Maximaloc"},"image":{"@id":"https:\/\/maximaloc.com\/#\/schema\/logo\/image\/"},"sameAs":["https:\/\/www.facebook.com\/Maximalocation"]}]}},"_links":{"self":[{"href":"https:\/\/maximaloc.com\/en\/wp-json\/wp\/v2\/product\/9827","targetHints":{"allow":["GET"]}}],"collection":[{"href":"https:\/\/maximaloc.com\/en\/wp-json\/wp\/v2\/product"}],"about":[{"href":"https:\/\/maximaloc.com\/en\/wp-json\/wp\/v2\/types\/product"}],"wp:featuredmedia":[{"embeddable":true,"href":"https:\/\/maximaloc.com\/en\/wp-json\/wp\/v2\/media\/9975"}],"wp:attachment":[{"href":"https:\/\/maximaloc.com\/en\/wp-json\/wp\/v2\/media?parent=9827"}],"wp:term":[{"taxonomy":"product_cat","embeddable":true,"href":"https:\/\/maximaloc.com\/en\/wp-json\/wp\/v2\/product_cat?post=9827"},{"taxonomy":"product_tag","embeddable":true,"href":"https:\/\/maximaloc.com\/en\/wp-json\/wp\/v2\/product_tag?post=9827"}],"curies":[{"name":"wp","href":"https:\/\/api.w.org\/{rel}","templated":true}]}}